{"id":25104,"date":"2019-06-21T10:30:57","date_gmt":"2019-06-21T14:30:57","guid":{"rendered":"https:\/\/www.marybakereddylibrary.org\/colecao-da-biblioteca-e-possivel-pesquisa\/"},"modified":"2022-07-26T13:00:53","modified_gmt":"2022-07-26T17:00:53","slug":"recherche-2","status":"publish","type":"page","link":"https:\/\/www.marybakereddylibrary.org\/de\/recherche-2\/","title":{"rendered":"Service f\u00fcr Recherche und Quellensuche"},"content":{"rendered":"<div id=\"modal-ready\"><p>[et_pb_section fb_built=&#8221;1&#8243; fullwidth=&#8221;on&#8221; admin_label=&#8221;section&#8221; _builder_version=&#8221;3.22&#8243; global_colors_info=&#8221;{}&#8221;][et_pb_fullwidth_post_title meta=&#8221;off&#8221; featured_image=&#8221;off&#8221; _builder_version=&#8221;3.22.7&#8243; z_index_tablet=&#8221;500&#8243; global_colors_info=&#8221;{}&#8221;][\/et_pb_fullwidth_post_title][\/et_pb_section][et_pb_section fb_built=&#8221;1&#8243; admin_label=&#8221;section&#8221; _builder_version=&#8221;3.22&#8243; global_colors_info=&#8221;{}&#8221;][et_pb_row column_structure=&#8221;2_3,1_3&#8243; admin_label=&#8221;row&#8221; _builder_version=&#8221;3.25&#8243; background_size=&#8221;initial&#8221; background_position=&#8221;top_left&#8221; background_repeat=&#8221;repeat&#8221; global_colors_info=&#8221;{}&#8221;][et_pb_column type=&#8221;2_3&#8243; _builder_version=&#8221;3.0.47&#8243; custom_padding=&#8221;|||&#8221; global_colors_info=&#8221;{}&#8221; custom_padding__hover=&#8221;|||&#8221;][et_pb_image src=&#8221;https:\/\/www.marybakereddylibrary.org\/wp-content\/uploads\/2015\/01\/MBEL_Research_Room_1st-Floor_2017-800x500px.jpg&#8221; align_tablet=&#8221;center&#8221; align_phone=&#8221;&#8221; align_last_edited=&#8221;on|desktop&#8221; admin_label=&#8221;Research Room Image&#8221; _builder_version=&#8221;3.23&#8243; use_border_color=&#8221;off&#8221; border_color=&#8221;#ffffff&#8221; border_style=&#8221;solid&#8221; animation=&#8221;off&#8221; sticky=&#8221;off&#8221; always_center_on_mobile=&#8221;on&#8221; global_colors_info=&#8221;{}&#8221;]<\/p>\n<p>\n&#8211;<\/p>\n<p>[\/et_pb_image][et_pb_text admin_label=&#8221;Welcome to Research &#038; Reference Services text&#8221; _builder_version=&#8221;4.6.6&#8243; background_size=&#8221;initial&#8221; background_position=&#8221;top_left&#8221; background_repeat=&#8221;repeat&#8221; use_border_color=&#8221;off&#8221; global_colors_info=&#8221;{}&#8221;]<\/p>\n<p>Der Service f\u00fcr Recherche und Quellensuche bietet Zugang zu Originalmaterialien, die das Leben von Mary Baker Eddy und die Geschichte der\u00a0von ihr gegr\u00fcndete Kirche dokumentieren. Die Sammlungen sind von zentraler Bedeutung f\u00fcr die Mission der Bibliothek und umfassen Briefe, Manuskripte, organisatorische Aufzeichnungen, Fotografien, Artefakte, B\u00fccher, Zeitschriften, audiovisuelle Medien und andere Materialien, die f\u00fcr eingehende Recherchen zur Verf\u00fcgung stehen.<\/p>\n<h2>Recherchen<\/h2>\n<p>Das Team f\u00fcr Recherche und Quellensuche freut sich \u00fcber Ihre Fragen zu Mary Baker Eddy und zur Geschichte der Bewegung der Christlichen Wissenschaft. Gerne beantworten wir auch Fragen zu Ihrem Besuch in der Bibliothek. Je nachdem, um was f\u00fcr eine Frage es sich handelt, erhalten Sie m\u00f6glicherweise sofort eine Antwort; in anderen F\u00e4llen kann es sein, dass die Beantwortung mehr Zeit in Anspruch nimmt. Aufgrund der gro\u00dfen Menge an Anfragen kann es u. U. bis zu sechs Wochen dauern, ehe Sie eine Antwort erhalten. F\u00fcr diesen Service fallen \u00fcber eventuelle Kopierkosten hinaus keine weiteren Kosten an.<\/p>\n<p>[\/et_pb_text][et_pb_code admin_label=&#8221;Horizontal Rule code&#8221; _builder_version=&#8221;4.6.6&#8243; _module_preset=&#8221;default&#8221; global_colors_info=&#8221;{}&#8221;]<\/p>\n<hr>\n<p>[\/et_pb_code][et_pb_text admin_label=&#8221;Ask a research question section text&#8221; _builder_version=&#8221;4.6.6&#8243; _module_preset=&#8221;default&#8221; global_colors_info=&#8221;{}&#8221;]<\/p>\n<h2>Fragen Sie unser Recherche-Team<\/h2>\n<p>Sie k\u00f6nnen dem Recherche-Team Fragen zu Mary Baker Eddy und zur Geschichte der Bewegung der Christlichen Wissenschaft stellen und hier eine Antwort auf Deutsch erhalten.<\/p>\n<p><em>Bevor Sie sich mit uns in Verbindung setzen, mag es ratsam sein, nachzuschauen, ob die Antwort auf Ihre Frage in einem bereits vorhandenen Artikel zu finden ist. Gelegentlich werden wir Antworten auf Anfragen in der Reihe \u201eFragen Sie unser Recherche-Team\u201c ver\u00f6ffentlichen.<\/em><\/p>\n<p>[\/et_pb_text][et_pb_code admin_label=&#8221;123FormBuilder Code&#8221; _builder_version=&#8221;4.6.6&#8243; _module_preset=&#8221;default&#8221; custom_padding=&#8221;15px||||false|false&#8221; global_colors_info=&#8221;{}&#8221;]\n<script type=\"text\/javascript\" defer src=\"https:\/\/salesforce.123formbuilder.com\/embed\/5666946.js\" data-role=\"form\" data-default-width=\"650px\" data-custom-vars=\"language=de\" ><\/script>\n[\/et_pb_code][et_pb_code admin_label=&#8221;Horizontal Rule code&#8221; _builder_version=&#8221;4.6.6&#8243; _module_preset=&#8221;default&#8221; global_colors_info=&#8221;{}&#8221;]<\/p>\n<hr>\n<p>[\/et_pb_code][et_pb_text admin_label=&#8221;Eigene Recherche der Sammlungen&#8221; _builder_version=&#8221;4.6.6&#8243; background_size=&#8221;initial&#8221; background_position=&#8221;top_left&#8221; background_repeat=&#8221;repeat&#8221; z_index_tablet=&#8221;500&#8243; use_border_color=&#8221;off&#8221; global_colors_info=&#8221;{}&#8221;]<\/p>\n<h2>Eigene Recherche der Sammlungen<\/h2>\n<p>Der Recherche-Raum in der Mary Baker Eddy Bibliothek ist von Montag bis Donnerstag von 12 bis 16 Uhr sowie an ausgew\u00e4hlten Samstagen f\u00fcr die \u00d6ffentlichkeit zug\u00e4nglich.<\/p>\n<p>Bei ihrer Ankunft erhalten Besucher eine Anleitung f\u00fcr die Arbeit im Recherche-Raum sowie eine gr\u00fcndliche Einf\u00fchrung in die elektronische Datenbank, in die umfangreichen Sammlungen von Erinnerungen an Mary Baker Eddy und in andere Dateien und Publikationen mit Bezug zu ihr und der Geschichte der Bewegung der Christlichen Wissenschaft.<\/p>\n<p>Die Mitarbeiter besprechen mit den Besuchern deren Vorhaben und helfen beim Finden von Informationen. Sie drucken auch Dokumente aus oder fertigen auf Wunsch Kopien von Papierdokumenten an.<\/p>\n<p>F\u00fcr den Besuch ist kein Termin erforderlich; es wird jedoch empfohlen, dass sich die Besucher vorab mit den Mitarbeitern dort in Verbindung setzen, wenn sie zu einem bestimmten Thema vertiefte Recherchen durchf\u00fchren m\u00f6chten. Dies wird den Mitarbeitern Zeit geben, Materialien zu diesem Thema zusammenzustellen. Teile der Sammlungen, einschlie\u00dflich Manuskripte, Fotografien, Kunstwerke und Artefakte, wurden digital gescannt und sind auf den Computern der Bibliothek verf\u00fcgbar und durchsuchbar. F\u00fcr mehrere dieser Sammlungen stehen in der Bibliothek Suchhilfen zur Verf\u00fcgung.<\/p>\n<p>Bitte kontaktieren Sie uns unter <a href=\"tel:16174507218\">+1 617&nbsp;450 7218<\/a> oder unter <a href=\"mailto:research@mbelibrary.org\" target=\"_blank\" rel=\"noopener noreferrer\">research@mbelibrary.org<\/a>, um weitere Informationen zu erhalten oder Fragen zu stellen.<\/p>\n<p>Wir freuen uns auf Ihren Besuch!<\/p>\n<p>[\/et_pb_text][\/et_pb_column][et_pb_column type=&#8221;1_3&#8243; _builder_version=&#8221;3.0.47&#8243; custom_padding=&#8221;|||&#8221; global_colors_info=&#8221;{}&#8221; custom_padding__hover=&#8221;|||&#8221;][et_pb_text admin_label=&#8221;Hours&#8221; _builder_version=&#8221;3.29.3&#8243; background_size=&#8221;initial&#8221; background_position=&#8221;top_left&#8221; background_repeat=&#8221;repeat&#8221; use_border_color=&#8221;off&#8221; global_colors_info=&#8221;{}&#8221;]<\/p>\n<h3>Der Recherche-Raum in der Bibliothek<\/h3>\n<p>Der Recherche-Raum in der Mary Baker Eddy Bibliothek ist von Montag bis Donnerstag von 12\u201316 Uhr sowie auf Verabredung f\u00fcr die \u00d6ffentlichkeit ge\u00f6ffnet. Am ersten Samstag im Februar, Mai, August und November ist er ebenfalls ge\u00f6ffnet.<\/p>\n<p>Rufen Sie <a href=\"tel:16174507218\"><strong>+1 617&nbsp;450 7218<\/strong><\/a> an (bitte nur, wenn Sie Englisch sprechen). Oder senden Sie eine E-Mail an <strong><a href=\"mailto:research@mbelibrary.org\" target=\"_blank\" rel=\"noopener noreferrer\">research@mbelibrary.org<\/a><\/strong>.<\/p>\n<p>[\/et_pb_text][et_pb_sidebar area=&#8221;et_pb_widget_area_16&#8243; _builder_version=&#8221;4.6.6&#8243; global_colors_info=&#8221;{}&#8221;]<\/p>\n<p>\n&nbsp;<\/p>\n<p>[\/et_pb_sidebar][\/et_pb_column][\/et_pb_row][\/et_pb_section]<\/p>\n<\/div>","protected":false},"excerpt":{"rendered":"<p>&#8211; Der Service f\u00fcr Recherche und Quellensuche bietet Zugang zu Originalmaterialien, die das Leben von Mary Baker Eddy und die Geschichte der\u00a0von ihr gegr\u00fcndete Kirche dokumentieren. Die Sammlungen sind von zentraler Bedeutung f\u00fcr die Mission der Bibliothek und umfassen Briefe, Manuskripte, organisatorische Aufzeichnungen, Fotografien, Artefakte, B\u00fccher, Zeitschriften, audiovisuelle Medien und andere Materialien, die f\u00fcr eingehende [&hellip;]<\/p>","protected":false},"author":6,"featured_media":0,"parent":0,"menu_order":0,"comment_status":"closed","ping_status":"closed","template":"","meta":{"_et_pb_use_builder":"on","_et_pb_old_content":"","_et_gb_content_width":"","_oasis_is_in_workflow":0,"_oasis_original":0,"_oasis_task_priority":"","_relevanssi_hide_post":"","_relevanssi_hide_content":"","_relevanssi_pin_for_all":"","_relevanssi_pin_keywords":"","_relevanssi_unpin_keywords":"","_relevanssi_related_keywords":"","_relevanssi_related_include_ids":"","_relevanssi_related_exclude_ids":"","_relevanssi_related_no_append":"","_relevanssi_related_not_related":"","_relevanssi_related_posts":"","_relevanssi_noindex_reason":"","inline_featured_image":false,"episode_type":"","audio_file":"","podmotor_file_id":"","podmotor_episode_id":"","cover_image":"","cover_image_id":"","duration":"","filesize":"","filesize_raw":"","date_recorded":"","explicit":"","block":"","itunes_episode_number":"","itunes_title":"","itunes_season_number":"","itunes_episode_type":"","footnotes":""},"class_list":["post-25104","page","type-page","status-publish","hentry"],"yoast_head":"<!-- This site is optimized with the Yoast SEO plugin v27.4 - https:\/\/yoast.com\/product\/yoast-seo-wordpress\/ -->\n<title>Service f\u00fcr Recherche und Quellensuche - Die Mary Baker Eddy Bibliothek<\/title>\n<meta name=\"robots\" content=\"index, follow, max-snippet:-1, max-image-preview:large, max-video-preview:-1\" \/>\n<link rel=\"canonical\" href=\"https:\/\/www.marybakereddylibrary.org\/de\/recherche-2\/\" \/>\n<meta property=\"og:locale\" content=\"de_DE\" \/>\n<meta property=\"og:type\" content=\"article\" \/>\n<meta property=\"og:title\" content=\"Service f\u00fcr Recherche und Quellensuche - Die Mary Baker Eddy Bibliothek\" \/>\n<meta property=\"og:description\" content=\"- Der Service f\u00fcr Recherche und Quellensuche bietet Zugang zu Originalmaterialien, die das Leben von Mary Baker Eddy und die Geschichte der\u00a0von ihr gegr\u00fcndete Kirche dokumentieren. Die Sammlungen sind von zentraler Bedeutung f\u00fcr die Mission der Bibliothek und umfassen Briefe, Manuskripte, organisatorische Aufzeichnungen, Fotografien, Artefakte, B\u00fccher, Zeitschriften, audiovisuelle Medien und andere Materialien, die f\u00fcr eingehende [&hellip;]\" \/>\n<meta property=\"og:url\" content=\"https:\/\/www.marybakereddylibrary.org\/de\/recherche-2\/\" \/>\n<meta property=\"og:site_name\" content=\"Die Mary Baker Eddy Bibliothek\" \/>\n<meta property=\"article:publisher\" content=\"https:\/\/www.facebook.com\/mbelibrary\" \/>\n<meta property=\"article:modified_time\" content=\"2022-07-26T17:00:53+00:00\" \/>\n<meta name=\"twitter:label1\" content=\"Gesch\u00e4tzte Lesezeit\" \/>\n\t<meta name=\"twitter:data1\" content=\"3 Minuten\" \/>\n<script type=\"application\/ld+json\" class=\"yoast-schema-graph\">{\"@context\":\"https:\\\/\\\/schema.org\",\"@graph\":[{\"@type\":\"WebPage\",\"@id\":\"https:\\\/\\\/www.marybakereddylibrary.org\\\/de\\\/recherche-2\\\/\",\"url\":\"https:\\\/\\\/www.marybakereddylibrary.org\\\/de\\\/recherche-2\\\/\",\"name\":\"Service f\u00fcr Recherche und Quellensuche - Die Mary Baker Eddy Bibliothek\",\"isPartOf\":{\"@id\":\"https:\\\/\\\/www.marybakereddylibrary.org\\\/de\\\/#website\"},\"datePublished\":\"2019-06-21T14:30:57+00:00\",\"dateModified\":\"2022-07-26T17:00:53+00:00\",\"breadcrumb\":{\"@id\":\"https:\\\/\\\/www.marybakereddylibrary.org\\\/de\\\/recherche-2\\\/#breadcrumb\"},\"inLanguage\":\"de-DE\",\"potentialAction\":[{\"@type\":\"ReadAction\",\"target\":[\"https:\\\/\\\/www.marybakereddylibrary.org\\\/de\\\/recherche-2\\\/\"]}]},{\"@type\":\"BreadcrumbList\",\"@id\":\"https:\\\/\\\/www.marybakereddylibrary.org\\\/de\\\/recherche-2\\\/#breadcrumb\",\"itemListElement\":[{\"@type\":\"ListItem\",\"position\":1,\"name\":\"Startseite\",\"item\":\"https:\\\/\\\/www.marybakereddylibrary.org\\\/de\\\/\"},{\"@type\":\"ListItem\",\"position\":2,\"name\":\"Service f\u00fcr Recherche und Quellensuche\"}]},{\"@type\":\"WebSite\",\"@id\":\"https:\\\/\\\/www.marybakereddylibrary.org\\\/de\\\/#website\",\"url\":\"https:\\\/\\\/www.marybakereddylibrary.org\\\/de\\\/\",\"name\":\"Die Mary Baker Eddy Bibliothek\",\"description\":\"\",\"publisher\":{\"@id\":\"https:\\\/\\\/www.marybakereddylibrary.org\\\/de\\\/#organization\"},\"potentialAction\":[{\"@type\":\"SearchAction\",\"target\":{\"@type\":\"EntryPoint\",\"urlTemplate\":\"https:\\\/\\\/www.marybakereddylibrary.org\\\/de\\\/?s={search_term_string}\"},\"query-input\":{\"@type\":\"PropertyValueSpecification\",\"valueRequired\":true,\"valueName\":\"search_term_string\"}}],\"inLanguage\":\"de-DE\"},{\"@type\":\"Organization\",\"@id\":\"https:\\\/\\\/www.marybakereddylibrary.org\\\/de\\\/#organization\",\"name\":\"The Mary Baker Eddy Library\",\"url\":\"https:\\\/\\\/www.marybakereddylibrary.org\\\/de\\\/\",\"logo\":{\"@type\":\"ImageObject\",\"inLanguage\":\"de-DE\",\"@id\":\"https:\\\/\\\/www.marybakereddylibrary.org\\\/de\\\/#\\\/schema\\\/logo\\\/image\\\/\",\"url\":\"https:\\\/\\\/www.marybakereddylibrary.org\\\/wp-content\\\/uploads\\\/2015\\\/03\\\/MBEL_logo_HR.jpg\",\"contentUrl\":\"https:\\\/\\\/www.marybakereddylibrary.org\\\/wp-content\\\/uploads\\\/2015\\\/03\\\/MBEL_logo_HR.jpg\",\"width\":2100,\"height\":2100,\"caption\":\"The Mary Baker Eddy Library\"},\"image\":{\"@id\":\"https:\\\/\\\/www.marybakereddylibrary.org\\\/de\\\/#\\\/schema\\\/logo\\\/image\\\/\"},\"sameAs\":[\"https:\\\/\\\/www.facebook.com\\\/mbelibrary\",\"https:\\\/\\\/x.com\\\/mbelibrary\",\"https:\\\/\\\/www.instagram.com\\\/mbelibrary\"]}]}<\/script>\n<!-- \/ Yoast SEO plugin. -->","yoast_head_json":{"title":"Service f\u00fcr Recherche und Quellensuche - Die Mary Baker Eddy Bibliothek","robots":{"index":"index","follow":"follow","max-snippet":"max-snippet:-1","max-image-preview":"max-image-preview:large","max-video-preview":"max-video-preview:-1"},"canonical":"https:\/\/www.marybakereddylibrary.org\/de\/recherche-2\/","og_locale":"de_DE","og_type":"article","og_title":"Service f\u00fcr Recherche und Quellensuche - Die Mary Baker Eddy Bibliothek","og_description":"- Der Service f\u00fcr Recherche und Quellensuche bietet Zugang zu Originalmaterialien, die das Leben von Mary Baker Eddy und die Geschichte der\u00a0von ihr gegr\u00fcndete Kirche dokumentieren. Die Sammlungen sind von zentraler Bedeutung f\u00fcr die Mission der Bibliothek und umfassen Briefe, Manuskripte, organisatorische Aufzeichnungen, Fotografien, Artefakte, B\u00fccher, Zeitschriften, audiovisuelle Medien und andere Materialien, die f\u00fcr eingehende [&hellip;]","og_url":"https:\/\/www.marybakereddylibrary.org\/de\/recherche-2\/","og_site_name":"Die Mary Baker Eddy Bibliothek","article_publisher":"https:\/\/www.facebook.com\/mbelibrary","article_modified_time":"2022-07-26T17:00:53+00:00","twitter_misc":{"Gesch\u00e4tzte Lesezeit":"3 Minuten"},"schema":{"@context":"https:\/\/schema.org","@graph":[{"@type":"WebPage","@id":"https:\/\/www.marybakereddylibrary.org\/de\/recherche-2\/","url":"https:\/\/www.marybakereddylibrary.org\/de\/recherche-2\/","name":"Service f\u00fcr Recherche und Quellensuche - Die Mary Baker Eddy Bibliothek","isPartOf":{"@id":"https:\/\/www.marybakereddylibrary.org\/de\/#website"},"datePublished":"2019-06-21T14:30:57+00:00","dateModified":"2022-07-26T17:00:53+00:00","breadcrumb":{"@id":"https:\/\/www.marybakereddylibrary.org\/de\/recherche-2\/#breadcrumb"},"inLanguage":"de-DE","potentialAction":[{"@type":"ReadAction","target":["https:\/\/www.marybakereddylibrary.org\/de\/recherche-2\/"]}]},{"@type":"BreadcrumbList","@id":"https:\/\/www.marybakereddylibrary.org\/de\/recherche-2\/#breadcrumb","itemListElement":[{"@type":"ListItem","position":1,"name":"Startseite","item":"https:\/\/www.marybakereddylibrary.org\/de\/"},{"@type":"ListItem","position":2,"name":"Service f\u00fcr Recherche und Quellensuche"}]},{"@type":"WebSite","@id":"https:\/\/www.marybakereddylibrary.org\/de\/#website","url":"https:\/\/www.marybakereddylibrary.org\/de\/","name":"Die Mary Baker Eddy Bibliothek","description":"","publisher":{"@id":"https:\/\/www.marybakereddylibrary.org\/de\/#organization"},"potentialAction":[{"@type":"SearchAction","target":{"@type":"EntryPoint","urlTemplate":"https:\/\/www.marybakereddylibrary.org\/de\/?s={search_term_string}"},"query-input":{"@type":"PropertyValueSpecification","valueRequired":true,"valueName":"search_term_string"}}],"inLanguage":"de-DE"},{"@type":"Organization","@id":"https:\/\/www.marybakereddylibrary.org\/de\/#organization","name":"The Mary Baker Eddy Library","url":"https:\/\/www.marybakereddylibrary.org\/de\/","logo":{"@type":"ImageObject","inLanguage":"de-DE","@id":"https:\/\/www.marybakereddylibrary.org\/de\/#\/schema\/logo\/image\/","url":"https:\/\/www.marybakereddylibrary.org\/wp-content\/uploads\/2015\/03\/MBEL_logo_HR.jpg","contentUrl":"https:\/\/www.marybakereddylibrary.org\/wp-content\/uploads\/2015\/03\/MBEL_logo_HR.jpg","width":2100,"height":2100,"caption":"The Mary Baker Eddy Library"},"image":{"@id":"https:\/\/www.marybakereddylibrary.org\/de\/#\/schema\/logo\/image\/"},"sameAs":["https:\/\/www.facebook.com\/mbelibrary","https:\/\/x.com\/mbelibrary","https:\/\/www.instagram.com\/mbelibrary"]}]}},"_links":{"self":[{"href":"https:\/\/www.marybakereddylibrary.org\/de\/wp-json\/wp\/v2\/pages\/25104","targetHints":{"allow":["GET"]}}],"collection":[{"href":"https:\/\/www.marybakereddylibrary.org\/de\/wp-json\/wp\/v2\/pages"}],"about":[{"href":"https:\/\/www.marybakereddylibrary.org\/de\/wp-json\/wp\/v2\/types\/page"}],"author":[{"embeddable":true,"href":"https:\/\/www.marybakereddylibrary.org\/de\/wp-json\/wp\/v2\/users\/6"}],"replies":[{"embeddable":true,"href":"https:\/\/www.marybakereddylibrary.org\/de\/wp-json\/wp\/v2\/comments?post=25104"}],"version-history":[{"count":0,"href":"https:\/\/www.marybakereddylibrary.org\/de\/wp-json\/wp\/v2\/pages\/25104\/revisions"}],"wp:attachment":[{"href":"https:\/\/www.marybakereddylibrary.org\/de\/wp-json\/wp\/v2\/media?parent=25104"}],"curies":[{"name":"wp","href":"https:\/\/api.w.org\/{rel}","templated":true}]}}