{"id":25108,"date":"2019-06-21T10:33:18","date_gmt":"2019-06-21T14:33:18","guid":{"rendered":"https:\/\/www.marybakereddylibrary.org\/exposicoes-e-atividades\/"},"modified":"2020-02-25T17:09:25","modified_gmt":"2020-02-25T22:09:25","slug":"mapparium","status":"publish","type":"page","link":"https:\/\/www.marybakereddylibrary.org\/de\/mapparium\/","title":{"rendered":"Mapparium"},"content":{"rendered":"<div id=\"modal-ready\"><p>[et_pb_section bb_built=&#8221;1&#8243; admin_label=&#8221;section&#8221; fullwidth=&#8221;off&#8221; specialty=&#8221;off&#8221; inner_width=&#8221;auto&#8221; inner_max_width=&#8221;none&#8221;][et_pb_row][et_pb_column type=&#8221;1_3&#8243; custom_padding__hover=&#8221;|||&#8221; custom_padding=&#8221;|||&#8221;][et_pb_text admin_label=&#8221;The Mapparium&#8221; use_border_color=&#8221;off&#8221; background_position=&#8221;top_left&#8221; background_repeat=&#8221;repeat&#8221; background_size=&#8221;initial&#8221; _builder_version=&#8221;3.29.3&#8243; text_text_shadow_horizontal_length=&#8221;text_text_shadow_style,%91object Object%93&#8243; text_text_shadow_vertical_length=&#8221;text_text_shadow_style,%91object Object%93&#8243; text_text_shadow_blur_strength=&#8221;text_text_shadow_style,%91object Object%93&#8243; link_text_shadow_horizontal_length=&#8221;link_text_shadow_style,%91object Object%93&#8243; link_text_shadow_vertical_length=&#8221;link_text_shadow_style,%91object Object%93&#8243; link_text_shadow_blur_strength=&#8221;link_text_shadow_style,%91object Object%93&#8243; ul_text_shadow_horizontal_length=&#8221;ul_text_shadow_style,%91object Object%93&#8243; ul_text_shadow_vertical_length=&#8221;ul_text_shadow_style,%91object Object%93&#8243; ul_text_shadow_blur_strength=&#8221;ul_text_shadow_style,%91object Object%93&#8243; ol_text_shadow_horizontal_length=&#8221;ol_text_shadow_style,%91object Object%93&#8243; ol_text_shadow_vertical_length=&#8221;ol_text_shadow_style,%91object Object%93&#8243; ol_text_shadow_blur_strength=&#8221;ol_text_shadow_style,%91object Object%93&#8243; quote_text_shadow_horizontal_length=&#8221;quote_text_shadow_style,%91object Object%93&#8243; quote_text_shadow_vertical_length=&#8221;quote_text_shadow_style,%91object Object%93&#8243; quote_text_shadow_blur_strength=&#8221;quote_text_shadow_style,%91object Object%93&#8243; header_text_shadow_horizontal_length=&#8221;header_text_shadow_style,%91object Object%93&#8243; header_text_shadow_vertical_length=&#8221;header_text_shadow_style,%91object Object%93&#8243; header_text_shadow_blur_strength=&#8221;header_text_shadow_style,%91object Object%93&#8243; header_2_text_shadow_horizontal_length=&#8221;header_2_text_shadow_style,%91object Object%93&#8243; header_2_text_shadow_vertical_length=&#8221;header_2_text_shadow_style,%91object Object%93&#8243; header_2_text_shadow_blur_strength=&#8221;header_2_text_shadow_style,%91object Object%93&#8243; header_3_text_shadow_horizontal_length=&#8221;header_3_text_shadow_style,%91object Object%93&#8243; header_3_text_shadow_vertical_length=&#8221;header_3_text_shadow_style,%91object Object%93&#8243; header_3_text_shadow_blur_strength=&#8221;header_3_text_shadow_style,%91object Object%93&#8243; header_4_text_shadow_horizontal_length=&#8221;header_4_text_shadow_style,%91object Object%93&#8243; header_4_text_shadow_vertical_length=&#8221;header_4_text_shadow_style,%91object Object%93&#8243; header_4_text_shadow_blur_strength=&#8221;header_4_text_shadow_style,%91object Object%93&#8243; header_5_text_shadow_horizontal_length=&#8221;header_5_text_shadow_style,%91object Object%93&#8243; header_5_text_shadow_vertical_length=&#8221;header_5_text_shadow_style,%91object Object%93&#8243; header_5_text_shadow_blur_strength=&#8221;header_5_text_shadow_style,%91object Object%93&#8243; header_6_text_shadow_horizontal_length=&#8221;header_6_text_shadow_style,%91object Object%93&#8243; header_6_text_shadow_vertical_length=&#8221;header_6_text_shadow_style,%91object Object%93&#8243; header_6_text_shadow_blur_strength=&#8221;header_6_text_shadow_style,%91object Object%93&#8243; z_index_tablet=&#8221;500&#8243; text_orientation=&#8221;left&#8221;]<\/p>\n<h2><strong>Das Mapparium<\/strong><\/h2>\n<p><img loading=\"lazy\" decoding=\"async\" class=\"alignleft size-thumbnail wp-image-1002\" src=\"https:\/\/www.marybakereddylibrary.org\/wp-content\/uploads\/2015\/03\/Mapparium4_HR-150x150.jpg\" alt=\"\" width=\"150\" height=\"150\" srcset=\"https:\/\/www.marybakereddylibrary.org\/wp-content\/uploads\/2015\/03\/Mapparium4_HR-150x150.jpg 150w, https:\/\/www.marybakereddylibrary.org\/wp-content\/uploads\/2015\/03\/Mapparium4_HR-300x300.jpg 300w, https:\/\/www.marybakereddylibrary.org\/wp-content\/uploads\/2015\/03\/Mapparium4_HR-1024x1024.jpg 1024w, https:\/\/www.marybakereddylibrary.org\/wp-content\/uploads\/2015\/03\/Mapparium4_HR-1080x1080.jpg 1080w\" sizes=\"(max-width: 150px) 100vw, 150px\" \/>Das Mapparium symbolisiert die globale Mission des <em>Christian Science Monitors<\/em> und der anderen Zeitschriften, die von der Verlagsgesellschaft der Christlichen Wissenschaft herausgegeben werden, darunter auch <em>Der Herold der Christlichen Wissenschaft<\/em>. Die Besucher gehen \u00fcber eine Br\u00fccke, die eine 9 Meter hohe Glaskugel durchspannt, um im Mittelpunkt der Erde zu stehen, umgeben von Kontinenten und Ozeanen, die in lebendigen Glasmalereien dargestellt sind.<\/p>\n<h5>Audio-Tour<\/h5>\n<audio class=\"wp-audio-shortcode\" id=\"audio-25108-1\" preload=\"none\" style=\"width: 100%;\" controls=\"controls\"><source type=\"audio\/mpeg\" src=\"https:\/\/media.csps.com\/mbel\/2019\/mbel-ger-mapp_audio_tour-190813.mp3?_=1\" \/><a href=\"https:\/\/media.csps.com\/mbel\/2019\/mbel-ger-mapp_audio_tour-190813.mp3\">https:\/\/media.csps.com\/mbel\/2019\/mbel-ger-mapp_audio_tour-190813.mp3<\/a><\/audio>\n<p>[\/et_pb_text][\/et_pb_column][et_pb_column type=&#8221;1_3&#8243; custom_padding__hover=&#8221;|||&#8221; custom_padding=&#8221;|||&#8221;][et_pb_text admin_label=&#8221;Ausstellungen&#8221; use_border_color=&#8221;off&#8221; background_position=&#8221;top_left&#8221; background_repeat=&#8221;repeat&#8221; background_size=&#8221;initial&#8221; _builder_version=&#8221;3.29.3&#8243; text_orientation=&#8221;left&#8221;]<\/p>\n<h2><strong>Ausstellungen<\/strong><\/h2>\n<p><span style=\"font-weight: 400;\"><img loading=\"lazy\" decoding=\"async\" class=\"alignleft size-thumbnail wp-image-5194\" src=\"https:\/\/www.marybakereddylibrary.org\/wp-content\/uploads\/2015\/10\/Eli2-150x150.jpg\" alt=\"\" width=\"150\" height=\"150\" \/>Wechselnde <a href=\"https:\/\/www.marybakereddylibrary.org\/de\/mapparium\/\" target=\"_blank\" rel=\"noopener noreferrer\">Ausstellungen<\/a> erforschen die Auswirkung von Mary Baker Eddys bahnbrechenden Ideen. Eine neue Ausstellung (derzeit nur in englischer Sprache) \u201e<a href=\"\/?p=7591\" target=\"_blank\" rel=\"noopener noreferrer\">Fervent Hearts, Willing Hands: Christian Science from discovery to global movement<\/a>\u201c [Inbr\u00fcnstige Herzen, bereitwillige H\u00e4nde: Die Christliche Wissenschaft von ihrer Entdeckung bis zur globalen Bewegung] macht die Besucher mit Beispielen bekannt, wie Menschen auf der ganzen Welt von den Lehren der Christlichen Wissenschaft inspiriert wurden.<\/span><\/p>\n<p>[\/et_pb_text][\/et_pb_column][et_pb_column type=&#8221;1_3&#8243; custom_padding__hover=&#8221;|||&#8221; custom_padding=&#8221;|||&#8221;][et_pb_text admin_label=&#8221;Verantstaltungen&#8221; use_border_color=&#8221;off&#8221; background_position=&#8221;top_left&#8221; background_repeat=&#8221;repeat&#8221; background_size=&#8221;initial&#8221; _builder_version=&#8221;3.29.3&#8243; box_shadow_horizontal_tablet=&#8221;0px&#8221; box_shadow_vertical_tablet=&#8221;0px&#8221; box_shadow_blur_tablet=&#8221;40px&#8221; box_shadow_spread_tablet=&#8221;0px&#8221;]<\/p>\n<h2><strong>Veranstaltungen<\/strong><\/h2>\n<p><span style=\"font-weight: 400;\"><img loading=\"lazy\" decoding=\"async\" class=\"alignleft size-thumbnail wp-image-5790\" src=\"https:\/\/www.marybakereddylibrary.org\/wp-content\/uploads\/2016\/01\/GarrettsGift2-5-e1483732119301-150x150.jpg\" alt=\"\" width=\"150\" height=\"150\" \/>Die Bibliothek sponsert jedes Jahr eine Reihe von \u00f6ffentlichen Veranstaltungen vor Ort. Dar\u00fcber hinaus bieten Webcasts (nur auf Englisch) dem weltweiten Publikum die M\u00f6glichkeit, sich Programme zu einer Vielzahl von Themen anzuschauen. Zuh\u00f6rer k\u00f6nnen vor und w\u00e4hrend der Webcasts Fragen stellen. Im <a href=\"\/?page_id=3460\" target=\"_blank\" rel=\"noopener noreferrer\">Veranstaltungskalender<\/a> der Homepage finden Sie alle Webcasts in englischer Sprache.<\/span><\/p>\n<p>&nbsp;<\/p>\n<p>[\/et_pb_text][\/et_pb_column][\/et_pb_row][\/et_pb_section]<\/p>\n<\/div>","protected":false},"excerpt":{"rendered":"<p><div class=\"et_pb_row et_pb_row_0 et_pb_row_empty\">\n\t\t\t\t\n\t\t\t\t\n\t\t\t\t\n\t\t\t\t\n\t\t\t\t\n\t\t\t<\/div> Das Mapparium Das Mapparium symbolisiert die globale Mission des Christian Science Monitors und der anderen Zeitschriften, die von der Verlagsgesellschaft der Christlichen Wissenschaft herausgegeben werden, darunter auch Der Herold der Christlichen Wissenschaft. Die Besucher gehen \u00fcber eine Br\u00fccke, die eine 9 Meter hohe Glaskugel durchspannt, um im Mittelpunkt der Erde zu stehen, umgeben von [&hellip;]<\/p>","protected":false},"author":6,"featured_media":0,"parent":0,"menu_order":0,"comment_status":"closed","ping_status":"closed","template":"","meta":{"_et_pb_use_builder":"on","_et_pb_old_content":"","_et_gb_content_width":"","_oasis_is_in_workflow":0,"_oasis_original":0,"_oasis_task_priority":"","_relevanssi_hide_post":"","_relevanssi_hide_content":"","_relevanssi_pin_for_all":"","_relevanssi_pin_keywords":"","_relevanssi_unpin_keywords":"","_relevanssi_related_keywords":"","_relevanssi_related_include_ids":"","_relevanssi_related_exclude_ids":"","_relevanssi_related_no_append":"","_relevanssi_related_not_related":"","_relevanssi_related_posts":"","_relevanssi_noindex_reason":"","inline_featured_image":false,"episode_type":"","audio_file":"","podmotor_file_id":"","podmotor_episode_id":"","cover_image":"","cover_image_id":"","duration":"","filesize":"","filesize_raw":"","date_recorded":"","explicit":"","block":"","itunes_episode_number":"","itunes_title":"","itunes_season_number":"","itunes_episode_type":"","footnotes":""},"class_list":["post-25108","page","type-page","status-publish","hentry"],"yoast_head":"<!-- This site is optimized with the Yoast SEO plugin v27.4 - https:\/\/yoast.com\/product\/yoast-seo-wordpress\/ -->\n<title>Mapparium - Die Mary Baker Eddy Bibliothek<\/title>\n<meta name=\"robots\" content=\"index, follow, max-snippet:-1, max-image-preview:large, max-video-preview:-1\" \/>\n<link rel=\"canonical\" href=\"https:\/\/www.marybakereddylibrary.org\/de\/mapparium\/\" \/>\n<meta property=\"og:locale\" content=\"de_DE\" \/>\n<meta property=\"og:type\" content=\"article\" \/>\n<meta property=\"og:title\" content=\"Mapparium - Die Mary Baker Eddy Bibliothek\" \/>\n<meta property=\"og:description\" content=\"Das Mapparium Das Mapparium symbolisiert die globale Mission des Christian Science Monitors und der anderen Zeitschriften, die von der Verlagsgesellschaft der Christlichen Wissenschaft herausgegeben werden, darunter auch Der Herold der Christlichen Wissenschaft. Die Besucher gehen \u00fcber eine Br\u00fccke, die eine 9 Meter hohe Glaskugel durchspannt, um im Mittelpunkt der Erde zu stehen, umgeben von [&hellip;]\" \/>\n<meta property=\"og:url\" content=\"https:\/\/www.marybakereddylibrary.org\/de\/mapparium\/\" \/>\n<meta property=\"og:site_name\" content=\"Die Mary Baker Eddy Bibliothek\" \/>\n<meta property=\"article:publisher\" content=\"https:\/\/www.facebook.com\/mbelibrary\" \/>\n<meta property=\"article:modified_time\" content=\"2020-02-25T22:09:25+00:00\" \/>\n<meta property=\"og:image\" content=\"https:\/\/www.marybakereddylibrary.org\/wp-content\/uploads\/2015\/03\/Mapparium4_HR-150x150.jpg\" \/>\n<meta name=\"twitter:label1\" content=\"Gesch\u00e4tzte Lesezeit\" \/>\n\t<meta name=\"twitter:data1\" content=\"4 Minuten\" \/>\n<script type=\"application\/ld+json\" class=\"yoast-schema-graph\">{\"@context\":\"https:\\\/\\\/schema.org\",\"@graph\":[{\"@type\":\"WebPage\",\"@id\":\"https:\\\/\\\/www.marybakereddylibrary.org\\\/de\\\/mapparium\\\/\",\"url\":\"https:\\\/\\\/www.marybakereddylibrary.org\\\/de\\\/mapparium\\\/\",\"name\":\"Mapparium - Die Mary Baker Eddy Bibliothek\",\"isPartOf\":{\"@id\":\"https:\\\/\\\/www.marybakereddylibrary.org\\\/de\\\/#website\"},\"primaryImageOfPage\":{\"@id\":\"https:\\\/\\\/www.marybakereddylibrary.org\\\/de\\\/mapparium\\\/#primaryimage\"},\"image\":{\"@id\":\"https:\\\/\\\/www.marybakereddylibrary.org\\\/de\\\/mapparium\\\/#primaryimage\"},\"thumbnailUrl\":\"https:\\\/\\\/www.marybakereddylibrary.org\\\/wp-content\\\/uploads\\\/2015\\\/03\\\/Mapparium4_HR-150x150.jpg\",\"datePublished\":\"2019-06-21T14:33:18+00:00\",\"dateModified\":\"2020-02-25T22:09:25+00:00\",\"breadcrumb\":{\"@id\":\"https:\\\/\\\/www.marybakereddylibrary.org\\\/de\\\/mapparium\\\/#breadcrumb\"},\"inLanguage\":\"de-DE\",\"potentialAction\":[{\"@type\":\"ReadAction\",\"target\":[\"https:\\\/\\\/www.marybakereddylibrary.org\\\/de\\\/mapparium\\\/\"]}]},{\"@type\":\"ImageObject\",\"inLanguage\":\"de-DE\",\"@id\":\"https:\\\/\\\/www.marybakereddylibrary.org\\\/de\\\/mapparium\\\/#primaryimage\",\"url\":\"https:\\\/\\\/www.marybakereddylibrary.org\\\/wp-content\\\/uploads\\\/2015\\\/03\\\/Mapparium4_HR-150x150.jpg\",\"contentUrl\":\"https:\\\/\\\/www.marybakereddylibrary.org\\\/wp-content\\\/uploads\\\/2015\\\/03\\\/Mapparium4_HR-150x150.jpg\"},{\"@type\":\"BreadcrumbList\",\"@id\":\"https:\\\/\\\/www.marybakereddylibrary.org\\\/de\\\/mapparium\\\/#breadcrumb\",\"itemListElement\":[{\"@type\":\"ListItem\",\"position\":1,\"name\":\"Startseite\",\"item\":\"https:\\\/\\\/www.marybakereddylibrary.org\\\/de\\\/\"},{\"@type\":\"ListItem\",\"position\":2,\"name\":\"Mapparium\"}]},{\"@type\":\"WebSite\",\"@id\":\"https:\\\/\\\/www.marybakereddylibrary.org\\\/de\\\/#website\",\"url\":\"https:\\\/\\\/www.marybakereddylibrary.org\\\/de\\\/\",\"name\":\"Die Mary Baker Eddy Bibliothek\",\"description\":\"\",\"publisher\":{\"@id\":\"https:\\\/\\\/www.marybakereddylibrary.org\\\/de\\\/#organization\"},\"potentialAction\":[{\"@type\":\"SearchAction\",\"target\":{\"@type\":\"EntryPoint\",\"urlTemplate\":\"https:\\\/\\\/www.marybakereddylibrary.org\\\/de\\\/?s={search_term_string}\"},\"query-input\":{\"@type\":\"PropertyValueSpecification\",\"valueRequired\":true,\"valueName\":\"search_term_string\"}}],\"inLanguage\":\"de-DE\"},{\"@type\":\"Organization\",\"@id\":\"https:\\\/\\\/www.marybakereddylibrary.org\\\/de\\\/#organization\",\"name\":\"The Mary Baker Eddy Library\",\"url\":\"https:\\\/\\\/www.marybakereddylibrary.org\\\/de\\\/\",\"logo\":{\"@type\":\"ImageObject\",\"inLanguage\":\"de-DE\",\"@id\":\"https:\\\/\\\/www.marybakereddylibrary.org\\\/de\\\/#\\\/schema\\\/logo\\\/image\\\/\",\"url\":\"https:\\\/\\\/www.marybakereddylibrary.org\\\/wp-content\\\/uploads\\\/2015\\\/03\\\/MBEL_logo_HR.jpg\",\"contentUrl\":\"https:\\\/\\\/www.marybakereddylibrary.org\\\/wp-content\\\/uploads\\\/2015\\\/03\\\/MBEL_logo_HR.jpg\",\"width\":2100,\"height\":2100,\"caption\":\"The Mary Baker Eddy Library\"},\"image\":{\"@id\":\"https:\\\/\\\/www.marybakereddylibrary.org\\\/de\\\/#\\\/schema\\\/logo\\\/image\\\/\"},\"sameAs\":[\"https:\\\/\\\/www.facebook.com\\\/mbelibrary\",\"https:\\\/\\\/x.com\\\/mbelibrary\",\"https:\\\/\\\/www.instagram.com\\\/mbelibrary\"]}]}<\/script>\n<!-- \/ Yoast SEO plugin. -->","yoast_head_json":{"title":"Mapparium - Die Mary Baker Eddy Bibliothek","robots":{"index":"index","follow":"follow","max-snippet":"max-snippet:-1","max-image-preview":"max-image-preview:large","max-video-preview":"max-video-preview:-1"},"canonical":"https:\/\/www.marybakereddylibrary.org\/de\/mapparium\/","og_locale":"de_DE","og_type":"article","og_title":"Mapparium - Die Mary Baker Eddy Bibliothek","og_description":"Das Mapparium Das Mapparium symbolisiert die globale Mission des Christian Science Monitors und der anderen Zeitschriften, die von der Verlagsgesellschaft der Christlichen Wissenschaft herausgegeben werden, darunter auch Der Herold der Christlichen Wissenschaft. Die Besucher gehen \u00fcber eine Br\u00fccke, die eine 9 Meter hohe Glaskugel durchspannt, um im Mittelpunkt der Erde zu stehen, umgeben von [&hellip;]","og_url":"https:\/\/www.marybakereddylibrary.org\/de\/mapparium\/","og_site_name":"Die Mary Baker Eddy Bibliothek","article_publisher":"https:\/\/www.facebook.com\/mbelibrary","article_modified_time":"2020-02-25T22:09:25+00:00","og_image":[{"url":"https:\/\/www.marybakereddylibrary.org\/wp-content\/uploads\/2015\/03\/Mapparium4_HR-150x150.jpg","type":"","width":"","height":""}],"twitter_misc":{"Gesch\u00e4tzte Lesezeit":"4 Minuten"},"schema":{"@context":"https:\/\/schema.org","@graph":[{"@type":"WebPage","@id":"https:\/\/www.marybakereddylibrary.org\/de\/mapparium\/","url":"https:\/\/www.marybakereddylibrary.org\/de\/mapparium\/","name":"Mapparium - Die Mary Baker Eddy Bibliothek","isPartOf":{"@id":"https:\/\/www.marybakereddylibrary.org\/de\/#website"},"primaryImageOfPage":{"@id":"https:\/\/www.marybakereddylibrary.org\/de\/mapparium\/#primaryimage"},"image":{"@id":"https:\/\/www.marybakereddylibrary.org\/de\/mapparium\/#primaryimage"},"thumbnailUrl":"https:\/\/www.marybakereddylibrary.org\/wp-content\/uploads\/2015\/03\/Mapparium4_HR-150x150.jpg","datePublished":"2019-06-21T14:33:18+00:00","dateModified":"2020-02-25T22:09:25+00:00","breadcrumb":{"@id":"https:\/\/www.marybakereddylibrary.org\/de\/mapparium\/#breadcrumb"},"inLanguage":"de-DE","potentialAction":[{"@type":"ReadAction","target":["https:\/\/www.marybakereddylibrary.org\/de\/mapparium\/"]}]},{"@type":"ImageObject","inLanguage":"de-DE","@id":"https:\/\/www.marybakereddylibrary.org\/de\/mapparium\/#primaryimage","url":"https:\/\/www.marybakereddylibrary.org\/wp-content\/uploads\/2015\/03\/Mapparium4_HR-150x150.jpg","contentUrl":"https:\/\/www.marybakereddylibrary.org\/wp-content\/uploads\/2015\/03\/Mapparium4_HR-150x150.jpg"},{"@type":"BreadcrumbList","@id":"https:\/\/www.marybakereddylibrary.org\/de\/mapparium\/#breadcrumb","itemListElement":[{"@type":"ListItem","position":1,"name":"Startseite","item":"https:\/\/www.marybakereddylibrary.org\/de\/"},{"@type":"ListItem","position":2,"name":"Mapparium"}]},{"@type":"WebSite","@id":"https:\/\/www.marybakereddylibrary.org\/de\/#website","url":"https:\/\/www.marybakereddylibrary.org\/de\/","name":"Die Mary Baker Eddy Bibliothek","description":"","publisher":{"@id":"https:\/\/www.marybakereddylibrary.org\/de\/#organization"},"potentialAction":[{"@type":"SearchAction","target":{"@type":"EntryPoint","urlTemplate":"https:\/\/www.marybakereddylibrary.org\/de\/?s={search_term_string}"},"query-input":{"@type":"PropertyValueSpecification","valueRequired":true,"valueName":"search_term_string"}}],"inLanguage":"de-DE"},{"@type":"Organization","@id":"https:\/\/www.marybakereddylibrary.org\/de\/#organization","name":"The Mary Baker Eddy Library","url":"https:\/\/www.marybakereddylibrary.org\/de\/","logo":{"@type":"ImageObject","inLanguage":"de-DE","@id":"https:\/\/www.marybakereddylibrary.org\/de\/#\/schema\/logo\/image\/","url":"https:\/\/www.marybakereddylibrary.org\/wp-content\/uploads\/2015\/03\/MBEL_logo_HR.jpg","contentUrl":"https:\/\/www.marybakereddylibrary.org\/wp-content\/uploads\/2015\/03\/MBEL_logo_HR.jpg","width":2100,"height":2100,"caption":"The Mary Baker Eddy Library"},"image":{"@id":"https:\/\/www.marybakereddylibrary.org\/de\/#\/schema\/logo\/image\/"},"sameAs":["https:\/\/www.facebook.com\/mbelibrary","https:\/\/x.com\/mbelibrary","https:\/\/www.instagram.com\/mbelibrary"]}]}},"_links":{"self":[{"href":"https:\/\/www.marybakereddylibrary.org\/de\/wp-json\/wp\/v2\/pages\/25108","targetHints":{"allow":["GET"]}}],"collection":[{"href":"https:\/\/www.marybakereddylibrary.org\/de\/wp-json\/wp\/v2\/pages"}],"about":[{"href":"https:\/\/www.marybakereddylibrary.org\/de\/wp-json\/wp\/v2\/types\/page"}],"author":[{"embeddable":true,"href":"https:\/\/www.marybakereddylibrary.org\/de\/wp-json\/wp\/v2\/users\/6"}],"replies":[{"embeddable":true,"href":"https:\/\/www.marybakereddylibrary.org\/de\/wp-json\/wp\/v2\/comments?post=25108"}],"version-history":[{"count":0,"href":"https:\/\/www.marybakereddylibrary.org\/de\/wp-json\/wp\/v2\/pages\/25108\/revisions"}],"wp:attachment":[{"href":"https:\/\/www.marybakereddylibrary.org\/de\/wp-json\/wp\/v2\/media?parent=25108"}],"curies":[{"name":"wp","href":"https:\/\/api.w.org\/{rel}","templated":true}]}}