{"id":25110,"date":"2019-06-21T10:34:12","date_gmt":"2019-06-21T14:34:12","guid":{"rendered":"https:\/\/www.marybakereddylibrary.org\/informacoes-gerais\/"},"modified":"2023-11-09T16:32:29","modified_gmt":"2023-11-09T21:32:29","slug":"allgemeine-informationen2","status":"publish","type":"page","link":"https:\/\/www.marybakereddylibrary.org\/de\/allgemeine-informationen2\/","title":{"rendered":"Allgemeine Informationen"},"content":{"rendered":"<div id=\"modal-ready\"><p>[et_pb_section fb_built=&#8221;1&#8243; fullwidth=&#8221;on&#8221; _builder_version=&#8221;4.16&#8243; global_colors_info=&#8221;{}&#8221;][et_pb_fullwidth_header title=&#8221;Allgemeine Informationen&#8221; admin_label=&#8221;Plan your visit Fullwidth Header&#8221; _builder_version=&#8221;4.16&#8243; background_color=&#8221;rgba(255, 255, 255, 0)&#8221; background_layout=&#8221;light&#8221; global_colors_info=&#8221;{}&#8221; button_one_text_size__hover_enabled=&#8221;off&#8221; button_one_text_size__hover=&#8221;null&#8221; button_two_text_size__hover_enabled=&#8221;off&#8221; button_two_text_size__hover=&#8221;null&#8221; button_one_text_color__hover_enabled=&#8221;off&#8221; button_one_text_color__hover=&#8221;null&#8221; button_two_text_color__hover_enabled=&#8221;off&#8221; button_two_text_color__hover=&#8221;null&#8221; button_one_border_width__hover_enabled=&#8221;off&#8221; button_one_border_width__hover=&#8221;null&#8221; button_two_border_width__hover_enabled=&#8221;off&#8221; button_two_border_width__hover=&#8221;null&#8221; button_one_border_color__hover_enabled=&#8221;off&#8221; button_one_border_color__hover=&#8221;null&#8221; button_two_border_color__hover_enabled=&#8221;off&#8221; button_two_border_color__hover=&#8221;null&#8221; button_one_border_radius__hover_enabled=&#8221;off&#8221; button_one_border_radius__hover=&#8221;null&#8221; button_two_border_radius__hover_enabled=&#8221;off&#8221; button_two_border_radius__hover=&#8221;null&#8221; button_one_bg_color__hover_enabled=&#8221;off&#8221; button_one_bg_color__hover=&#8221;null&#8221; button_two_bg_color__hover_enabled=&#8221;off&#8221; button_two_bg_color__hover=&#8221;null&#8221;][\/et_pb_fullwidth_header][\/et_pb_section][et_pb_section fb_built=&#8221;1&#8243; admin_label=&#8221;section&#8221; _builder_version=&#8221;4.16&#8243; global_colors_info=&#8221;{}&#8221;][et_pb_row column_structure=&#8221;3_4,1_4&#8243; admin_label=&#8221;row&#8221; _builder_version=&#8221;4.16&#8243; background_size=&#8221;initial&#8221; background_position=&#8221;top_left&#8221; background_repeat=&#8221;repeat&#8221; global_colors_info=&#8221;{}&#8221;][et_pb_column type=&#8221;3_4&#8243; _builder_version=&#8221;4.16&#8243; custom_padding=&#8221;|||&#8221; global_colors_info=&#8221;{}&#8221; custom_padding__hover=&#8221;|||&#8221;][et_pb_image src=&#8221;https:\/\/www.marybakereddylibrary.org\/wp-content\/uploads\/2015\/02\/Exterior_MBEL_v3.jpg&#8221; show_bottom_space=&#8221;off&#8221; align_tablet=&#8221;center&#8221; align_phone=&#8221;&#8221; align_last_edited=&#8221;on|desktop&#8221; admin_label=&#8221;Mass Ave Exterior Image&#8221; _builder_version=&#8221;4.16&#8243; animation_style=&#8221;slide&#8221; animation_direction=&#8221;left&#8221; animation_duration=&#8221;500ms&#8221; animation_intensity_slide=&#8221;10%&#8221; global_colors_info=&#8221;{}&#8221;]<\/p>\n<p>\n&#8211;<\/p>\n<p>[\/et_pb_image][\/et_pb_column][et_pb_column type=&#8221;1_4&#8243; _builder_version=&#8221;4.16&#8243; custom_padding=&#8221;|||&#8221; global_colors_info=&#8221;{}&#8221; custom_padding__hover=&#8221;|||&#8221;][et_pb_text admin_label=&#8221;Library Info (Address, phone, etc.)&#8221; _builder_version=&#8221;4.16&#8243; background_size=&#8221;initial&#8221; background_position=&#8221;top_left&#8221; background_repeat=&#8221;repeat&#8221; custom_margin=&#8221;||22px|&#8221; box_shadow_horizontal_tablet=&#8221;0px&#8221; box_shadow_vertical_tablet=&#8221;0px&#8221; box_shadow_blur_tablet=&#8221;40px&#8221; box_shadow_spread_tablet=&#8221;0px&#8221; use_border_color=&#8221;off&#8221; global_colors_info=&#8221;{}&#8221;]<\/p>\n<h6><strong>Die Mary Baker Eddy Bibliothek<br \/><\/strong><strong>200 Massachusetts Avenue<br \/><\/strong><strong>Boston, MA 02115 USA<\/strong><\/h6>\n<h6><strong>+1 617&nbsp;450 7000<br \/>(Deutschsprachige Besucher:innen k\u00f6nnen uns \u00fcber nachstehende E-Mail-Adresse erreichen. Oder klicken Sie einfach unten auf \u201eKontaktieren Sie uns\u201c!)<br \/><\/strong><\/h6>\n<h6><strong><a href=\"mailto:librarymail@mbelibrary.org?subject=Contact%20Us%3A%20Plan%20Your%20Visit\">librarymail@mbelibrary.org<\/a><\/strong><\/h6>\n<p>[\/et_pb_text][\/et_pb_column][\/et_pb_row][et_pb_row column_structure=&#8221;3_5,2_5&#8243; admin_label=&#8221;row&#8221; _builder_version=&#8221;4.16&#8243; background_size=&#8221;initial&#8221; background_position=&#8221;top_left&#8221; background_repeat=&#8221;repeat&#8221; global_colors_info=&#8221;{}&#8221;][et_pb_column type=&#8221;3_5&#8243; _builder_version=&#8221;4.16&#8243; custom_padding=&#8221;|||&#8221; global_colors_info=&#8221;{}&#8221; custom_padding__hover=&#8221;|||&#8221;][et_pb_text admin_label=&#8221;Hours of Operation, Directions, Parking&#8221; _builder_version=&#8221;4.16&#8243; background_size=&#8221;initial&#8221; background_position=&#8221;top_left&#8221; background_repeat=&#8221;repeat&#8221; z_index_tablet=&#8221;500&#8243; box_shadow_horizontal_tablet=&#8221;0px&#8221; box_shadow_vertical_tablet=&#8221;0px&#8221; box_shadow_blur_tablet=&#8221;40px&#8221; box_shadow_spread_tablet=&#8221;0px&#8221; use_border_color=&#8221;off&#8221; global_colors_info=&#8221;{}&#8221;]<\/p>\n<h2>\u00d6ffnungszeiten<\/h2>\n<p><strong>Montag bis Samstag<br \/><\/strong>10:00 Uhr bis 17:00 Uhr<\/p>\n<p><strong>Sonntag<br \/><\/strong>11:00 Uhr bis 17:00 Uhr<\/p>\n<p><em>An Feiertagen geschlossen<\/em><\/p>\n<p><a href=\"https:\/\/www.marybakereddylibrary.org\/de\/allgemeine-informationen\/wegbeschreibung-und-parkmoglichkeiten\/\">Informationen \u00fcber Wegbeschreibung und Parkm\u00f6glichkeiten<\/a><\/p>\n<p>[\/et_pb_text][et_pb_text admin_label=&#8221;Exhibits info&#8221; _builder_version=&#8221;4.16&#8243; background_size=&#8221;initial&#8221; background_position=&#8221;top_left&#8221; background_repeat=&#8221;repeat&#8221; vertical_offset_tablet=&#8221;0&#8243; horizontal_offset_tablet=&#8221;0&#8243; z_index_tablet=&#8221;500&#8243; text_text_shadow_horizontal_length_tablet=&#8221;0px&#8221; text_text_shadow_vertical_length_tablet=&#8221;0px&#8221; text_text_shadow_blur_strength_tablet=&#8221;1px&#8221; link_text_shadow_horizontal_length_tablet=&#8221;0px&#8221; link_text_shadow_vertical_length_tablet=&#8221;0px&#8221; link_text_shadow_blur_strength_tablet=&#8221;1px&#8221; ul_text_shadow_horizontal_length_tablet=&#8221;0px&#8221; ul_text_shadow_vertical_length_tablet=&#8221;0px&#8221; ul_text_shadow_blur_strength_tablet=&#8221;1px&#8221; ol_text_shadow_horizontal_length_tablet=&#8221;0px&#8221; ol_text_shadow_vertical_length_tablet=&#8221;0px&#8221; ol_text_shadow_blur_strength_tablet=&#8221;1px&#8221; quote_text_shadow_horizontal_length_tablet=&#8221;0px&#8221; quote_text_shadow_vertical_length_tablet=&#8221;0px&#8221; quote_text_shadow_blur_strength_tablet=&#8221;1px&#8221; header_text_shadow_horizontal_length_tablet=&#8221;0px&#8221; header_text_shadow_vertical_length_tablet=&#8221;0px&#8221; header_text_shadow_blur_strength_tablet=&#8221;1px&#8221; header_2_text_shadow_horizontal_length_tablet=&#8221;0px&#8221; header_2_text_shadow_vertical_length_tablet=&#8221;0px&#8221; header_2_text_shadow_blur_strength_tablet=&#8221;1px&#8221; header_3_text_shadow_horizontal_length_tablet=&#8221;0px&#8221; header_3_text_shadow_vertical_length_tablet=&#8221;0px&#8221; header_3_text_shadow_blur_strength_tablet=&#8221;1px&#8221; header_4_text_shadow_horizontal_length_tablet=&#8221;0px&#8221; header_4_text_shadow_vertical_length_tablet=&#8221;0px&#8221; header_4_text_shadow_blur_strength_tablet=&#8221;1px&#8221; header_5_text_shadow_horizontal_length_tablet=&#8221;0px&#8221; header_5_text_shadow_vertical_length_tablet=&#8221;0px&#8221; header_5_text_shadow_blur_strength_tablet=&#8221;1px&#8221; header_6_text_shadow_horizontal_length_tablet=&#8221;0px&#8221; header_6_text_shadow_vertical_length_tablet=&#8221;0px&#8221; header_6_text_shadow_blur_strength_tablet=&#8221;1px&#8221; box_shadow_horizontal_tablet=&#8221;0px&#8221; box_shadow_vertical_tablet=&#8221;0px&#8221; box_shadow_blur_tablet=&#8221;40px&#8221; box_shadow_spread_tablet=&#8221;0px&#8221; use_border_color=&#8221;off&#8221; global_colors_info=&#8221;{}&#8221;]<\/p>\n<h2>Ausstellungen<\/h2>\n<p>Besuchen Sie unsere interaktive Ausstellung! Sie ist Teil des \u201e<a href=\"https:\/\/www.christianscience.com\/howdoyouseetheworld\" rel=\"noopener\">Wie siehst du die Welt?<\/a>\u201c-Erlebnisraums in der Eingangshalle am Christian Science Plaza (Erdgeschoss), zu dem auch das Mapparium&#x2122; geh\u00f6rt.<\/p>\n<p>[\/et_pb_text][et_pb_text disabled_on=&#8221;on|on|on&#8221; admin_label=&#8221;Entrance fees (German)&nbsp;%91DISABLED \/ HIDDEN%93&#8243; _builder_version=&#8221;4.16&#8243; _module_preset=&#8221;default&#8221; disabled=&#8221;on&#8221; global_colors_info=&#8221;{}&#8221;]<\/p>\n<h2>Eintritt<\/h2>\n<p>Eintritt f\u00fcr das \u201eWie siehst du die Welt?\u201c.\u00a0Alle anderen Bereiche der Bibliothek sind kostenlos zug\u00e4nglich.<\/p>\n<ul>\n<li>Erwachsene $ 6<\/li>\n<li>Studierende (unter Vorlage eines Studierendenausweises) und Senioren (ab 62 Jahren) $ 4<\/li>\n<li>Kinder und Jugendliche (6 bis 17 Jahre) $ 4<br \/><em>Kinder unter sechs Jahren sowie Begleiter\/-innen von Personen mit besonderen Bed\u00fcrfnissen zahlen keinen Eintritt.<\/em><\/li>\n<li>Gruppenpreise (15 oder mehr) Erwachsene $ 4<\/li>\n<li>Gruppenpreise (15 oder mehr) Kinder, Jugendliche, Studierende und Senioren $ 3<\/li>\n<\/ul>\n<p>[\/et_pb_text][et_pb_text admin_label=&#8221;Research Room Hours&#8221; _builder_version=&#8221;4.16&#8243; background_size=&#8221;initial&#8221; background_position=&#8221;top_left&#8221; background_repeat=&#8221;repeat&#8221; z_index_tablet=&#8221;500&#8243; box_shadow_horizontal_tablet=&#8221;0px&#8221; box_shadow_vertical_tablet=&#8221;0px&#8221; box_shadow_blur_tablet=&#8221;40px&#8221; box_shadow_spread_tablet=&#8221;0px&#8221; use_border_color=&#8221;off&#8221; global_colors_info=&#8221;{}&#8221;]<\/p>\n<h2>Service f\u00fcr Recherche und Quellensuche<\/h2>\n<p><strong>Montag bis Donnerstag<\/strong><br \/>12:00 Uhr bis 16:00 Uhr sowie auf Verabredung<\/p>\n<p><em>Am ersten Samstag im Februar, Mai, August und November ebenfalls ge\u00f6ffnet<\/em><\/p>\n<p>(Rufen Sie <a href=\"tel:16174507218\">+1 617&nbsp;450 7218<\/a> an oder senden Sie eine E-Mail an <a href=\"mailto:research@marybakereddylibrary.org\" target=\"_blank\" rel=\"noopener noreferrer\">research@marybakereddylibrary.org<\/a>)<\/p>\n<p>&nbsp;<\/p>\n<p><em>Alle Bereiche der Bibliothek sind behindertengerecht ausgestattet.<\/em><\/p>\n<p>[\/et_pb_text][et_pb_text admin_label=&#8221;Accessibility info (German)&#8221; _builder_version=&#8221;4.21.0&#8243; _module_preset=&#8221;default&#8221; hover_enabled=&#8221;0&#8243; global_colors_info=&#8221;{}&#8221; sticky_enabled=&#8221;0&#8243;]<\/p>\n<h2>Zug\u00e4nglichkeit<\/h2>\n<ul>\n<li>Die Bibliothek ist von der Stra\u00dfe aus zug\u00e4nglich.<\/li>\n<li>Rollstuhlgerechter Zugang zu allen Ausstellungen der Bibliothek. Aufz\u00fcge befinden sich in der Eingangshalle des Verlagsgeb\u00e4udes und erm\u00f6glichen den Zugang zu allen R\u00e4umen.<\/li>\n<li>Rollst\u00fchle k\u00f6nnen unentgeltlich an der Rezeption ausgeliehen werden (solange der Vorrat reicht).<\/li>\n<li>Begleitpersonen f\u00fcr Benutzer manueller Rollst\u00fchle und f\u00fcr Personen, die Hilfe beim Lesen von Wandtexten und\/oder Objektbeschriftungen ben\u00f6tigen, haben freien Eintritt.<\/li>\n<li>Die Baby-Wickelr\u00e4ume befinden sich in der Toilette im Erdgeschoss der Bibliothek.<\/li>\n<li>H\u00f6rhilfen (Headsets und Halsschlaufen) sind an der Rezeption erh\u00e4ltlich.<\/li>\n<\/ul>\n<p>[\/et_pb_text][\/et_pb_column][et_pb_column type=&#8221;2_5&#8243; _builder_version=&#8221;4.16&#8243; custom_padding=&#8221;|||&#8221; global_colors_info=&#8221;{}&#8221; custom_padding__hover=&#8221;|||&#8221;][et_pb_text admin_label=&#8221;Holiday hours (German)&#8221; _builder_version=&#8221;4.16&#8243; _module_preset=&#8221;default&#8221; global_colors_info=&#8221;{}&#8221;]<\/p>\n<h2>\u00d6ffnungszeiten an Feiertagen<\/h2>\n<p>F\u00fcr eine Liste der Feiertage in den USA und f\u00fcr genaue Informationen \u00fcber die Schlie\u00dftage der Bibliothek senden Sie uns bitte eine E-Mail an <a href=\"mailto:librarymail@mbelibrary.org?subject=Contact%20Us%3A%20Plan%20Your%20Visit\">librarymail@mbelibrary.org <\/a>oder rufen Sie uns an unter +1 617&nbsp;450 7000<em>. <\/em>(Anrufe werden auf Englisch entgegengenommen. Wenn Sie nur Deutsch sprechen, klicken Sie bitte auf den Link \u201eKontaktieren Sie uns\u201c.)<\/p>\n<p>[\/et_pb_text][\/et_pb_column][\/et_pb_row][\/et_pb_section]<\/p>\n<\/div>","protected":false},"excerpt":{"rendered":"<p>&#8211; Die Mary Baker Eddy Bibliothek200 Massachusetts AvenueBoston, MA 02115 USA +1 617&nbsp;450 7000(Deutschsprachige Besucher:innen k\u00f6nnen uns \u00fcber nachstehende E-Mail-Adresse erreichen. Oder klicken Sie einfach unten auf \u201eKontaktieren Sie uns\u201c!) librarymail@mbelibrary.org \u00d6ffnungszeiten Montag bis Samstag10:00 Uhr bis 17:00 Uhr Sonntag11:00 Uhr bis 17:00 Uhr An Feiertagen geschlossen Informationen \u00fcber Wegbeschreibung und Parkm\u00f6glichkeiten Ausstellungen Besuchen [&hellip;]<\/p>","protected":false},"author":1,"featured_media":0,"parent":0,"menu_order":0,"comment_status":"closed","ping_status":"closed","template":"","meta":{"_et_pb_use_builder":"on","_et_pb_old_content":"","_et_gb_content_width":"","_oasis_is_in_workflow":0,"_oasis_original":0,"_oasis_task_priority":"","_relevanssi_hide_post":"","_relevanssi_hide_content":"","_relevanssi_pin_for_all":"","_relevanssi_pin_keywords":"","_relevanssi_unpin_keywords":"","_relevanssi_related_keywords":"","_relevanssi_related_include_ids":"","_relevanssi_related_exclude_ids":"","_relevanssi_related_no_append":"","_relevanssi_related_not_related":"","_relevanssi_related_posts":"","_relevanssi_noindex_reason":"","inline_featured_image":false,"episode_type":"","audio_file":"","podmotor_file_id":"","podmotor_episode_id":"","cover_image":"","cover_image_id":"","duration":"","filesize":"","filesize_raw":"","date_recorded":"","explicit":"","block":"","itunes_episode_number":"","itunes_title":"","itunes_season_number":"","itunes_episode_type":"","footnotes":""},"class_list":["post-25110","page","type-page","status-publish","hentry"],"yoast_head":"<!-- This site is optimized with the Yoast SEO plugin v27.3 - https:\/\/yoast.com\/product\/yoast-seo-wordpress\/ -->\n<title>Allgemeine Informationen - Die Mary Baker Eddy Bibliothek<\/title>\n<meta name=\"robots\" content=\"index, follow, max-snippet:-1, max-image-preview:large, max-video-preview:-1\" \/>\n<link rel=\"canonical\" href=\"https:\/\/www.marybakereddylibrary.org\/de\/allgemeine-informationen2\/\" \/>\n<meta property=\"og:locale\" content=\"de_DE\" \/>\n<meta property=\"og:type\" content=\"article\" \/>\n<meta property=\"og:title\" content=\"Allgemeine Informationen - Die Mary Baker Eddy Bibliothek\" \/>\n<meta property=\"og:description\" content=\"- Die Mary Baker Eddy Bibliothek200 Massachusetts AvenueBoston, MA 02115 USA +1 617 450 7000(Deutschsprachige Besucher:innen k\u00f6nnen uns \u00fcber nachstehende E-Mail-Adresse erreichen. Oder klicken Sie einfach unten auf \u201eKontaktieren Sie uns\u201c!) librarymail@mbelibrary.org \u00d6ffnungszeiten Montag bis Samstag10:00 Uhr bis 17:00 Uhr Sonntag11:00 Uhr bis 17:00 Uhr An Feiertagen geschlossen Informationen \u00fcber Wegbeschreibung und Parkm\u00f6glichkeiten Ausstellungen Besuchen [&hellip;]\" \/>\n<meta property=\"og:url\" content=\"https:\/\/www.marybakereddylibrary.org\/de\/allgemeine-informationen2\/\" \/>\n<meta property=\"og:site_name\" content=\"Die Mary Baker Eddy Bibliothek\" \/>\n<meta property=\"article:publisher\" content=\"https:\/\/www.facebook.com\/mbelibrary\" \/>\n<meta property=\"article:modified_time\" content=\"2023-11-09T21:32:29+00:00\" \/>\n<meta name=\"twitter:label1\" content=\"Gesch\u00e4tzte Lesezeit\" \/>\n\t<meta name=\"twitter:data1\" content=\"3 Minuten\" \/>\n<script type=\"application\/ld+json\" class=\"yoast-schema-graph\">{\"@context\":\"https:\\\/\\\/schema.org\",\"@graph\":[{\"@type\":\"WebPage\",\"@id\":\"https:\\\/\\\/www.marybakereddylibrary.org\\\/de\\\/allgemeine-informationen2\\\/\",\"url\":\"https:\\\/\\\/www.marybakereddylibrary.org\\\/de\\\/allgemeine-informationen2\\\/\",\"name\":\"Allgemeine Informationen - Die Mary Baker Eddy Bibliothek\",\"isPartOf\":{\"@id\":\"https:\\\/\\\/www.marybakereddylibrary.org\\\/de\\\/#website\"},\"datePublished\":\"2019-06-21T14:34:12+00:00\",\"dateModified\":\"2023-11-09T21:32:29+00:00\",\"breadcrumb\":{\"@id\":\"https:\\\/\\\/www.marybakereddylibrary.org\\\/de\\\/allgemeine-informationen2\\\/#breadcrumb\"},\"inLanguage\":\"de-DE\",\"potentialAction\":[{\"@type\":\"ReadAction\",\"target\":[\"https:\\\/\\\/www.marybakereddylibrary.org\\\/de\\\/allgemeine-informationen2\\\/\"]}]},{\"@type\":\"BreadcrumbList\",\"@id\":\"https:\\\/\\\/www.marybakereddylibrary.org\\\/de\\\/allgemeine-informationen2\\\/#breadcrumb\",\"itemListElement\":[{\"@type\":\"ListItem\",\"position\":1,\"name\":\"Startseite\",\"item\":\"https:\\\/\\\/www.marybakereddylibrary.org\\\/de\\\/\"},{\"@type\":\"ListItem\",\"position\":2,\"name\":\"Allgemeine Informationen\"}]},{\"@type\":\"WebSite\",\"@id\":\"https:\\\/\\\/www.marybakereddylibrary.org\\\/de\\\/#website\",\"url\":\"https:\\\/\\\/www.marybakereddylibrary.org\\\/de\\\/\",\"name\":\"Die Mary Baker Eddy Bibliothek\",\"description\":\"\",\"publisher\":{\"@id\":\"https:\\\/\\\/www.marybakereddylibrary.org\\\/de\\\/#organization\"},\"potentialAction\":[{\"@type\":\"SearchAction\",\"target\":{\"@type\":\"EntryPoint\",\"urlTemplate\":\"https:\\\/\\\/www.marybakereddylibrary.org\\\/de\\\/?s={search_term_string}\"},\"query-input\":{\"@type\":\"PropertyValueSpecification\",\"valueRequired\":true,\"valueName\":\"search_term_string\"}}],\"inLanguage\":\"de-DE\"},{\"@type\":\"Organization\",\"@id\":\"https:\\\/\\\/www.marybakereddylibrary.org\\\/de\\\/#organization\",\"name\":\"The Mary Baker Eddy Library\",\"url\":\"https:\\\/\\\/www.marybakereddylibrary.org\\\/de\\\/\",\"logo\":{\"@type\":\"ImageObject\",\"inLanguage\":\"de-DE\",\"@id\":\"https:\\\/\\\/www.marybakereddylibrary.org\\\/de\\\/#\\\/schema\\\/logo\\\/image\\\/\",\"url\":\"https:\\\/\\\/www.marybakereddylibrary.org\\\/wp-content\\\/uploads\\\/2015\\\/03\\\/MBEL_logo_HR.jpg\",\"contentUrl\":\"https:\\\/\\\/www.marybakereddylibrary.org\\\/wp-content\\\/uploads\\\/2015\\\/03\\\/MBEL_logo_HR.jpg\",\"width\":2100,\"height\":2100,\"caption\":\"The Mary Baker Eddy Library\"},\"image\":{\"@id\":\"https:\\\/\\\/www.marybakereddylibrary.org\\\/de\\\/#\\\/schema\\\/logo\\\/image\\\/\"},\"sameAs\":[\"https:\\\/\\\/www.facebook.com\\\/mbelibrary\",\"https:\\\/\\\/x.com\\\/mbelibrary\",\"https:\\\/\\\/www.instagram.com\\\/mbelibrary\"]}]}<\/script>\n<!-- \/ Yoast SEO plugin. -->","yoast_head_json":{"title":"Allgemeine Informationen - Die Mary Baker Eddy Bibliothek","robots":{"index":"index","follow":"follow","max-snippet":"max-snippet:-1","max-image-preview":"max-image-preview:large","max-video-preview":"max-video-preview:-1"},"canonical":"https:\/\/www.marybakereddylibrary.org\/de\/allgemeine-informationen2\/","og_locale":"de_DE","og_type":"article","og_title":"Allgemeine Informationen - Die Mary Baker Eddy Bibliothek","og_description":"- Die Mary Baker Eddy Bibliothek200 Massachusetts AvenueBoston, MA 02115 USA +1 617 450 7000(Deutschsprachige Besucher:innen k\u00f6nnen uns \u00fcber nachstehende E-Mail-Adresse erreichen. Oder klicken Sie einfach unten auf \u201eKontaktieren Sie uns\u201c!) librarymail@mbelibrary.org \u00d6ffnungszeiten Montag bis Samstag10:00 Uhr bis 17:00 Uhr Sonntag11:00 Uhr bis 17:00 Uhr An Feiertagen geschlossen Informationen \u00fcber Wegbeschreibung und Parkm\u00f6glichkeiten Ausstellungen Besuchen [&hellip;]","og_url":"https:\/\/www.marybakereddylibrary.org\/de\/allgemeine-informationen2\/","og_site_name":"Die Mary Baker Eddy Bibliothek","article_publisher":"https:\/\/www.facebook.com\/mbelibrary","article_modified_time":"2023-11-09T21:32:29+00:00","twitter_misc":{"Gesch\u00e4tzte Lesezeit":"3 Minuten"},"schema":{"@context":"https:\/\/schema.org","@graph":[{"@type":"WebPage","@id":"https:\/\/www.marybakereddylibrary.org\/de\/allgemeine-informationen2\/","url":"https:\/\/www.marybakereddylibrary.org\/de\/allgemeine-informationen2\/","name":"Allgemeine Informationen - Die Mary Baker Eddy Bibliothek","isPartOf":{"@id":"https:\/\/www.marybakereddylibrary.org\/de\/#website"},"datePublished":"2019-06-21T14:34:12+00:00","dateModified":"2023-11-09T21:32:29+00:00","breadcrumb":{"@id":"https:\/\/www.marybakereddylibrary.org\/de\/allgemeine-informationen2\/#breadcrumb"},"inLanguage":"de-DE","potentialAction":[{"@type":"ReadAction","target":["https:\/\/www.marybakereddylibrary.org\/de\/allgemeine-informationen2\/"]}]},{"@type":"BreadcrumbList","@id":"https:\/\/www.marybakereddylibrary.org\/de\/allgemeine-informationen2\/#breadcrumb","itemListElement":[{"@type":"ListItem","position":1,"name":"Startseite","item":"https:\/\/www.marybakereddylibrary.org\/de\/"},{"@type":"ListItem","position":2,"name":"Allgemeine Informationen"}]},{"@type":"WebSite","@id":"https:\/\/www.marybakereddylibrary.org\/de\/#website","url":"https:\/\/www.marybakereddylibrary.org\/de\/","name":"Die Mary Baker Eddy Bibliothek","description":"","publisher":{"@id":"https:\/\/www.marybakereddylibrary.org\/de\/#organization"},"potentialAction":[{"@type":"SearchAction","target":{"@type":"EntryPoint","urlTemplate":"https:\/\/www.marybakereddylibrary.org\/de\/?s={search_term_string}"},"query-input":{"@type":"PropertyValueSpecification","valueRequired":true,"valueName":"search_term_string"}}],"inLanguage":"de-DE"},{"@type":"Organization","@id":"https:\/\/www.marybakereddylibrary.org\/de\/#organization","name":"The Mary Baker Eddy Library","url":"https:\/\/www.marybakereddylibrary.org\/de\/","logo":{"@type":"ImageObject","inLanguage":"de-DE","@id":"https:\/\/www.marybakereddylibrary.org\/de\/#\/schema\/logo\/image\/","url":"https:\/\/www.marybakereddylibrary.org\/wp-content\/uploads\/2015\/03\/MBEL_logo_HR.jpg","contentUrl":"https:\/\/www.marybakereddylibrary.org\/wp-content\/uploads\/2015\/03\/MBEL_logo_HR.jpg","width":2100,"height":2100,"caption":"The Mary Baker Eddy Library"},"image":{"@id":"https:\/\/www.marybakereddylibrary.org\/de\/#\/schema\/logo\/image\/"},"sameAs":["https:\/\/www.facebook.com\/mbelibrary","https:\/\/x.com\/mbelibrary","https:\/\/www.instagram.com\/mbelibrary"]}]}},"_links":{"self":[{"href":"https:\/\/www.marybakereddylibrary.org\/de\/wp-json\/wp\/v2\/pages\/25110","targetHints":{"allow":["GET"]}}],"collection":[{"href":"https:\/\/www.marybakereddylibrary.org\/de\/wp-json\/wp\/v2\/pages"}],"about":[{"href":"https:\/\/www.marybakereddylibrary.org\/de\/wp-json\/wp\/v2\/types\/page"}],"author":[{"embeddable":true,"href":"https:\/\/www.marybakereddylibrary.org\/de\/wp-json\/wp\/v2\/users\/1"}],"replies":[{"embeddable":true,"href":"https:\/\/www.marybakereddylibrary.org\/de\/wp-json\/wp\/v2\/comments?post=25110"}],"version-history":[{"count":0,"href":"https:\/\/www.marybakereddylibrary.org\/de\/wp-json\/wp\/v2\/pages\/25110\/revisions"}],"wp:attachment":[{"href":"https:\/\/www.marybakereddylibrary.org\/de\/wp-json\/wp\/v2\/media?parent=25110"}],"curies":[{"name":"wp","href":"https:\/\/api.w.org\/{rel}","templated":true}]}}