{"id":49396,"date":"2022-07-25T16:49:55","date_gmt":"2022-07-25T20:49:55","guid":{"rendered":"https:\/\/www.marybakereddylibrary.org\/mary-baker-eddy-kurzversion\/"},"modified":"2022-08-29T11:32:13","modified_gmt":"2022-08-29T15:32:13","slug":"mary-baker-eddy-kurze-version","status":"publish","type":"page","link":"https:\/\/www.marybakereddylibrary.org\/de\/mary-baker-eddy\/mary-baker-eddy-kurze-version\/","title":{"rendered":"Mary Baker Eddy \u2013 Kurze Version"},"content":{"rendered":"<div id=\"modal-ready\"><p>[et_pb_section fb_built=&#8221;1&#8243; fullwidth=&#8221;on&#8221; _builder_version=&#8221;4.9.9&#8243; _module_preset=&#8221;default&#8221; global_colors_info=&#8221;{}&#8221;][et_pb_fullwidth_header title=&#8221;Mary Baker Eddy \u2013 Kurze Version&#8221; _builder_version=&#8221;4.14.7&#8243; _module_preset=&#8221;default&#8221; global_colors_info=&#8221;{}&#8221;][\/et_pb_fullwidth_header][\/et_pb_section][et_pb_section fb_built=&#8221;1&#8243; _builder_version=&#8221;4.9.9&#8243; _module_preset=&#8221;default&#8221; global_colors_info=&#8221;{}&#8221;][et_pb_row column_structure=&#8221;3_5,2_5&#8243; _builder_version=&#8221;4.9.9&#8243; _module_preset=&#8221;default&#8221; global_colors_info=&#8221;{}&#8221;][et_pb_column type=&#8221;3_5&#8243; _builder_version=&#8221;4.9.9&#8243; _module_preset=&#8221;default&#8221; global_colors_info=&#8221;{}&#8221;][et_pb_text _builder_version=&#8221;4.14.7&#8243; _module_preset=&#8221;default&#8221; hover_enabled=&#8221;0&#8243; global_colors_info=&#8221;{}&#8221; sticky_enabled=&#8221;0&#8243;]<\/p>\n<p style=\"font-weight: 400; font-size: 18px; line-height: 1.7em;\">Mary Baker Eddy (1821\u20131910) war eine amerikanische Religionsf\u00fchrerin, die weithin als die Entdeckerin der Christlichen Wissenschaft bekannt ist. Sie hat ihr Leben lang in der Bibel geforscht und gab 1875 die erste Ausgabe von <em>Wissenschaft und Gesundheit mit Schl\u00fcssel zur Heiligen Schrift<\/em> heraus. Vier Jahre sp\u00e4ter gr\u00fcndete sie die Kirche Christi, Wissenschaftler. Heute hat die Kirche Zweige in aller Welt. 1908 rief Mary Baker Eddy den <em>Christian Science Monitor<\/em> ins Leben, eine angesehene weltumspannende Nachrichtenquelle, die sieben Pulitzerpreise gewonnen hat. <a href=\"https:\/\/www.marybakereddylibrary.org\/de\/mary-baker-eddy\/mary-baker-eddy-lange-version\/\">Weitere Informationen in der Langen Version.<\/a><\/p>\n<h2><i><span style=\"font-weight: 400;\">Wichtige Daten:<\/span><\/i><\/h2>\n<p><b>1821<\/b><span style=\"font-weight: 400;\">\u00a0 \u2013\u00a0 geboren in Bow, New Hampshire<\/span><\/p>\n<p><b>1866<\/b><span style=\"font-weight: 400;\">\u00a0 \u2013\u00a0 erlangt durch Gebet nach einem Unfall ihre Gesundheit zur\u00fcck, was zum Ausgangspunkt ihrer Entdeckung der Christlichen Wissenschaft wird<\/span><\/p>\n<p><b>1875<\/b><span style=\"font-weight: 400;\">\u00a0 \u2013\u00a0 gibt ihr wichtigstes Buch <i>Wissenschaft und Gesundheit<\/i> heraus<\/span><\/p>\n<p><b>1879<\/b><span style=\"font-weight: 400;\">\u00a0 \u2013\u00a0 gr\u00fcndet die Kirche Christi, Wissenschaftler<\/span><\/p>\n<p><b>1908<\/b><span style=\"font-weight: 400;\">\u00a0 \u2013\u00a0 ruft den <i>Christian Science Monitor<\/i> ins Leben<\/span><\/p>\n<p><b>1910<\/b><span style=\"font-weight: 400;\">\u00a0 \u2013\u00a0 stirbt in Chestnut Hill, Massachusetts<\/span><\/p>\n<p>[\/et_pb_text][\/et_pb_column][et_pb_column type=&#8221;2_5&#8243; _builder_version=&#8221;4.9.9&#8243; _module_preset=&#8221;default&#8221; global_colors_info=&#8221;{}&#8221;][et_pb_image src=&#8221;https:\/\/www.marybakereddylibrary.org\/wp-content\/uploads\/2021\/11\/1986_141_reducedsize.jpg&#8221; title_text=&#8221;1986_141_reducedsize&#8221; admin_label=&#8221;Painting\/Portrait of Eddy seated with book&#8221; _builder_version=&#8221;4.9.9&#8243; _module_preset=&#8221;default&#8221; global_colors_info=&#8221;{}&#8221;][\/et_pb_image][et_pb_text admin_label=&#8221;Caption: Portrait of Eddy seated with book&#8221; module_class=&#8221;custom-caption-centered&#8221; _builder_version=&#8221;4.9.9&#8243; _module_preset=&#8221;default&#8221; global_colors_info=&#8221;{}&#8221;]<\/p>\n<p>Portrait von Mary Baker Eddy, 1918. Gem\u00e4lde von Max Bohm. 1986.141 Kunst- und Artefakt-Sammlung<\/p>\n<p>[\/et_pb_text][\/et_pb_column][\/et_pb_row][\/et_pb_section]<\/p>\n<\/div>","protected":false},"excerpt":{"rendered":"<p>Mary Baker Eddy (1821\u20131910) war eine amerikanische Religionsf\u00fchrerin, die weithin als die Entdeckerin der Christlichen Wissenschaft bekannt ist. Sie hat ihr Leben lang in der Bibel geforscht und gab 1875 die erste Ausgabe von Wissenschaft und Gesundheit mit Schl\u00fcssel zur Heiligen Schrift heraus. Vier Jahre sp\u00e4ter gr\u00fcndete sie die Kirche Christi, Wissenschaftler. <\/p>","protected":false},"author":35,"featured_media":0,"parent":49457,"menu_order":0,"comment_status":"closed","ping_status":"closed","template":"","meta":{"_et_pb_use_builder":"on","_et_pb_old_content":"","_et_gb_content_width":"","_oasis_is_in_workflow":0,"_oasis_original":0,"_oasis_task_priority":"","_relevanssi_hide_post":"","_relevanssi_hide_content":"","_relevanssi_pin_for_all":"","_relevanssi_pin_keywords":"","_relevanssi_unpin_keywords":"","_relevanssi_related_keywords":"","_relevanssi_related_include_ids":"","_relevanssi_related_exclude_ids":"","_relevanssi_related_no_append":"","_relevanssi_related_not_related":"","_relevanssi_related_posts":"","_relevanssi_noindex_reason":"","inline_featured_image":false,"episode_type":"","audio_file":"","podmotor_file_id":"","podmotor_episode_id":"","cover_image":"","cover_image_id":"","duration":"","filesize":"","filesize_raw":"","date_recorded":"","explicit":"","block":"","itunes_episode_number":"","itunes_title":"","itunes_season_number":"","itunes_episode_type":"","footnotes":""},"class_list":["post-49396","page","type-page","status-publish","hentry"],"yoast_head":"<!-- This site is optimized with the Yoast SEO plugin v27.4 - https:\/\/yoast.com\/product\/yoast-seo-wordpress\/ -->\n<title>Mary Baker Eddy \u2013 Kurze Version - Die Mary Baker Eddy Bibliothek<\/title>\n<meta name=\"robots\" content=\"index, follow, max-snippet:-1, max-image-preview:large, max-video-preview:-1\" \/>\n<link rel=\"canonical\" href=\"https:\/\/www.marybakereddylibrary.org\/de\/mary-baker-eddy\/mary-baker-eddy-kurze-version\/\" \/>\n<meta property=\"og:locale\" content=\"de_DE\" \/>\n<meta property=\"og:type\" content=\"article\" \/>\n<meta property=\"og:title\" content=\"Mary Baker Eddy \u2013 Kurze Version - Die Mary Baker Eddy Bibliothek\" \/>\n<meta property=\"og:description\" content=\"Mary Baker Eddy (1821\u20131910) war eine amerikanische Religionsf\u00fchrerin, die weithin als die Entdeckerin der Christlichen Wissenschaft bekannt ist. Sie hat ihr Leben lang in der Bibel geforscht und gab 1875 die erste Ausgabe von Wissenschaft und Gesundheit mit Schl\u00fcssel zur Heiligen Schrift heraus. Vier Jahre sp\u00e4ter gr\u00fcndete sie die Kirche Christi, Wissenschaftler.\" \/>\n<meta property=\"og:url\" content=\"https:\/\/www.marybakereddylibrary.org\/de\/mary-baker-eddy\/mary-baker-eddy-kurze-version\/\" \/>\n<meta property=\"og:site_name\" content=\"Die Mary Baker Eddy Bibliothek\" \/>\n<meta property=\"article:publisher\" content=\"https:\/\/www.facebook.com\/mbelibrary\" \/>\n<meta property=\"article:modified_time\" content=\"2022-08-29T15:32:13+00:00\" \/>\n<meta name=\"twitter:label1\" content=\"Gesch\u00e4tzte Lesezeit\" \/>\n\t<meta name=\"twitter:data1\" content=\"1 Minute\" \/>\n<script type=\"application\/ld+json\" class=\"yoast-schema-graph\">{\"@context\":\"https:\\\/\\\/schema.org\",\"@graph\":[{\"@type\":\"WebPage\",\"@id\":\"https:\\\/\\\/www.marybakereddylibrary.org\\\/de\\\/mary-baker-eddy\\\/mary-baker-eddy-kurze-version\\\/\",\"url\":\"https:\\\/\\\/www.marybakereddylibrary.org\\\/de\\\/mary-baker-eddy\\\/mary-baker-eddy-kurze-version\\\/\",\"name\":\"Mary Baker Eddy \u2013 Kurze Version - Die Mary Baker Eddy Bibliothek\",\"isPartOf\":{\"@id\":\"https:\\\/\\\/www.marybakereddylibrary.org\\\/de\\\/#website\"},\"datePublished\":\"2022-07-25T20:49:55+00:00\",\"dateModified\":\"2022-08-29T15:32:13+00:00\",\"breadcrumb\":{\"@id\":\"https:\\\/\\\/www.marybakereddylibrary.org\\\/de\\\/mary-baker-eddy\\\/mary-baker-eddy-kurze-version\\\/#breadcrumb\"},\"inLanguage\":\"de-DE\",\"potentialAction\":[{\"@type\":\"ReadAction\",\"target\":[\"https:\\\/\\\/www.marybakereddylibrary.org\\\/de\\\/mary-baker-eddy\\\/mary-baker-eddy-kurze-version\\\/\"]}]},{\"@type\":\"BreadcrumbList\",\"@id\":\"https:\\\/\\\/www.marybakereddylibrary.org\\\/de\\\/mary-baker-eddy\\\/mary-baker-eddy-kurze-version\\\/#breadcrumb\",\"itemListElement\":[{\"@type\":\"ListItem\",\"position\":1,\"name\":\"Startseite\",\"item\":\"https:\\\/\\\/www.marybakereddylibrary.org\\\/de\\\/\"},{\"@type\":\"ListItem\",\"position\":2,\"name\":\"Mary Baker Eddy\",\"item\":\"https:\\\/\\\/www.marybakereddylibrary.org\\\/de\\\/mary-baker-eddy\\\/\"},{\"@type\":\"ListItem\",\"position\":3,\"name\":\"Mary Baker Eddy \u2013 Kurze Version\"}]},{\"@type\":\"WebSite\",\"@id\":\"https:\\\/\\\/www.marybakereddylibrary.org\\\/de\\\/#website\",\"url\":\"https:\\\/\\\/www.marybakereddylibrary.org\\\/de\\\/\",\"name\":\"Die Mary Baker Eddy Bibliothek\",\"description\":\"\",\"publisher\":{\"@id\":\"https:\\\/\\\/www.marybakereddylibrary.org\\\/de\\\/#organization\"},\"potentialAction\":[{\"@type\":\"SearchAction\",\"target\":{\"@type\":\"EntryPoint\",\"urlTemplate\":\"https:\\\/\\\/www.marybakereddylibrary.org\\\/de\\\/?s={search_term_string}\"},\"query-input\":{\"@type\":\"PropertyValueSpecification\",\"valueRequired\":true,\"valueName\":\"search_term_string\"}}],\"inLanguage\":\"de-DE\"},{\"@type\":\"Organization\",\"@id\":\"https:\\\/\\\/www.marybakereddylibrary.org\\\/de\\\/#organization\",\"name\":\"The Mary Baker Eddy Library\",\"url\":\"https:\\\/\\\/www.marybakereddylibrary.org\\\/de\\\/\",\"logo\":{\"@type\":\"ImageObject\",\"inLanguage\":\"de-DE\",\"@id\":\"https:\\\/\\\/www.marybakereddylibrary.org\\\/de\\\/#\\\/schema\\\/logo\\\/image\\\/\",\"url\":\"https:\\\/\\\/www.marybakereddylibrary.org\\\/wp-content\\\/uploads\\\/2015\\\/03\\\/MBEL_logo_HR.jpg\",\"contentUrl\":\"https:\\\/\\\/www.marybakereddylibrary.org\\\/wp-content\\\/uploads\\\/2015\\\/03\\\/MBEL_logo_HR.jpg\",\"width\":2100,\"height\":2100,\"caption\":\"The Mary Baker Eddy Library\"},\"image\":{\"@id\":\"https:\\\/\\\/www.marybakereddylibrary.org\\\/de\\\/#\\\/schema\\\/logo\\\/image\\\/\"},\"sameAs\":[\"https:\\\/\\\/www.facebook.com\\\/mbelibrary\",\"https:\\\/\\\/x.com\\\/mbelibrary\",\"https:\\\/\\\/www.instagram.com\\\/mbelibrary\"]}]}<\/script>\n<!-- \/ Yoast SEO plugin. -->","yoast_head_json":{"title":"Mary Baker Eddy \u2013 Kurze Version - Die Mary Baker Eddy Bibliothek","robots":{"index":"index","follow":"follow","max-snippet":"max-snippet:-1","max-image-preview":"max-image-preview:large","max-video-preview":"max-video-preview:-1"},"canonical":"https:\/\/www.marybakereddylibrary.org\/de\/mary-baker-eddy\/mary-baker-eddy-kurze-version\/","og_locale":"de_DE","og_type":"article","og_title":"Mary Baker Eddy \u2013 Kurze Version - Die Mary Baker Eddy Bibliothek","og_description":"Mary Baker Eddy (1821\u20131910) war eine amerikanische Religionsf\u00fchrerin, die weithin als die Entdeckerin der Christlichen Wissenschaft bekannt ist. Sie hat ihr Leben lang in der Bibel geforscht und gab 1875 die erste Ausgabe von Wissenschaft und Gesundheit mit Schl\u00fcssel zur Heiligen Schrift heraus. Vier Jahre sp\u00e4ter gr\u00fcndete sie die Kirche Christi, Wissenschaftler.","og_url":"https:\/\/www.marybakereddylibrary.org\/de\/mary-baker-eddy\/mary-baker-eddy-kurze-version\/","og_site_name":"Die Mary Baker Eddy Bibliothek","article_publisher":"https:\/\/www.facebook.com\/mbelibrary","article_modified_time":"2022-08-29T15:32:13+00:00","twitter_misc":{"Gesch\u00e4tzte Lesezeit":"1 Minute"},"schema":{"@context":"https:\/\/schema.org","@graph":[{"@type":"WebPage","@id":"https:\/\/www.marybakereddylibrary.org\/de\/mary-baker-eddy\/mary-baker-eddy-kurze-version\/","url":"https:\/\/www.marybakereddylibrary.org\/de\/mary-baker-eddy\/mary-baker-eddy-kurze-version\/","name":"Mary Baker Eddy \u2013 Kurze Version - Die Mary Baker Eddy Bibliothek","isPartOf":{"@id":"https:\/\/www.marybakereddylibrary.org\/de\/#website"},"datePublished":"2022-07-25T20:49:55+00:00","dateModified":"2022-08-29T15:32:13+00:00","breadcrumb":{"@id":"https:\/\/www.marybakereddylibrary.org\/de\/mary-baker-eddy\/mary-baker-eddy-kurze-version\/#breadcrumb"},"inLanguage":"de-DE","potentialAction":[{"@type":"ReadAction","target":["https:\/\/www.marybakereddylibrary.org\/de\/mary-baker-eddy\/mary-baker-eddy-kurze-version\/"]}]},{"@type":"BreadcrumbList","@id":"https:\/\/www.marybakereddylibrary.org\/de\/mary-baker-eddy\/mary-baker-eddy-kurze-version\/#breadcrumb","itemListElement":[{"@type":"ListItem","position":1,"name":"Startseite","item":"https:\/\/www.marybakereddylibrary.org\/de\/"},{"@type":"ListItem","position":2,"name":"Mary Baker Eddy","item":"https:\/\/www.marybakereddylibrary.org\/de\/mary-baker-eddy\/"},{"@type":"ListItem","position":3,"name":"Mary Baker Eddy \u2013 Kurze Version"}]},{"@type":"WebSite","@id":"https:\/\/www.marybakereddylibrary.org\/de\/#website","url":"https:\/\/www.marybakereddylibrary.org\/de\/","name":"Die Mary Baker Eddy Bibliothek","description":"","publisher":{"@id":"https:\/\/www.marybakereddylibrary.org\/de\/#organization"},"potentialAction":[{"@type":"SearchAction","target":{"@type":"EntryPoint","urlTemplate":"https:\/\/www.marybakereddylibrary.org\/de\/?s={search_term_string}"},"query-input":{"@type":"PropertyValueSpecification","valueRequired":true,"valueName":"search_term_string"}}],"inLanguage":"de-DE"},{"@type":"Organization","@id":"https:\/\/www.marybakereddylibrary.org\/de\/#organization","name":"The Mary Baker Eddy Library","url":"https:\/\/www.marybakereddylibrary.org\/de\/","logo":{"@type":"ImageObject","inLanguage":"de-DE","@id":"https:\/\/www.marybakereddylibrary.org\/de\/#\/schema\/logo\/image\/","url":"https:\/\/www.marybakereddylibrary.org\/wp-content\/uploads\/2015\/03\/MBEL_logo_HR.jpg","contentUrl":"https:\/\/www.marybakereddylibrary.org\/wp-content\/uploads\/2015\/03\/MBEL_logo_HR.jpg","width":2100,"height":2100,"caption":"The Mary Baker Eddy Library"},"image":{"@id":"https:\/\/www.marybakereddylibrary.org\/de\/#\/schema\/logo\/image\/"},"sameAs":["https:\/\/www.facebook.com\/mbelibrary","https:\/\/x.com\/mbelibrary","https:\/\/www.instagram.com\/mbelibrary"]}]}},"_links":{"self":[{"href":"https:\/\/www.marybakereddylibrary.org\/de\/wp-json\/wp\/v2\/pages\/49396","targetHints":{"allow":["GET"]}}],"collection":[{"href":"https:\/\/www.marybakereddylibrary.org\/de\/wp-json\/wp\/v2\/pages"}],"about":[{"href":"https:\/\/www.marybakereddylibrary.org\/de\/wp-json\/wp\/v2\/types\/page"}],"author":[{"embeddable":true,"href":"https:\/\/www.marybakereddylibrary.org\/de\/wp-json\/wp\/v2\/users\/35"}],"replies":[{"embeddable":true,"href":"https:\/\/www.marybakereddylibrary.org\/de\/wp-json\/wp\/v2\/comments?post=49396"}],"version-history":[{"count":0,"href":"https:\/\/www.marybakereddylibrary.org\/de\/wp-json\/wp\/v2\/pages\/49396\/revisions"}],"up":[{"embeddable":true,"href":"https:\/\/www.marybakereddylibrary.org\/de\/wp-json\/wp\/v2\/pages\/49457"}],"wp:attachment":[{"href":"https:\/\/www.marybakereddylibrary.org\/de\/wp-json\/wp\/v2\/media?parent=49396"}],"curies":[{"name":"wp","href":"https:\/\/api.w.org\/{rel}","templated":true}]}}