{"id":49457,"date":"2022-07-25T17:50:40","date_gmt":"2022-07-25T21:50:40","guid":{"rendered":"https:\/\/www.marybakereddylibrary.org\/mary-baker-eddy\/"},"modified":"2026-02-03T09:18:34","modified_gmt":"2026-02-03T14:18:34","slug":"mary-baker-eddy","status":"publish","type":"page","link":"https:\/\/www.marybakereddylibrary.org\/de\/mary-baker-eddy\/","title":{"rendered":"Mary Baker Eddy"},"content":{"rendered":"<div id=\"modal-ready\"><p>[et_pb_section fb_built=&#8221;1&#8243; fullwidth=&#8221;on&#8221; _builder_version=&#8221;4.16&#8243; _module_preset=&#8221;default&#8221; global_colors_info=&#8221;{}&#8221;][et_pb_fullwidth_header title=&#8221;Mary Baker Eddy&#8221; _builder_version=&#8221;4.16&#8243; _module_preset=&#8221;default&#8221; global_colors_info=&#8221;{}&#8221;][\/et_pb_fullwidth_header][\/et_pb_section][et_pb_section fb_built=&#8221;1&#8243; _builder_version=&#8221;4.16&#8243; _module_preset=&#8221;default&#8221; custom_margin=&#8221;||||false|false&#8221; global_colors_info=&#8221;{}&#8221;][et_pb_row column_structure=&#8221;1_4,3_4&#8243; _builder_version=&#8221;4.16&#8243; _module_preset=&#8221;default&#8221; global_colors_info=&#8221;{}&#8221;][et_pb_column type=&#8221;1_4&#8243; _builder_version=&#8221;4.16&#8243; _module_preset=&#8221;default&#8221; global_colors_info=&#8221;{}&#8221;][et_pb_image src=&#8221;https:\/\/www.marybakereddylibrary.org\/wp-content\/uploads\/2022\/01\/Screen-Shot-2022-01-19-at-11.25.34-AM.png&#8221; alt=&#8221;Mary Baker Eddy, 1900. P00217&#8243; title_text=&#8221;Screen Shot 2022-01-19 at 11.25.34 AM&#8221; admin_label=&#8221;Image&#8221; _builder_version=&#8221;4.16&#8243; _module_preset=&#8221;default&#8221; custom_padding=&#8221;7px||||false|false&#8221; global_colors_info=&#8221;{}&#8221;][\/et_pb_image][\/et_pb_column][et_pb_column type=&#8221;3_4&#8243; _builder_version=&#8221;4.16&#8243; _module_preset=&#8221;default&#8221; global_colors_info=&#8221;{}&#8221;][et_pb_text ul_item_indent=&#8221;5px&#8221; admin_label=&#8221;Header 2: Explore the life, ideas, and achievements of Mary Baker Eddy, who: + Bullets&#8221; _builder_version=&#8221;4.16&#8243; _module_preset=&#8221;default&#8221; ul_text_align=&#8221;left&#8221; global_colors_info=&#8221;{}&#8221;]<\/p>\n<h2>Erkunden Sie das Leben, die Ideen und die Errungenschaften von Mary Baker Eddy. Sie:<\/h2>\n<ul>\n<li><span style=\"font-weight: 400;\">lebte von 1821 bis 1910 in Amerika<\/span><\/li>\n<li><span style=\"font-weight: 400;\">liebte die Bibel und wuchs in einer Familie gl\u00e4ubiger Christ:innen auf<\/span><\/li>\n<li><span style=\"font-weight: 400;\">hinterfragte die traditionellen Ideen zu <\/span><span style=\"font-weight: 400;\">G<span class=\"smallcaps\">ott<\/span><\/span><span style=\"font-weight: 400;\">, Gesundheit und Heilung<\/span><\/li>\n<li><span style=\"font-weight: 400;\">entdeckte 1866 die Christliche Wissenschaft<\/span><\/li>\n<li><span style=\"font-weight: 400;\">gab 1875 ihr Buch <\/span><i><span style=\"font-weight: 400;\">Wissenschaft und Gesundheit<\/span><\/i><span style=\"font-weight: 400;\"> heraus<\/span><\/li>\n<li><span style=\"font-weight: 400;\">war die einzige Frau, die eine weltumspannende Kirche gegr\u00fcndet hat<\/span><\/li>\n<li><span style=\"font-weight: 400;\">rief 1908 den <em>Christian Science Monitor<\/em> ins Leben<\/span><\/li>\n<\/ul>\n<p>[\/et_pb_text][\/et_pb_column][\/et_pb_row][\/et_pb_section][et_pb_section fb_built=&#8221;1&#8243; disabled_on=&#8221;off|off|off&#8221; admin_label=&#8221;More on MBE Section \u2014 Layout option A&#8221; _builder_version=&#8221;4.16&#8243; _module_preset=&#8221;default&#8221; custom_margin=&#8221;||||false|false&#8221; custom_padding=&#8221;||||false|false&#8221; global_colors_info=&#8221;{}&#8221;][et_pb_row _builder_version=&#8221;4.21.0&#8243; _module_preset=&#8221;default&#8221; custom_margin=&#8221;||-30px||false|false&#8221; global_colors_info=&#8221;{}&#8221;][et_pb_column type=&#8221;4_4&#8243; _builder_version=&#8221;4.16&#8243; _module_preset=&#8221;default&#8221; global_colors_info=&#8221;{}&#8221;][et_pb_code admin_label=&#8221;CODE: Horizontal rule + header:  Find out more about the life of Mary Baker Eddy&#8221; _builder_version=&#8221;4.16&#8243; _module_preset=&#8221;default&#8221; custom_margin=&#8221;||-15px||false|false&#8221; custom_padding=&#8221;0px||||false|false&#8221; global_colors_info=&#8221;{}&#8221;]<\/p>\n<hr \/>\n<p>\n<!-- [et_pb_line_break_holder] -->\n<!-- [et_pb_line_break_holder] -->\n<\/p>\n<h2>Weitere Informationen:\n<!-- [et_pb_line_break_holder] -->\n<\/h2>\n<p>[\/et_pb_code][et_pb_code admin_label=&#8221;Video anchor&#8221; _builder_version=&#8221;4.27.5&#8243; _module_preset=&#8221;default&#8221; global_colors_info=&#8221;{}&#8221;]<\/p>\n<div id=\"video\"><\/div>\n<p>[\/et_pb_code][\/et_pb_column][\/et_pb_row][et_pb_row column_structure=&#8221;1_3,2_3&#8243; disabled_on=&#8221;off|off|off&#8221; _builder_version=&#8221;4.21.0&#8243; _module_preset=&#8221;default&#8221; background_color=&#8221;#FFFFFF&#8221; custom_margin=&#8221;30px||||false|false&#8221; global_colors_info=&#8221;{}&#8221;][et_pb_column type=&#8221;1_3&#8243; _builder_version=&#8221;4.16&#8243; _module_preset=&#8221;default&#8221; global_colors_info=&#8221;{}&#8221;][et_pb_text admin_label=&#8221;Text&#8221; _builder_version=&#8221;4.27.5&#8243; _module_preset=&#8221;default&#8221; global_colors_info=&#8221;{}&#8221;]<\/p>\n<h3 class=\"style-scope ytd-watch-metadata\">Mary Baker Eddy: Ein&nbsp;Leben&nbsp;der&nbsp;Entdeckung<\/h3>\n<p>Mary Baker Eddy stieg aus der Unbekanntheit zu einer der prominentesten Frauen des sp\u00e4ten 19. und fr\u00fchen 20. Jahrhunderts auf. Als Entdeckerin und Begr\u00fcnderin der Christlichen Wissenschaft hatten ihre Ideen und Schriften einen tiefgreifenden Einfluss auf Religion, Gesundheitswesen, Verlagswesen und Journalismus.[\/et_pb_text][\/et_pb_column][et_pb_column type=&#8221;2_3&#8243; _builder_version=&#8221;4.16&#8243; _module_preset=&#8221;default&#8221; global_colors_info=&#8221;{}&#8221;][et_pb_text _builder_version=&#8221;4.27.5&#8243; _module_preset=&#8221;default&#8221; global_colors_info=&#8221;{}&#8221;]\n<script src=\"https:\/\/cdn.jwplayer.com\/players\/nK67gwtY-MnJ5jV6x.js\"><\/script>\n[\/et_pb_text][\/et_pb_column][\/et_pb_row][et_pb_row column_structure=&#8221;1_3,1_3,1_3&#8243; disabled_on=&#8221;off|off|off&#8221; _builder_version=&#8221;4.16&#8243; _module_preset=&#8221;default&#8221; global_colors_info=&#8221;{}&#8221;][et_pb_column type=&#8221;1_3&#8243; _builder_version=&#8221;4.16&#8243; _module_preset=&#8221;default&#8221; global_colors_info=&#8221;{}&#8221;][et_pb_image src=&#8221;https:\/\/www.marybakereddylibrary.org\/wp-content\/uploads\/2021\/12\/MBE_Painting_Crop_1200x750px.jpg&#8221; title_text=&#8221;MBE_Painting_Crop_1200x750px&#8221; url=&#8221;https:\/\/www.marybakereddylibrary.org\/de\/mary-baker-eddy\/mary-baker-eddy-kurze-version\/&#8221; admin_label=&#8221;Quick read image \u2014 cropped MBE painting (linked)&#8221; _builder_version=&#8221;4.16&#8243; _module_preset=&#8221;default&#8221; global_colors_info=&#8221;{}&#8221;][\/et_pb_image][et_pb_text admin_label=&#8221;Linked header: Mary Baker Eddy \u2014 Quick read&#8221; _builder_version=&#8221;4.16&#8243; _module_preset=&#8221;default&#8221; link_option_url=&#8221;https:\/\/www.marybakereddylibrary.org\/de\/mary-baker-eddy\/mary-baker-eddy-kurze-version\/&#8221; global_colors_info=&#8221;{}&#8221;]<\/p>\n<h2>Kurze Version<\/h2>\n<p>[\/et_pb_text][\/et_pb_column][et_pb_column type=&#8221;1_3&#8243; _builder_version=&#8221;4.16&#8243; _module_preset=&#8221;default&#8221; global_colors_info=&#8221;{}&#8221;][et_pb_image src=&#8221;https:\/\/www.marybakereddylibrary.org\/wp-content\/uploads\/2021\/12\/MBE-Bible_800x500xratio.jpg&#8221; title_text=&#8221;MBE-Bible_800x500xratio&#8221; url=&#8221;https:\/\/www.marybakereddylibrary.org\/de\/mary-baker-eddy\/mary-baker-eddy-lange-version\/&#8221; admin_label=&#8221;Deep read image \u2014 Baker Family Bible image (linked)&#8221; _builder_version=&#8221;4.16&#8243; _module_preset=&#8221;default&#8221; global_colors_info=&#8221;{}&#8221;][\/et_pb_image][et_pb_text admin_label=&#8221;Linked header: Mary Baker Eddy \u2014 Deep read&#8221; _builder_version=&#8221;4.16&#8243; _module_preset=&#8221;default&#8221; link_option_url=&#8221;https:\/\/www.marybakereddylibrary.org\/de\/mary-baker-eddy\/mary-baker-eddy-lange-version\/&#8221; global_colors_info=&#8221;{}&#8221;]<\/p>\n<h2>Lange Version<\/h2>\n<p>[\/et_pb_text][\/et_pb_column][et_pb_column type=&#8221;1_3&#8243; _builder_version=&#8221;4.16&#8243; _module_preset=&#8221;default&#8221; global_colors_info=&#8221;{}&#8221;][et_pb_image src=&#8221;https:\/\/www.marybakereddylibrary.org\/wp-content\/uploads\/2018\/03\/Poems_Exhibit_Header_800x500px.jpg&#8221; alt=&#8221;Selections of poems by Mary Baker Eddy exhibit&#8221; title_text=&#8221;Poems_Exhibit_Header_800x500px&#8221; url=&#8221;https:\/\/www.marybakereddylibrary.org\/de\/mary-baker-eddy\/schriften\/&#8221; admin_label=&#8221;Writings (Poems book) image (linked)&#8221; _builder_version=&#8221;4.16&#8243; _module_preset=&#8221;default&#8221; global_colors_info=&#8221;{}&#8221;][\/et_pb_image][et_pb_text admin_label=&#8221;Linked header: Writings&#8221; _builder_version=&#8221;4.16&#8243; _module_preset=&#8221;default&#8221; link_option_url=&#8221;https:\/\/www.marybakereddylibrary.org\/de\/mary-baker-eddy\/schriften\/&#8221; global_colors_info=&#8221;{}&#8221;]<\/p>\n<h2>Schriften<\/h2>\n<p>[\/et_pb_text][\/et_pb_column][\/et_pb_row][et_pb_row column_structure=&#8221;1_4,1_4,1_4,1_4&#8243; disabled_on=&#8221;on|on|on&#8221; _builder_version=&#8221;4.16&#8243; _module_preset=&#8221;default&#8221; disabled=&#8221;on&#8221; global_colors_info=&#8221;{}&#8221;][et_pb_column type=&#8221;1_4&#8243; _builder_version=&#8221;4.16&#8243; _module_preset=&#8221;default&#8221; global_colors_info=&#8221;{}&#8221;][et_pb_image src=&#8221;https:\/\/www.marybakereddylibrary.org\/wp-content\/uploads\/2021\/12\/MBE_Painting_Crop_1200x750px.jpg&#8221; title_text=&#8221;MBE_Painting_Crop_1200x750px&#8221; url=&#8221;https:\/\/www.marybakereddylibrary.org\/de\/mary-baker-eddy\/mary-baker-eddy-kurze-version\/&#8221; admin_label=&#8221;Quick read image \u2014 cropped MBE painting (linked)&#8221; _builder_version=&#8221;4.16&#8243; _module_preset=&#8221;default&#8221; global_colors_info=&#8221;{}&#8221;][\/et_pb_image][et_pb_text admin_label=&#8221;Linked header: Mary Baker Eddy \u2014 Quick read&#8221; _builder_version=&#8221;4.16&#8243; _module_preset=&#8221;default&#8221; link_option_url=&#8221;https:\/\/www.marybakereddylibrary.org\/de\/mary-baker-eddy\/mary-baker-eddy-kurze-version\/&#8221; global_colors_info=&#8221;{}&#8221;]<\/p>\n<h2>Kurze Version<\/h2>\n<p>[\/et_pb_text][\/et_pb_column][et_pb_column type=&#8221;1_4&#8243; _builder_version=&#8221;4.16&#8243; _module_preset=&#8221;default&#8221; global_colors_info=&#8221;{}&#8221;][et_pb_image src=&#8221;https:\/\/www.marybakereddylibrary.org\/wp-content\/uploads\/2021\/12\/MBE-Bible_800x500xratio.jpg&#8221; title_text=&#8221;MBE-Bible_800x500xratio&#8221; url=&#8221;https:\/\/www.marybakereddylibrary.org\/de\/mary-baker-eddy\/mary-baker-eddy-lange-version\/&#8221; admin_label=&#8221;Deep read image \u2014 Baker Family Bible image (linked)&#8221; _builder_version=&#8221;4.16&#8243; _module_preset=&#8221;default&#8221; global_colors_info=&#8221;{}&#8221;][\/et_pb_image][et_pb_text admin_label=&#8221;Linked header: Mary Baker Eddy \u2014 Deep read&#8221; _builder_version=&#8221;4.16&#8243; _module_preset=&#8221;default&#8221; link_option_url=&#8221;https:\/\/www.marybakereddylibrary.org\/de\/mary-baker-eddy\/mary-baker-eddy-lange-version\/&#8221; global_colors_info=&#8221;{}&#8221;]<\/p>\n<h2>Lange Version<\/h2>\n<p>[\/et_pb_text][\/et_pb_column][et_pb_column type=&#8221;1_4&#8243; _builder_version=&#8221;4.16&#8243; _module_preset=&#8221;default&#8221; global_colors_info=&#8221;{}&#8221;][et_pb_image src=&#8221;https:\/\/www.marybakereddylibrary.org\/wp-content\/uploads\/2018\/03\/Poems_Exhibit_Header_800x500px.jpg&#8221; alt=&#8221;Selections of poems by Mary Baker Eddy exhibit&#8221; title_text=&#8221;Poems_Exhibit_Header_800x500px&#8221; url=&#8221;https:\/\/www.marybakereddylibrary.org\/de\/mary-baker-eddy\/schriften\/&#8221; admin_label=&#8221;Writings (Poems book) image (linked)&#8221; _builder_version=&#8221;4.16&#8243; _module_preset=&#8221;default&#8221; global_colors_info=&#8221;{}&#8221;][\/et_pb_image][et_pb_text admin_label=&#8221;Linked header: Writings&#8221; _builder_version=&#8221;4.16&#8243; _module_preset=&#8221;default&#8221; link_option_url=&#8221;https:\/\/www.marybakereddylibrary.org\/de\/mary-baker-eddy\/schriften\/&#8221; global_colors_info=&#8221;{}&#8221;]<\/p>\n<h2>Schriften<\/h2>\n<p>[\/et_pb_text][\/et_pb_column][et_pb_column type=&#8221;1_4&#8243; _builder_version=&#8221;4.16&#8243; _module_preset=&#8221;default&#8221; global_colors_info=&#8221;{}&#8221;][et_pb_image src=&#8221;https:\/\/www.marybakereddylibrary.org\/wp-content\/uploads\/2021\/12\/mbe_biography_Gillian-Gill_800x500px-1.jpg&#8221; title_text=&#8221;mbe_biography_Gillian-Gill_800x500px&#8221; url=&#8221;https:\/\/www.marybakereddylibrary.org\/de\/mary-baker-eddy\/ihr-leben-und-vermaechtnis-video\/&#8221; admin_label=&#8221;Bigographies image \u2014 Gillian Gill&nbsp;%22Mary Baker Eddy%22 book cover (linked)&#8221; _builder_version=&#8221;4.16&#8243; _module_preset=&#8221;default&#8221; border_width_all=&#8221;1px&#8221; border_color_all=&#8221;gcid-18d32b98-b60c-415c-ad06-75ea94f16e19&#8243; global_colors_info=&#8221;{%22gcid-18d32b98-b60c-415c-ad06-75ea94f16e19%22:%91%22border_color_all%22%93}&#8221;][\/et_pb_image][et_pb_text admin_label=&#8221;Linked header: Biographies&#8221; _builder_version=&#8221;4.16&#8243; _module_preset=&#8221;default&#8221; link_option_url=&#8221;https:\/\/www.marybakereddylibrary.org\/de\/mary-baker-eddy\/ihr-leben-und-vermaechtnis-video\/&#8221; global_colors_info=&#8221;{}&#8221;]<\/p>\n<h2>Das Leben von Mary Baker Eddy (Video)<\/h2>\n<p>[\/et_pb_text][\/et_pb_column][\/et_pb_row][\/et_pb_section]<\/p>\n<\/div>","protected":false},"excerpt":{"rendered":"<p>Erkunden Sie das Leben, die Ideen und die Errungenschaften von Mary Baker Eddy. Sie: lebte von 1821 bis 1910 in Amerika liebte die Bibel und wuchs in einer Familie gl\u00e4ubiger Christ:innen auf hinterfragte die traditionellen Ideen zu Gott, Gesundheit und Heilung entdeckte 1866 die Christliche Wissenschaft gab 1875 ihr Buch Wissenschaft und Gesundheit heraus war [&hellip;]<\/p>","protected":false},"author":6,"featured_media":0,"parent":0,"menu_order":0,"comment_status":"closed","ping_status":"closed","template":"","meta":{"_et_pb_use_builder":"on","_et_pb_old_content":"","_et_gb_content_width":"","_oasis_is_in_workflow":0,"_oasis_original":0,"_oasis_task_priority":"","_relevanssi_hide_post":"","_relevanssi_hide_content":"","_relevanssi_pin_for_all":"","_relevanssi_pin_keywords":"","_relevanssi_unpin_keywords":"","_relevanssi_related_keywords":"","_relevanssi_related_include_ids":"","_relevanssi_related_exclude_ids":"","_relevanssi_related_no_append":"","_relevanssi_related_not_related":"","_relevanssi_related_posts":"","_relevanssi_noindex_reason":"","inline_featured_image":false,"episode_type":"","audio_file":"","podmotor_file_id":"","podmotor_episode_id":"","cover_image":"","cover_image_id":"","duration":"","filesize":"","filesize_raw":"","date_recorded":"","explicit":"","block":"","itunes_episode_number":"","itunes_title":"","itunes_season_number":"","itunes_episode_type":"","footnotes":""},"class_list":["post-49457","page","type-page","status-publish","hentry"],"yoast_head":"<!-- This site is optimized with the Yoast SEO plugin v27.3 - https:\/\/yoast.com\/product\/yoast-seo-wordpress\/ -->\n<title>Mary Baker Eddy - Die Mary Baker Eddy Bibliothek<\/title>\n<meta name=\"robots\" content=\"index, follow, max-snippet:-1, max-image-preview:large, max-video-preview:-1\" \/>\n<link rel=\"canonical\" href=\"https:\/\/www.marybakereddylibrary.org\/de\/mary-baker-eddy\/\" \/>\n<meta property=\"og:locale\" content=\"de_DE\" \/>\n<meta property=\"og:type\" content=\"article\" \/>\n<meta property=\"og:title\" content=\"Mary Baker Eddy - Die Mary Baker Eddy Bibliothek\" \/>\n<meta property=\"og:description\" content=\"Erkunden Sie das Leben, die Ideen und die Errungenschaften von Mary Baker Eddy. Sie: lebte von 1821 bis 1910 in Amerika liebte die Bibel und wuchs in einer Familie gl\u00e4ubiger Christ:innen auf hinterfragte die traditionellen Ideen zu Gott, Gesundheit und Heilung entdeckte 1866 die Christliche Wissenschaft gab 1875 ihr Buch Wissenschaft und Gesundheit heraus war [&hellip;]\" \/>\n<meta property=\"og:url\" content=\"https:\/\/www.marybakereddylibrary.org\/de\/mary-baker-eddy\/\" \/>\n<meta property=\"og:site_name\" content=\"Die Mary Baker Eddy Bibliothek\" \/>\n<meta property=\"article:publisher\" content=\"https:\/\/www.facebook.com\/mbelibrary\" \/>\n<meta property=\"article:modified_time\" content=\"2026-02-03T14:18:34+00:00\" \/>\n<meta name=\"twitter:label1\" content=\"Gesch\u00e4tzte Lesezeit\" \/>\n\t<meta name=\"twitter:data1\" content=\"2 Minuten\" \/>\n<script type=\"application\/ld+json\" class=\"yoast-schema-graph\">{\"@context\":\"https:\\\/\\\/schema.org\",\"@graph\":[{\"@type\":\"WebPage\",\"@id\":\"https:\\\/\\\/www.marybakereddylibrary.org\\\/de\\\/mary-baker-eddy\\\/\",\"url\":\"https:\\\/\\\/www.marybakereddylibrary.org\\\/de\\\/mary-baker-eddy\\\/\",\"name\":\"Mary Baker Eddy - Die Mary Baker Eddy Bibliothek\",\"isPartOf\":{\"@id\":\"https:\\\/\\\/www.marybakereddylibrary.org\\\/de\\\/#website\"},\"datePublished\":\"2022-07-25T21:50:40+00:00\",\"dateModified\":\"2026-02-03T14:18:34+00:00\",\"breadcrumb\":{\"@id\":\"https:\\\/\\\/www.marybakereddylibrary.org\\\/de\\\/mary-baker-eddy\\\/#breadcrumb\"},\"inLanguage\":\"de-DE\",\"potentialAction\":[{\"@type\":\"ReadAction\",\"target\":[\"https:\\\/\\\/www.marybakereddylibrary.org\\\/de\\\/mary-baker-eddy\\\/\"]}]},{\"@type\":\"BreadcrumbList\",\"@id\":\"https:\\\/\\\/www.marybakereddylibrary.org\\\/de\\\/mary-baker-eddy\\\/#breadcrumb\",\"itemListElement\":[{\"@type\":\"ListItem\",\"position\":1,\"name\":\"Startseite\",\"item\":\"https:\\\/\\\/www.marybakereddylibrary.org\\\/de\\\/\"},{\"@type\":\"ListItem\",\"position\":2,\"name\":\"Mary Baker Eddy\"}]},{\"@type\":\"WebSite\",\"@id\":\"https:\\\/\\\/www.marybakereddylibrary.org\\\/de\\\/#website\",\"url\":\"https:\\\/\\\/www.marybakereddylibrary.org\\\/de\\\/\",\"name\":\"Die Mary Baker Eddy Bibliothek\",\"description\":\"\",\"publisher\":{\"@id\":\"https:\\\/\\\/www.marybakereddylibrary.org\\\/de\\\/#organization\"},\"potentialAction\":[{\"@type\":\"SearchAction\",\"target\":{\"@type\":\"EntryPoint\",\"urlTemplate\":\"https:\\\/\\\/www.marybakereddylibrary.org\\\/de\\\/?s={search_term_string}\"},\"query-input\":{\"@type\":\"PropertyValueSpecification\",\"valueRequired\":true,\"valueName\":\"search_term_string\"}}],\"inLanguage\":\"de-DE\"},{\"@type\":\"Organization\",\"@id\":\"https:\\\/\\\/www.marybakereddylibrary.org\\\/de\\\/#organization\",\"name\":\"The Mary Baker Eddy Library\",\"url\":\"https:\\\/\\\/www.marybakereddylibrary.org\\\/de\\\/\",\"logo\":{\"@type\":\"ImageObject\",\"inLanguage\":\"de-DE\",\"@id\":\"https:\\\/\\\/www.marybakereddylibrary.org\\\/de\\\/#\\\/schema\\\/logo\\\/image\\\/\",\"url\":\"https:\\\/\\\/www.marybakereddylibrary.org\\\/wp-content\\\/uploads\\\/2015\\\/03\\\/MBEL_logo_HR.jpg\",\"contentUrl\":\"https:\\\/\\\/www.marybakereddylibrary.org\\\/wp-content\\\/uploads\\\/2015\\\/03\\\/MBEL_logo_HR.jpg\",\"width\":2100,\"height\":2100,\"caption\":\"The Mary Baker Eddy Library\"},\"image\":{\"@id\":\"https:\\\/\\\/www.marybakereddylibrary.org\\\/de\\\/#\\\/schema\\\/logo\\\/image\\\/\"},\"sameAs\":[\"https:\\\/\\\/www.facebook.com\\\/mbelibrary\",\"https:\\\/\\\/x.com\\\/mbelibrary\",\"https:\\\/\\\/www.instagram.com\\\/mbelibrary\"]}]}<\/script>\n<!-- \/ Yoast SEO plugin. -->","yoast_head_json":{"title":"Mary Baker Eddy - Die Mary Baker Eddy Bibliothek","robots":{"index":"index","follow":"follow","max-snippet":"max-snippet:-1","max-image-preview":"max-image-preview:large","max-video-preview":"max-video-preview:-1"},"canonical":"https:\/\/www.marybakereddylibrary.org\/de\/mary-baker-eddy\/","og_locale":"de_DE","og_type":"article","og_title":"Mary Baker Eddy - Die Mary Baker Eddy Bibliothek","og_description":"Erkunden Sie das Leben, die Ideen und die Errungenschaften von Mary Baker Eddy. Sie: lebte von 1821 bis 1910 in Amerika liebte die Bibel und wuchs in einer Familie gl\u00e4ubiger Christ:innen auf hinterfragte die traditionellen Ideen zu Gott, Gesundheit und Heilung entdeckte 1866 die Christliche Wissenschaft gab 1875 ihr Buch Wissenschaft und Gesundheit heraus war [&hellip;]","og_url":"https:\/\/www.marybakereddylibrary.org\/de\/mary-baker-eddy\/","og_site_name":"Die Mary Baker Eddy Bibliothek","article_publisher":"https:\/\/www.facebook.com\/mbelibrary","article_modified_time":"2026-02-03T14:18:34+00:00","twitter_misc":{"Gesch\u00e4tzte Lesezeit":"2 Minuten"},"schema":{"@context":"https:\/\/schema.org","@graph":[{"@type":"WebPage","@id":"https:\/\/www.marybakereddylibrary.org\/de\/mary-baker-eddy\/","url":"https:\/\/www.marybakereddylibrary.org\/de\/mary-baker-eddy\/","name":"Mary Baker Eddy - Die Mary Baker Eddy Bibliothek","isPartOf":{"@id":"https:\/\/www.marybakereddylibrary.org\/de\/#website"},"datePublished":"2022-07-25T21:50:40+00:00","dateModified":"2026-02-03T14:18:34+00:00","breadcrumb":{"@id":"https:\/\/www.marybakereddylibrary.org\/de\/mary-baker-eddy\/#breadcrumb"},"inLanguage":"de-DE","potentialAction":[{"@type":"ReadAction","target":["https:\/\/www.marybakereddylibrary.org\/de\/mary-baker-eddy\/"]}]},{"@type":"BreadcrumbList","@id":"https:\/\/www.marybakereddylibrary.org\/de\/mary-baker-eddy\/#breadcrumb","itemListElement":[{"@type":"ListItem","position":1,"name":"Startseite","item":"https:\/\/www.marybakereddylibrary.org\/de\/"},{"@type":"ListItem","position":2,"name":"Mary Baker Eddy"}]},{"@type":"WebSite","@id":"https:\/\/www.marybakereddylibrary.org\/de\/#website","url":"https:\/\/www.marybakereddylibrary.org\/de\/","name":"Die Mary Baker Eddy Bibliothek","description":"","publisher":{"@id":"https:\/\/www.marybakereddylibrary.org\/de\/#organization"},"potentialAction":[{"@type":"SearchAction","target":{"@type":"EntryPoint","urlTemplate":"https:\/\/www.marybakereddylibrary.org\/de\/?s={search_term_string}"},"query-input":{"@type":"PropertyValueSpecification","valueRequired":true,"valueName":"search_term_string"}}],"inLanguage":"de-DE"},{"@type":"Organization","@id":"https:\/\/www.marybakereddylibrary.org\/de\/#organization","name":"The Mary Baker Eddy Library","url":"https:\/\/www.marybakereddylibrary.org\/de\/","logo":{"@type":"ImageObject","inLanguage":"de-DE","@id":"https:\/\/www.marybakereddylibrary.org\/de\/#\/schema\/logo\/image\/","url":"https:\/\/www.marybakereddylibrary.org\/wp-content\/uploads\/2015\/03\/MBEL_logo_HR.jpg","contentUrl":"https:\/\/www.marybakereddylibrary.org\/wp-content\/uploads\/2015\/03\/MBEL_logo_HR.jpg","width":2100,"height":2100,"caption":"The Mary Baker Eddy Library"},"image":{"@id":"https:\/\/www.marybakereddylibrary.org\/de\/#\/schema\/logo\/image\/"},"sameAs":["https:\/\/www.facebook.com\/mbelibrary","https:\/\/x.com\/mbelibrary","https:\/\/www.instagram.com\/mbelibrary"]}]}},"_links":{"self":[{"href":"https:\/\/www.marybakereddylibrary.org\/de\/wp-json\/wp\/v2\/pages\/49457","targetHints":{"allow":["GET"]}}],"collection":[{"href":"https:\/\/www.marybakereddylibrary.org\/de\/wp-json\/wp\/v2\/pages"}],"about":[{"href":"https:\/\/www.marybakereddylibrary.org\/de\/wp-json\/wp\/v2\/types\/page"}],"author":[{"embeddable":true,"href":"https:\/\/www.marybakereddylibrary.org\/de\/wp-json\/wp\/v2\/users\/6"}],"replies":[{"embeddable":true,"href":"https:\/\/www.marybakereddylibrary.org\/de\/wp-json\/wp\/v2\/comments?post=49457"}],"version-history":[{"count":0,"href":"https:\/\/www.marybakereddylibrary.org\/de\/wp-json\/wp\/v2\/pages\/49457\/revisions"}],"wp:attachment":[{"href":"https:\/\/www.marybakereddylibrary.org\/de\/wp-json\/wp\/v2\/media?parent=49457"}],"curies":[{"name":"wp","href":"https:\/\/api.w.org\/{rel}","templated":true}]}}