{"id":49559,"date":"2022-07-26T11:10:17","date_gmt":"2022-07-26T15:10:17","guid":{"rendered":"https:\/\/www.marybakereddylibrary.org\/hilfsmittel\/"},"modified":"2022-07-29T13:25:04","modified_gmt":"2022-07-29T17:25:04","slug":"hilfsmittel","status":"publish","type":"page","link":"https:\/\/www.marybakereddylibrary.org\/de\/recherche\/hilfsmittel\/","title":{"rendered":"Hilfsmittel"},"content":{"rendered":"<div id=\"modal-ready\"><p>[et_pb_section fb_built=&#8221;1&#8243; fullwidth=&#8221;on&#8221; admin_label=&#8221;section&#8221; _builder_version=&#8221;3.22&#8243; global_colors_info=&#8221;{}&#8221;][et_pb_fullwidth_header title=&#8221;Hilfsmittel&#8221; admin_label=&#8221;Finding Aids Header&#8221; _builder_version=&#8221;4.9.9&#8243; background_color=&#8221;gcid-6bcabdf2-c0ab-4e6c-8e16-9aec91ea791c&#8221; max_width_tablet=&#8221;50px&#8221; global_colors_info=&#8221;{%22gcid-6bcabdf2-c0ab-4e6c-8e16-9aec91ea791c%22:%91%22background_color%22%93}&#8221; button_one_text_size__hover_enabled=&#8221;off&#8221; button_one_text_size__hover=&#8221;null&#8221; button_two_text_size__hover_enabled=&#8221;off&#8221; button_two_text_size__hover=&#8221;null&#8221; button_one_text_color__hover_enabled=&#8221;off&#8221; button_one_text_color__hover=&#8221;null&#8221; button_two_text_color__hover_enabled=&#8221;off&#8221; button_two_text_color__hover=&#8221;null&#8221; button_one_border_width__hover_enabled=&#8221;off&#8221; button_one_border_width__hover=&#8221;null&#8221; button_two_border_width__hover_enabled=&#8221;off&#8221; button_two_border_width__hover=&#8221;null&#8221; button_one_border_color__hover_enabled=&#8221;off&#8221; button_one_border_color__hover=&#8221;null&#8221; button_two_border_color__hover_enabled=&#8221;off&#8221; button_two_border_color__hover=&#8221;null&#8221; button_one_border_radius__hover_enabled=&#8221;off&#8221; button_one_border_radius__hover=&#8221;null&#8221; button_two_border_radius__hover_enabled=&#8221;off&#8221; button_two_border_radius__hover=&#8221;null&#8221; button_one_letter_spacing__hover_enabled=&#8221;off&#8221; button_one_letter_spacing__hover=&#8221;null&#8221; button_two_letter_spacing__hover_enabled=&#8221;off&#8221; button_two_letter_spacing__hover=&#8221;null&#8221; button_one_bg_color__hover_enabled=&#8221;off&#8221; button_one_bg_color__hover=&#8221;null&#8221; button_two_bg_color__hover_enabled=&#8221;off&#8221; button_two_bg_color__hover=&#8221;null&#8221;][\/et_pb_fullwidth_header][\/et_pb_section][et_pb_section fb_built=&#8221;1&#8243; _builder_version=&#8221;3.22&#8243; global_colors_info=&#8221;{}&#8221;][et_pb_row _builder_version=&#8221;3.25&#8243; background_size=&#8221;initial&#8221; background_position=&#8221;top_left&#8221; background_repeat=&#8221;repeat&#8221; global_colors_info=&#8221;{}&#8221;][et_pb_column type=&#8221;4_4&#8243; _builder_version=&#8221;3.0.47&#8243; custom_padding=&#8221;|||&#8221; global_colors_info=&#8221;{}&#8221; custom_padding__hover=&#8221;|||&#8221;][et_pb_text admin_label=&#8221;Intro text&#8221; _builder_version=&#8221;4.4.7&#8243; background_size=&#8221;initial&#8221; background_position=&#8221;top_left&#8221; background_repeat=&#8221;repeat&#8221; vertical_offset_tablet=&#8221;0&#8243; horizontal_offset_tablet=&#8221;0&#8243; z_index_tablet=&#8221;500&#8243; border_color_all=&#8221;#ffffff&#8221; box_shadow_horizontal_tablet=&#8221;0px&#8221; box_shadow_vertical_tablet=&#8221;0px&#8221; box_shadow_blur_tablet=&#8221;40px&#8221; box_shadow_spread_tablet=&#8221;0px&#8221; use_border_color=&#8221;off&#8221; global_colors_info=&#8221;{}&#8221;]<\/p>\n<p>Die Mary Baker Eddy Bibliothek umfasst Briefe, Manuskripte, Fotos, Objekte, B\u00fccher, Zeitschriften und andere Materialien. Um Interessierte bei ihren Recherchen zu unterst\u00fctzen, hat unser Team die folgende Liste von Hilfsmitteln und Anleitungen zusammengestellt (siehe unten). Sie geben einen \u00dcberblick \u00fcber die (englischsprachigen) Ressourcen der Bibliothek.<\/p>\n<p>[\/et_pb_text][et_pb_text admin_label=&#8221;Our collections are divided into three main areas header&#8221; _builder_version=&#8221;4.4.7&#8243; background_size=&#8221;initial&#8221; background_position=&#8221;top_left&#8221; background_repeat=&#8221;repeat&#8221; vertical_offset_tablet=&#8221;0&#8243; horizontal_offset_tablet=&#8221;0&#8243; z_index_tablet=&#8221;500&#8243; border_color_all=&#8221;#ffffff&#8221; box_shadow_horizontal_tablet=&#8221;0px&#8221; box_shadow_vertical_tablet=&#8221;0px&#8221; box_shadow_blur_tablet=&#8221;40px&#8221; box_shadow_spread_tablet=&#8221;0px&#8221; use_border_color=&#8221;off&#8221; global_colors_info=&#8221;{}&#8221;]<\/p>\n<h2>Unsere Sammlungen sind in drei Hauptbereiche geteilt:<\/h2>\n<p>[\/et_pb_text][\/et_pb_column][\/et_pb_row][et_pb_row column_structure=&#8221;1_3,1_3,1_3&#8243; _builder_version=&#8221;3.25&#8243; background_size=&#8221;initial&#8221; background_position=&#8221;top_left&#8221; background_repeat=&#8221;repeat&#8221; global_colors_info=&#8221;{}&#8221;][et_pb_column type=&#8221;1_3&#8243; _builder_version=&#8221;3.0.47&#8243; custom_padding=&#8221;|||&#8221; global_colors_info=&#8221;{}&#8221; custom_padding__hover=&#8221;|||&#8221;][et_pb_blurb title=&#8221;Die Mary Baker Eddy Sammlung&#8221; url=&#8221;https:\/\/www.marybakereddylibrary.org\/research\/hilfsmittel\/die-mary-baker-eddy-sammlung\/&#8221; image=&#8221;https:\/\/www.marybakereddylibrary.org\/wp-content\/uploads\/2020\/03\/thayer-2-SH_AaR_Rotator_880x550px.jpg&#8221; admin_label=&#8221;The Mary Baker Eddy Collection Blurb&#8221; _builder_version=&#8221;4.13.0&#8243; vertical_offset_tablet=&#8221;0&#8243; horizontal_offset_tablet=&#8221;0&#8243; animation=&#8221;off&#8221; link_option_url=&#8221;https:\/\/www.marybakereddylibrary.org\/research\/hilfsmittel\/die-mary-baker-eddy-sammlung\/&#8221; z_index_tablet=&#8221;0&#8243; header_text_shadow_horizontal_length_tablet=&#8221;0px&#8221; header_text_shadow_vertical_length_tablet=&#8221;0px&#8221; header_text_shadow_blur_strength_tablet=&#8221;1px&#8221; body_text_shadow_horizontal_length_tablet=&#8221;0px&#8221; body_text_shadow_vertical_length_tablet=&#8221;0px&#8221; body_text_shadow_blur_strength_tablet=&#8221;1px&#8221; body_link_text_shadow_horizontal_length_tablet=&#8221;0px&#8221; body_link_text_shadow_vertical_length_tablet=&#8221;0px&#8221; body_link_text_shadow_blur_strength_tablet=&#8221;1px&#8221; body_ul_text_shadow_horizontal_length_tablet=&#8221;0px&#8221; body_ul_text_shadow_vertical_length_tablet=&#8221;0px&#8221; body_ul_text_shadow_blur_strength_tablet=&#8221;1px&#8221; body_ol_text_shadow_horizontal_length_tablet=&#8221;0px&#8221; body_ol_text_shadow_vertical_length_tablet=&#8221;0px&#8221; body_ol_text_shadow_blur_strength_tablet=&#8221;1px&#8221; body_quote_text_shadow_horizontal_length_tablet=&#8221;0px&#8221; body_quote_text_shadow_vertical_length_tablet=&#8221;0px&#8221; body_quote_text_shadow_blur_strength_tablet=&#8221;1px&#8221; box_shadow_horizontal_tablet=&#8221;0px&#8221; box_shadow_vertical_tablet=&#8221;0px&#8221; box_shadow_blur_tablet=&#8221;40px&#8221; box_shadow_spread_tablet=&#8221;0px&#8221; box_shadow_horizontal_image_tablet=&#8221;0px&#8221; box_shadow_vertical_image_tablet=&#8221;0px&#8221; box_shadow_blur_image_tablet=&#8221;40px&#8221; box_shadow_spread_image_tablet=&#8221;0px&#8221; text_shadow_horizontal_length_tablet=&#8221;0px&#8221; text_shadow_vertical_length_tablet=&#8221;0px&#8221; text_shadow_blur_strength_tablet=&#8221;1px&#8221; global_colors_info=&#8221;{}&#8221;]<\/p>\n<p>Diese Sammlung umfasst eine Vielfalt an Dokumenten und Gegenst\u00e4nden mit Bezug zu Mary Baker Eddy, einschlie\u00dflich ihrer Manuskripte, Korrespondenz, gedruckter Materialien, Sammelalben und Tageb\u00fccher.<\/p>\n<p>[\/et_pb_blurb][\/et_pb_column][et_pb_column type=&#8221;1_3&#8243; _builder_version=&#8221;3.0.47&#8243; custom_padding=&#8221;|||&#8221; global_colors_info=&#8221;{}&#8221; custom_padding__hover=&#8221;|||&#8221;][et_pb_blurb title=&#8221;Sondersammlungen der Bibliothek&#8221; url=&#8221;https:\/\/www.marybakereddylibrary.org\/research\/hilfsmittel\/sondersammlungen-der-bibliothek\/&#8221; image=&#8221;https:\/\/www.marybakereddylibrary.org\/wp-content\/uploads\/2020\/04\/CSA-notebook_2-800x500px.jpg&#8221; admin_label=&#8221;Library Special Collections Blurb&#8221; _builder_version=&#8221;4.13.0&#8243; vertical_offset_tablet=&#8221;0&#8243; horizontal_offset_tablet=&#8221;0&#8243; animation=&#8221;off&#8221; link_option_url=&#8221;https:\/\/www.marybakereddylibrary.org\/research\/hilfsmittel\/sondersammlungen-der-bibliothek\/&#8221; z_index_tablet=&#8221;0&#8243; header_text_shadow_horizontal_length_tablet=&#8221;0px&#8221; header_text_shadow_vertical_length_tablet=&#8221;0px&#8221; header_text_shadow_blur_strength_tablet=&#8221;1px&#8221; body_text_shadow_horizontal_length_tablet=&#8221;0px&#8221; body_text_shadow_vertical_length_tablet=&#8221;0px&#8221; body_text_shadow_blur_strength_tablet=&#8221;1px&#8221; body_link_text_shadow_horizontal_length_tablet=&#8221;0px&#8221; body_link_text_shadow_vertical_length_tablet=&#8221;0px&#8221; body_link_text_shadow_blur_strength_tablet=&#8221;1px&#8221; body_ul_text_shadow_horizontal_length_tablet=&#8221;0px&#8221; body_ul_text_shadow_vertical_length_tablet=&#8221;0px&#8221; body_ul_text_shadow_blur_strength_tablet=&#8221;1px&#8221; body_ol_text_shadow_horizontal_length_tablet=&#8221;0px&#8221; body_ol_text_shadow_vertical_length_tablet=&#8221;0px&#8221; body_ol_text_shadow_blur_strength_tablet=&#8221;1px&#8221; body_quote_text_shadow_horizontal_length_tablet=&#8221;0px&#8221; body_quote_text_shadow_vertical_length_tablet=&#8221;0px&#8221; body_quote_text_shadow_blur_strength_tablet=&#8221;1px&#8221; box_shadow_horizontal_tablet=&#8221;0px&#8221; box_shadow_vertical_tablet=&#8221;0px&#8221; box_shadow_blur_tablet=&#8221;40px&#8221; box_shadow_spread_tablet=&#8221;0px&#8221; box_shadow_horizontal_image_tablet=&#8221;0px&#8221; box_shadow_vertical_image_tablet=&#8221;0px&#8221; box_shadow_blur_image_tablet=&#8221;40px&#8221; box_shadow_spread_image_tablet=&#8221;0px&#8221; text_shadow_horizontal_length_tablet=&#8221;0px&#8221; text_shadow_vertical_length_tablet=&#8221;0px&#8221; text_shadow_blur_strength_tablet=&#8221;1px&#8221; global_colors_info=&#8221;{}&#8221;]<\/p>\n<p>Diese Sammlung schlie\u00dft die \u201eMary Baker Eddy Sammlung\u201c mit ein. Sie enth\u00e4lt ferner umfangreiches zus\u00e4tzliches Material, wie historische Dokumente, Fotos, Kunstobjekte und andere Artefakte.<\/p>\n<p>[\/et_pb_blurb][\/et_pb_column][et_pb_column type=&#8221;1_3&#8243; _builder_version=&#8221;3.0.47&#8243; custom_padding=&#8221;|||&#8221; global_colors_info=&#8221;{}&#8221; custom_padding__hover=&#8221;|||&#8221;][et_pb_blurb title=&#8221;Dokumente zur Organisation der Ersten Kirche Christi, Wissenschaftler&#8221; url=&#8221;https:\/\/www.marybakereddylibrary.org\/research\/hilfsmittel\/dokumente-zur-organisation-der-ersten-kirche-christi-wissenschaftler\/&#8221; image=&#8221;https:\/\/www.marybakereddylibrary.org\/wp-content\/uploads\/2018\/05\/Christian_Science_Center_1972_P03146.jpg&#8221; admin_label=&#8221;Organizational Records of The First Church of Christ, Scientist Blurb&#8221; _builder_version=&#8221;4.13.0&#8243; vertical_offset_tablet=&#8221;0&#8243; horizontal_offset_tablet=&#8221;0&#8243; animation=&#8221;off&#8221; link_option_url=&#8221;https:\/\/www.marybakereddylibrary.org\/research\/hilfsmittel\/dokumente-zur-organisation-der-ersten-kirche-christi-wissenschaftler\/&#8221; z_index_tablet=&#8221;0&#8243; header_text_shadow_horizontal_length_tablet=&#8221;0px&#8221; header_text_shadow_vertical_length_tablet=&#8221;0px&#8221; header_text_shadow_blur_strength_tablet=&#8221;1px&#8221; body_text_shadow_horizontal_length_tablet=&#8221;0px&#8221; body_text_shadow_vertical_length_tablet=&#8221;0px&#8221; body_text_shadow_blur_strength_tablet=&#8221;1px&#8221; body_link_text_shadow_horizontal_length_tablet=&#8221;0px&#8221; body_link_text_shadow_vertical_length_tablet=&#8221;0px&#8221; body_link_text_shadow_blur_strength_tablet=&#8221;1px&#8221; body_ul_text_shadow_horizontal_length_tablet=&#8221;0px&#8221; body_ul_text_shadow_vertical_length_tablet=&#8221;0px&#8221; body_ul_text_shadow_blur_strength_tablet=&#8221;1px&#8221; body_ol_text_shadow_horizontal_length_tablet=&#8221;0px&#8221; body_ol_text_shadow_vertical_length_tablet=&#8221;0px&#8221; body_ol_text_shadow_blur_strength_tablet=&#8221;1px&#8221; body_quote_text_shadow_horizontal_length_tablet=&#8221;0px&#8221; body_quote_text_shadow_vertical_length_tablet=&#8221;0px&#8221; body_quote_text_shadow_blur_strength_tablet=&#8221;1px&#8221; box_shadow_horizontal_tablet=&#8221;0px&#8221; box_shadow_vertical_tablet=&#8221;0px&#8221; box_shadow_blur_tablet=&#8221;40px&#8221; box_shadow_spread_tablet=&#8221;0px&#8221; box_shadow_horizontal_image_tablet=&#8221;0px&#8221; box_shadow_vertical_image_tablet=&#8221;0px&#8221; box_shadow_blur_image_tablet=&#8221;40px&#8221; box_shadow_spread_image_tablet=&#8221;0px&#8221; text_shadow_horizontal_length_tablet=&#8221;0px&#8221; text_shadow_vertical_length_tablet=&#8221;0px&#8221; text_shadow_blur_strength_tablet=&#8221;1px&#8221; global_colors_info=&#8221;{}&#8221;]<\/p>\n<p>Dies ist eine best\u00e4ndig wachsende Sammlung von Materialien \u00fcber zahlreiche Aktivit\u00e4ten der Mutterkirche und der Verlagsgesellschaft der Christlichen Wissenschaft.<\/p>\n<p>[\/et_pb_blurb][\/et_pb_column][\/et_pb_row][et_pb_row _builder_version=&#8221;3.25&#8243; background_size=&#8221;initial&#8221; background_position=&#8221;top_left&#8221; background_repeat=&#8221;repeat&#8221; global_colors_info=&#8221;{}&#8221;][et_pb_column type=&#8221;4_4&#8243; _builder_version=&#8221;3.0.47&#8243; custom_padding=&#8221;|||&#8221; global_colors_info=&#8221;{}&#8221; custom_padding__hover=&#8221;|||&#8221;][et_pb_text admin_label=&#8221;After text&#8221; _builder_version=&#8221;4.14.7&#8243; background_size=&#8221;initial&#8221; background_position=&#8221;top_left&#8221; background_repeat=&#8221;repeat&#8221; vertical_offset_tablet=&#8221;0&#8243; horizontal_offset_tablet=&#8221;0&#8243; z_index_tablet=&#8221;500&#8243; border_color_all=&#8221;#ffffff&#8221; box_shadow_horizontal_tablet=&#8221;0px&#8221; box_shadow_vertical_tablet=&#8221;0px&#8221; box_shadow_blur_tablet=&#8221;40px&#8221; box_shadow_spread_tablet=&#8221;0px&#8221; use_border_color=&#8221;off&#8221; global_colors_info=&#8221;{}&#8221;]<\/p>\n<p>Teile dieser Sammlung sind digitalisiert und stehen Besucher:innen vor Ort in unserem Recherche-Raum zur Verf\u00fcgung.<\/p>\n<p>Wenn Sie Zugriff auf Mary Baker Eddys Manuskripte w\u00fcnschen, rufen Sie bitte <a href=\"http:\/\/MBEPapers.org\">MBEPapers.org<\/a> auf. Diese Website wird st\u00e4ndig durch neue Inhalte erweitert. Derzeit umfasst sie mit Anmerkungen versehene Transkriptionen und gescannte Dokumente von 1872 bis 1885.<\/p>\n<p>[\/et_pb_text][\/et_pb_column][\/et_pb_row][\/et_pb_section]<\/p>\n<\/div>","protected":false},"excerpt":{"rendered":"<p>Die Mary Baker Eddy Bibliothek umfasst Briefe, Manuskripte, Fotos, Objekte, B\u00fccher, Zeitschriften und andere Materialien. Um Interessierte bei ihren Recherchen zu unterst\u00fctzen, hat unser Team die folgende Liste von Hilfsmitteln und Anleitungen zusammengestellt (siehe unten). Sie geben einen \u00dcberblick \u00fcber die (englischsprachigen) Ressourcen der Bibliothek.<\/p>","protected":false},"author":6,"featured_media":0,"parent":49587,"menu_order":0,"comment_status":"closed","ping_status":"closed","template":"","meta":{"_et_pb_use_builder":"on","_et_pb_old_content":"","_et_gb_content_width":"","_oasis_is_in_workflow":0,"_oasis_original":0,"_oasis_task_priority":"","_relevanssi_hide_post":"","_relevanssi_hide_content":"","_relevanssi_pin_for_all":"","_relevanssi_pin_keywords":"","_relevanssi_unpin_keywords":"","_relevanssi_related_keywords":"","_relevanssi_related_include_ids":"","_relevanssi_related_exclude_ids":"","_relevanssi_related_no_append":"","_relevanssi_related_not_related":"","_relevanssi_related_posts":"","_relevanssi_noindex_reason":"","inline_featured_image":false,"episode_type":"","audio_file":"","podmotor_file_id":"","podmotor_episode_id":"","cover_image":"","cover_image_id":"","duration":"","filesize":"","filesize_raw":"","date_recorded":"","explicit":"","block":"","itunes_episode_number":"","itunes_title":"","itunes_season_number":"","itunes_episode_type":"","footnotes":""},"class_list":["post-49559","page","type-page","status-publish","hentry"],"yoast_head":"<!-- This site is optimized with the Yoast SEO plugin v27.3 - https:\/\/yoast.com\/product\/yoast-seo-wordpress\/ -->\n<title>Hilfsmittel - Die Mary Baker Eddy Bibliothek<\/title>\n<meta name=\"robots\" content=\"index, follow, max-snippet:-1, max-image-preview:large, max-video-preview:-1\" \/>\n<link rel=\"canonical\" href=\"https:\/\/www.marybakereddylibrary.org\/de\/recherche\/hilfsmittel\/\" \/>\n<meta property=\"og:locale\" content=\"de_DE\" \/>\n<meta property=\"og:type\" content=\"article\" \/>\n<meta property=\"og:title\" content=\"Hilfsmittel - Die Mary Baker Eddy Bibliothek\" \/>\n<meta property=\"og:description\" content=\"Die Mary Baker Eddy Bibliothek umfasst Briefe, Manuskripte, Fotos, Objekte, B\u00fccher, Zeitschriften und andere Materialien. Um Interessierte bei ihren Recherchen zu unterst\u00fctzen, hat unser Team die folgende Liste von Hilfsmitteln und Anleitungen zusammengestellt (siehe unten). Sie geben einen \u00dcberblick \u00fcber die (englischsprachigen) Ressourcen der Bibliothek.\" \/>\n<meta property=\"og:url\" content=\"https:\/\/www.marybakereddylibrary.org\/de\/recherche\/hilfsmittel\/\" \/>\n<meta property=\"og:site_name\" content=\"Die Mary Baker Eddy Bibliothek\" \/>\n<meta property=\"article:publisher\" content=\"https:\/\/www.facebook.com\/mbelibrary\" \/>\n<meta property=\"article:modified_time\" content=\"2022-07-29T17:25:04+00:00\" \/>\n<meta name=\"twitter:label1\" content=\"Gesch\u00e4tzte Lesezeit\" \/>\n\t<meta name=\"twitter:data1\" content=\"3 Minuten\" \/>\n<script type=\"application\/ld+json\" class=\"yoast-schema-graph\">{\"@context\":\"https:\\\/\\\/schema.org\",\"@graph\":[{\"@type\":\"WebPage\",\"@id\":\"https:\\\/\\\/www.marybakereddylibrary.org\\\/de\\\/recherche\\\/hilfsmittel\\\/\",\"url\":\"https:\\\/\\\/www.marybakereddylibrary.org\\\/de\\\/recherche\\\/hilfsmittel\\\/\",\"name\":\"Hilfsmittel - Die Mary Baker Eddy Bibliothek\",\"isPartOf\":{\"@id\":\"https:\\\/\\\/www.marybakereddylibrary.org\\\/de\\\/#website\"},\"datePublished\":\"2022-07-26T15:10:17+00:00\",\"dateModified\":\"2022-07-29T17:25:04+00:00\",\"breadcrumb\":{\"@id\":\"https:\\\/\\\/www.marybakereddylibrary.org\\\/de\\\/recherche\\\/hilfsmittel\\\/#breadcrumb\"},\"inLanguage\":\"de-DE\",\"potentialAction\":[{\"@type\":\"ReadAction\",\"target\":[\"https:\\\/\\\/www.marybakereddylibrary.org\\\/de\\\/recherche\\\/hilfsmittel\\\/\"]}]},{\"@type\":\"BreadcrumbList\",\"@id\":\"https:\\\/\\\/www.marybakereddylibrary.org\\\/de\\\/recherche\\\/hilfsmittel\\\/#breadcrumb\",\"itemListElement\":[{\"@type\":\"ListItem\",\"position\":1,\"name\":\"Startseite\",\"item\":\"https:\\\/\\\/www.marybakereddylibrary.org\\\/de\\\/\"},{\"@type\":\"ListItem\",\"position\":2,\"name\":\"Recherche\",\"item\":\"https:\\\/\\\/www.marybakereddylibrary.org\\\/de\\\/recherche\\\/\"},{\"@type\":\"ListItem\",\"position\":3,\"name\":\"Hilfsmittel\"}]},{\"@type\":\"WebSite\",\"@id\":\"https:\\\/\\\/www.marybakereddylibrary.org\\\/de\\\/#website\",\"url\":\"https:\\\/\\\/www.marybakereddylibrary.org\\\/de\\\/\",\"name\":\"Die Mary Baker Eddy Bibliothek\",\"description\":\"\",\"publisher\":{\"@id\":\"https:\\\/\\\/www.marybakereddylibrary.org\\\/de\\\/#organization\"},\"potentialAction\":[{\"@type\":\"SearchAction\",\"target\":{\"@type\":\"EntryPoint\",\"urlTemplate\":\"https:\\\/\\\/www.marybakereddylibrary.org\\\/de\\\/?s={search_term_string}\"},\"query-input\":{\"@type\":\"PropertyValueSpecification\",\"valueRequired\":true,\"valueName\":\"search_term_string\"}}],\"inLanguage\":\"de-DE\"},{\"@type\":\"Organization\",\"@id\":\"https:\\\/\\\/www.marybakereddylibrary.org\\\/de\\\/#organization\",\"name\":\"The Mary Baker Eddy Library\",\"url\":\"https:\\\/\\\/www.marybakereddylibrary.org\\\/de\\\/\",\"logo\":{\"@type\":\"ImageObject\",\"inLanguage\":\"de-DE\",\"@id\":\"https:\\\/\\\/www.marybakereddylibrary.org\\\/de\\\/#\\\/schema\\\/logo\\\/image\\\/\",\"url\":\"https:\\\/\\\/www.marybakereddylibrary.org\\\/wp-content\\\/uploads\\\/2015\\\/03\\\/MBEL_logo_HR.jpg\",\"contentUrl\":\"https:\\\/\\\/www.marybakereddylibrary.org\\\/wp-content\\\/uploads\\\/2015\\\/03\\\/MBEL_logo_HR.jpg\",\"width\":2100,\"height\":2100,\"caption\":\"The Mary Baker Eddy Library\"},\"image\":{\"@id\":\"https:\\\/\\\/www.marybakereddylibrary.org\\\/de\\\/#\\\/schema\\\/logo\\\/image\\\/\"},\"sameAs\":[\"https:\\\/\\\/www.facebook.com\\\/mbelibrary\",\"https:\\\/\\\/x.com\\\/mbelibrary\",\"https:\\\/\\\/www.instagram.com\\\/mbelibrary\"]}]}<\/script>\n<!-- \/ Yoast SEO plugin. -->","yoast_head_json":{"title":"Hilfsmittel - Die Mary Baker Eddy Bibliothek","robots":{"index":"index","follow":"follow","max-snippet":"max-snippet:-1","max-image-preview":"max-image-preview:large","max-video-preview":"max-video-preview:-1"},"canonical":"https:\/\/www.marybakereddylibrary.org\/de\/recherche\/hilfsmittel\/","og_locale":"de_DE","og_type":"article","og_title":"Hilfsmittel - Die Mary Baker Eddy Bibliothek","og_description":"Die Mary Baker Eddy Bibliothek umfasst Briefe, Manuskripte, Fotos, Objekte, B\u00fccher, Zeitschriften und andere Materialien. Um Interessierte bei ihren Recherchen zu unterst\u00fctzen, hat unser Team die folgende Liste von Hilfsmitteln und Anleitungen zusammengestellt (siehe unten). Sie geben einen \u00dcberblick \u00fcber die (englischsprachigen) Ressourcen der Bibliothek.","og_url":"https:\/\/www.marybakereddylibrary.org\/de\/recherche\/hilfsmittel\/","og_site_name":"Die Mary Baker Eddy Bibliothek","article_publisher":"https:\/\/www.facebook.com\/mbelibrary","article_modified_time":"2022-07-29T17:25:04+00:00","twitter_misc":{"Gesch\u00e4tzte Lesezeit":"3 Minuten"},"schema":{"@context":"https:\/\/schema.org","@graph":[{"@type":"WebPage","@id":"https:\/\/www.marybakereddylibrary.org\/de\/recherche\/hilfsmittel\/","url":"https:\/\/www.marybakereddylibrary.org\/de\/recherche\/hilfsmittel\/","name":"Hilfsmittel - Die Mary Baker Eddy Bibliothek","isPartOf":{"@id":"https:\/\/www.marybakereddylibrary.org\/de\/#website"},"datePublished":"2022-07-26T15:10:17+00:00","dateModified":"2022-07-29T17:25:04+00:00","breadcrumb":{"@id":"https:\/\/www.marybakereddylibrary.org\/de\/recherche\/hilfsmittel\/#breadcrumb"},"inLanguage":"de-DE","potentialAction":[{"@type":"ReadAction","target":["https:\/\/www.marybakereddylibrary.org\/de\/recherche\/hilfsmittel\/"]}]},{"@type":"BreadcrumbList","@id":"https:\/\/www.marybakereddylibrary.org\/de\/recherche\/hilfsmittel\/#breadcrumb","itemListElement":[{"@type":"ListItem","position":1,"name":"Startseite","item":"https:\/\/www.marybakereddylibrary.org\/de\/"},{"@type":"ListItem","position":2,"name":"Recherche","item":"https:\/\/www.marybakereddylibrary.org\/de\/recherche\/"},{"@type":"ListItem","position":3,"name":"Hilfsmittel"}]},{"@type":"WebSite","@id":"https:\/\/www.marybakereddylibrary.org\/de\/#website","url":"https:\/\/www.marybakereddylibrary.org\/de\/","name":"Die Mary Baker Eddy Bibliothek","description":"","publisher":{"@id":"https:\/\/www.marybakereddylibrary.org\/de\/#organization"},"potentialAction":[{"@type":"SearchAction","target":{"@type":"EntryPoint","urlTemplate":"https:\/\/www.marybakereddylibrary.org\/de\/?s={search_term_string}"},"query-input":{"@type":"PropertyValueSpecification","valueRequired":true,"valueName":"search_term_string"}}],"inLanguage":"de-DE"},{"@type":"Organization","@id":"https:\/\/www.marybakereddylibrary.org\/de\/#organization","name":"The Mary Baker Eddy Library","url":"https:\/\/www.marybakereddylibrary.org\/de\/","logo":{"@type":"ImageObject","inLanguage":"de-DE","@id":"https:\/\/www.marybakereddylibrary.org\/de\/#\/schema\/logo\/image\/","url":"https:\/\/www.marybakereddylibrary.org\/wp-content\/uploads\/2015\/03\/MBEL_logo_HR.jpg","contentUrl":"https:\/\/www.marybakereddylibrary.org\/wp-content\/uploads\/2015\/03\/MBEL_logo_HR.jpg","width":2100,"height":2100,"caption":"The Mary Baker Eddy Library"},"image":{"@id":"https:\/\/www.marybakereddylibrary.org\/de\/#\/schema\/logo\/image\/"},"sameAs":["https:\/\/www.facebook.com\/mbelibrary","https:\/\/x.com\/mbelibrary","https:\/\/www.instagram.com\/mbelibrary"]}]}},"_links":{"self":[{"href":"https:\/\/www.marybakereddylibrary.org\/de\/wp-json\/wp\/v2\/pages\/49559","targetHints":{"allow":["GET"]}}],"collection":[{"href":"https:\/\/www.marybakereddylibrary.org\/de\/wp-json\/wp\/v2\/pages"}],"about":[{"href":"https:\/\/www.marybakereddylibrary.org\/de\/wp-json\/wp\/v2\/types\/page"}],"author":[{"embeddable":true,"href":"https:\/\/www.marybakereddylibrary.org\/de\/wp-json\/wp\/v2\/users\/6"}],"replies":[{"embeddable":true,"href":"https:\/\/www.marybakereddylibrary.org\/de\/wp-json\/wp\/v2\/comments?post=49559"}],"version-history":[{"count":0,"href":"https:\/\/www.marybakereddylibrary.org\/de\/wp-json\/wp\/v2\/pages\/49559\/revisions"}],"up":[{"embeddable":true,"href":"https:\/\/www.marybakereddylibrary.org\/de\/wp-json\/wp\/v2\/pages\/49587"}],"wp:attachment":[{"href":"https:\/\/www.marybakereddylibrary.org\/de\/wp-json\/wp\/v2\/media?parent=49559"}],"curies":[{"name":"wp","href":"https:\/\/api.w.org\/{rel}","templated":true}]}}