{"id":49583,"date":"2022-07-26T12:33:58","date_gmt":"2022-07-26T16:33:58","guid":{"rendered":"https:\/\/www.marybakereddylibrary.org\/dokumente-zur-organisation-der-ersten-kirche-christi-wissenschaftler\/"},"modified":"2022-08-08T19:31:14","modified_gmt":"2022-08-08T23:31:14","slug":"dokumente-zur-organisation-der-ersten-kirche-christi-wissenschaftler","status":"publish","type":"page","link":"https:\/\/www.marybakereddylibrary.org\/de\/recherche\/hilfsmittel\/dokumente-zur-organisation-der-ersten-kirche-christi-wissenschaftler\/","title":{"rendered":"Dokumente zur Organisation der Ersten Kirche Christi, Wissenschaftler"},"content":{"rendered":"<div id=\"modal-ready\"><p>[et_pb_section fb_built=&#8221;1&#8243; fullwidth=&#8221;on&#8221; admin_label=&#8221;section&#8221; _builder_version=&#8221;3.22&#8243; global_colors_info=&#8221;{}&#8221;][et_pb_fullwidth_post_title meta=&#8221;off&#8221; featured_image=&#8221;off&#8221; _builder_version=&#8221;3.29.3&#8243; z_index_tablet=&#8221;500&#8243; title_text_shadow_horizontal_length_tablet=&#8221;0px&#8221; title_text_shadow_vertical_length_tablet=&#8221;0px&#8221; title_text_shadow_blur_strength_tablet=&#8221;1px&#8221; meta_text_shadow_horizontal_length_tablet=&#8221;0px&#8221; meta_text_shadow_vertical_length_tablet=&#8221;0px&#8221; meta_text_shadow_blur_strength_tablet=&#8221;1px&#8221; box_shadow_horizontal_tablet=&#8221;0px&#8221; box_shadow_vertical_tablet=&#8221;0px&#8221; box_shadow_blur_tablet=&#8221;40px&#8221; box_shadow_spread_tablet=&#8221;0px&#8221; text_shadow_horizontal_length_tablet=&#8221;0px&#8221; text_shadow_vertical_length_tablet=&#8221;0px&#8221; text_shadow_blur_strength_tablet=&#8221;1px&#8221; global_colors_info=&#8221;{}&#8221;][\/et_pb_fullwidth_post_title][\/et_pb_section][et_pb_section fb_built=&#8221;1&#8243; _builder_version=&#8221;3.22&#8243; global_colors_info=&#8221;{}&#8221;][et_pb_row _builder_version=&#8221;3.25&#8243; background_size=&#8221;initial&#8221; background_position=&#8221;top_left&#8221; background_repeat=&#8221;repeat&#8221; global_colors_info=&#8221;{}&#8221;][et_pb_column type=&#8221;4_4&#8243; _builder_version=&#8221;3.0.47&#8243; custom_padding=&#8221;|||&#8221; global_colors_info=&#8221;{}&#8221; custom_padding__hover=&#8221;|||&#8221;][et_pb_text admin_label=&#8221;Intro Text&#8221; _builder_version=&#8221;4.14.7&#8243; background_size=&#8221;initial&#8221; background_position=&#8221;top_left&#8221; background_repeat=&#8221;repeat&#8221; vertical_offset_tablet=&#8221;0&#8243; horizontal_offset_tablet=&#8221;0&#8243; z_index_tablet=&#8221;500&#8243; border_color_all=&#8221;#ffffff&#8221; box_shadow_horizontal_tablet=&#8221;0px&#8221; box_shadow_vertical_tablet=&#8221;0px&#8221; box_shadow_blur_tablet=&#8221;40px&#8221; box_shadow_spread_tablet=&#8221;0px&#8221; use_border_color=&#8221;off&#8221; global_colors_info=&#8221;{}&#8221;]<\/p>\n<p>Diese Sammlung ist ein dynamischer und wachsender Bereich mit Materialien zu vielen Aspekten und Aktivit\u00e4ten der Ersten Kirche Christi, Wissenschaftler, und der Verlagsgesellschaft der Christlichen Wissenschaft.<\/p>\n<p>Wenn Sie Zugriff auf Mary Baker Eddys Manuskripte w\u00fcnschen, rufen Sie bitte <a href=\"https:\/\/mbepapers.org\/\">MBEPapers.org<\/a> auf. Diese Website wird st\u00e4ndig durch neue Inhalte erweitert. Sie umfasst derzeit mit Anmerkungen versehene Transkriptionen und gescannte Dokumente von 1872 bis 1885.<\/p>\n<p>[\/et_pb_text][\/et_pb_column][\/et_pb_row][\/et_pb_section][et_pb_section fb_built=&#8221;1&#8243; _builder_version=&#8221;4.4.7&#8243; background_color=&#8221;#ffffff&#8221; vertical_offset_tablet=&#8221;0&#8243; horizontal_offset_tablet=&#8221;0&#8243; z_index_tablet=&#8221;0&#8243; box_shadow_horizontal_tablet=&#8221;0px&#8221; box_shadow_vertical_tablet=&#8221;0px&#8221; box_shadow_blur_tablet=&#8221;40px&#8221; box_shadow_spread_tablet=&#8221;0px&#8221; global_colors_info=&#8221;{}&#8221;][et_pb_row column_structure=&#8221;1_2,1_2&#8243; _builder_version=&#8221;3.25&#8243; background_size=&#8221;initial&#8221; background_position=&#8221;top_left&#8221; background_repeat=&#8221;repeat&#8221; global_colors_info=&#8221;{}&#8221;][et_pb_column type=&#8221;1_2&#8243; _builder_version=&#8221;3.0.47&#8243; custom_padding=&#8221;|||&#8221; global_colors_info=&#8221;{}&#8221; custom_padding__hover=&#8221;|||&#8221;][et_pb_toggle title=&#8221;Sammelordner mit Zeitungsausschnitten des Komitees f\u00fcr Ver\u00f6ffentlichungen, ca. 1899\u20131952&#8243; admin_label=&#8221;Committee on Publication Clipping file, c.1899 \u2013 1952 Toggle&#8221; _builder_version=&#8221;3.7.1&#8243; global_colors_info=&#8221;{}&#8221;]<\/p>\n<p>Diese Sammlung umfasst Ausschnitte aus Zeitungen, Zeitschriften und Journalen zu Themen mit einem Bezug zu Mary Baker Eddy und\/oder der Christlichen Wissenschaft. Das Komitee f\u00fcr Ver\u00f6ffentlichungen der Ersten Kirche Christi, Wissenschaftler, Boston, hat Ausschnitte gesammelt, um die \u00f6ffentliche Wahrnehmung der Christlichen Wissenschaft zu verfolgen und auf falsche Aussagen \u00fcber Mary Baker Eddy und die Christliche Wissenschaft einzugehen. Die Ausschnitte kamen von einem Auftragsdienst, von Mitgliedern \u00f6rtlicher Komitees f\u00fcr Ver\u00f6ffentlichungen sowie von anderen Christlichen Wissenschaftler:innen. Die Sammlung verf\u00fcgt \u00fcber einen Index und ist vollst\u00e4ndig bearbeitet.<\/p>\n<p>[\/et_pb_toggle][\/et_pb_column][et_pb_column type=&#8221;1_2&#8243; _builder_version=&#8221;3.0.47&#8243; custom_padding=&#8221;|||&#8221; global_colors_info=&#8221;{}&#8221; custom_padding__hover=&#8221;|||&#8221;][et_pb_toggle title=&#8221;Fr\u00fche organisatorische Unterlagen, ca. 1875\u20131910&#8243; admin_label=&#8221;Early Organizational Records, c. 1875-1910 Toggle&#8221; _builder_version=&#8221;4.14.7&#8243; hover_enabled=&#8221;0&#8243; global_colors_info=&#8221;{}&#8221; sticky_enabled=&#8221;0&#8243;]<\/p>\n<p>Diese Sammlung umfasst 36 B\u00fccher \u00fcber die ersten christlich-wissenschaftlichen Organisationen, wie die Kirche Christi (Wissenschaftler), die Vereinigung Christlicher Wissenschaftler und die Allgemeine Vereinigung der Lehrer:innen. Sie enthalten Mitgliederverzeichnisse, Versammlungsprotokolle und Buchhaltungsunterlagen. Zertifikate und Gr\u00fcndungsurkunden des Lehrinstituts f\u00fcr Metaphysik in Massachusetts geh\u00f6ren ebenfalls dazu. Diese Sammlung ist vollst\u00e4ndig bearbeitet.<\/p>\n<p><a class=\"button\" href=\"\/wp-content\/uploads\/2015\/03\/Early-Organizational-Records-INDEX.pdf\" target=\"_blank\" rel=\"noopener noreferrer\">Index<\/a><\/p>\n<p>[\/et_pb_toggle][\/et_pb_column][\/et_pb_row][et_pb_row column_structure=&#8221;1_2,1_2&#8243; _builder_version=&#8221;3.25&#8243; background_size=&#8221;initial&#8221; background_position=&#8221;top_left&#8221; background_repeat=&#8221;repeat&#8221; global_colors_info=&#8221;{}&#8221;][et_pb_column type=&#8221;1_2&#8243; _builder_version=&#8221;3.0.47&#8243; custom_padding=&#8221;|||&#8221; global_colors_info=&#8221;{}&#8221; custom_padding__hover=&#8221;|||&#8221;][et_pb_toggle title=&#8221;Feld-Sammlung, ca. 1890 bis zur Gegenwart&#8221; admin_label=&#8221;Field Collection, c. 1890-present Toggle&#8221; _builder_version=&#8221;4.14.7&#8243; hover_enabled=&#8221;0&#8243; global_colors_info=&#8221;{}&#8221; sticky_enabled=&#8221;0&#8243;]<\/p>\n<p>Die \u201eFeld-Sammlung\u201c besteht im Gegensatz zu den meisten organisatorischen Unterlagen der Ersten Kirche Christi, Wissenschaftler, vornehmlich aus Dokumenten, die von Organisationen von au\u00dferhalb eingegangen sind. Ab den 1930er-Jahren haben Zweigkirchen Christi, Wissenschaftler, ihre Kirchengeschichte, Fotos und anderen Unterlagen der Mutterkirche in Boston \u00fcberlassen. Die von den Kirchen \u00fcbergebenen Unterlagen enthalten im Allgemeinen Versammlungsprotokolle, Mitgliedsunterlagen und Materialien bez\u00fcglich ihres Geb\u00e4udes (Grundrisse und Fotos). Bitte beachten Sie: Nicht alle Materialien sind bearbeitet.<\/p>\n<p>[\/et_pb_toggle][\/et_pb_column][et_pb_column type=&#8221;1_2&#8243; _builder_version=&#8221;3.0.47&#8243; custom_padding=&#8221;|||&#8221; global_colors_info=&#8221;{}&#8221; custom_padding__hover=&#8221;|||&#8221;][et_pb_toggle title=&#8221;Sammlung ver\u00f6ffentlichter Vortr\u00e4ge, ca. 1905 bis zur Gegenwart&#8221; admin_label=&#8221;Published Lecture Collection, c. 1905-present Toggle&#8221; _builder_version=&#8221;3.7.1&#8243; global_colors_info=&#8221;{}&#8221;]<\/p>\n<p>Diese Sammlung deckt die Zeit vom Anfang des 20. Jahrhunderts bis zur Gegenwart ab und beinhaltet Vortr\u00e4ge der Mitglieder des Vortragsrats der Christlichen Wissenschaft, ein Rat, der der Ersten Kirche Christi, Wissenschaftler, angeh\u00f6rt. Diese Vortr\u00e4ge wurden vor Publikum gehalten und dann in Zeitungen und Zeitschriften in aller Welt ver\u00f6ffentlicht. Diese Sammlung ist alphabetisch nach Vortragender bzw. Vortragendem geordnet; innerhalb jedes Eintrags sind die Vortr\u00e4ge nach Titel, Namen der Publikation und Ver\u00f6ffentlichungsdatum sortiert.<\/p>\n<p>[\/et_pb_toggle][\/et_pb_column][\/et_pb_row][\/et_pb_section]<\/p>\n<\/div>","protected":false},"excerpt":{"rendered":"<p>Diese Sammlung ist ein dynamischer und wachsender Bereich mit Materialien zu vielen Aspekten und Aktivit\u00e4ten der Ersten Kirche Christi, Wissenschaftler, und der Verlagsgesellschaft der Christlichen Wissenschaft.<\/p>","protected":false},"author":6,"featured_media":0,"parent":49559,"menu_order":0,"comment_status":"closed","ping_status":"closed","template":"","meta":{"_et_pb_use_builder":"on","_et_pb_old_content":"","_et_gb_content_width":"","_oasis_is_in_workflow":0,"_oasis_original":0,"_oasis_task_priority":"","_relevanssi_hide_post":"","_relevanssi_hide_content":"","_relevanssi_pin_for_all":"","_relevanssi_pin_keywords":"","_relevanssi_unpin_keywords":"","_relevanssi_related_keywords":"","_relevanssi_related_include_ids":"","_relevanssi_related_exclude_ids":"","_relevanssi_related_no_append":"","_relevanssi_related_not_related":"","_relevanssi_related_posts":"","_relevanssi_noindex_reason":"","inline_featured_image":false,"episode_type":"","audio_file":"","podmotor_file_id":"","podmotor_episode_id":"","cover_image":"","cover_image_id":"","duration":"","filesize":"","filesize_raw":"","date_recorded":"","explicit":"","block":"","itunes_episode_number":"","itunes_title":"","itunes_season_number":"","itunes_episode_type":"","footnotes":""},"class_list":["post-49583","page","type-page","status-publish","hentry"],"yoast_head":"<!-- This site is optimized with the Yoast SEO plugin v27.3 - https:\/\/yoast.com\/product\/yoast-seo-wordpress\/ -->\n<title>Dokumente zur Organisation der Ersten Kirche Christi, Wissenschaftler - Die Mary Baker Eddy Bibliothek<\/title>\n<meta name=\"robots\" content=\"index, follow, max-snippet:-1, max-image-preview:large, max-video-preview:-1\" \/>\n<link rel=\"canonical\" href=\"https:\/\/www.marybakereddylibrary.org\/de\/recherche\/hilfsmittel\/dokumente-zur-organisation-der-ersten-kirche-christi-wissenschaftler\/\" \/>\n<meta property=\"og:locale\" content=\"de_DE\" \/>\n<meta property=\"og:type\" content=\"article\" \/>\n<meta property=\"og:title\" content=\"Dokumente zur Organisation der Ersten Kirche Christi, Wissenschaftler - Die Mary Baker Eddy Bibliothek\" \/>\n<meta property=\"og:description\" content=\"Diese Sammlung ist ein dynamischer und wachsender Bereich mit Materialien zu vielen Aspekten und Aktivit\u00e4ten der Ersten Kirche Christi, Wissenschaftler, und der Verlagsgesellschaft der Christlichen Wissenschaft.\" \/>\n<meta property=\"og:url\" content=\"https:\/\/www.marybakereddylibrary.org\/de\/recherche\/hilfsmittel\/dokumente-zur-organisation-der-ersten-kirche-christi-wissenschaftler\/\" \/>\n<meta property=\"og:site_name\" content=\"Die Mary Baker Eddy Bibliothek\" \/>\n<meta property=\"article:publisher\" content=\"https:\/\/www.facebook.com\/mbelibrary\" \/>\n<meta property=\"article:modified_time\" content=\"2022-08-08T23:31:14+00:00\" \/>\n<meta name=\"twitter:label1\" content=\"Gesch\u00e4tzte Lesezeit\" \/>\n\t<meta name=\"twitter:data1\" content=\"3 Minuten\" \/>\n<script type=\"application\/ld+json\" class=\"yoast-schema-graph\">{\"@context\":\"https:\\\/\\\/schema.org\",\"@graph\":[{\"@type\":\"WebPage\",\"@id\":\"https:\\\/\\\/www.marybakereddylibrary.org\\\/de\\\/recherche\\\/hilfsmittel\\\/dokumente-zur-organisation-der-ersten-kirche-christi-wissenschaftler\\\/\",\"url\":\"https:\\\/\\\/www.marybakereddylibrary.org\\\/de\\\/recherche\\\/hilfsmittel\\\/dokumente-zur-organisation-der-ersten-kirche-christi-wissenschaftler\\\/\",\"name\":\"Dokumente zur Organisation der Ersten Kirche Christi, Wissenschaftler - Die Mary Baker Eddy Bibliothek\",\"isPartOf\":{\"@id\":\"https:\\\/\\\/www.marybakereddylibrary.org\\\/de\\\/#website\"},\"datePublished\":\"2022-07-26T16:33:58+00:00\",\"dateModified\":\"2022-08-08T23:31:14+00:00\",\"breadcrumb\":{\"@id\":\"https:\\\/\\\/www.marybakereddylibrary.org\\\/de\\\/recherche\\\/hilfsmittel\\\/dokumente-zur-organisation-der-ersten-kirche-christi-wissenschaftler\\\/#breadcrumb\"},\"inLanguage\":\"de-DE\",\"potentialAction\":[{\"@type\":\"ReadAction\",\"target\":[\"https:\\\/\\\/www.marybakereddylibrary.org\\\/de\\\/recherche\\\/hilfsmittel\\\/dokumente-zur-organisation-der-ersten-kirche-christi-wissenschaftler\\\/\"]}]},{\"@type\":\"BreadcrumbList\",\"@id\":\"https:\\\/\\\/www.marybakereddylibrary.org\\\/de\\\/recherche\\\/hilfsmittel\\\/dokumente-zur-organisation-der-ersten-kirche-christi-wissenschaftler\\\/#breadcrumb\",\"itemListElement\":[{\"@type\":\"ListItem\",\"position\":1,\"name\":\"Startseite\",\"item\":\"https:\\\/\\\/www.marybakereddylibrary.org\\\/de\\\/\"},{\"@type\":\"ListItem\",\"position\":2,\"name\":\"Recherche\",\"item\":\"https:\\\/\\\/www.marybakereddylibrary.org\\\/de\\\/recherche\\\/\"},{\"@type\":\"ListItem\",\"position\":3,\"name\":\"Hilfsmittel\",\"item\":\"https:\\\/\\\/www.marybakereddylibrary.org\\\/de\\\/recherche\\\/hilfsmittel\\\/\"},{\"@type\":\"ListItem\",\"position\":4,\"name\":\"Dokumente zur Organisation der Ersten Kirche Christi, Wissenschaftler\"}]},{\"@type\":\"WebSite\",\"@id\":\"https:\\\/\\\/www.marybakereddylibrary.org\\\/de\\\/#website\",\"url\":\"https:\\\/\\\/www.marybakereddylibrary.org\\\/de\\\/\",\"name\":\"Die Mary Baker Eddy Bibliothek\",\"description\":\"\",\"publisher\":{\"@id\":\"https:\\\/\\\/www.marybakereddylibrary.org\\\/de\\\/#organization\"},\"potentialAction\":[{\"@type\":\"SearchAction\",\"target\":{\"@type\":\"EntryPoint\",\"urlTemplate\":\"https:\\\/\\\/www.marybakereddylibrary.org\\\/de\\\/?s={search_term_string}\"},\"query-input\":{\"@type\":\"PropertyValueSpecification\",\"valueRequired\":true,\"valueName\":\"search_term_string\"}}],\"inLanguage\":\"de-DE\"},{\"@type\":\"Organization\",\"@id\":\"https:\\\/\\\/www.marybakereddylibrary.org\\\/de\\\/#organization\",\"name\":\"The Mary Baker Eddy Library\",\"url\":\"https:\\\/\\\/www.marybakereddylibrary.org\\\/de\\\/\",\"logo\":{\"@type\":\"ImageObject\",\"inLanguage\":\"de-DE\",\"@id\":\"https:\\\/\\\/www.marybakereddylibrary.org\\\/de\\\/#\\\/schema\\\/logo\\\/image\\\/\",\"url\":\"https:\\\/\\\/www.marybakereddylibrary.org\\\/wp-content\\\/uploads\\\/2015\\\/03\\\/MBEL_logo_HR.jpg\",\"contentUrl\":\"https:\\\/\\\/www.marybakereddylibrary.org\\\/wp-content\\\/uploads\\\/2015\\\/03\\\/MBEL_logo_HR.jpg\",\"width\":2100,\"height\":2100,\"caption\":\"The Mary Baker Eddy Library\"},\"image\":{\"@id\":\"https:\\\/\\\/www.marybakereddylibrary.org\\\/de\\\/#\\\/schema\\\/logo\\\/image\\\/\"},\"sameAs\":[\"https:\\\/\\\/www.facebook.com\\\/mbelibrary\",\"https:\\\/\\\/x.com\\\/mbelibrary\",\"https:\\\/\\\/www.instagram.com\\\/mbelibrary\"]}]}<\/script>\n<!-- \/ Yoast SEO plugin. -->","yoast_head_json":{"title":"Dokumente zur Organisation der Ersten Kirche Christi, Wissenschaftler - Die Mary Baker Eddy Bibliothek","robots":{"index":"index","follow":"follow","max-snippet":"max-snippet:-1","max-image-preview":"max-image-preview:large","max-video-preview":"max-video-preview:-1"},"canonical":"https:\/\/www.marybakereddylibrary.org\/de\/recherche\/hilfsmittel\/dokumente-zur-organisation-der-ersten-kirche-christi-wissenschaftler\/","og_locale":"de_DE","og_type":"article","og_title":"Dokumente zur Organisation der Ersten Kirche Christi, Wissenschaftler - Die Mary Baker Eddy Bibliothek","og_description":"Diese Sammlung ist ein dynamischer und wachsender Bereich mit Materialien zu vielen Aspekten und Aktivit\u00e4ten der Ersten Kirche Christi, Wissenschaftler, und der Verlagsgesellschaft der Christlichen Wissenschaft.","og_url":"https:\/\/www.marybakereddylibrary.org\/de\/recherche\/hilfsmittel\/dokumente-zur-organisation-der-ersten-kirche-christi-wissenschaftler\/","og_site_name":"Die Mary Baker Eddy Bibliothek","article_publisher":"https:\/\/www.facebook.com\/mbelibrary","article_modified_time":"2022-08-08T23:31:14+00:00","twitter_misc":{"Gesch\u00e4tzte Lesezeit":"3 Minuten"},"schema":{"@context":"https:\/\/schema.org","@graph":[{"@type":"WebPage","@id":"https:\/\/www.marybakereddylibrary.org\/de\/recherche\/hilfsmittel\/dokumente-zur-organisation-der-ersten-kirche-christi-wissenschaftler\/","url":"https:\/\/www.marybakereddylibrary.org\/de\/recherche\/hilfsmittel\/dokumente-zur-organisation-der-ersten-kirche-christi-wissenschaftler\/","name":"Dokumente zur Organisation der Ersten Kirche Christi, Wissenschaftler - Die Mary Baker Eddy Bibliothek","isPartOf":{"@id":"https:\/\/www.marybakereddylibrary.org\/de\/#website"},"datePublished":"2022-07-26T16:33:58+00:00","dateModified":"2022-08-08T23:31:14+00:00","breadcrumb":{"@id":"https:\/\/www.marybakereddylibrary.org\/de\/recherche\/hilfsmittel\/dokumente-zur-organisation-der-ersten-kirche-christi-wissenschaftler\/#breadcrumb"},"inLanguage":"de-DE","potentialAction":[{"@type":"ReadAction","target":["https:\/\/www.marybakereddylibrary.org\/de\/recherche\/hilfsmittel\/dokumente-zur-organisation-der-ersten-kirche-christi-wissenschaftler\/"]}]},{"@type":"BreadcrumbList","@id":"https:\/\/www.marybakereddylibrary.org\/de\/recherche\/hilfsmittel\/dokumente-zur-organisation-der-ersten-kirche-christi-wissenschaftler\/#breadcrumb","itemListElement":[{"@type":"ListItem","position":1,"name":"Startseite","item":"https:\/\/www.marybakereddylibrary.org\/de\/"},{"@type":"ListItem","position":2,"name":"Recherche","item":"https:\/\/www.marybakereddylibrary.org\/de\/recherche\/"},{"@type":"ListItem","position":3,"name":"Hilfsmittel","item":"https:\/\/www.marybakereddylibrary.org\/de\/recherche\/hilfsmittel\/"},{"@type":"ListItem","position":4,"name":"Dokumente zur Organisation der Ersten Kirche Christi, Wissenschaftler"}]},{"@type":"WebSite","@id":"https:\/\/www.marybakereddylibrary.org\/de\/#website","url":"https:\/\/www.marybakereddylibrary.org\/de\/","name":"Die Mary Baker Eddy Bibliothek","description":"","publisher":{"@id":"https:\/\/www.marybakereddylibrary.org\/de\/#organization"},"potentialAction":[{"@type":"SearchAction","target":{"@type":"EntryPoint","urlTemplate":"https:\/\/www.marybakereddylibrary.org\/de\/?s={search_term_string}"},"query-input":{"@type":"PropertyValueSpecification","valueRequired":true,"valueName":"search_term_string"}}],"inLanguage":"de-DE"},{"@type":"Organization","@id":"https:\/\/www.marybakereddylibrary.org\/de\/#organization","name":"The Mary Baker Eddy Library","url":"https:\/\/www.marybakereddylibrary.org\/de\/","logo":{"@type":"ImageObject","inLanguage":"de-DE","@id":"https:\/\/www.marybakereddylibrary.org\/de\/#\/schema\/logo\/image\/","url":"https:\/\/www.marybakereddylibrary.org\/wp-content\/uploads\/2015\/03\/MBEL_logo_HR.jpg","contentUrl":"https:\/\/www.marybakereddylibrary.org\/wp-content\/uploads\/2015\/03\/MBEL_logo_HR.jpg","width":2100,"height":2100,"caption":"The Mary Baker Eddy Library"},"image":{"@id":"https:\/\/www.marybakereddylibrary.org\/de\/#\/schema\/logo\/image\/"},"sameAs":["https:\/\/www.facebook.com\/mbelibrary","https:\/\/x.com\/mbelibrary","https:\/\/www.instagram.com\/mbelibrary"]}]}},"_links":{"self":[{"href":"https:\/\/www.marybakereddylibrary.org\/de\/wp-json\/wp\/v2\/pages\/49583","targetHints":{"allow":["GET"]}}],"collection":[{"href":"https:\/\/www.marybakereddylibrary.org\/de\/wp-json\/wp\/v2\/pages"}],"about":[{"href":"https:\/\/www.marybakereddylibrary.org\/de\/wp-json\/wp\/v2\/types\/page"}],"author":[{"embeddable":true,"href":"https:\/\/www.marybakereddylibrary.org\/de\/wp-json\/wp\/v2\/users\/6"}],"replies":[{"embeddable":true,"href":"https:\/\/www.marybakereddylibrary.org\/de\/wp-json\/wp\/v2\/comments?post=49583"}],"version-history":[{"count":0,"href":"https:\/\/www.marybakereddylibrary.org\/de\/wp-json\/wp\/v2\/pages\/49583\/revisions"}],"up":[{"embeddable":true,"href":"https:\/\/www.marybakereddylibrary.org\/de\/wp-json\/wp\/v2\/pages\/49559"}],"wp:attachment":[{"href":"https:\/\/www.marybakereddylibrary.org\/de\/wp-json\/wp\/v2\/media?parent=49583"}],"curies":[{"name":"wp","href":"https:\/\/api.w.org\/{rel}","templated":true}]}}