{"id":51082,"date":"2022-08-09T16:48:05","date_gmt":"2022-08-09T20:48:05","guid":{"rendered":"https:\/\/www.marybakereddylibrary.org\/newsletters\/"},"modified":"2025-08-14T10:51:15","modified_gmt":"2025-08-14T14:51:15","slug":"newsletters","status":"publish","type":"page","link":"https:\/\/www.marybakereddylibrary.org\/de\/newsletters\/","title":{"rendered":"Newsletters"},"content":{"rendered":"<div id=\"modal-ready\"><p>[et_pb_section fb_built=&#8221;1&#8243; fullwidth=&#8221;on&#8221; _builder_version=&#8221;4.16&#8243; global_colors_info=&#8221;{}&#8221;][et_pb_fullwidth_post_title meta=&#8221;off&#8221; featured_image=&#8221;off&#8221; _builder_version=&#8221;4.16&#8243; global_colors_info=&#8221;{}&#8221;][\/et_pb_fullwidth_post_title][\/et_pb_section][et_pb_section fb_built=&#8221;1&#8243; _builder_version=&#8221;4.16&#8243; global_colors_info=&#8221;{}&#8221;][et_pb_row column_structure=&#8221;1_2,1_2&#8243; _builder_version=&#8221;4.16&#8243; background_size=&#8221;initial&#8221; background_position=&#8221;top_left&#8221; background_repeat=&#8221;repeat&#8221; global_colors_info=&#8221;{}&#8221;][et_pb_column type=&#8221;1_2&#8243; _builder_version=&#8221;4.16&#8243; custom_padding=&#8221;|||&#8221; global_colors_info=&#8221;{}&#8221; custom_padding__hover=&#8221;|||&#8221;][et_pb_text admin_label=&#8221;MBEL Signup form&#8221; _builder_version=&#8221;4.21.0&#8243; background_color=&#8221;#eeeeee&#8221; vertical_offset_tablet=&#8221;0&#8243; horizontal_offset_tablet=&#8221;0&#8243; custom_padding=&#8221;30px|30px|30px|30px&#8221; hover_enabled=&#8221;0&#8243; z_index_tablet=&#8221;500&#8243; text_text_shadow_horizontal_length_tablet=&#8221;0px&#8221; text_text_shadow_vertical_length_tablet=&#8221;0px&#8221; text_text_shadow_blur_strength_tablet=&#8221;1px&#8221; link_text_shadow_horizontal_length_tablet=&#8221;0px&#8221; link_text_shadow_vertical_length_tablet=&#8221;0px&#8221; link_text_shadow_blur_strength_tablet=&#8221;1px&#8221; ul_text_shadow_horizontal_length_tablet=&#8221;0px&#8221; ul_text_shadow_vertical_length_tablet=&#8221;0px&#8221; ul_text_shadow_blur_strength_tablet=&#8221;1px&#8221; ol_text_shadow_horizontal_length_tablet=&#8221;0px&#8221; ol_text_shadow_vertical_length_tablet=&#8221;0px&#8221; ol_text_shadow_blur_strength_tablet=&#8221;1px&#8221; quote_text_shadow_horizontal_length_tablet=&#8221;0px&#8221; quote_text_shadow_vertical_length_tablet=&#8221;0px&#8221; quote_text_shadow_blur_strength_tablet=&#8221;1px&#8221; header_text_shadow_horizontal_length_tablet=&#8221;0px&#8221; header_text_shadow_vertical_length_tablet=&#8221;0px&#8221; header_text_shadow_blur_strength_tablet=&#8221;1px&#8221; header_2_text_shadow_horizontal_length_tablet=&#8221;0px&#8221; header_2_text_shadow_vertical_length_tablet=&#8221;0px&#8221; header_2_text_shadow_blur_strength_tablet=&#8221;1px&#8221; header_3_text_shadow_horizontal_length_tablet=&#8221;0px&#8221; header_3_text_shadow_vertical_length_tablet=&#8221;0px&#8221; header_3_text_shadow_blur_strength_tablet=&#8221;1px&#8221; header_4_text_shadow_horizontal_length_tablet=&#8221;0px&#8221; header_4_text_shadow_vertical_length_tablet=&#8221;0px&#8221; header_4_text_shadow_blur_strength_tablet=&#8221;1px&#8221; header_5_text_shadow_horizontal_length_tablet=&#8221;0px&#8221; header_5_text_shadow_vertical_length_tablet=&#8221;0px&#8221; header_5_text_shadow_blur_strength_tablet=&#8221;1px&#8221; header_6_text_shadow_horizontal_length_tablet=&#8221;0px&#8221; header_6_text_shadow_vertical_length_tablet=&#8221;0px&#8221; header_6_text_shadow_blur_strength_tablet=&#8221;1px&#8221; box_shadow_horizontal_tablet=&#8221;0px&#8221; box_shadow_vertical_tablet=&#8221;0px&#8221; box_shadow_blur_tablet=&#8221;40px&#8221; box_shadow_spread_tablet=&#8221;0px&#8221; global_colors_info=&#8221;{}&#8221; sticky_enabled=&#8221;0&#8243;]<\/p>\n<h2>Der viertelj\u00e4hrliche Newsletter der Mary Baker Eddy Bibliothek (auf Deutsch)<\/h2>\n<p>Der Newsletter informiert Sie \u00fcber Ver\u00f6ffentlichungen neuer Artikel und Features und Sie bleiben mit der Bibliothek in Verbindung.<\/p>\n<p><a href=\"https:\/\/www.marybakereddylibrary.org\/wp-content\/uploads\/2025\/08\/AUG25-GER-MBEL.pdf\" target=\"_blank\" rel=\"noopener\"><em>Den neuesten Newsletter aufrufen<\/em><\/a><\/p>\n<p><strong>Um sich jetzt anzumelden, <a href=\"https:\/\/cloud.cssubs.com\/mbelgnewsletter\" target=\"_blank\" rel=\"noopener noreferrer\">klicken Sie bitte hier<\/a><\/strong>.<\/p>\n<p>[\/et_pb_text][\/et_pb_column][et_pb_column type=&#8221;1_2&#8243; _builder_version=&#8221;4.16&#8243; custom_padding=&#8221;|||&#8221; global_colors_info=&#8221;{}&#8221; custom_padding__hover=&#8221;|||&#8221;][et_pb_text admin_label=&#8221;MBEP Signup form&#8221; _builder_version=&#8221;4.16&#8243; background_color=&#8221;#eeeeee&#8221; vertical_offset_tablet=&#8221;0&#8243; horizontal_offset_tablet=&#8221;0&#8243; custom_padding=&#8221;30px|30px|30px|30px&#8221; z_index_tablet=&#8221;500&#8243; text_text_shadow_horizontal_length_tablet=&#8221;0px&#8221; text_text_shadow_vertical_length_tablet=&#8221;0px&#8221; text_text_shadow_blur_strength_tablet=&#8221;1px&#8221; link_text_shadow_horizontal_length_tablet=&#8221;0px&#8221; link_text_shadow_vertical_length_tablet=&#8221;0px&#8221; link_text_shadow_blur_strength_tablet=&#8221;1px&#8221; ul_text_shadow_horizontal_length_tablet=&#8221;0px&#8221; ul_text_shadow_vertical_length_tablet=&#8221;0px&#8221; ul_text_shadow_blur_strength_tablet=&#8221;1px&#8221; ol_text_shadow_horizontal_length_tablet=&#8221;0px&#8221; ol_text_shadow_vertical_length_tablet=&#8221;0px&#8221; ol_text_shadow_blur_strength_tablet=&#8221;1px&#8221; quote_text_shadow_horizontal_length_tablet=&#8221;0px&#8221; quote_text_shadow_vertical_length_tablet=&#8221;0px&#8221; quote_text_shadow_blur_strength_tablet=&#8221;1px&#8221; header_text_shadow_horizontal_length_tablet=&#8221;0px&#8221; header_text_shadow_vertical_length_tablet=&#8221;0px&#8221; header_text_shadow_blur_strength_tablet=&#8221;1px&#8221; header_2_text_shadow_horizontal_length_tablet=&#8221;0px&#8221; header_2_text_shadow_vertical_length_tablet=&#8221;0px&#8221; header_2_text_shadow_blur_strength_tablet=&#8221;1px&#8221; header_3_text_shadow_horizontal_length_tablet=&#8221;0px&#8221; header_3_text_shadow_vertical_length_tablet=&#8221;0px&#8221; header_3_text_shadow_blur_strength_tablet=&#8221;1px&#8221; header_4_text_shadow_horizontal_length_tablet=&#8221;0px&#8221; header_4_text_shadow_vertical_length_tablet=&#8221;0px&#8221; header_4_text_shadow_blur_strength_tablet=&#8221;1px&#8221; header_5_text_shadow_horizontal_length_tablet=&#8221;0px&#8221; header_5_text_shadow_vertical_length_tablet=&#8221;0px&#8221; header_5_text_shadow_blur_strength_tablet=&#8221;1px&#8221; header_6_text_shadow_horizontal_length_tablet=&#8221;0px&#8221; header_6_text_shadow_vertical_length_tablet=&#8221;0px&#8221; header_6_text_shadow_blur_strength_tablet=&#8221;1px&#8221; box_shadow_horizontal_tablet=&#8221;0px&#8221; box_shadow_vertical_tablet=&#8221;0px&#8221; box_shadow_blur_tablet=&#8221;40px&#8221; box_shadow_spread_tablet=&#8221;0px&#8221; global_colors_info=&#8221;{}&#8221;]<\/p>\n<h2>Andere Newsletters (auf Englisch)<\/h2>\n<p>Sie werden die monatlichen Nachrichten der Bibliothek und\/oder die viertelj\u00e4hrlichen Newsletter des Teams, das die Mary Baker Eddy Papers verwaltet, erhalten. Auf diese Weise bleiben Sie in Kontakt mit der Bibliothek und erfahren, was es Neues gibt, das wir erforschen.<\/p>\n<p><strong>Weitere Informationen (auf Englisch) zu diesen Newslettern und zur Anmeldung finden Sie <a href=\"https:\/\/www.marybakereddylibrary.org\/de\/newsletters\/\">hier<\/a><\/strong>.<\/p>\n<p>[\/et_pb_text][\/et_pb_column][\/et_pb_row][et_pb_row _builder_version=&#8221;4.16&#8243; background_size=&#8221;initial&#8221; background_position=&#8221;top_left&#8221; background_repeat=&#8221;repeat&#8221; global_colors_info=&#8221;{}&#8221;][et_pb_column type=&#8221;4_4&#8243; _builder_version=&#8221;4.16&#8243; custom_padding=&#8221;|||&#8221; global_colors_info=&#8221;{}&#8221; custom_padding__hover=&#8221;|||&#8221;][\/et_pb_column][\/et_pb_row][\/et_pb_section]<\/p>\n<\/div>","protected":false},"excerpt":{"rendered":"<p>Der viertelj\u00e4hrliche Newsletter der Mary Baker Eddy Bibliothek (auf Deutsch) Der Newsletter informiert Sie \u00fcber Ver\u00f6ffentlichungen neuer Artikel und Features und Sie bleiben mit der Bibliothek in Verbindung. Den neuesten Newsletter aufrufen Um sich jetzt anzumelden, klicken Sie bitte hier.Andere Newsletters (auf Englisch) Sie werden die monatlichen Nachrichten der Bibliothek und\/oder die viertelj\u00e4hrlichen Newsletter des [&hellip;]<\/p>","protected":false},"author":35,"featured_media":0,"parent":0,"menu_order":0,"comment_status":"closed","ping_status":"closed","template":"","meta":{"_et_pb_use_builder":"on","_et_pb_old_content":"","_et_gb_content_width":"","_oasis_is_in_workflow":0,"_oasis_original":0,"_oasis_task_priority":"","_relevanssi_hide_post":"","_relevanssi_hide_content":"","_relevanssi_pin_for_all":"","_relevanssi_pin_keywords":"","_relevanssi_unpin_keywords":"","_relevanssi_related_keywords":"","_relevanssi_related_include_ids":"","_relevanssi_related_exclude_ids":"","_relevanssi_related_no_append":"","_relevanssi_related_not_related":"","_relevanssi_related_posts":"","_relevanssi_noindex_reason":"","inline_featured_image":false,"episode_type":"","audio_file":"","podmotor_file_id":"","podmotor_episode_id":"","cover_image":"","cover_image_id":"","duration":"","filesize":"","filesize_raw":"","date_recorded":"","explicit":"","block":"","itunes_episode_number":"","itunes_title":"","itunes_season_number":"","itunes_episode_type":"","footnotes":""},"class_list":["post-51082","page","type-page","status-publish","hentry"],"yoast_head":"<!-- This site is optimized with the Yoast SEO plugin v27.4 - https:\/\/yoast.com\/product\/yoast-seo-wordpress\/ -->\n<title>Newsletters - Die Mary Baker Eddy Bibliothek<\/title>\n<meta name=\"robots\" content=\"index, follow, max-snippet:-1, max-image-preview:large, max-video-preview:-1\" \/>\n<link rel=\"canonical\" href=\"https:\/\/www.marybakereddylibrary.org\/de\/newsletters\/\" \/>\n<meta property=\"og:locale\" content=\"de_DE\" \/>\n<meta property=\"og:type\" content=\"article\" \/>\n<meta property=\"og:title\" content=\"Newsletters - Die Mary Baker Eddy Bibliothek\" \/>\n<meta property=\"og:description\" content=\"Der viertelj\u00e4hrliche Newsletter der Mary Baker Eddy Bibliothek (auf Deutsch) Der Newsletter informiert Sie \u00fcber Ver\u00f6ffentlichungen neuer Artikel und Features und Sie bleiben mit der Bibliothek in Verbindung. Den neuesten Newsletter aufrufen Um sich jetzt anzumelden, klicken Sie bitte hier.Andere Newsletters (auf Englisch) Sie werden die monatlichen Nachrichten der Bibliothek und\/oder die viertelj\u00e4hrlichen Newsletter des [&hellip;]\" \/>\n<meta property=\"og:url\" content=\"https:\/\/www.marybakereddylibrary.org\/de\/newsletters\/\" \/>\n<meta property=\"og:site_name\" content=\"Die Mary Baker Eddy Bibliothek\" \/>\n<meta property=\"article:publisher\" content=\"https:\/\/www.facebook.com\/mbelibrary\" \/>\n<meta property=\"article:modified_time\" content=\"2025-08-14T14:51:15+00:00\" \/>\n<meta name=\"twitter:label1\" content=\"Gesch\u00e4tzte Lesezeit\" \/>\n\t<meta name=\"twitter:data1\" content=\"1 Minute\" \/>\n<script type=\"application\/ld+json\" class=\"yoast-schema-graph\">{\"@context\":\"https:\\\/\\\/schema.org\",\"@graph\":[{\"@type\":\"WebPage\",\"@id\":\"https:\\\/\\\/www.marybakereddylibrary.org\\\/de\\\/newsletters\\\/\",\"url\":\"https:\\\/\\\/www.marybakereddylibrary.org\\\/de\\\/newsletters\\\/\",\"name\":\"Newsletters - Die Mary Baker Eddy Bibliothek\",\"isPartOf\":{\"@id\":\"https:\\\/\\\/www.marybakereddylibrary.org\\\/de\\\/#website\"},\"datePublished\":\"2022-08-09T20:48:05+00:00\",\"dateModified\":\"2025-08-14T14:51:15+00:00\",\"breadcrumb\":{\"@id\":\"https:\\\/\\\/www.marybakereddylibrary.org\\\/de\\\/newsletters\\\/#breadcrumb\"},\"inLanguage\":\"de-DE\",\"potentialAction\":[{\"@type\":\"ReadAction\",\"target\":[\"https:\\\/\\\/www.marybakereddylibrary.org\\\/de\\\/newsletters\\\/\"]}]},{\"@type\":\"BreadcrumbList\",\"@id\":\"https:\\\/\\\/www.marybakereddylibrary.org\\\/de\\\/newsletters\\\/#breadcrumb\",\"itemListElement\":[{\"@type\":\"ListItem\",\"position\":1,\"name\":\"Startseite\",\"item\":\"https:\\\/\\\/www.marybakereddylibrary.org\\\/de\\\/\"},{\"@type\":\"ListItem\",\"position\":2,\"name\":\"Newsletters\"}]},{\"@type\":\"WebSite\",\"@id\":\"https:\\\/\\\/www.marybakereddylibrary.org\\\/de\\\/#website\",\"url\":\"https:\\\/\\\/www.marybakereddylibrary.org\\\/de\\\/\",\"name\":\"Die Mary Baker Eddy Bibliothek\",\"description\":\"\",\"publisher\":{\"@id\":\"https:\\\/\\\/www.marybakereddylibrary.org\\\/de\\\/#organization\"},\"potentialAction\":[{\"@type\":\"SearchAction\",\"target\":{\"@type\":\"EntryPoint\",\"urlTemplate\":\"https:\\\/\\\/www.marybakereddylibrary.org\\\/de\\\/?s={search_term_string}\"},\"query-input\":{\"@type\":\"PropertyValueSpecification\",\"valueRequired\":true,\"valueName\":\"search_term_string\"}}],\"inLanguage\":\"de-DE\"},{\"@type\":\"Organization\",\"@id\":\"https:\\\/\\\/www.marybakereddylibrary.org\\\/de\\\/#organization\",\"name\":\"The Mary Baker Eddy Library\",\"url\":\"https:\\\/\\\/www.marybakereddylibrary.org\\\/de\\\/\",\"logo\":{\"@type\":\"ImageObject\",\"inLanguage\":\"de-DE\",\"@id\":\"https:\\\/\\\/www.marybakereddylibrary.org\\\/de\\\/#\\\/schema\\\/logo\\\/image\\\/\",\"url\":\"https:\\\/\\\/www.marybakereddylibrary.org\\\/wp-content\\\/uploads\\\/2015\\\/03\\\/MBEL_logo_HR.jpg\",\"contentUrl\":\"https:\\\/\\\/www.marybakereddylibrary.org\\\/wp-content\\\/uploads\\\/2015\\\/03\\\/MBEL_logo_HR.jpg\",\"width\":2100,\"height\":2100,\"caption\":\"The Mary Baker Eddy Library\"},\"image\":{\"@id\":\"https:\\\/\\\/www.marybakereddylibrary.org\\\/de\\\/#\\\/schema\\\/logo\\\/image\\\/\"},\"sameAs\":[\"https:\\\/\\\/www.facebook.com\\\/mbelibrary\",\"https:\\\/\\\/x.com\\\/mbelibrary\",\"https:\\\/\\\/www.instagram.com\\\/mbelibrary\"]}]}<\/script>\n<!-- \/ Yoast SEO plugin. -->","yoast_head_json":{"title":"Newsletters - Die Mary Baker Eddy Bibliothek","robots":{"index":"index","follow":"follow","max-snippet":"max-snippet:-1","max-image-preview":"max-image-preview:large","max-video-preview":"max-video-preview:-1"},"canonical":"https:\/\/www.marybakereddylibrary.org\/de\/newsletters\/","og_locale":"de_DE","og_type":"article","og_title":"Newsletters - Die Mary Baker Eddy Bibliothek","og_description":"Der viertelj\u00e4hrliche Newsletter der Mary Baker Eddy Bibliothek (auf Deutsch) Der Newsletter informiert Sie \u00fcber Ver\u00f6ffentlichungen neuer Artikel und Features und Sie bleiben mit der Bibliothek in Verbindung. Den neuesten Newsletter aufrufen Um sich jetzt anzumelden, klicken Sie bitte hier.Andere Newsletters (auf Englisch) Sie werden die monatlichen Nachrichten der Bibliothek und\/oder die viertelj\u00e4hrlichen Newsletter des [&hellip;]","og_url":"https:\/\/www.marybakereddylibrary.org\/de\/newsletters\/","og_site_name":"Die Mary Baker Eddy Bibliothek","article_publisher":"https:\/\/www.facebook.com\/mbelibrary","article_modified_time":"2025-08-14T14:51:15+00:00","twitter_misc":{"Gesch\u00e4tzte Lesezeit":"1 Minute"},"schema":{"@context":"https:\/\/schema.org","@graph":[{"@type":"WebPage","@id":"https:\/\/www.marybakereddylibrary.org\/de\/newsletters\/","url":"https:\/\/www.marybakereddylibrary.org\/de\/newsletters\/","name":"Newsletters - Die Mary Baker Eddy Bibliothek","isPartOf":{"@id":"https:\/\/www.marybakereddylibrary.org\/de\/#website"},"datePublished":"2022-08-09T20:48:05+00:00","dateModified":"2025-08-14T14:51:15+00:00","breadcrumb":{"@id":"https:\/\/www.marybakereddylibrary.org\/de\/newsletters\/#breadcrumb"},"inLanguage":"de-DE","potentialAction":[{"@type":"ReadAction","target":["https:\/\/www.marybakereddylibrary.org\/de\/newsletters\/"]}]},{"@type":"BreadcrumbList","@id":"https:\/\/www.marybakereddylibrary.org\/de\/newsletters\/#breadcrumb","itemListElement":[{"@type":"ListItem","position":1,"name":"Startseite","item":"https:\/\/www.marybakereddylibrary.org\/de\/"},{"@type":"ListItem","position":2,"name":"Newsletters"}]},{"@type":"WebSite","@id":"https:\/\/www.marybakereddylibrary.org\/de\/#website","url":"https:\/\/www.marybakereddylibrary.org\/de\/","name":"Die Mary Baker Eddy Bibliothek","description":"","publisher":{"@id":"https:\/\/www.marybakereddylibrary.org\/de\/#organization"},"potentialAction":[{"@type":"SearchAction","target":{"@type":"EntryPoint","urlTemplate":"https:\/\/www.marybakereddylibrary.org\/de\/?s={search_term_string}"},"query-input":{"@type":"PropertyValueSpecification","valueRequired":true,"valueName":"search_term_string"}}],"inLanguage":"de-DE"},{"@type":"Organization","@id":"https:\/\/www.marybakereddylibrary.org\/de\/#organization","name":"The Mary Baker Eddy Library","url":"https:\/\/www.marybakereddylibrary.org\/de\/","logo":{"@type":"ImageObject","inLanguage":"de-DE","@id":"https:\/\/www.marybakereddylibrary.org\/de\/#\/schema\/logo\/image\/","url":"https:\/\/www.marybakereddylibrary.org\/wp-content\/uploads\/2015\/03\/MBEL_logo_HR.jpg","contentUrl":"https:\/\/www.marybakereddylibrary.org\/wp-content\/uploads\/2015\/03\/MBEL_logo_HR.jpg","width":2100,"height":2100,"caption":"The Mary Baker Eddy Library"},"image":{"@id":"https:\/\/www.marybakereddylibrary.org\/de\/#\/schema\/logo\/image\/"},"sameAs":["https:\/\/www.facebook.com\/mbelibrary","https:\/\/x.com\/mbelibrary","https:\/\/www.instagram.com\/mbelibrary"]}]}},"_links":{"self":[{"href":"https:\/\/www.marybakereddylibrary.org\/de\/wp-json\/wp\/v2\/pages\/51082","targetHints":{"allow":["GET"]}}],"collection":[{"href":"https:\/\/www.marybakereddylibrary.org\/de\/wp-json\/wp\/v2\/pages"}],"about":[{"href":"https:\/\/www.marybakereddylibrary.org\/de\/wp-json\/wp\/v2\/types\/page"}],"author":[{"embeddable":true,"href":"https:\/\/www.marybakereddylibrary.org\/de\/wp-json\/wp\/v2\/users\/35"}],"replies":[{"embeddable":true,"href":"https:\/\/www.marybakereddylibrary.org\/de\/wp-json\/wp\/v2\/comments?post=51082"}],"version-history":[{"count":0,"href":"https:\/\/www.marybakereddylibrary.org\/de\/wp-json\/wp\/v2\/pages\/51082\/revisions"}],"wp:attachment":[{"href":"https:\/\/www.marybakereddylibrary.org\/de\/wp-json\/wp\/v2\/media?parent=51082"}],"curies":[{"name":"wp","href":"https:\/\/api.w.org\/{rel}","templated":true}]}}