{"id":19138,"date":"2017-12-05T13:36:13","date_gmt":"2017-12-05T18:36:13","guid":{"rendered":"https:\/\/www.marybakereddylibrary.org\/?page_id=19138\/"},"modified":"2018-03-12T15:02:26","modified_gmt":"2018-03-12T19:02:26","slug":"exposiciones-y-actividades","status":"publish","type":"page","link":"https:\/\/www.marybakereddylibrary.org\/es\/exposiciones-y-actividades\/","title":{"rendered":"Exposiciones y actividades"},"content":{"rendered":"<div id=\"modal-ready\"><p>[et_pb_section bb_built=&#8221;1&#8243; admin_label=&#8221;section&#8221; fullwidth=&#8221;on&#8221; specialty=&#8221;off&#8221;][et_pb_fullwidth_header admin_label=&#8221;Exposiciones y eventos \/ Exhibits and events&#8221; title=&#8221;Exposiciones y actividades&#8221; background_layout=&#8221;light&#8221; text_orientation=&#8221;left&#8221; header_fullscreen=&#8221;off&#8221; header_scroll_down=&#8221;off&#8221; parallax=&#8221;off&#8221; parallax_method=&#8221;off&#8221; content_orientation=&#8221;center&#8221; image_orientation=&#8221;center&#8221; custom_button_one=&#8221;off&#8221; button_one_letter_spacing=&#8221;0&#8243; button_one_use_icon=&#8221;default&#8221; button_one_icon_placement=&#8221;right&#8221; button_one_on_hover=&#8221;on&#8221; button_one_letter_spacing_hover=&#8221;0&#8243; custom_button_two=&#8221;off&#8221; button_two_letter_spacing=&#8221;0&#8243; button_two_use_icon=&#8221;default&#8221; button_two_icon_placement=&#8221;right&#8221; button_two_on_hover=&#8221;on&#8221; button_two_letter_spacing_hover=&#8221;0&#8243; _builder_version=&#8221;3.0.91&#8243; \/][\/et_pb_section][et_pb_section bb_built=&#8221;1&#8243; admin_label=&#8221;section&#8221; fullwidth=&#8221;off&#8221; specialty=&#8221;off&#8221;][et_pb_row background_position=&#8221;top_left&#8221; background_repeat=&#8221;repeat&#8221; background_size=&#8221;initial&#8221;][et_pb_column type=&#8221;1_3&#8243;][et_pb_text admin_label=&#8221;El Mapparium&#8221; background_layout=&#8221;light&#8221; use_border_color=&#8221;off&#8221; background_position=&#8221;top_left&#8221; background_repeat=&#8221;repeat&#8221; background_size=&#8221;initial&#8221; _builder_version=&#8221;3.0.91&#8243;]<\/p>\n<h3><strong>El Mapparium<\/strong><\/h3>\n<p><img loading=\"lazy\" decoding=\"async\" class=\"alignleft size-thumbnail wp-image-1002\" src=\"https:\/\/www.marybakereddylibrary.org\/wp-content\/uploads\/2015\/03\/Mapparium4_HR-150x150.jpg\" alt=\"\" width=\"150\" height=\"150\" srcset=\"https:\/\/www.marybakereddylibrary.org\/wp-content\/uploads\/2015\/03\/Mapparium4_HR-150x150.jpg 150w, https:\/\/www.marybakereddylibrary.org\/wp-content\/uploads\/2015\/03\/Mapparium4_HR-300x300.jpg 300w, https:\/\/www.marybakereddylibrary.org\/wp-content\/uploads\/2015\/03\/Mapparium4_HR-1024x1024.jpg 1024w, https:\/\/www.marybakereddylibrary.org\/wp-content\/uploads\/2015\/03\/Mapparium4_HR-1080x1080.jpg 1080w\" sizes=\"(max-width: 150px) 100vw, 150px\" \/>El Mapparium simboliza la misi\u00f3n global de <em>The Christian Science Monitor<\/em> y las dem\u00e1s revistas publicadas por La Sociedad Editora de la Ciencia Cristiana, incluyendo <em>El Heraldo de la Ciencia Cristiana<\/em> (edici\u00f3n en espa\u00f1ol). Los visitantes caminan por un puente hasta llegar al centro de la tierra, dentro un globo terr\u00e1queo de cristal de dos pisos de altura, rodeado por continentes y oc\u00e9anos representados mediante vitrales de colores luminosos.<\/p>\n<p>&nbsp;<\/p>\n<h4>Recorrido en audio<\/h4>\n<audio class=\"wp-audio-shortcode\" id=\"audio-19138-1\" preload=\"auto\" style=\"width: 100%;\" controls=\"controls\"><source type=\"audio\/mpeg\" src=\"https:\/\/media.csps.com\/mbel\/2018\/180126-mbel-spa-lib-tour-led.mp3?_=1\" \/><a href=\"https:\/\/media.csps.com\/mbel\/2018\/180126-mbel-spa-lib-tour-led.mp3\">https:\/\/media.csps.com\/mbel\/2018\/180126-mbel-spa-lib-tour-led.mp3<\/a><\/audio>\n<p>[\/et_pb_text][\/et_pb_column][et_pb_column type=&#8221;1_3&#8243;][et_pb_text admin_label=&#8221;Exposiciones&#8221; background_layout=&#8221;light&#8221; text_orientation=&#8221;left&#8221; use_border_color=&#8221;off&#8221; border_color=&#8221;#ffffff&#8221; border_style=&#8221;solid&#8221; background_position=&#8221;top_left&#8221; background_repeat=&#8221;repeat&#8221; background_size=&#8221;initial&#8221; _builder_version=&#8221;3.0.91&#8243; border_color_all=&#8221;#ffffff&#8221; border_style_all=&#8221;solid&#8221;]<\/p>\n<h3><strong>Exposiciones<\/strong><\/h3>\n<p><img loading=\"lazy\" decoding=\"async\" class=\"alignleft size-thumbnail wp-image-5194\" src=\"https:\/\/www.marybakereddylibrary.org\/wp-content\/uploads\/2015\/10\/Eli2-150x150.jpg\" alt=\"\" width=\"150\" height=\"150\" \/>Las exposiciones temporales exploran el efecto de las ideas pioneras de Mary Baker Eddy. Una nueva exhibici\u00f3n, titulada <em>Fervent Hearts, Willing Hands: Christian Science from Discovery to Global Movement<\/em> [Corazones fervorosos, manos dispuestas: La Ciencia Cristiana desde su descubrimiento hasta su transformaci\u00f3n en un movimiento mundial] presenta a los visitantes las distintas formas en que personas de todo el mundo han sido inspiradas por las ense\u00f1anzas de la Ciencia Cristiana.<\/p>\n<p>[\/et_pb_text][\/et_pb_column][et_pb_column type=&#8221;1_3&#8243;][et_pb_text admin_label=&#8221;Ev\u00e9nements \/ Events&#8221; background_layout=&#8221;light&#8221; text_orientation=&#8221;left&#8221; use_border_color=&#8221;off&#8221; background_position=&#8221;top_left&#8221; background_repeat=&#8221;repeat&#8221; background_size=&#8221;initial&#8221; _builder_version=&#8221;3.0.91&#8243;]<\/p>\n<h3><strong>Eventos<\/strong><\/h3>\n<p><img loading=\"lazy\" decoding=\"async\" class=\"alignleft size-thumbnail wp-image-5790\" src=\"https:\/\/www.marybakereddylibrary.org\/wp-content\/uploads\/2016\/01\/GarrettsGift2-5-e1483732119301-150x150.jpg\" alt=\"\" width=\"150\" height=\"150\" \/>La Biblioteca auspicia diversos eventos y actividades p\u00fablicos <em>in situ<\/em> cada a\u00f1o. Adem\u00e1s, los webcasts, o transmisiones por Internet (en ingl\u00e9s \u00fanicamente), ofrecen al p\u00fablico internacional oportunidades de disfrutar programas sobre diversos temas. Los oyentes pueden hacer preguntas antes y durante las transmisiones. Para conocer los pr\u00f3ximos webcasts vea el calendario en la p\u00e1gina principal.<\/p>\n<p>[\/et_pb_text][\/et_pb_column][\/et_pb_row][\/et_pb_section]<\/p>\n<\/div>","protected":false},"excerpt":{"rendered":"<p>El Mapparium El Mapparium simboliza la misi\u00f3n global de The Christian Science Monitor y las dem\u00e1s revistas publicadas por La Sociedad Editora de la Ciencia Cristiana, incluyendo El Heraldo de la Ciencia Cristiana (edici\u00f3n en espa\u00f1ol). Los visitantes caminan por un puente hasta llegar al centro de la tierra, dentro un globo terr\u00e1queo de cristal [&hellip;]<\/p>","protected":false},"author":6,"featured_media":0,"parent":0,"menu_order":0,"comment_status":"open","ping_status":"open","template":"","meta":{"_et_pb_use_builder":"on","_et_pb_old_content":"","_et_gb_content_width":"","_oasis_is_in_workflow":0,"_oasis_original":0,"_oasis_task_priority":"","_relevanssi_hide_post":"","_relevanssi_hide_content":"","_relevanssi_pin_for_all":"","_relevanssi_pin_keywords":"","_relevanssi_unpin_keywords":"","_relevanssi_related_keywords":"","_relevanssi_related_include_ids":"","_relevanssi_related_exclude_ids":"","_relevanssi_related_no_append":"","_relevanssi_related_not_related":"","_relevanssi_related_posts":"","_relevanssi_noindex_reason":"","inline_featured_image":false,"episode_type":"","audio_file":"","podmotor_file_id":"","podmotor_episode_id":"","cover_image":"","cover_image_id":"","duration":"","filesize":"","filesize_raw":"","date_recorded":"","explicit":"","block":"","itunes_episode_number":"","itunes_title":"","itunes_season_number":"","itunes_episode_type":"","footnotes":""},"class_list":["post-19138","page","type-page","status-publish","hentry"],"yoast_head":"<!-- This site is optimized with the Yoast SEO plugin v27.4 - https:\/\/yoast.com\/product\/yoast-seo-wordpress\/ -->\n<title>Exposiciones y actividades - La Biblioteca Mary Baker Eddy<\/title>\n<meta name=\"robots\" content=\"index, follow, max-snippet:-1, max-image-preview:large, max-video-preview:-1\" \/>\n<link rel=\"canonical\" href=\"https:\/\/www.marybakereddylibrary.org\/es\/exposiciones-y-actividades\/\" \/>\n<meta property=\"og:locale\" content=\"es_ES\" \/>\n<meta property=\"og:type\" content=\"article\" \/>\n<meta property=\"og:title\" content=\"Exposiciones y actividades - La Biblioteca Mary Baker Eddy\" \/>\n<meta property=\"og:description\" content=\"El Mapparium El Mapparium simboliza la misi\u00f3n global de The Christian Science Monitor y las dem\u00e1s revistas publicadas por La Sociedad Editora de la Ciencia Cristiana, incluyendo El Heraldo de la Ciencia Cristiana (edici\u00f3n en espa\u00f1ol). Los visitantes caminan por un puente hasta llegar al centro de la tierra, dentro un globo terr\u00e1queo de cristal [&hellip;]\" \/>\n<meta property=\"og:url\" content=\"https:\/\/www.marybakereddylibrary.org\/es\/exposiciones-y-actividades\/\" \/>\n<meta property=\"og:site_name\" content=\"La Biblioteca Mary Baker Eddy\" \/>\n<meta property=\"article:publisher\" content=\"https:\/\/www.facebook.com\/mbelibrary\" \/>\n<meta property=\"article:modified_time\" content=\"2018-03-12T19:02:26+00:00\" \/>\n<meta property=\"og:image\" content=\"https:\/\/www.marybakereddylibrary.org\/wp-content\/uploads\/2015\/03\/Mapparium4_HR-150x150.jpg\" \/>\n<meta name=\"twitter:label1\" content=\"Tiempo de lectura\" \/>\n\t<meta name=\"twitter:data1\" content=\"3 minutos\" \/>\n<script type=\"application\/ld+json\" class=\"yoast-schema-graph\">{\"@context\":\"https:\\\/\\\/schema.org\",\"@graph\":[{\"@type\":\"WebPage\",\"@id\":\"https:\\\/\\\/www.marybakereddylibrary.org\\\/es\\\/exposiciones-y-actividades\\\/\",\"url\":\"https:\\\/\\\/www.marybakereddylibrary.org\\\/es\\\/exposiciones-y-actividades\\\/\",\"name\":\"Exposiciones y actividades - La Biblioteca Mary Baker Eddy\",\"isPartOf\":{\"@id\":\"https:\\\/\\\/www.marybakereddylibrary.org\\\/es\\\/#website\"},\"primaryImageOfPage\":{\"@id\":\"https:\\\/\\\/www.marybakereddylibrary.org\\\/es\\\/exposiciones-y-actividades\\\/#primaryimage\"},\"image\":{\"@id\":\"https:\\\/\\\/www.marybakereddylibrary.org\\\/es\\\/exposiciones-y-actividades\\\/#primaryimage\"},\"thumbnailUrl\":\"https:\\\/\\\/www.marybakereddylibrary.org\\\/wp-content\\\/uploads\\\/2015\\\/03\\\/Mapparium4_HR-150x150.jpg\",\"datePublished\":\"2017-12-05T18:36:13+00:00\",\"dateModified\":\"2018-03-12T19:02:26+00:00\",\"breadcrumb\":{\"@id\":\"https:\\\/\\\/www.marybakereddylibrary.org\\\/es\\\/exposiciones-y-actividades\\\/#breadcrumb\"},\"inLanguage\":\"es\",\"potentialAction\":[{\"@type\":\"ReadAction\",\"target\":[\"https:\\\/\\\/www.marybakereddylibrary.org\\\/es\\\/exposiciones-y-actividades\\\/\"]}]},{\"@type\":\"ImageObject\",\"inLanguage\":\"es\",\"@id\":\"https:\\\/\\\/www.marybakereddylibrary.org\\\/es\\\/exposiciones-y-actividades\\\/#primaryimage\",\"url\":\"https:\\\/\\\/www.marybakereddylibrary.org\\\/wp-content\\\/uploads\\\/2015\\\/03\\\/Mapparium4_HR-150x150.jpg\",\"contentUrl\":\"https:\\\/\\\/www.marybakereddylibrary.org\\\/wp-content\\\/uploads\\\/2015\\\/03\\\/Mapparium4_HR-150x150.jpg\"},{\"@type\":\"BreadcrumbList\",\"@id\":\"https:\\\/\\\/www.marybakereddylibrary.org\\\/es\\\/exposiciones-y-actividades\\\/#breadcrumb\",\"itemListElement\":[{\"@type\":\"ListItem\",\"position\":1,\"name\":\"Home\",\"item\":\"https:\\\/\\\/www.marybakereddylibrary.org\\\/es\\\/\"},{\"@type\":\"ListItem\",\"position\":2,\"name\":\"Exposiciones y actividades\"}]},{\"@type\":\"WebSite\",\"@id\":\"https:\\\/\\\/www.marybakereddylibrary.org\\\/es\\\/#website\",\"url\":\"https:\\\/\\\/www.marybakereddylibrary.org\\\/es\\\/\",\"name\":\"La Biblioteca Mary Baker Eddy\",\"description\":\"\",\"publisher\":{\"@id\":\"https:\\\/\\\/www.marybakereddylibrary.org\\\/es\\\/#organization\"},\"potentialAction\":[{\"@type\":\"SearchAction\",\"target\":{\"@type\":\"EntryPoint\",\"urlTemplate\":\"https:\\\/\\\/www.marybakereddylibrary.org\\\/es\\\/?s={search_term_string}\"},\"query-input\":{\"@type\":\"PropertyValueSpecification\",\"valueRequired\":true,\"valueName\":\"search_term_string\"}}],\"inLanguage\":\"es\"},{\"@type\":\"Organization\",\"@id\":\"https:\\\/\\\/www.marybakereddylibrary.org\\\/es\\\/#organization\",\"name\":\"The Mary Baker Eddy Library\",\"url\":\"https:\\\/\\\/www.marybakereddylibrary.org\\\/es\\\/\",\"logo\":{\"@type\":\"ImageObject\",\"inLanguage\":\"es\",\"@id\":\"https:\\\/\\\/www.marybakereddylibrary.org\\\/es\\\/#\\\/schema\\\/logo\\\/image\\\/\",\"url\":\"https:\\\/\\\/www.marybakereddylibrary.org\\\/wp-content\\\/uploads\\\/2015\\\/03\\\/MBEL_logo_HR.jpg\",\"contentUrl\":\"https:\\\/\\\/www.marybakereddylibrary.org\\\/wp-content\\\/uploads\\\/2015\\\/03\\\/MBEL_logo_HR.jpg\",\"width\":2100,\"height\":2100,\"caption\":\"The Mary Baker Eddy Library\"},\"image\":{\"@id\":\"https:\\\/\\\/www.marybakereddylibrary.org\\\/es\\\/#\\\/schema\\\/logo\\\/image\\\/\"},\"sameAs\":[\"https:\\\/\\\/www.facebook.com\\\/mbelibrary\",\"https:\\\/\\\/x.com\\\/mbelibrary\",\"https:\\\/\\\/www.instagram.com\\\/mbelibrary\"]}]}<\/script>\n<!-- \/ Yoast SEO plugin. -->","yoast_head_json":{"title":"Exposiciones y actividades - La Biblioteca Mary Baker Eddy","robots":{"index":"index","follow":"follow","max-snippet":"max-snippet:-1","max-image-preview":"max-image-preview:large","max-video-preview":"max-video-preview:-1"},"canonical":"https:\/\/www.marybakereddylibrary.org\/es\/exposiciones-y-actividades\/","og_locale":"es_ES","og_type":"article","og_title":"Exposiciones y actividades - La Biblioteca Mary Baker Eddy","og_description":"El Mapparium El Mapparium simboliza la misi\u00f3n global de The Christian Science Monitor y las dem\u00e1s revistas publicadas por La Sociedad Editora de la Ciencia Cristiana, incluyendo El Heraldo de la Ciencia Cristiana (edici\u00f3n en espa\u00f1ol). Los visitantes caminan por un puente hasta llegar al centro de la tierra, dentro un globo terr\u00e1queo de cristal [&hellip;]","og_url":"https:\/\/www.marybakereddylibrary.org\/es\/exposiciones-y-actividades\/","og_site_name":"La Biblioteca Mary Baker Eddy","article_publisher":"https:\/\/www.facebook.com\/mbelibrary","article_modified_time":"2018-03-12T19:02:26+00:00","og_image":[{"url":"https:\/\/www.marybakereddylibrary.org\/wp-content\/uploads\/2015\/03\/Mapparium4_HR-150x150.jpg","type":"","width":"","height":""}],"twitter_misc":{"Tiempo de lectura":"3 minutos"},"schema":{"@context":"https:\/\/schema.org","@graph":[{"@type":"WebPage","@id":"https:\/\/www.marybakereddylibrary.org\/es\/exposiciones-y-actividades\/","url":"https:\/\/www.marybakereddylibrary.org\/es\/exposiciones-y-actividades\/","name":"Exposiciones y actividades - La Biblioteca Mary Baker Eddy","isPartOf":{"@id":"https:\/\/www.marybakereddylibrary.org\/es\/#website"},"primaryImageOfPage":{"@id":"https:\/\/www.marybakereddylibrary.org\/es\/exposiciones-y-actividades\/#primaryimage"},"image":{"@id":"https:\/\/www.marybakereddylibrary.org\/es\/exposiciones-y-actividades\/#primaryimage"},"thumbnailUrl":"https:\/\/www.marybakereddylibrary.org\/wp-content\/uploads\/2015\/03\/Mapparium4_HR-150x150.jpg","datePublished":"2017-12-05T18:36:13+00:00","dateModified":"2018-03-12T19:02:26+00:00","breadcrumb":{"@id":"https:\/\/www.marybakereddylibrary.org\/es\/exposiciones-y-actividades\/#breadcrumb"},"inLanguage":"es","potentialAction":[{"@type":"ReadAction","target":["https:\/\/www.marybakereddylibrary.org\/es\/exposiciones-y-actividades\/"]}]},{"@type":"ImageObject","inLanguage":"es","@id":"https:\/\/www.marybakereddylibrary.org\/es\/exposiciones-y-actividades\/#primaryimage","url":"https:\/\/www.marybakereddylibrary.org\/wp-content\/uploads\/2015\/03\/Mapparium4_HR-150x150.jpg","contentUrl":"https:\/\/www.marybakereddylibrary.org\/wp-content\/uploads\/2015\/03\/Mapparium4_HR-150x150.jpg"},{"@type":"BreadcrumbList","@id":"https:\/\/www.marybakereddylibrary.org\/es\/exposiciones-y-actividades\/#breadcrumb","itemListElement":[{"@type":"ListItem","position":1,"name":"Home","item":"https:\/\/www.marybakereddylibrary.org\/es\/"},{"@type":"ListItem","position":2,"name":"Exposiciones y actividades"}]},{"@type":"WebSite","@id":"https:\/\/www.marybakereddylibrary.org\/es\/#website","url":"https:\/\/www.marybakereddylibrary.org\/es\/","name":"La Biblioteca Mary Baker Eddy","description":"","publisher":{"@id":"https:\/\/www.marybakereddylibrary.org\/es\/#organization"},"potentialAction":[{"@type":"SearchAction","target":{"@type":"EntryPoint","urlTemplate":"https:\/\/www.marybakereddylibrary.org\/es\/?s={search_term_string}"},"query-input":{"@type":"PropertyValueSpecification","valueRequired":true,"valueName":"search_term_string"}}],"inLanguage":"es"},{"@type":"Organization","@id":"https:\/\/www.marybakereddylibrary.org\/es\/#organization","name":"The Mary Baker Eddy Library","url":"https:\/\/www.marybakereddylibrary.org\/es\/","logo":{"@type":"ImageObject","inLanguage":"es","@id":"https:\/\/www.marybakereddylibrary.org\/es\/#\/schema\/logo\/image\/","url":"https:\/\/www.marybakereddylibrary.org\/wp-content\/uploads\/2015\/03\/MBEL_logo_HR.jpg","contentUrl":"https:\/\/www.marybakereddylibrary.org\/wp-content\/uploads\/2015\/03\/MBEL_logo_HR.jpg","width":2100,"height":2100,"caption":"The Mary Baker Eddy Library"},"image":{"@id":"https:\/\/www.marybakereddylibrary.org\/es\/#\/schema\/logo\/image\/"},"sameAs":["https:\/\/www.facebook.com\/mbelibrary","https:\/\/x.com\/mbelibrary","https:\/\/www.instagram.com\/mbelibrary"]}]}},"_links":{"self":[{"href":"https:\/\/www.marybakereddylibrary.org\/es\/wp-json\/wp\/v2\/pages\/19138","targetHints":{"allow":["GET"]}}],"collection":[{"href":"https:\/\/www.marybakereddylibrary.org\/es\/wp-json\/wp\/v2\/pages"}],"about":[{"href":"https:\/\/www.marybakereddylibrary.org\/es\/wp-json\/wp\/v2\/types\/page"}],"author":[{"embeddable":true,"href":"https:\/\/www.marybakereddylibrary.org\/es\/wp-json\/wp\/v2\/users\/6"}],"replies":[{"embeddable":true,"href":"https:\/\/www.marybakereddylibrary.org\/es\/wp-json\/wp\/v2\/comments?post=19138"}],"version-history":[{"count":0,"href":"https:\/\/www.marybakereddylibrary.org\/es\/wp-json\/wp\/v2\/pages\/19138\/revisions"}],"wp:attachment":[{"href":"https:\/\/www.marybakereddylibrary.org\/es\/wp-json\/wp\/v2\/media?parent=19138"}],"curies":[{"name":"wp","href":"https:\/\/api.w.org\/{rel}","templated":true}]}}