{"id":49810,"date":"2022-07-27T08:34:27","date_gmt":"2022-07-27T12:34:27","guid":{"rendered":"https:\/\/www.marybakereddylibrary.org\/mary-baker-eddy\/"},"modified":"2026-02-17T14:42:39","modified_gmt":"2026-02-17T19:42:39","slug":"mary-baker-eddy","status":"publish","type":"page","link":"https:\/\/www.marybakereddylibrary.org\/es\/mary-baker-eddy\/","title":{"rendered":"Mary Baker Eddy"},"content":{"rendered":"<div id=\"modal-ready\"><p>[et_pb_section fb_built=&#8221;1&#8243; fullwidth=&#8221;on&#8221; _builder_version=&#8221;4.16&#8243; _module_preset=&#8221;default&#8221; global_colors_info=&#8221;{}&#8221;][et_pb_fullwidth_header title=&#8221;Mary Baker Eddy&#8221; _builder_version=&#8221;4.16&#8243; _module_preset=&#8221;default&#8221; global_colors_info=&#8221;{}&#8221;][\/et_pb_fullwidth_header][\/et_pb_section][et_pb_section fb_built=&#8221;1&#8243; _builder_version=&#8221;4.16&#8243; _module_preset=&#8221;default&#8221; custom_margin=&#8221;||||false|false&#8221; global_colors_info=&#8221;{}&#8221;][et_pb_row column_structure=&#8221;1_4,3_4&#8243; _builder_version=&#8221;4.16&#8243; _module_preset=&#8221;default&#8221; global_colors_info=&#8221;{}&#8221;][et_pb_column type=&#8221;1_4&#8243; _builder_version=&#8221;4.16&#8243; _module_preset=&#8221;default&#8221; global_colors_info=&#8221;{}&#8221;][et_pb_image src=&#8221;https:\/\/www.marybakereddylibrary.org\/wp-content\/uploads\/2022\/01\/Screen-Shot-2022-01-19-at-11.25.34-AM.png&#8221; alt=&#8221;Mary Baker Eddy, 1900. P00217&#8243; title_text=&#8221;Screen Shot 2022-01-19 at 11.25.34 AM&#8221; admin_label=&#8221;Image&#8221; _builder_version=&#8221;4.16&#8243; _module_preset=&#8221;default&#8221; custom_padding=&#8221;7px||||false|false&#8221; global_colors_info=&#8221;{}&#8221;][\/et_pb_image][\/et_pb_column][et_pb_column type=&#8221;3_4&#8243; _builder_version=&#8221;4.16&#8243; _module_preset=&#8221;default&#8221; global_colors_info=&#8221;{}&#8221;][et_pb_text ul_item_indent=&#8221;5px&#8221; admin_label=&#8221;Header 2: Explore the life, ideas, and achievements of Mary Baker Eddy, who: + Bullets&#8221; _builder_version=&#8221;4.16&#8243; _module_preset=&#8221;default&#8221; ul_text_align=&#8221;left&#8221; global_colors_info=&#8221;{}&#8221;]<\/p>\n<h2>Explore la vida, las ideas y los logros de Mary Baker Eddy, una mujer que:<\/h2>\n<ul>\n<li>Vivi\u00f3 en Estados Unidos desde 1821 hasta 1910<\/li>\n<li>Amaba la Biblia y fue criada en una familia cristiana devota<\/li>\n<li>Cuestion\u00f3 las ideas tradicionales acerca de Dios, la salud y la curaci\u00f3n<\/li>\n<li>Descubri\u00f3 la Ciencia Cristiana en 1866<\/li>\n<li>Public\u00f3 su libro <em>Ciencia y Salud<\/em> en 1875<\/li>\n<li>Fue una de las pocas mujeres que fund\u00f3 una iglesia internacional<\/li>\n<li>Fund\u00f3 <em>The Christian Science Monitor<\/em> en 1908<\/li>\n<\/ul>\n<p>[\/et_pb_text][\/et_pb_column][\/et_pb_row][\/et_pb_section][et_pb_section fb_built=&#8221;1&#8243; disabled_on=&#8221;off|off|off&#8221; admin_label=&#8221;More on MBE Section \u2014 Layout option A&#8221; _builder_version=&#8221;4.16&#8243; _module_preset=&#8221;default&#8221; custom_margin=&#8221;||||false|false&#8221; custom_padding=&#8221;||||false|false&#8221; global_colors_info=&#8221;{}&#8221;][et_pb_row _builder_version=&#8221;4.21.0&#8243; _module_preset=&#8221;default&#8221; custom_margin=&#8221;||-30px||false|false&#8221; global_colors_info=&#8221;{}&#8221;][et_pb_column type=&#8221;4_4&#8243; _builder_version=&#8221;4.16&#8243; _module_preset=&#8221;default&#8221; global_colors_info=&#8221;{}&#8221;][et_pb_code admin_label=&#8221;CODE: Horizontal rule + header:  Find out more about the life of Mary Baker Eddy&#8221; _builder_version=&#8221;4.16&#8243; _module_preset=&#8221;default&#8221; custom_margin=&#8221;||-15px||false|false&#8221; custom_padding=&#8221;0px||||false|false&#8221; global_colors_info=&#8221;{}&#8221;]<\/p>\n<hr \/>\n<p>\n<!-- [et_pb_line_break_holder] -->\n<!-- [et_pb_line_break_holder] -->\n<\/p>\n<h2>M\u00e1s informaci\u00f3n:\n<!-- [et_pb_line_break_holder] -->\n<\/h2>\n<p>[\/et_pb_code][et_pb_code admin_label=&#8221;Video anchor&#8221; _builder_version=&#8221;4.27.5&#8243; _module_preset=&#8221;default&#8221; global_colors_info=&#8221;{}&#8221;]<\/p>\n<div id=\"video\"><\/div>\n<p>[\/et_pb_code][\/et_pb_column][\/et_pb_row][et_pb_row column_structure=&#8221;1_3,2_3&#8243; disabled_on=&#8221;off|off|off&#8221; _builder_version=&#8221;4.21.0&#8243; _module_preset=&#8221;default&#8221; background_color=&#8221;#FFFFFF&#8221; custom_margin=&#8221;30px||||false|false&#8221; global_colors_info=&#8221;{}&#8221;][et_pb_column type=&#8221;1_3&#8243; _builder_version=&#8221;4.16&#8243; _module_preset=&#8221;default&#8221; global_colors_info=&#8221;{}&#8221;][et_pb_text _builder_version=&#8221;4.27.5&#8243; _module_preset=&#8221;default&#8221; global_colors_info=&#8221;{}&#8221;]<\/p>\n<h3>Mary Baker Eddy: Una&nbsp;vida&nbsp;de&nbsp;descubrimiento<\/h3>\n<p>Mary Baker Eddy pas\u00f3 de ser una desconocida a convertirse en una de las mujeres m\u00e1s prominentes de finales del siglo XIX y comienzos del siglo XX. Como descubridora y fundadora de la Ciencia Cristiana, sus ideas y escritos han tenido una profunda influencia en la religi\u00f3n, el cuidado de la salud, la industria editorial y el periodismo.<\/p>\n<p>[\/et_pb_text][\/et_pb_column][et_pb_column type=&#8221;2_3&#8243; _builder_version=&#8221;4.16&#8243; _module_preset=&#8221;default&#8221; global_colors_info=&#8221;{}&#8221;][et_pb_text _builder_version=&#8221;4.27.5&#8243; _module_preset=&#8221;default&#8221; hover_enabled=&#8221;0&#8243; sticky_enabled=&#8221;0&#8243;]\n<script src=\"https:\/\/cdn.jwplayer.com\/players\/T4sSgSc1-MnJ5jV6x.js\"><\/script>\n[\/et_pb_text][\/et_pb_column][\/et_pb_row][et_pb_row column_structure=&#8221;1_3,1_3,1_3&#8243; disabled_on=&#8221;off|off|off&#8221; _builder_version=&#8221;4.16&#8243; _module_preset=&#8221;default&#8221; global_colors_info=&#8221;{}&#8221;][et_pb_column type=&#8221;1_3&#8243; _builder_version=&#8221;4.16&#8243; _module_preset=&#8221;default&#8221; global_colors_info=&#8221;{}&#8221;][et_pb_image src=&#8221;https:\/\/www.marybakereddylibrary.org\/wp-content\/uploads\/2021\/12\/MBE_Painting_Crop_1200x750px.jpg&#8221; title_text=&#8221;MBE_Painting_Crop_1200x750px&#8221; url=&#8221;https:\/\/www.marybakereddylibrary.org\/es\/mary-baker-eddy\/mary-baker-eddy-lectura-rapida\/&#8221; admin_label=&#8221;Quick read image \u2014 cropped MBE painting (linked)&#8221; _builder_version=&#8221;4.16&#8243; _module_preset=&#8221;default&#8221; global_colors_info=&#8221;{}&#8221;][\/et_pb_image][et_pb_text admin_label=&#8221;Linked header: Mary Baker Eddy \u2014 Quick read&#8221; _builder_version=&#8221;4.16&#8243; _module_preset=&#8221;default&#8221; link_option_url=&#8221;https:\/\/www.marybakereddylibrary.org\/es\/mary-baker-eddy\/mary-baker-eddy-lectura-rapida\/&#8221; global_colors_info=&#8221;{}&#8221;]<\/p>\n<h2>Lectura r\u00e1pida<\/h2>\n<p>[\/et_pb_text][\/et_pb_column][et_pb_column type=&#8221;1_3&#8243; _builder_version=&#8221;4.16&#8243; _module_preset=&#8221;default&#8221; global_colors_info=&#8221;{}&#8221;][et_pb_image src=&#8221;https:\/\/www.marybakereddylibrary.org\/wp-content\/uploads\/2021\/12\/MBE-Bible_800x500xratio.jpg&#8221; title_text=&#8221;MBE-Bible_800x500xratio&#8221; url=&#8221;https:\/\/www.marybakereddylibrary.org\/es\/mary-baker-eddy\/mary-baker-eddy-lectura-profunda\/&#8221; admin_label=&#8221;Deep read image \u2014 Baker Family Bible image (linked)&#8221; _builder_version=&#8221;4.16&#8243; _module_preset=&#8221;default&#8221; global_colors_info=&#8221;{}&#8221;][\/et_pb_image][et_pb_text admin_label=&#8221;Linked header: Mary Baker Eddy \u2014 Deep read&#8221; _builder_version=&#8221;4.16&#8243; _module_preset=&#8221;default&#8221; link_option_url=&#8221;https:\/\/www.marybakereddylibrary.org\/es\/mary-baker-eddy\/mary-baker-eddy-lectura-profunda\/&#8221; global_colors_info=&#8221;{}&#8221;]<\/p>\n<h2>Lectura profunda<\/h2>\n<p>[\/et_pb_text][\/et_pb_column][et_pb_column type=&#8221;1_3&#8243; _builder_version=&#8221;4.16&#8243; _module_preset=&#8221;default&#8221; global_colors_info=&#8221;{}&#8221;][et_pb_image src=&#8221;https:\/\/www.marybakereddylibrary.org\/wp-content\/uploads\/2018\/03\/Poems_Exhibit_Header_800x500px.jpg&#8221; alt=&#8221;Selections of poems by Mary Baker Eddy exhibit&#8221; title_text=&#8221;Poems_Exhibit_Header_800x500px&#8221; url=&#8221;https:\/\/www.marybakereddylibrary.org\/es\/mary-baker-eddy\/escritos\/&#8221; admin_label=&#8221;Writings (Poems book) image (linked)&#8221; _builder_version=&#8221;4.16&#8243; _module_preset=&#8221;default&#8221; global_colors_info=&#8221;{}&#8221;][\/et_pb_image][et_pb_text admin_label=&#8221;Linked header: Writings&#8221; _builder_version=&#8221;4.16&#8243; _module_preset=&#8221;default&#8221; link_option_url=&#8221;https:\/\/www.marybakereddylibrary.org\/es\/mary-baker-eddy\/escritos\/&#8221; global_colors_info=&#8221;{}&#8221;]<\/p>\n<h2>Escritos<\/h2>\n<p>[\/et_pb_text][\/et_pb_column][\/et_pb_row][et_pb_row column_structure=&#8221;1_4,1_4,1_4,1_4&#8243; disabled_on=&#8221;on|on|on&#8221; _builder_version=&#8221;4.16&#8243; _module_preset=&#8221;default&#8221; disabled=&#8221;on&#8221; global_colors_info=&#8221;{}&#8221;][et_pb_column type=&#8221;1_4&#8243; _builder_version=&#8221;4.16&#8243; _module_preset=&#8221;default&#8221; global_colors_info=&#8221;{}&#8221;][et_pb_image src=&#8221;https:\/\/www.marybakereddylibrary.org\/wp-content\/uploads\/2021\/12\/MBE_Painting_Crop_1200x750px.jpg&#8221; title_text=&#8221;MBE_Painting_Crop_1200x750px&#8221; url=&#8221;https:\/\/www.marybakereddylibrary.org\/es\/mary-baker-eddy\/mary-baker-eddy-lectura-rapida\/&#8221; admin_label=&#8221;Quick read image \u2014 cropped MBE painting (linked)&#8221; _builder_version=&#8221;4.16&#8243; _module_preset=&#8221;default&#8221; global_colors_info=&#8221;{}&#8221;][\/et_pb_image][et_pb_text admin_label=&#8221;Linked header: Mary Baker Eddy \u2014 Quick read&#8221; _builder_version=&#8221;4.16&#8243; _module_preset=&#8221;default&#8221; link_option_url=&#8221;https:\/\/www.marybakereddylibrary.org\/es\/mary-baker-eddy\/mary-baker-eddy-lectura-rapida\/&#8221; global_colors_info=&#8221;{}&#8221;]<\/p>\n<h2>Lectura r\u00e1pida<\/h2>\n<p>[\/et_pb_text][\/et_pb_column][et_pb_column type=&#8221;1_4&#8243; _builder_version=&#8221;4.16&#8243; _module_preset=&#8221;default&#8221; global_colors_info=&#8221;{}&#8221;][et_pb_image src=&#8221;https:\/\/www.marybakereddylibrary.org\/wp-content\/uploads\/2021\/12\/MBE-Bible_800x500xratio.jpg&#8221; title_text=&#8221;MBE-Bible_800x500xratio&#8221; url=&#8221;https:\/\/www.marybakereddylibrary.org\/es\/mary-baker-eddy\/mary-baker-eddy-lectura-profunda\/&#8221; admin_label=&#8221;Deep read image \u2014 Baker Family Bible image (linked)&#8221; _builder_version=&#8221;4.16&#8243; _module_preset=&#8221;default&#8221; global_colors_info=&#8221;{}&#8221;][\/et_pb_image][et_pb_text admin_label=&#8221;Linked header: Mary Baker Eddy \u2014 Deep read&#8221; _builder_version=&#8221;4.16&#8243; _module_preset=&#8221;default&#8221; link_option_url=&#8221;https:\/\/www.marybakereddylibrary.org\/es\/mary-baker-eddy\/mary-baker-eddy-lectura-profunda\/&#8221; global_colors_info=&#8221;{}&#8221;]<\/p>\n<h2>Lectura profunda<\/h2>\n<p>[\/et_pb_text][\/et_pb_column][et_pb_column type=&#8221;1_4&#8243; _builder_version=&#8221;4.16&#8243; _module_preset=&#8221;default&#8221; global_colors_info=&#8221;{}&#8221;][et_pb_image src=&#8221;https:\/\/www.marybakereddylibrary.org\/wp-content\/uploads\/2018\/03\/Poems_Exhibit_Header_800x500px.jpg&#8221; alt=&#8221;Selections of poems by Mary Baker Eddy exhibit&#8221; title_text=&#8221;Poems_Exhibit_Header_800x500px&#8221; url=&#8221;https:\/\/www.marybakereddylibrary.org\/es\/mary-baker-eddy\/escritos\/&#8221; admin_label=&#8221;Writings (Poems book) image (linked)&#8221; _builder_version=&#8221;4.16&#8243; _module_preset=&#8221;default&#8221; global_colors_info=&#8221;{}&#8221;][\/et_pb_image][et_pb_text admin_label=&#8221;Linked header: Writings&#8221; _builder_version=&#8221;4.16&#8243; _module_preset=&#8221;default&#8221; link_option_url=&#8221;https:\/\/www.marybakereddylibrary.org\/es\/mary-baker-eddy\/escritos\/&#8221; global_colors_info=&#8221;{}&#8221;]<\/p>\n<h2>Escritos<\/h2>\n<p>[\/et_pb_text][\/et_pb_column][et_pb_column type=&#8221;1_4&#8243; _builder_version=&#8221;4.16&#8243; _module_preset=&#8221;default&#8221; global_colors_info=&#8221;{}&#8221;][et_pb_image src=&#8221;https:\/\/www.marybakereddylibrary.org\/wp-content\/uploads\/2021\/12\/mbe_biography_Gillian-Gill_800x500px-1.jpg&#8221; title_text=&#8221;mbe_biography_Gillian-Gill_800x500px&#8221; url=&#8221;https:\/\/www.marybakereddylibrary.org\/es\/mary-baker-eddy\/su-vida-y-su-legado-video\/&#8221; admin_label=&#8221;Bigographies image \u2014 Gillian Gill&nbsp;%22Mary Baker Eddy%22 book cover (linked)&#8221; _builder_version=&#8221;4.16&#8243; _module_preset=&#8221;default&#8221; border_width_all=&#8221;1px&#8221; border_color_all=&#8221;gcid-18d32b98-b60c-415c-ad06-75ea94f16e19&#8243; global_colors_info=&#8221;{%22gcid-18d32b98-b60c-415c-ad06-75ea94f16e19%22:%91%22border_color_all%22%93}&#8221;][\/et_pb_image][et_pb_text admin_label=&#8221;Linked header: Biographies&#8221; _builder_version=&#8221;4.16&#8243; _module_preset=&#8221;default&#8221; link_option_url=&#8221;https:\/\/www.marybakereddylibrary.org\/es\/mary-baker-eddy\/su-vida-y-su-legado-video\/&#8221; global_colors_info=&#8221;{}&#8221;]<\/p>\n<h2>Su vida y su legado (video)<\/h2>\n<p>[\/et_pb_text][\/et_pb_column][\/et_pb_row][\/et_pb_section]<\/p>\n<\/div>","protected":false},"excerpt":{"rendered":"<p>Explore la vida, las ideas y los logros de Mary Baker Eddy, una mujer que: Vivi\u00f3 en Estados Unidos desde 1821 hasta 1910 Amaba la Biblia y fue criada en una familia cristiana devota Cuestion\u00f3 las ideas tradicionales acerca de Dios, la salud y la curaci\u00f3n Descubri\u00f3 la Ciencia Cristiana en 1866 Public\u00f3 su libro [&hellip;]<\/p>","protected":false},"author":6,"featured_media":0,"parent":0,"menu_order":0,"comment_status":"closed","ping_status":"closed","template":"","meta":{"_et_pb_use_builder":"on","_et_pb_old_content":"","_et_gb_content_width":"","_oasis_is_in_workflow":0,"_oasis_original":0,"_oasis_task_priority":"","_relevanssi_hide_post":"","_relevanssi_hide_content":"","_relevanssi_pin_for_all":"","_relevanssi_pin_keywords":"","_relevanssi_unpin_keywords":"","_relevanssi_related_keywords":"","_relevanssi_related_include_ids":"","_relevanssi_related_exclude_ids":"","_relevanssi_related_no_append":"","_relevanssi_related_not_related":"","_relevanssi_related_posts":"","_relevanssi_noindex_reason":"","inline_featured_image":false,"episode_type":"","audio_file":"","podmotor_file_id":"","podmotor_episode_id":"","cover_image":"","cover_image_id":"","duration":"","filesize":"","filesize_raw":"","date_recorded":"","explicit":"","block":"","itunes_episode_number":"","itunes_title":"","itunes_season_number":"","itunes_episode_type":"","footnotes":""},"class_list":["post-49810","page","type-page","status-publish","hentry"],"yoast_head":"<!-- This site is optimized with the Yoast SEO plugin v27.3 - https:\/\/yoast.com\/product\/yoast-seo-wordpress\/ -->\n<title>Mary Baker Eddy - La Biblioteca Mary Baker Eddy<\/title>\n<meta name=\"robots\" content=\"index, follow, max-snippet:-1, max-image-preview:large, max-video-preview:-1\" \/>\n<link rel=\"canonical\" href=\"https:\/\/www.marybakereddylibrary.org\/es\/mary-baker-eddy\/\" \/>\n<meta property=\"og:locale\" content=\"es_ES\" \/>\n<meta property=\"og:type\" content=\"article\" \/>\n<meta property=\"og:title\" content=\"Mary Baker Eddy - La Biblioteca Mary Baker Eddy\" \/>\n<meta property=\"og:description\" content=\"Explore la vida, las ideas y los logros de Mary Baker Eddy, una mujer que: Vivi\u00f3 en Estados Unidos desde 1821 hasta 1910 Amaba la Biblia y fue criada en una familia cristiana devota Cuestion\u00f3 las ideas tradicionales acerca de Dios, la salud y la curaci\u00f3n Descubri\u00f3 la Ciencia Cristiana en 1866 Public\u00f3 su libro [&hellip;]\" \/>\n<meta property=\"og:url\" content=\"https:\/\/www.marybakereddylibrary.org\/es\/mary-baker-eddy\/\" \/>\n<meta property=\"og:site_name\" content=\"La Biblioteca Mary Baker Eddy\" \/>\n<meta property=\"article:publisher\" content=\"https:\/\/www.facebook.com\/mbelibrary\" \/>\n<meta property=\"article:modified_time\" content=\"2026-02-17T19:42:39+00:00\" \/>\n<meta name=\"twitter:label1\" content=\"Tiempo de lectura\" \/>\n\t<meta name=\"twitter:data1\" content=\"2 minutos\" \/>\n<script type=\"application\/ld+json\" class=\"yoast-schema-graph\">{\"@context\":\"https:\\\/\\\/schema.org\",\"@graph\":[{\"@type\":\"WebPage\",\"@id\":\"https:\\\/\\\/www.marybakereddylibrary.org\\\/es\\\/mary-baker-eddy\\\/\",\"url\":\"https:\\\/\\\/www.marybakereddylibrary.org\\\/es\\\/mary-baker-eddy\\\/\",\"name\":\"Mary Baker Eddy - La Biblioteca Mary Baker Eddy\",\"isPartOf\":{\"@id\":\"https:\\\/\\\/www.marybakereddylibrary.org\\\/es\\\/#website\"},\"datePublished\":\"2022-07-27T12:34:27+00:00\",\"dateModified\":\"2026-02-17T19:42:39+00:00\",\"breadcrumb\":{\"@id\":\"https:\\\/\\\/www.marybakereddylibrary.org\\\/es\\\/mary-baker-eddy\\\/#breadcrumb\"},\"inLanguage\":\"es\",\"potentialAction\":[{\"@type\":\"ReadAction\",\"target\":[\"https:\\\/\\\/www.marybakereddylibrary.org\\\/es\\\/mary-baker-eddy\\\/\"]}]},{\"@type\":\"BreadcrumbList\",\"@id\":\"https:\\\/\\\/www.marybakereddylibrary.org\\\/es\\\/mary-baker-eddy\\\/#breadcrumb\",\"itemListElement\":[{\"@type\":\"ListItem\",\"position\":1,\"name\":\"Home\",\"item\":\"https:\\\/\\\/www.marybakereddylibrary.org\\\/es\\\/\"},{\"@type\":\"ListItem\",\"position\":2,\"name\":\"Mary Baker Eddy\"}]},{\"@type\":\"WebSite\",\"@id\":\"https:\\\/\\\/www.marybakereddylibrary.org\\\/es\\\/#website\",\"url\":\"https:\\\/\\\/www.marybakereddylibrary.org\\\/es\\\/\",\"name\":\"La Biblioteca Mary Baker Eddy\",\"description\":\"\",\"publisher\":{\"@id\":\"https:\\\/\\\/www.marybakereddylibrary.org\\\/es\\\/#organization\"},\"potentialAction\":[{\"@type\":\"SearchAction\",\"target\":{\"@type\":\"EntryPoint\",\"urlTemplate\":\"https:\\\/\\\/www.marybakereddylibrary.org\\\/es\\\/?s={search_term_string}\"},\"query-input\":{\"@type\":\"PropertyValueSpecification\",\"valueRequired\":true,\"valueName\":\"search_term_string\"}}],\"inLanguage\":\"es\"},{\"@type\":\"Organization\",\"@id\":\"https:\\\/\\\/www.marybakereddylibrary.org\\\/es\\\/#organization\",\"name\":\"The Mary Baker Eddy Library\",\"url\":\"https:\\\/\\\/www.marybakereddylibrary.org\\\/es\\\/\",\"logo\":{\"@type\":\"ImageObject\",\"inLanguage\":\"es\",\"@id\":\"https:\\\/\\\/www.marybakereddylibrary.org\\\/es\\\/#\\\/schema\\\/logo\\\/image\\\/\",\"url\":\"https:\\\/\\\/www.marybakereddylibrary.org\\\/wp-content\\\/uploads\\\/2015\\\/03\\\/MBEL_logo_HR.jpg\",\"contentUrl\":\"https:\\\/\\\/www.marybakereddylibrary.org\\\/wp-content\\\/uploads\\\/2015\\\/03\\\/MBEL_logo_HR.jpg\",\"width\":2100,\"height\":2100,\"caption\":\"The Mary Baker Eddy Library\"},\"image\":{\"@id\":\"https:\\\/\\\/www.marybakereddylibrary.org\\\/es\\\/#\\\/schema\\\/logo\\\/image\\\/\"},\"sameAs\":[\"https:\\\/\\\/www.facebook.com\\\/mbelibrary\",\"https:\\\/\\\/x.com\\\/mbelibrary\",\"https:\\\/\\\/www.instagram.com\\\/mbelibrary\"]}]}<\/script>\n<!-- \/ Yoast SEO plugin. -->","yoast_head_json":{"title":"Mary Baker Eddy - La Biblioteca Mary Baker Eddy","robots":{"index":"index","follow":"follow","max-snippet":"max-snippet:-1","max-image-preview":"max-image-preview:large","max-video-preview":"max-video-preview:-1"},"canonical":"https:\/\/www.marybakereddylibrary.org\/es\/mary-baker-eddy\/","og_locale":"es_ES","og_type":"article","og_title":"Mary Baker Eddy - La Biblioteca Mary Baker Eddy","og_description":"Explore la vida, las ideas y los logros de Mary Baker Eddy, una mujer que: Vivi\u00f3 en Estados Unidos desde 1821 hasta 1910 Amaba la Biblia y fue criada en una familia cristiana devota Cuestion\u00f3 las ideas tradicionales acerca de Dios, la salud y la curaci\u00f3n Descubri\u00f3 la Ciencia Cristiana en 1866 Public\u00f3 su libro [&hellip;]","og_url":"https:\/\/www.marybakereddylibrary.org\/es\/mary-baker-eddy\/","og_site_name":"La Biblioteca Mary Baker Eddy","article_publisher":"https:\/\/www.facebook.com\/mbelibrary","article_modified_time":"2026-02-17T19:42:39+00:00","twitter_misc":{"Tiempo de lectura":"2 minutos"},"schema":{"@context":"https:\/\/schema.org","@graph":[{"@type":"WebPage","@id":"https:\/\/www.marybakereddylibrary.org\/es\/mary-baker-eddy\/","url":"https:\/\/www.marybakereddylibrary.org\/es\/mary-baker-eddy\/","name":"Mary Baker Eddy - La Biblioteca Mary Baker Eddy","isPartOf":{"@id":"https:\/\/www.marybakereddylibrary.org\/es\/#website"},"datePublished":"2022-07-27T12:34:27+00:00","dateModified":"2026-02-17T19:42:39+00:00","breadcrumb":{"@id":"https:\/\/www.marybakereddylibrary.org\/es\/mary-baker-eddy\/#breadcrumb"},"inLanguage":"es","potentialAction":[{"@type":"ReadAction","target":["https:\/\/www.marybakereddylibrary.org\/es\/mary-baker-eddy\/"]}]},{"@type":"BreadcrumbList","@id":"https:\/\/www.marybakereddylibrary.org\/es\/mary-baker-eddy\/#breadcrumb","itemListElement":[{"@type":"ListItem","position":1,"name":"Home","item":"https:\/\/www.marybakereddylibrary.org\/es\/"},{"@type":"ListItem","position":2,"name":"Mary Baker Eddy"}]},{"@type":"WebSite","@id":"https:\/\/www.marybakereddylibrary.org\/es\/#website","url":"https:\/\/www.marybakereddylibrary.org\/es\/","name":"La Biblioteca Mary Baker Eddy","description":"","publisher":{"@id":"https:\/\/www.marybakereddylibrary.org\/es\/#organization"},"potentialAction":[{"@type":"SearchAction","target":{"@type":"EntryPoint","urlTemplate":"https:\/\/www.marybakereddylibrary.org\/es\/?s={search_term_string}"},"query-input":{"@type":"PropertyValueSpecification","valueRequired":true,"valueName":"search_term_string"}}],"inLanguage":"es"},{"@type":"Organization","@id":"https:\/\/www.marybakereddylibrary.org\/es\/#organization","name":"The Mary Baker Eddy Library","url":"https:\/\/www.marybakereddylibrary.org\/es\/","logo":{"@type":"ImageObject","inLanguage":"es","@id":"https:\/\/www.marybakereddylibrary.org\/es\/#\/schema\/logo\/image\/","url":"https:\/\/www.marybakereddylibrary.org\/wp-content\/uploads\/2015\/03\/MBEL_logo_HR.jpg","contentUrl":"https:\/\/www.marybakereddylibrary.org\/wp-content\/uploads\/2015\/03\/MBEL_logo_HR.jpg","width":2100,"height":2100,"caption":"The Mary Baker Eddy Library"},"image":{"@id":"https:\/\/www.marybakereddylibrary.org\/es\/#\/schema\/logo\/image\/"},"sameAs":["https:\/\/www.facebook.com\/mbelibrary","https:\/\/x.com\/mbelibrary","https:\/\/www.instagram.com\/mbelibrary"]}]}},"_links":{"self":[{"href":"https:\/\/www.marybakereddylibrary.org\/es\/wp-json\/wp\/v2\/pages\/49810","targetHints":{"allow":["GET"]}}],"collection":[{"href":"https:\/\/www.marybakereddylibrary.org\/es\/wp-json\/wp\/v2\/pages"}],"about":[{"href":"https:\/\/www.marybakereddylibrary.org\/es\/wp-json\/wp\/v2\/types\/page"}],"author":[{"embeddable":true,"href":"https:\/\/www.marybakereddylibrary.org\/es\/wp-json\/wp\/v2\/users\/6"}],"replies":[{"embeddable":true,"href":"https:\/\/www.marybakereddylibrary.org\/es\/wp-json\/wp\/v2\/comments?post=49810"}],"version-history":[{"count":1,"href":"https:\/\/www.marybakereddylibrary.org\/es\/wp-json\/wp\/v2\/pages\/49810\/revisions"}],"predecessor-version":[{"id":97289,"href":"https:\/\/www.marybakereddylibrary.org\/es\/wp-json\/wp\/v2\/pages\/49810\/revisions\/97289"}],"wp:attachment":[{"href":"https:\/\/www.marybakereddylibrary.org\/es\/wp-json\/wp\/v2\/media?parent=49810"}],"curies":[{"name":"wp","href":"https:\/\/api.w.org\/{rel}","templated":true}]}}