{"id":50850,"date":"2022-08-08T16:20:27","date_gmt":"2022-08-08T20:20:27","guid":{"rendered":"https:\/\/www.marybakereddylibrary.org\/archivos-sobre-la-organizacion-de-la-primera-iglesia-de-cristo-cientifico\/"},"modified":"2022-08-08T17:00:21","modified_gmt":"2022-08-08T21:00:21","slug":"archivos-sobre-la-organizacion-de-la-primera-iglesia-de-cristo-cientifico","status":"publish","type":"page","link":"https:\/\/www.marybakereddylibrary.org\/es\/investigacion\/ayudas-para-hacer-busquedas\/archivos-sobre-la-organizacion-de-la-primera-iglesia-de-cristo-cientifico\/","title":{"rendered":"Archivos sobre la organizaci\u00f3n de La Primera Iglesia de Cristo, Cient\u00edfico"},"content":{"rendered":"<div id=\"modal-ready\"><p>[et_pb_section fb_built=&#8221;1&#8243; fullwidth=&#8221;on&#8221; admin_label=&#8221;section&#8221; _builder_version=&#8221;3.22&#8243; global_colors_info=&#8221;{}&#8221;][et_pb_fullwidth_post_title meta=&#8221;off&#8221; featured_image=&#8221;off&#8221; _builder_version=&#8221;3.29.3&#8243; z_index_tablet=&#8221;500&#8243; title_text_shadow_horizontal_length_tablet=&#8221;0px&#8221; title_text_shadow_vertical_length_tablet=&#8221;0px&#8221; title_text_shadow_blur_strength_tablet=&#8221;1px&#8221; meta_text_shadow_horizontal_length_tablet=&#8221;0px&#8221; meta_text_shadow_vertical_length_tablet=&#8221;0px&#8221; meta_text_shadow_blur_strength_tablet=&#8221;1px&#8221; box_shadow_horizontal_tablet=&#8221;0px&#8221; box_shadow_vertical_tablet=&#8221;0px&#8221; box_shadow_blur_tablet=&#8221;40px&#8221; box_shadow_spread_tablet=&#8221;0px&#8221; text_shadow_horizontal_length_tablet=&#8221;0px&#8221; text_shadow_vertical_length_tablet=&#8221;0px&#8221; text_shadow_blur_strength_tablet=&#8221;1px&#8221; global_colors_info=&#8221;{}&#8221;][\/et_pb_fullwidth_post_title][\/et_pb_section][et_pb_section fb_built=&#8221;1&#8243; _builder_version=&#8221;3.22&#8243; global_colors_info=&#8221;{}&#8221;][et_pb_row _builder_version=&#8221;3.25&#8243; background_size=&#8221;initial&#8221; background_position=&#8221;top_left&#8221; background_repeat=&#8221;repeat&#8221; global_colors_info=&#8221;{}&#8221;][et_pb_column type=&#8221;4_4&#8243; _builder_version=&#8221;3.0.47&#8243; custom_padding=&#8221;|||&#8221; global_colors_info=&#8221;{}&#8221; custom_padding__hover=&#8221;|||&#8221;][et_pb_text admin_label=&#8221;Intro Text&#8221; _builder_version=&#8221;4.14.7&#8243; background_size=&#8221;initial&#8221; background_position=&#8221;top_left&#8221; background_repeat=&#8221;repeat&#8221; vertical_offset_tablet=&#8221;0&#8243; horizontal_offset_tablet=&#8221;0&#8243; z_index_tablet=&#8221;500&#8243; border_color_all=&#8221;#ffffff&#8221; box_shadow_horizontal_tablet=&#8221;0px&#8221; box_shadow_vertical_tablet=&#8221;0px&#8221; box_shadow_blur_tablet=&#8221;40px&#8221; box_shadow_spread_tablet=&#8221;0px&#8221; use_border_color=&#8221;off&#8221; global_colors_info=&#8221;{}&#8221;]<\/p>\n<p>Esta colecci\u00f3n es un conjunto de materiales activos y en crecimiento que documentan muchas facetas y actividades de La Primera Iglesia de Cristo, Cient\u00edfico y de La Sociedad Editora de la Ciencia Cristiana.<\/p>\n<p>Para acceder a los manuscritos de Mary Baker Eddy, visite <a href=\"https:\/\/mbepapers.org\">mbepapers.org<\/a>. Este sitio Web est\u00e1 constantemente agregando nuevo contenido. Actualmente incluye transcripciones comentadas y documentos escaneados desde 1872 hasta 1885.<\/p>\n<p>[\/et_pb_text][\/et_pb_column][\/et_pb_row][\/et_pb_section][et_pb_section fb_built=&#8221;1&#8243; _builder_version=&#8221;4.4.7&#8243; background_color=&#8221;#ffffff&#8221; vertical_offset_tablet=&#8221;0&#8243; horizontal_offset_tablet=&#8221;0&#8243; z_index_tablet=&#8221;0&#8243; box_shadow_horizontal_tablet=&#8221;0px&#8221; box_shadow_vertical_tablet=&#8221;0px&#8221; box_shadow_blur_tablet=&#8221;40px&#8221; box_shadow_spread_tablet=&#8221;0px&#8221; global_colors_info=&#8221;{}&#8221;][et_pb_row column_structure=&#8221;1_2,1_2&#8243; _builder_version=&#8221;3.25&#8243; background_size=&#8221;initial&#8221; background_position=&#8221;top_left&#8221; background_repeat=&#8221;repeat&#8221; global_colors_info=&#8221;{}&#8221;][et_pb_column type=&#8221;1_2&#8243; _builder_version=&#8221;3.0.47&#8243; custom_padding=&#8221;|||&#8221; global_colors_info=&#8221;{}&#8221; custom_padding__hover=&#8221;|||&#8221;][et_pb_toggle title=&#8221;Archivo de recortes del Comit\u00e9 de Publicaci\u00f3n, aprox. 1899-1952&#8243; admin_label=&#8221;Committee on Publication Clipping file, c.1899 \u2013 1952 Toggle&#8221; _builder_version=&#8221;3.7.1&#8243; global_colors_info=&#8221;{}&#8221;]<\/p>\n<p>\nEsta colecci\u00f3n de recortes consta principalmente de art\u00edculos de peri\u00f3dicos, revistas y diarios sobre temas relacionados con Mary Baker Eddy y\/o la Ciencia Cristiana. El Comit\u00e9 de Publicaci\u00f3n de La Primera Iglesia de Cristo, Cient\u00edfico, en Boston, recopil\u00f3 recortes para conocer la percepci\u00f3n p\u00fablica acerca de la Ciencia Cristiana, y para analizar y responder a declaraciones falsas acerca de Mary Baker Eddy y la Ciencia Cristiana. El material fue obtenido por un servicio de recopilaci\u00f3n de art\u00edculos, por integrantes de los Comit\u00e9s de Publicaci\u00f3n locales y por otros Cient\u00edficos Cristianos. La colecci\u00f3n est\u00e1 indexada y ha sido procesada en su totalidad.<\/p>\n<p>[\/et_pb_toggle][\/et_pb_column][et_pb_column type=&#8221;1_2&#8243; _builder_version=&#8221;3.0.47&#8243; custom_padding=&#8221;|||&#8221; global_colors_info=&#8221;{}&#8221; custom_padding__hover=&#8221;|||&#8221;][et_pb_toggle title=&#8221;Primeros archivos de la organizaci\u00f3n, aprox. 1875-1910&#8243; admin_label=&#8221;Early Organizational Records, c. 1875-1910 Toggle&#8221; _builder_version=&#8221;3.7.1&#8243; global_colors_info=&#8221;{}&#8221;]<\/p>\n<p>\nEsta colecci\u00f3n contiene 36 libros que documentan las primeras organizaciones de Ciencia Cristiana, tales como la Iglesia de Cristo (Cient\u00edfico), la Asociaci\u00f3n de Cient\u00edficos Cristianos y la Asociaci\u00f3n General de Maestros. Se compone de listas de miembros, actas de asambleas y libros contables. Hay adem\u00e1s certificados y cartas constitucionales del Colegio de Metaf\u00edsica de Massachusetts. La colecci\u00f3n ha sido procesada en su totalidad.<\/p>\n<p><a class=\"button\" href=\"\/wp-content\/uploads\/2015\/03\/Early-Organizational-Records-INDEX.pdf\" target=\"_blank\" rel=\"noopener noreferrer\">\u00cdndice<\/a><\/p>\n<p>[\/et_pb_toggle][\/et_pb_column][\/et_pb_row][et_pb_row column_structure=&#8221;1_2,1_2&#8243; _builder_version=&#8221;3.25&#8243; background_size=&#8221;initial&#8221; background_position=&#8221;top_left&#8221; background_repeat=&#8221;repeat&#8221; global_colors_info=&#8221;{}&#8221;][et_pb_column type=&#8221;1_2&#8243; _builder_version=&#8221;3.0.47&#8243; custom_padding=&#8221;|||&#8221; global_colors_info=&#8221;{}&#8221; custom_padding__hover=&#8221;|||&#8221;][et_pb_toggle title=&#8221;Colecci\u00f3n del Movimiento, aprox. 1890 hasta el presente&#8221; admin_label=&#8221;Field Collection, c. 1890-present Toggle&#8221; _builder_version=&#8221;3.7.1&#8243; global_colors_info=&#8221;{}&#8221;]<\/p>\n<p>\nA diferencia de la mayor parte de los archivos sobre la organizaci\u00f3n de La Primera Iglesia de Cristo, Cient\u00edfico, la Colecci\u00f3n del Movimiento consta fundamentalmente de archivos que se recibieron de organizaciones externas. A partir de la d\u00e9cada de 1930, las iglesias filiales de Cristo, Cient\u00edfico, han donado relatos, fotograf\u00edas y otros documentos a las colecciones de La Iglesia Madre en Boston. La documentaci\u00f3n habitualmente enviada por las iglesias incluye actas de asambleas, listas de miembros y documentos relacionados con actividades de construcci\u00f3n (planos y fotograf\u00edas). Nota: no todo el material ha sido procesado.<\/p>\n<p>[\/et_pb_toggle][\/et_pb_column][et_pb_column type=&#8221;1_2&#8243; _builder_version=&#8221;3.0.47&#8243; custom_padding=&#8221;|||&#8221; global_colors_info=&#8221;{}&#8221; custom_padding__hover=&#8221;|||&#8221;][et_pb_toggle title=&#8221;Colecci\u00f3n de conferencias publicadas, aprox. 1905 hasta el presente&#8221; admin_label=&#8221;Published Lecture Collection, c. 1905-present Toggle&#8221; _builder_version=&#8221;3.7.1&#8243; global_colors_info=&#8221;{}&#8221;]<\/p>\n<p>\nEsta colecci\u00f3n abarca desde comienzos del siglo XX hasta el presente, y contiene conferencias dadas por miembros del Cuerpo de Conferenciantes de la Ciencia Cristiana, el cual depende de La Primera Iglesia de Cristo, Cient\u00edfico. Estas conferencias se dieron y fueron publicadas en diarios y publicaciones peri\u00f3dicas de distintas partes del mundo. La colecci\u00f3n est\u00e1 organizada alfab\u00e9ticamente por autor de la conferencia; en cada entrada, las conferencias se organizan por t\u00edtulo de la conferencia, nombre de la publicaci\u00f3n y fecha de publicaci\u00f3n.<\/p>\n<p>[\/et_pb_toggle][\/et_pb_column][\/et_pb_row][\/et_pb_section]<\/p>\n<\/div>","protected":false},"excerpt":{"rendered":"<p>Esta colecci\u00f3n, &#8220;Archivos sobre la organizaci\u00f3n de La Primera Iglesia de Cristo, Cient\u00edfico&#8221;, es un conjunto de materiales activos y en crecimiento que documentan muchas facetas y actividades de La Primera Iglesia de Cristo, Cient\u00edfico y de La Sociedad Editora de la Ciencia Cristiana.<\/p>","protected":false},"author":6,"featured_media":0,"parent":50853,"menu_order":0,"comment_status":"closed","ping_status":"closed","template":"","meta":{"_et_pb_use_builder":"on","_et_pb_old_content":"","_et_gb_content_width":"","_oasis_is_in_workflow":0,"_oasis_original":0,"_oasis_task_priority":"","_relevanssi_hide_post":"","_relevanssi_hide_content":"","_relevanssi_pin_for_all":"","_relevanssi_pin_keywords":"","_relevanssi_unpin_keywords":"","_relevanssi_related_keywords":"","_relevanssi_related_include_ids":"","_relevanssi_related_exclude_ids":"","_relevanssi_related_no_append":"","_relevanssi_related_not_related":"","_relevanssi_related_posts":"","_relevanssi_noindex_reason":"","inline_featured_image":false,"episode_type":"","audio_file":"","podmotor_file_id":"","podmotor_episode_id":"","cover_image":"","cover_image_id":"","duration":"","filesize":"","filesize_raw":"","date_recorded":"","explicit":"","block":"","itunes_episode_number":"","itunes_title":"","itunes_season_number":"","itunes_episode_type":"","footnotes":""},"class_list":["post-50850","page","type-page","status-publish","hentry"],"yoast_head":"<!-- This site is optimized with the Yoast SEO plugin v27.3 - https:\/\/yoast.com\/product\/yoast-seo-wordpress\/ -->\n<title>Archivos sobre la organizaci\u00f3n de La Primera Iglesia de Cristo, Cient\u00edfico - La Biblioteca Mary Baker Eddy<\/title>\n<meta name=\"robots\" content=\"index, follow, max-snippet:-1, max-image-preview:large, max-video-preview:-1\" \/>\n<link rel=\"canonical\" href=\"https:\/\/www.marybakereddylibrary.org\/es\/investigacion\/ayudas-para-hacer-busquedas\/archivos-sobre-la-organizacion-de-la-primera-iglesia-de-cristo-cientifico\/\" \/>\n<meta property=\"og:locale\" content=\"es_ES\" \/>\n<meta property=\"og:type\" content=\"article\" \/>\n<meta property=\"og:title\" content=\"Archivos sobre la organizaci\u00f3n de La Primera Iglesia de Cristo, Cient\u00edfico - La Biblioteca Mary Baker Eddy\" \/>\n<meta property=\"og:description\" content=\"Esta colecci\u00f3n, &quot;Archivos sobre la organizaci\u00f3n de La Primera Iglesia de Cristo, Cient\u00edfico&quot;, es un conjunto de materiales activos y en crecimiento que documentan muchas facetas y actividades de La Primera Iglesia de Cristo, Cient\u00edfico y de La Sociedad Editora de la Ciencia Cristiana.\" \/>\n<meta property=\"og:url\" content=\"https:\/\/www.marybakereddylibrary.org\/es\/investigacion\/ayudas-para-hacer-busquedas\/archivos-sobre-la-organizacion-de-la-primera-iglesia-de-cristo-cientifico\/\" \/>\n<meta property=\"og:site_name\" content=\"La Biblioteca Mary Baker Eddy\" \/>\n<meta property=\"article:publisher\" content=\"https:\/\/www.facebook.com\/mbelibrary\" \/>\n<meta property=\"article:modified_time\" content=\"2022-08-08T21:00:21+00:00\" \/>\n<meta name=\"twitter:label1\" content=\"Tiempo de lectura\" \/>\n\t<meta name=\"twitter:data1\" content=\"3 minutos\" \/>\n<script type=\"application\/ld+json\" class=\"yoast-schema-graph\">{\"@context\":\"https:\\\/\\\/schema.org\",\"@graph\":[{\"@type\":\"WebPage\",\"@id\":\"https:\\\/\\\/www.marybakereddylibrary.org\\\/es\\\/investigacion\\\/ayudas-para-hacer-busquedas\\\/archivos-sobre-la-organizacion-de-la-primera-iglesia-de-cristo-cientifico\\\/\",\"url\":\"https:\\\/\\\/www.marybakereddylibrary.org\\\/es\\\/investigacion\\\/ayudas-para-hacer-busquedas\\\/archivos-sobre-la-organizacion-de-la-primera-iglesia-de-cristo-cientifico\\\/\",\"name\":\"Archivos sobre la organizaci\u00f3n de La Primera Iglesia de Cristo, Cient\u00edfico - La Biblioteca Mary Baker Eddy\",\"isPartOf\":{\"@id\":\"https:\\\/\\\/www.marybakereddylibrary.org\\\/es\\\/#website\"},\"datePublished\":\"2022-08-08T20:20:27+00:00\",\"dateModified\":\"2022-08-08T21:00:21+00:00\",\"breadcrumb\":{\"@id\":\"https:\\\/\\\/www.marybakereddylibrary.org\\\/es\\\/investigacion\\\/ayudas-para-hacer-busquedas\\\/archivos-sobre-la-organizacion-de-la-primera-iglesia-de-cristo-cientifico\\\/#breadcrumb\"},\"inLanguage\":\"es\",\"potentialAction\":[{\"@type\":\"ReadAction\",\"target\":[\"https:\\\/\\\/www.marybakereddylibrary.org\\\/es\\\/investigacion\\\/ayudas-para-hacer-busquedas\\\/archivos-sobre-la-organizacion-de-la-primera-iglesia-de-cristo-cientifico\\\/\"]}]},{\"@type\":\"BreadcrumbList\",\"@id\":\"https:\\\/\\\/www.marybakereddylibrary.org\\\/es\\\/investigacion\\\/ayudas-para-hacer-busquedas\\\/archivos-sobre-la-organizacion-de-la-primera-iglesia-de-cristo-cientifico\\\/#breadcrumb\",\"itemListElement\":[{\"@type\":\"ListItem\",\"position\":1,\"name\":\"Home\",\"item\":\"https:\\\/\\\/www.marybakereddylibrary.org\\\/es\\\/\"},{\"@type\":\"ListItem\",\"position\":2,\"name\":\"Investigaci\u00f3n\",\"item\":\"https:\\\/\\\/www.marybakereddylibrary.org\\\/es\\\/investigacion\\\/\"},{\"@type\":\"ListItem\",\"position\":3,\"name\":\"Ayudas para b\u00fasquedas\",\"item\":\"https:\\\/\\\/www.marybakereddylibrary.org\\\/es\\\/investigacion\\\/ayudas-para-hacer-busquedas\\\/\"},{\"@type\":\"ListItem\",\"position\":4,\"name\":\"Archivos sobre la organizaci\u00f3n de La Primera Iglesia de Cristo, Cient\u00edfico\"}]},{\"@type\":\"WebSite\",\"@id\":\"https:\\\/\\\/www.marybakereddylibrary.org\\\/es\\\/#website\",\"url\":\"https:\\\/\\\/www.marybakereddylibrary.org\\\/es\\\/\",\"name\":\"La Biblioteca Mary Baker Eddy\",\"description\":\"\",\"publisher\":{\"@id\":\"https:\\\/\\\/www.marybakereddylibrary.org\\\/es\\\/#organization\"},\"potentialAction\":[{\"@type\":\"SearchAction\",\"target\":{\"@type\":\"EntryPoint\",\"urlTemplate\":\"https:\\\/\\\/www.marybakereddylibrary.org\\\/es\\\/?s={search_term_string}\"},\"query-input\":{\"@type\":\"PropertyValueSpecification\",\"valueRequired\":true,\"valueName\":\"search_term_string\"}}],\"inLanguage\":\"es\"},{\"@type\":\"Organization\",\"@id\":\"https:\\\/\\\/www.marybakereddylibrary.org\\\/es\\\/#organization\",\"name\":\"The Mary Baker Eddy Library\",\"url\":\"https:\\\/\\\/www.marybakereddylibrary.org\\\/es\\\/\",\"logo\":{\"@type\":\"ImageObject\",\"inLanguage\":\"es\",\"@id\":\"https:\\\/\\\/www.marybakereddylibrary.org\\\/es\\\/#\\\/schema\\\/logo\\\/image\\\/\",\"url\":\"https:\\\/\\\/www.marybakereddylibrary.org\\\/wp-content\\\/uploads\\\/2015\\\/03\\\/MBEL_logo_HR.jpg\",\"contentUrl\":\"https:\\\/\\\/www.marybakereddylibrary.org\\\/wp-content\\\/uploads\\\/2015\\\/03\\\/MBEL_logo_HR.jpg\",\"width\":2100,\"height\":2100,\"caption\":\"The Mary Baker Eddy Library\"},\"image\":{\"@id\":\"https:\\\/\\\/www.marybakereddylibrary.org\\\/es\\\/#\\\/schema\\\/logo\\\/image\\\/\"},\"sameAs\":[\"https:\\\/\\\/www.facebook.com\\\/mbelibrary\",\"https:\\\/\\\/x.com\\\/mbelibrary\",\"https:\\\/\\\/www.instagram.com\\\/mbelibrary\"]}]}<\/script>\n<!-- \/ Yoast SEO plugin. -->","yoast_head_json":{"title":"Archivos sobre la organizaci\u00f3n de La Primera Iglesia de Cristo, Cient\u00edfico - La Biblioteca Mary Baker Eddy","robots":{"index":"index","follow":"follow","max-snippet":"max-snippet:-1","max-image-preview":"max-image-preview:large","max-video-preview":"max-video-preview:-1"},"canonical":"https:\/\/www.marybakereddylibrary.org\/es\/investigacion\/ayudas-para-hacer-busquedas\/archivos-sobre-la-organizacion-de-la-primera-iglesia-de-cristo-cientifico\/","og_locale":"es_ES","og_type":"article","og_title":"Archivos sobre la organizaci\u00f3n de La Primera Iglesia de Cristo, Cient\u00edfico - La Biblioteca Mary Baker Eddy","og_description":"Esta colecci\u00f3n, \"Archivos sobre la organizaci\u00f3n de La Primera Iglesia de Cristo, Cient\u00edfico\", es un conjunto de materiales activos y en crecimiento que documentan muchas facetas y actividades de La Primera Iglesia de Cristo, Cient\u00edfico y de La Sociedad Editora de la Ciencia Cristiana.","og_url":"https:\/\/www.marybakereddylibrary.org\/es\/investigacion\/ayudas-para-hacer-busquedas\/archivos-sobre-la-organizacion-de-la-primera-iglesia-de-cristo-cientifico\/","og_site_name":"La Biblioteca Mary Baker Eddy","article_publisher":"https:\/\/www.facebook.com\/mbelibrary","article_modified_time":"2022-08-08T21:00:21+00:00","twitter_misc":{"Tiempo de lectura":"3 minutos"},"schema":{"@context":"https:\/\/schema.org","@graph":[{"@type":"WebPage","@id":"https:\/\/www.marybakereddylibrary.org\/es\/investigacion\/ayudas-para-hacer-busquedas\/archivos-sobre-la-organizacion-de-la-primera-iglesia-de-cristo-cientifico\/","url":"https:\/\/www.marybakereddylibrary.org\/es\/investigacion\/ayudas-para-hacer-busquedas\/archivos-sobre-la-organizacion-de-la-primera-iglesia-de-cristo-cientifico\/","name":"Archivos sobre la organizaci\u00f3n de La Primera Iglesia de Cristo, Cient\u00edfico - La Biblioteca Mary Baker Eddy","isPartOf":{"@id":"https:\/\/www.marybakereddylibrary.org\/es\/#website"},"datePublished":"2022-08-08T20:20:27+00:00","dateModified":"2022-08-08T21:00:21+00:00","breadcrumb":{"@id":"https:\/\/www.marybakereddylibrary.org\/es\/investigacion\/ayudas-para-hacer-busquedas\/archivos-sobre-la-organizacion-de-la-primera-iglesia-de-cristo-cientifico\/#breadcrumb"},"inLanguage":"es","potentialAction":[{"@type":"ReadAction","target":["https:\/\/www.marybakereddylibrary.org\/es\/investigacion\/ayudas-para-hacer-busquedas\/archivos-sobre-la-organizacion-de-la-primera-iglesia-de-cristo-cientifico\/"]}]},{"@type":"BreadcrumbList","@id":"https:\/\/www.marybakereddylibrary.org\/es\/investigacion\/ayudas-para-hacer-busquedas\/archivos-sobre-la-organizacion-de-la-primera-iglesia-de-cristo-cientifico\/#breadcrumb","itemListElement":[{"@type":"ListItem","position":1,"name":"Home","item":"https:\/\/www.marybakereddylibrary.org\/es\/"},{"@type":"ListItem","position":2,"name":"Investigaci\u00f3n","item":"https:\/\/www.marybakereddylibrary.org\/es\/investigacion\/"},{"@type":"ListItem","position":3,"name":"Ayudas para b\u00fasquedas","item":"https:\/\/www.marybakereddylibrary.org\/es\/investigacion\/ayudas-para-hacer-busquedas\/"},{"@type":"ListItem","position":4,"name":"Archivos sobre la organizaci\u00f3n de La Primera Iglesia de Cristo, Cient\u00edfico"}]},{"@type":"WebSite","@id":"https:\/\/www.marybakereddylibrary.org\/es\/#website","url":"https:\/\/www.marybakereddylibrary.org\/es\/","name":"La Biblioteca Mary Baker Eddy","description":"","publisher":{"@id":"https:\/\/www.marybakereddylibrary.org\/es\/#organization"},"potentialAction":[{"@type":"SearchAction","target":{"@type":"EntryPoint","urlTemplate":"https:\/\/www.marybakereddylibrary.org\/es\/?s={search_term_string}"},"query-input":{"@type":"PropertyValueSpecification","valueRequired":true,"valueName":"search_term_string"}}],"inLanguage":"es"},{"@type":"Organization","@id":"https:\/\/www.marybakereddylibrary.org\/es\/#organization","name":"The Mary Baker Eddy Library","url":"https:\/\/www.marybakereddylibrary.org\/es\/","logo":{"@type":"ImageObject","inLanguage":"es","@id":"https:\/\/www.marybakereddylibrary.org\/es\/#\/schema\/logo\/image\/","url":"https:\/\/www.marybakereddylibrary.org\/wp-content\/uploads\/2015\/03\/MBEL_logo_HR.jpg","contentUrl":"https:\/\/www.marybakereddylibrary.org\/wp-content\/uploads\/2015\/03\/MBEL_logo_HR.jpg","width":2100,"height":2100,"caption":"The Mary Baker Eddy Library"},"image":{"@id":"https:\/\/www.marybakereddylibrary.org\/es\/#\/schema\/logo\/image\/"},"sameAs":["https:\/\/www.facebook.com\/mbelibrary","https:\/\/x.com\/mbelibrary","https:\/\/www.instagram.com\/mbelibrary"]}]}},"_links":{"self":[{"href":"https:\/\/www.marybakereddylibrary.org\/es\/wp-json\/wp\/v2\/pages\/50850","targetHints":{"allow":["GET"]}}],"collection":[{"href":"https:\/\/www.marybakereddylibrary.org\/es\/wp-json\/wp\/v2\/pages"}],"about":[{"href":"https:\/\/www.marybakereddylibrary.org\/es\/wp-json\/wp\/v2\/types\/page"}],"author":[{"embeddable":true,"href":"https:\/\/www.marybakereddylibrary.org\/es\/wp-json\/wp\/v2\/users\/6"}],"replies":[{"embeddable":true,"href":"https:\/\/www.marybakereddylibrary.org\/es\/wp-json\/wp\/v2\/comments?post=50850"}],"version-history":[{"count":0,"href":"https:\/\/www.marybakereddylibrary.org\/es\/wp-json\/wp\/v2\/pages\/50850\/revisions"}],"up":[{"embeddable":true,"href":"https:\/\/www.marybakereddylibrary.org\/es\/wp-json\/wp\/v2\/pages\/50853"}],"wp:attachment":[{"href":"https:\/\/www.marybakereddylibrary.org\/es\/wp-json\/wp\/v2\/media?parent=50850"}],"curies":[{"name":"wp","href":"https:\/\/api.w.org\/{rel}","templated":true}]}}