{"id":10977,"date":"2016-08-29T15:41:18","date_gmt":"2016-08-29T19:41:18","guid":{"rendered":"https:\/\/www.marybakereddylibrary.org\/?page_id=10977&#038;lang=fr"},"modified":"2017-05-11T12:05:22","modified_gmt":"2017-05-11T16:05:22","slug":"expositions-et-evenements","status":"publish","type":"page","link":"https:\/\/www.marybakereddylibrary.org\/fr\/expositions-et-evenements\/","title":{"rendered":"Expositions et \u00e9v\u00e9nements"},"content":{"rendered":"<div id=\"modal-ready\"><p>[et_pb_section admin_label=&#8221;section&#8221; fullwidth=&#8221;on&#8221; specialty=&#8221;off&#8221;][et_pb_fullwidth_header admin_label=&#8221;Exhibits and events (French)&#8221; title=&#8221;Expositions et \u00e9v\u00e9nements&#8221; background_layout=&#8221;light&#8221; text_orientation=&#8221;left&#8221; header_fullscreen=&#8221;off&#8221; header_scroll_down=&#8221;off&#8221; parallax=&#8221;off&#8221; parallax_method=&#8221;off&#8221; content_orientation=&#8221;center&#8221; image_orientation=&#8221;center&#8221; custom_button_one=&#8221;off&#8221; button_one_letter_spacing=&#8221;0&#8243; button_one_use_icon=&#8221;default&#8221; button_one_icon_placement=&#8221;right&#8221; button_one_on_hover=&#8221;on&#8221; button_one_letter_spacing_hover=&#8221;0&#8243; custom_button_two=&#8221;off&#8221; button_two_letter_spacing=&#8221;0&#8243; button_two_use_icon=&#8221;default&#8221; button_two_icon_placement=&#8221;right&#8221; button_two_on_hover=&#8221;on&#8221; button_two_letter_spacing_hover=&#8221;0&#8243;] [\/et_pb_fullwidth_header][\/et_pb_section][et_pb_section admin_label=&#8221;section&#8221; fullwidth=&#8221;off&#8221; specialty=&#8221;off&#8221;][et_pb_row admin_label=&#8221;Row&#8221;][et_pb_column type=&#8221;1_3&#8243;][et_pb_text admin_label=&#8221;Le Mapparium&#8221; background_layout=&#8221;light&#8221; text_orientation=&#8221;left&#8221; use_border_color=&#8221;off&#8221; border_color=&#8221;#ffffff&#8221; border_style=&#8221;solid&#8221;]<\/p>\n<h3><strong>Le\u00a0Mapparium<\/strong><\/h3>\n<p><img loading=\"lazy\" decoding=\"async\" class=\"alignleft size-thumbnail wp-image-1002\" src=\"https:\/\/www.marybakereddylibrary.org\/wp-content\/uploads\/2015\/03\/Mapparium4_HR-150x150.jpg\" alt=\"\" width=\"150\" height=\"150\" srcset=\"https:\/\/www.marybakereddylibrary.org\/wp-content\/uploads\/2015\/03\/Mapparium4_HR-150x150.jpg 150w, https:\/\/www.marybakereddylibrary.org\/wp-content\/uploads\/2015\/03\/Mapparium4_HR-300x300.jpg 300w, https:\/\/www.marybakereddylibrary.org\/wp-content\/uploads\/2015\/03\/Mapparium4_HR-1024x1024.jpg 1024w, https:\/\/www.marybakereddylibrary.org\/wp-content\/uploads\/2015\/03\/Mapparium4_HR-1080x1080.jpg 1080w\" sizes=\"(max-width: 150px) 100vw, 150px\" \/>Le Mapparium symbolise la mission mondiale du <em>Christian Science Monitor<\/em> et des magazines produits par la Soci\u00e9t\u00e9 d&#8217;\u00e9dition de la Science Chr\u00e9tienne, notamment <em>Le H\u00e9raut de la Science Chr\u00e9tienne<\/em> (\u00e9dition fran\u00e7aise). Les visiteurs marchent sur une passerelle, \u00e0 l&#8217;int\u00e9rieur\u00a0d\u2019un globe en verre d\u2019une hauteur de deux \u00e9tages, et se retrouvent au centre de la terre, entour\u00e9s par des continents et des oc\u00e9ans repr\u00e9sent\u00e9s sur des vitraux aux couleurs lumineuses.<\/p>\n<h5>Audioguide<\/h5>\n<audio class=\"wp-audio-shortcode\" id=\"audio-10977-1\" preload=\"auto\" style=\"width: 100%;\" controls=\"controls\"><source type=\"audio\/mpeg\" src=\"https:\/\/www.marybakereddylibrary.org\/wp-content\/uploads\/2016\/08\/160912-french-mapparium-audio-tour.mp3?_=1\" \/><a href=\"https:\/\/www.marybakereddylibrary.org\/wp-content\/uploads\/2016\/08\/160912-french-mapparium-audio-tour.mp3\">https:\/\/www.marybakereddylibrary.org\/wp-content\/uploads\/2016\/08\/160912-french-mapparium-audio-tour.mp3<\/a><\/audio>\n<p>&nbsp;<\/p>\n<p>[\/et_pb_text][\/et_pb_column][et_pb_column type=&#8221;1_3&#8243;][et_pb_text admin_label=&#8221;Expositions&#8221; background_layout=&#8221;light&#8221; text_orientation=&#8221;left&#8221; use_border_color=&#8221;off&#8221; border_color=&#8221;#ffffff&#8221; border_style=&#8221;solid&#8221;]<\/p>\n<h3><strong>Expositions<\/strong><\/h3>\n<p><span style=\"font-weight: 400;\"><img loading=\"lazy\" decoding=\"async\" class=\"alignleft size-thumbnail wp-image-5194\" src=\"https:\/\/www.marybakereddylibrary.org\/wp-content\/uploads\/2015\/10\/Eli2-150x150.jpg\" alt=\"\" width=\"150\" height=\"150\" \/>Les expositions temporaires permettent d&#8217;explorer l&#8217;influence des id\u00e9es novatrices de Mary Baker Eddy sur le monde. En 2016, une nouvelle exposition, \u00ab\u00a0La Science Chr\u00e9tienne, de sa d\u00e9couverte \u00e0 l&#8217;\u00e9tablissement d&#8217;un mouvement mondial\u00a0\u00bb, montrera aux visiteurs comment les enseignements de la Science Chr\u00e9tienne inspirent des hommes et des femmes dans le monde entier. Se reporter \u00e0 notre blog\u00a0<a href=\"https:\/\/www.marybakereddylibrary.org\/fr\/le-blog\">sur les pages anglaises<\/a>, pour de plus amples renseignements concernant les expositions.<\/span><\/p>\n<p>[\/et_pb_text][\/et_pb_column][et_pb_column type=&#8221;1_3&#8243;][et_pb_text admin_label=&#8221;Ev\u00e9nements \/ Events&#8221; background_layout=&#8221;light&#8221; text_orientation=&#8221;left&#8221; use_border_color=&#8221;off&#8221; border_color=&#8221;#ffffff&#8221; border_style=&#8221;solid&#8221;]<\/p>\n<h3><strong>Ev\u00e9nements<\/strong><\/h3>\n<p><span style=\"font-weight: 400;\"><img loading=\"lazy\" decoding=\"async\" class=\"alignleft size-thumbnail wp-image-5790\" src=\"https:\/\/www.marybakereddylibrary.org\/wp-content\/uploads\/2016\/01\/GarrettsGift2-5-e1483732119301-150x150.jpg\" alt=\"\" width=\"150\" height=\"150\" \/>La Biblioth\u00e8que organise chaque ann\u00e9e dans ses locaux un certain nombre d&#8217;\u00e9v\u00e9nements publics. De plus, nous proposons \u00e0 un auditoire mondial des retransmissions sur Internet d&#8217;\u00e9v\u00e9nements consacr\u00e9s \u00e0 diff\u00e9rents sujets. Les internautes peuvent envoyer des questions avant et pendant les retransmissions. Se reporter \u00e0 l\u2019agenda des \u00e9v\u00e9nements, sur la page d\u2019accueil en anglais, pour conna\u00eetre le sujet et la date des retransmissions \u00e0 venir.<\/span><\/p>\n<p>[\/et_pb_text][\/et_pb_column][\/et_pb_row][\/et_pb_section]<\/p>\n<\/div>","protected":false},"excerpt":{"rendered":"<p>Le\u00a0Mapparium Le Mapparium symbolise la mission mondiale du Christian Science Monitor et des magazines produits par la Soci\u00e9t\u00e9 d&#8217;\u00e9dition de la Science Chr\u00e9tienne, notamment Le H\u00e9raut de la Science Chr\u00e9tienne (\u00e9dition fran\u00e7aise). Les visiteurs marchent sur une passerelle, \u00e0 l&#8217;int\u00e9rieur\u00a0d\u2019un globe en verre d\u2019une hauteur de deux \u00e9tages, et se retrouvent au centre de la [&hellip;]<\/p>","protected":false},"author":1,"featured_media":0,"parent":0,"menu_order":0,"comment_status":"open","ping_status":"open","template":"","meta":{"_et_pb_use_builder":"on","_et_pb_old_content":"","_et_gb_content_width":"","_oasis_is_in_workflow":0,"_oasis_original":0,"_oasis_task_priority":"","_relevanssi_hide_post":"","_relevanssi_hide_content":"","_relevanssi_pin_for_all":"","_relevanssi_pin_keywords":"","_relevanssi_unpin_keywords":"","_relevanssi_related_keywords":"","_relevanssi_related_include_ids":"","_relevanssi_related_exclude_ids":"","_relevanssi_related_no_append":"","_relevanssi_related_not_related":"","_relevanssi_related_posts":"","_relevanssi_noindex_reason":"","inline_featured_image":false,"episode_type":"","audio_file":"","podmotor_file_id":"","podmotor_episode_id":"","cover_image":"","cover_image_id":"","duration":"","filesize":"","filesize_raw":"","date_recorded":"","explicit":"","block":"","itunes_episode_number":"","itunes_title":"","itunes_season_number":"","itunes_episode_type":"","footnotes":""},"class_list":["post-10977","page","type-page","status-publish","hentry"],"yoast_head":"<!-- This site is optimized with the Yoast SEO plugin v27.3 - https:\/\/yoast.com\/product\/yoast-seo-wordpress\/ -->\n<title>Expositions et \u00e9v\u00e9nements - La Biblioth\u00e8que Mary Baker Eddy<\/title>\n<meta name=\"robots\" content=\"index, follow, max-snippet:-1, max-image-preview:large, max-video-preview:-1\" \/>\n<link rel=\"canonical\" href=\"https:\/\/www.marybakereddylibrary.org\/fr\/expositions-et-evenements\/\" \/>\n<meta property=\"og:locale\" content=\"fr_FR\" \/>\n<meta property=\"og:type\" content=\"article\" \/>\n<meta property=\"og:title\" content=\"Expositions et \u00e9v\u00e9nements - La Biblioth\u00e8que Mary Baker Eddy\" \/>\n<meta property=\"og:description\" content=\"Le\u00a0Mapparium Le Mapparium symbolise la mission mondiale du Christian Science Monitor et des magazines produits par la Soci\u00e9t\u00e9 d&#039;\u00e9dition de la Science Chr\u00e9tienne, notamment Le H\u00e9raut de la Science Chr\u00e9tienne (\u00e9dition fran\u00e7aise). Les visiteurs marchent sur une passerelle, \u00e0 l&#039;int\u00e9rieur\u00a0d\u2019un globe en verre d\u2019une hauteur de deux \u00e9tages, et se retrouvent au centre de la [&hellip;]\" \/>\n<meta property=\"og:url\" content=\"https:\/\/www.marybakereddylibrary.org\/fr\/expositions-et-evenements\/\" \/>\n<meta property=\"og:site_name\" content=\"La Biblioth\u00e8que Mary Baker Eddy\" \/>\n<meta property=\"article:publisher\" content=\"https:\/\/www.facebook.com\/mbelibrary\" \/>\n<meta property=\"article:modified_time\" content=\"2017-05-11T16:05:22+00:00\" \/>\n<meta property=\"og:image\" content=\"https:\/\/www.marybakereddylibrary.org\/wp-content\/uploads\/2015\/03\/Mapparium4_HR-150x150.jpg\" \/>\n<meta name=\"twitter:label1\" content=\"Dur\u00e9e de lecture estim\u00e9e\" \/>\n\t<meta name=\"twitter:data1\" content=\"2 minutes\" \/>\n<script type=\"application\/ld+json\" class=\"yoast-schema-graph\">{\"@context\":\"https:\\\/\\\/schema.org\",\"@graph\":[{\"@type\":\"WebPage\",\"@id\":\"https:\\\/\\\/www.marybakereddylibrary.org\\\/fr\\\/expositions-et-evenements\\\/\",\"url\":\"https:\\\/\\\/www.marybakereddylibrary.org\\\/fr\\\/expositions-et-evenements\\\/\",\"name\":\"Expositions et \u00e9v\u00e9nements - La Biblioth\u00e8que Mary Baker Eddy\",\"isPartOf\":{\"@id\":\"https:\\\/\\\/www.marybakereddylibrary.org\\\/fr\\\/#website\"},\"primaryImageOfPage\":{\"@id\":\"https:\\\/\\\/www.marybakereddylibrary.org\\\/fr\\\/expositions-et-evenements\\\/#primaryimage\"},\"image\":{\"@id\":\"https:\\\/\\\/www.marybakereddylibrary.org\\\/fr\\\/expositions-et-evenements\\\/#primaryimage\"},\"thumbnailUrl\":\"https:\\\/\\\/www.marybakereddylibrary.org\\\/wp-content\\\/uploads\\\/2015\\\/03\\\/Mapparium4_HR-150x150.jpg\",\"datePublished\":\"2016-08-29T19:41:18+00:00\",\"dateModified\":\"2017-05-11T16:05:22+00:00\",\"breadcrumb\":{\"@id\":\"https:\\\/\\\/www.marybakereddylibrary.org\\\/fr\\\/expositions-et-evenements\\\/#breadcrumb\"},\"inLanguage\":\"fr-FR\",\"potentialAction\":[{\"@type\":\"ReadAction\",\"target\":[\"https:\\\/\\\/www.marybakereddylibrary.org\\\/fr\\\/expositions-et-evenements\\\/\"]}]},{\"@type\":\"ImageObject\",\"inLanguage\":\"fr-FR\",\"@id\":\"https:\\\/\\\/www.marybakereddylibrary.org\\\/fr\\\/expositions-et-evenements\\\/#primaryimage\",\"url\":\"https:\\\/\\\/www.marybakereddylibrary.org\\\/wp-content\\\/uploads\\\/2015\\\/03\\\/Mapparium4_HR-150x150.jpg\",\"contentUrl\":\"https:\\\/\\\/www.marybakereddylibrary.org\\\/wp-content\\\/uploads\\\/2015\\\/03\\\/Mapparium4_HR-150x150.jpg\"},{\"@type\":\"BreadcrumbList\",\"@id\":\"https:\\\/\\\/www.marybakereddylibrary.org\\\/fr\\\/expositions-et-evenements\\\/#breadcrumb\",\"itemListElement\":[{\"@type\":\"ListItem\",\"position\":1,\"name\":\"Accueil\",\"item\":\"https:\\\/\\\/www.marybakereddylibrary.org\\\/fr\\\/\"},{\"@type\":\"ListItem\",\"position\":2,\"name\":\"Expositions et \u00e9v\u00e9nements\"}]},{\"@type\":\"WebSite\",\"@id\":\"https:\\\/\\\/www.marybakereddylibrary.org\\\/fr\\\/#website\",\"url\":\"https:\\\/\\\/www.marybakereddylibrary.org\\\/fr\\\/\",\"name\":\"La Biblioth\u00e8que Mary Baker Eddy\",\"description\":\"\",\"publisher\":{\"@id\":\"https:\\\/\\\/www.marybakereddylibrary.org\\\/fr\\\/#organization\"},\"potentialAction\":[{\"@type\":\"SearchAction\",\"target\":{\"@type\":\"EntryPoint\",\"urlTemplate\":\"https:\\\/\\\/www.marybakereddylibrary.org\\\/fr\\\/?s={search_term_string}\"},\"query-input\":{\"@type\":\"PropertyValueSpecification\",\"valueRequired\":true,\"valueName\":\"search_term_string\"}}],\"inLanguage\":\"fr-FR\"},{\"@type\":\"Organization\",\"@id\":\"https:\\\/\\\/www.marybakereddylibrary.org\\\/fr\\\/#organization\",\"name\":\"The Mary Baker Eddy Library\",\"url\":\"https:\\\/\\\/www.marybakereddylibrary.org\\\/fr\\\/\",\"logo\":{\"@type\":\"ImageObject\",\"inLanguage\":\"fr-FR\",\"@id\":\"https:\\\/\\\/www.marybakereddylibrary.org\\\/fr\\\/#\\\/schema\\\/logo\\\/image\\\/\",\"url\":\"https:\\\/\\\/www.marybakereddylibrary.org\\\/wp-content\\\/uploads\\\/2015\\\/03\\\/MBEL_logo_HR.jpg\",\"contentUrl\":\"https:\\\/\\\/www.marybakereddylibrary.org\\\/wp-content\\\/uploads\\\/2015\\\/03\\\/MBEL_logo_HR.jpg\",\"width\":2100,\"height\":2100,\"caption\":\"The Mary Baker Eddy Library\"},\"image\":{\"@id\":\"https:\\\/\\\/www.marybakereddylibrary.org\\\/fr\\\/#\\\/schema\\\/logo\\\/image\\\/\"},\"sameAs\":[\"https:\\\/\\\/www.facebook.com\\\/mbelibrary\",\"https:\\\/\\\/x.com\\\/mbelibrary\",\"https:\\\/\\\/www.instagram.com\\\/mbelibrary\"]}]}<\/script>\n<!-- \/ Yoast SEO plugin. -->","yoast_head_json":{"title":"Expositions et \u00e9v\u00e9nements - La Biblioth\u00e8que Mary Baker Eddy","robots":{"index":"index","follow":"follow","max-snippet":"max-snippet:-1","max-image-preview":"max-image-preview:large","max-video-preview":"max-video-preview:-1"},"canonical":"https:\/\/www.marybakereddylibrary.org\/fr\/expositions-et-evenements\/","og_locale":"fr_FR","og_type":"article","og_title":"Expositions et \u00e9v\u00e9nements - La Biblioth\u00e8que Mary Baker Eddy","og_description":"Le\u00a0Mapparium Le Mapparium symbolise la mission mondiale du Christian Science Monitor et des magazines produits par la Soci\u00e9t\u00e9 d'\u00e9dition de la Science Chr\u00e9tienne, notamment Le H\u00e9raut de la Science Chr\u00e9tienne (\u00e9dition fran\u00e7aise). Les visiteurs marchent sur une passerelle, \u00e0 l'int\u00e9rieur\u00a0d\u2019un globe en verre d\u2019une hauteur de deux \u00e9tages, et se retrouvent au centre de la [&hellip;]","og_url":"https:\/\/www.marybakereddylibrary.org\/fr\/expositions-et-evenements\/","og_site_name":"La Biblioth\u00e8que Mary Baker Eddy","article_publisher":"https:\/\/www.facebook.com\/mbelibrary","article_modified_time":"2017-05-11T16:05:22+00:00","og_image":[{"url":"https:\/\/www.marybakereddylibrary.org\/wp-content\/uploads\/2015\/03\/Mapparium4_HR-150x150.jpg","type":"","width":"","height":""}],"twitter_misc":{"Dur\u00e9e de lecture estim\u00e9e":"2 minutes"},"schema":{"@context":"https:\/\/schema.org","@graph":[{"@type":"WebPage","@id":"https:\/\/www.marybakereddylibrary.org\/fr\/expositions-et-evenements\/","url":"https:\/\/www.marybakereddylibrary.org\/fr\/expositions-et-evenements\/","name":"Expositions et \u00e9v\u00e9nements - La Biblioth\u00e8que Mary Baker Eddy","isPartOf":{"@id":"https:\/\/www.marybakereddylibrary.org\/fr\/#website"},"primaryImageOfPage":{"@id":"https:\/\/www.marybakereddylibrary.org\/fr\/expositions-et-evenements\/#primaryimage"},"image":{"@id":"https:\/\/www.marybakereddylibrary.org\/fr\/expositions-et-evenements\/#primaryimage"},"thumbnailUrl":"https:\/\/www.marybakereddylibrary.org\/wp-content\/uploads\/2015\/03\/Mapparium4_HR-150x150.jpg","datePublished":"2016-08-29T19:41:18+00:00","dateModified":"2017-05-11T16:05:22+00:00","breadcrumb":{"@id":"https:\/\/www.marybakereddylibrary.org\/fr\/expositions-et-evenements\/#breadcrumb"},"inLanguage":"fr-FR","potentialAction":[{"@type":"ReadAction","target":["https:\/\/www.marybakereddylibrary.org\/fr\/expositions-et-evenements\/"]}]},{"@type":"ImageObject","inLanguage":"fr-FR","@id":"https:\/\/www.marybakereddylibrary.org\/fr\/expositions-et-evenements\/#primaryimage","url":"https:\/\/www.marybakereddylibrary.org\/wp-content\/uploads\/2015\/03\/Mapparium4_HR-150x150.jpg","contentUrl":"https:\/\/www.marybakereddylibrary.org\/wp-content\/uploads\/2015\/03\/Mapparium4_HR-150x150.jpg"},{"@type":"BreadcrumbList","@id":"https:\/\/www.marybakereddylibrary.org\/fr\/expositions-et-evenements\/#breadcrumb","itemListElement":[{"@type":"ListItem","position":1,"name":"Accueil","item":"https:\/\/www.marybakereddylibrary.org\/fr\/"},{"@type":"ListItem","position":2,"name":"Expositions et \u00e9v\u00e9nements"}]},{"@type":"WebSite","@id":"https:\/\/www.marybakereddylibrary.org\/fr\/#website","url":"https:\/\/www.marybakereddylibrary.org\/fr\/","name":"La Biblioth\u00e8que Mary Baker Eddy","description":"","publisher":{"@id":"https:\/\/www.marybakereddylibrary.org\/fr\/#organization"},"potentialAction":[{"@type":"SearchAction","target":{"@type":"EntryPoint","urlTemplate":"https:\/\/www.marybakereddylibrary.org\/fr\/?s={search_term_string}"},"query-input":{"@type":"PropertyValueSpecification","valueRequired":true,"valueName":"search_term_string"}}],"inLanguage":"fr-FR"},{"@type":"Organization","@id":"https:\/\/www.marybakereddylibrary.org\/fr\/#organization","name":"The Mary Baker Eddy Library","url":"https:\/\/www.marybakereddylibrary.org\/fr\/","logo":{"@type":"ImageObject","inLanguage":"fr-FR","@id":"https:\/\/www.marybakereddylibrary.org\/fr\/#\/schema\/logo\/image\/","url":"https:\/\/www.marybakereddylibrary.org\/wp-content\/uploads\/2015\/03\/MBEL_logo_HR.jpg","contentUrl":"https:\/\/www.marybakereddylibrary.org\/wp-content\/uploads\/2015\/03\/MBEL_logo_HR.jpg","width":2100,"height":2100,"caption":"The Mary Baker Eddy Library"},"image":{"@id":"https:\/\/www.marybakereddylibrary.org\/fr\/#\/schema\/logo\/image\/"},"sameAs":["https:\/\/www.facebook.com\/mbelibrary","https:\/\/x.com\/mbelibrary","https:\/\/www.instagram.com\/mbelibrary"]}]}},"_links":{"self":[{"href":"https:\/\/www.marybakereddylibrary.org\/fr\/wp-json\/wp\/v2\/pages\/10977","targetHints":{"allow":["GET"]}}],"collection":[{"href":"https:\/\/www.marybakereddylibrary.org\/fr\/wp-json\/wp\/v2\/pages"}],"about":[{"href":"https:\/\/www.marybakereddylibrary.org\/fr\/wp-json\/wp\/v2\/types\/page"}],"author":[{"embeddable":true,"href":"https:\/\/www.marybakereddylibrary.org\/fr\/wp-json\/wp\/v2\/users\/1"}],"replies":[{"embeddable":true,"href":"https:\/\/www.marybakereddylibrary.org\/fr\/wp-json\/wp\/v2\/comments?post=10977"}],"version-history":[{"count":0,"href":"https:\/\/www.marybakereddylibrary.org\/fr\/wp-json\/wp\/v2\/pages\/10977\/revisions"}],"wp:attachment":[{"href":"https:\/\/www.marybakereddylibrary.org\/fr\/wp-json\/wp\/v2\/media?parent=10977"}],"curies":[{"name":"wp","href":"https:\/\/api.w.org\/{rel}","templated":true}]}}