{"id":10992,"date":"2016-08-29T16:20:56","date_gmt":"2016-08-29T20:20:56","guid":{"rendered":"https:\/\/www.marybakereddylibrary.org\/?page_id=10992&#038;lang=fr"},"modified":"2018-05-18T12:50:07","modified_gmt":"2018-05-18T16:50:07","slug":"autres-realisations","status":"publish","type":"page","link":"https:\/\/www.marybakereddylibrary.org\/fr\/mary-baker-eddy2\/autres-realisations\/","title":{"rendered":"Autres r\u00e9alisations"},"content":{"rendered":"<div id=\"modal-ready\"><p>[et_pb_section bb_built=&#8221;1&#8243; admin_label=&#8221;section&#8221; fullwidth=&#8221;on&#8221; specialty=&#8221;off&#8221; next_background_color=&#8221;#000000&#8243;][et_pb_fullwidth_header admin_label=&#8221;Accomplishments (French) Header&#8221; title=&#8221;Autres r\u00e9alisations&#8221; background_layout=&#8221;light&#8221; text_orientation=&#8221;left&#8221; header_fullscreen=&#8221;off&#8221; header_scroll_down=&#8221;off&#8221; parallax=&#8221;off&#8221; parallax_method=&#8221;off&#8221; content_orientation=&#8221;center&#8221; image_orientation=&#8221;center&#8221; custom_button_one=&#8221;off&#8221; button_one_letter_spacing=&#8221;0&#8243; button_one_use_icon=&#8221;default&#8221; button_one_icon_placement=&#8221;right&#8221; button_one_on_hover=&#8221;on&#8221; button_one_letter_spacing_hover=&#8221;0&#8243; custom_button_two=&#8221;off&#8221; button_two_letter_spacing=&#8221;0&#8243; button_two_use_icon=&#8221;default&#8221; button_two_icon_placement=&#8221;right&#8221; button_two_on_hover=&#8221;on&#8221; button_two_letter_spacing_hover=&#8221;0&#8243; content_max_width=&#8221;100%&#8221; background_color=&#8221;rgba(255, 255, 255, 0)&#8221;]<\/p>\n<p>&nbsp;<\/p>\n<p>[\/et_pb_fullwidth_header][\/et_pb_section][et_pb_section bb_built=&#8221;1&#8243; admin_label=&#8221;section&#8221; prev_background_color=&#8221;#000000&#8243;][et_pb_row background_position=&#8221;top_left&#8221; background_repeat=&#8221;repeat&#8221; background_size=&#8221;initial&#8221;][et_pb_column type=&#8221;2_3&#8243;][et_pb_text background_layout=&#8221;light&#8221; text_orientation=&#8221;left&#8221; use_border_color=&#8221;off&#8221; background_position=&#8221;top_left&#8221; background_repeat=&#8221;repeat&#8221; background_size=&#8221;initial&#8221; _builder_version=&#8221;3.2.2&#8243;]<\/p>\n<p>Parall\u00e8lement \u00e0 son \u0153uvre en tant qu&#8217;auteur, Mary Baker Eddy a obtenu des succ\u00e8s remarquables dans d&#8217;autres domaines. Elle a fond\u00e9 une Eglise mondiale, cr\u00e9\u00e9 une maison d&#8217;\u00e9dition pour ses publications religieuses et lanc\u00e9 un quotidien international, <em>The Christian Science Monitor<\/em>. Elle a consacr\u00e9 sa vie \u00e0 la gu\u00e9rison par la Science Chr\u00e9tienne et elle a \u00e9galement appris aux autres \u00e0 gu\u00e9rir.<\/p>\n<p>[\/et_pb_text][et_pb_toggle admin_label=&#8221;The First Church of Christ, Scientist Toggle&#8221; title=&#8221;L&#8217;Eglise du Christ, Scientiste&#8221; use_border_color=&#8221;off&#8221; background_position=&#8221;top_left&#8221; background_repeat=&#8221;repeat&#8221; background_size=&#8221;initial&#8221; _builder_version=&#8221;3.2.2&#8243;]<\/p>\n<p>Boston est le centre mondial de l&#8217;<a href=\"https:\/\/www.christianscience.com\/fr\/nous-trouver\/visiter-l-eglise-mere\" target=\"_blank\" rel=\"noopener\"><strong>Eglise du Christ, Scientiste<\/strong><\/a><span style=\"color: #000000;\">,<\/span> qui compte pr\u00e8s de 1\u00a0700 \u00e9glises filiales dans 80 pays.<\/p>\n<p>L&#8217;Eglise du Christ, Scientiste, a \u00e9t\u00e9 fond\u00e9e par Mary Baker Eddy et un petit groupe d&#8217;\u00e9l\u00e8ves en 1879, mais les membres n&#8217;ont pas dispos\u00e9 d&#8217;un \u00e9difice en propre durant leurs quinze premi\u00e8res ann\u00e9es.<\/p>\n<p>L&#8217;\u00e9difice original de L&#8217;Eglise M\u00e8re, construit en 1894, est au c\u0153ur de la Christian Science Plaza, \u00e0 Boston, et il n&#8217;a pas \u00e9t\u00e9 modifi\u00e9 depuis sa construction initiale. C&#8217;est un \u00e9difice de style roman, construit avec du granit en provenance du New Hampshire. A l&#8217;int\u00e9rieur, de nombreux vitraux d\u00e9peignent des \u00e9v\u00e9nements bibliques. Con\u00e7ue pour 1\u00a0000 personnes, sa capacit\u00e9 d&#8217;accueil a bient\u00f4t \u00e9t\u00e9 insuffisante.<\/p>\n<p>L&#8217;extension, avec son large d\u00f4me, a \u00e9t\u00e9 termin\u00e9e en 1906. Elle dispose d&#8217;une capacit\u00e9 d&#8217;accueil d&#8217;environ 3\u00a0000 places. L&#8217;\u00e9difice est inspir\u00e9 par l&#8217;architecture de la Renaissance et l&#8217;architecture byzantine. L&#8217;orgue, construit par la soci\u00e9t\u00e9 Aeolian-Skinner de Boston, est l&#8217;un des plus grands du monde\u00a0; il dispose de huit plans sonores et il est constitu\u00e9 de 13\u00a0290 tubes.<\/p>\n<p>Le\u00a0<a href=\"https:\/\/www.christianscience.com\/fr\/le-pasteur-de-la-science-chretienne\" target=\"_blank\" rel=\"noopener\"><strong>Pasteur<\/strong><\/a> de l&#8217;Eglise est unique car il est constitu\u00e9 de deux livres\u00a0: la Bible et <em>Science et <\/em><em>Sant\u00e9 avec la Clef des Ecritures,<\/em> l&#8217;ouvrage fondamental de Mary Baker Eddy. Les services du dimanche s&#8217;articulent autour de Le\u00e7ons bibliques hebdomadaires, constitu\u00e9es de passages de ces livres lus par deux lecteurs. La lecture, lors des r\u00e9unions de t\u00e9moignage du mercredi, d\u00e9veloppe des id\u00e9es qui r\u00e9pondent aux besoins ou aux \u00e9v\u00e9nements de la ville ou du monde. Apr\u00e8s cette lecture, l&#8217;assistance est invit\u00e9e \u00e0 faire part de gu\u00e9risons spirituelles ou d&#8217;id\u00e9es inspir\u00e9es par la pri\u00e8re et l&#8217;\u00e9tude de la Science Chr\u00e9tienne.<\/p>\n<p>Les services du dimanche de L&#8217;Eglise M\u00e8re, \u00e0 Boston, ont lieu \u00e0 10h et 17h (il n&#8217;y a pas de service l&#8217;apr\u00e8s-midi en juillet-ao\u00fbt), et les r\u00e9unions de t\u00e9moignage du mercredi \u00e0 12h et 19h30.<\/p>\n<p>&nbsp;<\/p>\n<p>[\/et_pb_toggle][et_pb_toggle admin_label=&#8221;La Soci\u00e9t\u00e9 d&#8217;\u00e9dition de la Science Chr\u00e9tienne Toggle&#8221; title=&#8221;La Soci\u00e9t\u00e9 d&#8217;\u00e9dition de la Science Chr\u00e9tienne&#8221; use_border_color=&#8221;off&#8221; background_position=&#8221;top_left&#8221; background_repeat=&#8221;repeat&#8221; background_size=&#8221;initial&#8221; _builder_version=&#8221;3.2.2&#8243;]<\/p>\n<p>Fond\u00e9e en 1898 par Mary Baker Eddy, <a href=\"https:\/\/jsh.christianscience.com\/\" target=\"_blank\" rel=\"noopener\"><strong>La Soci\u00e9t\u00e9 d&#8217;\u00e9dition de la Science Chr\u00e9tienne<\/strong><\/a> demeure tr\u00e8s active aujourd&#8217;hui. En plus du <em>Christian Science Monitor,<\/em> laur\u00e9at de plusieurs prix Pulitzer, la Soci\u00e9t\u00e9 d&#8217;\u00e9dition publie \u00e9galement\u00a0:<\/p>\n<p><a href=\"https:\/\/journal.christianscience.com\/\" target=\"_blank\" rel=\"noopener\"><strong><em>The Christian Science Journal<\/em><\/strong><\/a><\/p>\n<p>Ce mensuel propose des articles instructifs, des r\u00e9cits de gu\u00e9rison chr\u00e9tienne et un r\u00e9pertoire international de praticiens, professeurs, \u00e9glises, salles de lecture de la Science Chr\u00e9tienne et autres informations utiles. Ce p\u00e9riodique, qui peut \u00eatre lu par toute la famille, a pour objectif de \u00ab\u00a0publier la divine Science de la V\u00e9rit\u00e9\u00a0\u00bb. <em>(Publi\u00e9 sans interruption depuis 1883)<\/em><\/p>\n<p><a href=\"https:\/\/www.christianscience.com\/fr\/publications-et-activites\/lecons-bibliques\" target=\"_blank\" rel=\"noopener\"><strong>Le <\/strong><strong><em>Livret trimestriel de la Science Chr\u00e9tienne<\/em><\/strong><\/a><\/p>\n<p>Cette publication trimestrielle propose des <a href=\"https:\/\/fr.biblelesson.christianscience.com\/\" target=\"_blank\" rel=\"noopener\"><strong>Le\u00e7ons bibliques hebdomadaires<\/strong><\/a> destin\u00e9es \u00e0 l&#8217;\u00e9tude individuelle ainsi qu&#8217;aux sermons des services du dimanche des \u00e9glises filiales dans le monde entier. Traduit en 9 langues, dont une \u00e9dition en braille anglais, le <em>Livret<\/em> est disponible en ligne dans des pr\u00e9sentations pour les jeunes et pour les adultes, en enregistrements audio, en CD, et sous d&#8217;autres formes. <em>(Publi\u00e9 sans interruption depuis 1890)<\/em><\/p>\n<p><a href=\"https:\/\/sentinel.christianscience.com\/\" target=\"_blank\" rel=\"noopener\"><strong>Le<\/strong><strong> <em>Christian Science Sentinel<\/em><\/strong><\/a><\/p>\n<p>Observant le monde d&#8217;un point de vue spirituel, cet hebdomadaire contient des articles, des \u00e9ditoriaux et des t\u00e9moignages de gu\u00e9rison relat\u00e9s par les personnes en ayant b\u00e9n\u00e9fici\u00e9. Le <em>Sentinel<\/em> est publi\u00e9 en version papier et en ligne. <em>(Publi\u00e9 sans interruption depuis 1898)<\/em><\/p>\n<p><a href=\"https:\/\/fr.herald.christianscience.com\/\" target=\"_blank\" rel=\"noopener\"><strong><em>Le H\u00e9raut de la Science Chr\u00e9tienne<\/em><\/strong><\/a><\/p>\n<p>Cr\u00e9\u00e9 pour \u00ab\u00a0proclamer l&#8217;activit\u00e9 et l&#8217;accessibilit\u00e9 universelles de la V\u00e9rit\u00e9 toujours disponible\u00a0\u00bb, le <em>H\u00e9raut<\/em> est publi\u00e9 en 14 langues tous les mois ou tous les trimestres selon les \u00e9ditions. Il contient des articles et des t\u00e9moignages de gu\u00e9rison, ainsi qu&#8217;un r\u00e9pertoire des \u00e9glises, des praticiens et autres informations utiles selon chaque pays. <em>(<\/em><em>Publi\u00e9 sans interruption en fran\u00e7ais depuis 1918)<\/em><\/p>\n<p>Pour de plus amples renseignements sur la Soci\u00e9t\u00e9 d&#8217;\u00e9dition de la Science Chr\u00e9tienne et ses publications, veuillez vous rendre sur le <a href=\"https:\/\/www.christianscience.com\/fr\/publications-et-activites\" target=\"_blank\" rel=\"noopener\"><strong>site Internet de L&#8217;Eglise M\u00e8re<\/strong><\/a>.<\/p>\n<p>[\/et_pb_toggle][et_pb_toggle admin_label=&#8221;Le Christian Science Monitor Toggle&#8221; title=&#8221;Le \u00ab&nbsp;Christian Science Monitor&nbsp;\u00bb&#8221; use_border_color=&#8221;off&#8221; background_position=&#8221;top_left&#8221; background_repeat=&#8221;repeat&#8221; background_size=&#8221;initial&#8221; _builder_version=&#8221;3.2.2&#8243;]<\/p>\n<p>Le <em>Christian Science Monitor<\/em> est un quotidien international fond\u00e9 en 1908, et dont l&#8217;objectif et l&#8217;\u00e9thique journalistique d\u00e9finis par Mary Baker Eddy sont de \u00ab\u00a0ne nuire \u00e0 personne, mais de b\u00e9nir toute l&#8217;humanit\u00e9\u00a0\u00bb. Le <em>Monitor<\/em> a remport\u00e9 sept prix Pulitzer\u00a0; c&#8217;est une forme de journalisme fiable et \u00e9quilibr\u00e9 qui offre une couverture en profondeur de l&#8217;actualit\u00e9.<\/p>\n<p>A une \u00e9poque o\u00f9 de grands groupes poss\u00e8dent la plupart des m\u00e9dias d&#8217;information, le <em>Monitor<\/em> repr\u00e9sente une voix ind\u00e9pendante unique dans le monde du journalisme, et bien que publi\u00e9 par la Soci\u00e9t\u00e9 d&#8217;\u00e9dition de la Science Chr\u00e9tienne, ce n&#8217;est pas un magazine religieux. Ce journal d&#8217;information couvre l&#8217;actualit\u00e9 am\u00e9ricaine et internationale par des articles et des s\u00e9ries sur diff\u00e9rents sujets.<\/p>\n<p>Mary Baker Eddy, la fondatrice de ce quotidien, souhaitait qu&#8217;il \u00e9volue avec le temps\u00a0: le <em>Monitor<\/em> est donc maintenant accessible au monde entier gr\u00e2ce \u00e0 son site Internet. Ses \u00e9ditions quotidiennes et hebdomadaires sont disponibles en version papier et en ligne. Pour obtenir de plus amples renseignements et acc\u00e9der \u00e0 la derni\u00e8re \u00e9dition, rendez-vous sur le site du<a href=\"https:\/\/www.csmonitor.com\/\" target=\"_blank\" rel=\"noopener\"><strong><em>\u00a0Christian Science Monitor<\/em><\/strong><\/a>.<\/p>\n<p>[\/et_pb_toggle][et_pb_toggle admin_label=&#8221;Healing practice Toggle&#8221; title=&#8221;Pratique de la gu\u00e9rison &#8221; use_border_color=&#8221;off&#8221; background_position=&#8221;top_left&#8221; background_repeat=&#8221;repeat&#8221; background_size=&#8221;initial&#8221; _builder_version=&#8221;3.2.2&#8243;]<\/p>\n<p>La pratique de la gu\u00e9rison spirituelle de Mary Baker Eddy est n\u00e9e de ses recherches bibliques et de ses propres exp\u00e9rimentations avec les traitements m\u00e9dicaux de son \u00e9poque. A cause des maladies chroniques dont elle souffrait depuis son enfance, elle a recherch\u00e9 le soulagement au moyen de divers syst\u00e8mes de gu\u00e9rison tels que les m\u00e9dicaments, les r\u00e9gimes alimentaires, les th\u00e9rapies \u00e0 base d&#8217;eau et l&#8217;hom\u00e9opathie. Son \u00e9tude et sa pratique de l&#8217;hom\u00e9opathie l&#8217;ont amen\u00e9e \u00e0 comprendre des aspects importants de la nature mentale de la maladie et de la gu\u00e9rison \u2013 ce qui est appel\u00e9 aujourd&#8217;hui la relation entre le corps et l&#8217;esprit.<\/p>\n<p>En 1866, suite \u00e0 un accident grave, elle a connu une gu\u00e9rison compl\u00e8te gr\u00e2ce \u00e0 la pri\u00e8re alors qu&#8217;elle \u00e9tait en train de lire un r\u00e9cit de gu\u00e9rison dans le Nouveau Testament. Cet \u00e9v\u00e8nement l&#8217;a pouss\u00e9e \u00e0 faire une \u00e9tude approfondie de la Bible afin de comprendre comment elle avait \u00e9t\u00e9 gu\u00e9rie et comment la gu\u00e9rison spirituelle pouvait \u00eatre de nouveau pratiqu\u00e9e et ce, de mani\u00e8re syst\u00e9matique. Petit \u00e0 petit, elle a commenc\u00e9 \u00e0 gu\u00e9rir beaucoup de personnes gr\u00e2ce au traitement spirituel qu&#8217;elle appellera par la suite \u00ab\u00a0Science Chr\u00e9tienne\u00a0\u00bb. Convaincue que ce qu&#8217;elle avait d\u00e9couvert pouvait \u00eatre pratiqu\u00e9 par tout un chacun, elle a commenc\u00e9 \u00e0 enseigner son syst\u00e8me de gu\u00e9rison \u00e0 des hommes et des femmes qui, ensuite, ont d\u00e9velopp\u00e9 eux-m\u00eames, avec succ\u00e8s, une pratique de la gu\u00e9rison spirituelle. C&#8217;est en 1875 que Mary Baker Eddy a publi\u00e9 son \u0153uvre principale, <em>Science et Sant\u00e9, <\/em>dont le titre complet deviendra plus tard <em>Science et Sant\u00e9 avec la Clef des Ecritures<\/em>. Ce livre comporte 18 chapitres traitant de th\u00e8mes tels que \u00ab\u00a0La pri\u00e8re\u00a0\u00bb, \u00ab\u00a0La science, la th\u00e9ologie, la m\u00e9decine\u00a0\u00bb, ou la \u00ab\u00a0Pratique de la Science Chr\u00e9tienne\u00a0\u00bb. En 1881, alors qu&#8217;elle r\u00e9visait son livre et enseignait r\u00e9guli\u00e8rement, Mary Baker Eddy a fond\u00e9 \u00e0 Boston un <em>college<\/em> dont la charte a \u00e9t\u00e9 encadr\u00e9e par les lois m\u00e9dicales du Massachusetts. Destin\u00e9 \u00e0 former les praticiens et les professeurs \u00e0 la pratique de la gu\u00e9rison par la Science Chr\u00e9tienne, un syst\u00e8me similaire \u00e0 ce <em>college<\/em> existe toujours de nos jours. Dans la pr\u00e9face de <em>Science et Sant\u00e9<\/em>, Mary Baker Eddy offre ces quelques lignes au sujet de la pratique de la gu\u00e9rison par la Science Chr\u00e9tienne\u00a0:<\/p>\n<p>\u00ab\u00a0Par des milliers de gu\u00e9risons certifi\u00e9es authentiques, elle-m\u00eame et ses \u00e9l\u00e8ves ont prouv\u00e9 la valeur de ses enseignements. Dans la plupart des cas, ces malades avaient \u00e9t\u00e9 abandonn\u00e9s par les m\u00e9decins et d\u00e9clar\u00e9s incurables. Peu de malades sont dispos\u00e9s \u00e0 avoir recours \u00e0 Dieu avant d&#8217;avoir \u00e9puis\u00e9 toute aide mat\u00e9rielle, parce que trop faible est la foi que l&#8217;on a en Sa volont\u00e9 et en Son pouvoir de gu\u00e9rir la maladie.<\/p>\n<p>Le Principe divin de la gu\u00e9rison est d\u00e9montr\u00e9 personnellement par tous ceux qui cherchent sinc\u00e8rement la V\u00e9rit\u00e9. Son dessein est bon, et son application est plus s\u00fbre et plus efficace que celle de toute autre m\u00e9thode sanitaire.\u00a0\u00bb<\/p>\n<p>[\/et_pb_toggle][\/et_pb_column][et_pb_column type=&#8221;1_3&#8243;][et_pb_sidebar orientation=&#8221;right&#8221; area=&#8221;sidebar-1&#8243; background_layout=&#8221;light&#8221; remove_border=&#8221;off&#8221; show_border=&#8221;on&#8221;]<\/p>\n<p>&nbsp;<\/p>\n<p>[\/et_pb_sidebar][\/et_pb_column][\/et_pb_row][\/et_pb_section]<\/p>\n<\/div>","protected":false},"excerpt":{"rendered":"<p>&nbsp; Parall\u00e8lement \u00e0 son \u0153uvre en tant qu&#8217;auteur, Mary Baker Eddy a obtenu des succ\u00e8s remarquables dans d&#8217;autres domaines. Elle a fond\u00e9 une Eglise mondiale, cr\u00e9\u00e9 une maison d&#8217;\u00e9dition pour ses publications religieuses et lanc\u00e9 un quotidien international, The Christian Science Monitor. Elle a consacr\u00e9 sa vie \u00e0 la gu\u00e9rison par la Science Chr\u00e9tienne et [&hellip;]<\/p>","protected":false},"author":1,"featured_media":0,"parent":10990,"menu_order":0,"comment_status":"open","ping_status":"open","template":"","meta":{"_et_pb_use_builder":"on","_et_pb_old_content":"","_et_gb_content_width":"","_oasis_is_in_workflow":0,"_oasis_original":0,"_oasis_task_priority":"","_relevanssi_hide_post":"","_relevanssi_hide_content":"","_relevanssi_pin_for_all":"","_relevanssi_pin_keywords":"","_relevanssi_unpin_keywords":"","_relevanssi_related_keywords":"","_relevanssi_related_include_ids":"","_relevanssi_related_exclude_ids":"","_relevanssi_related_no_append":"","_relevanssi_related_not_related":"","_relevanssi_related_posts":"","_relevanssi_noindex_reason":"","inline_featured_image":false,"episode_type":"","audio_file":"","podmotor_file_id":"","podmotor_episode_id":"","cover_image":"","cover_image_id":"","duration":"","filesize":"","filesize_raw":"","date_recorded":"","explicit":"","block":"","itunes_episode_number":"","itunes_title":"","itunes_season_number":"","itunes_episode_type":"","footnotes":""},"class_list":["post-10992","page","type-page","status-publish","hentry"],"yoast_head":"<!-- This site is optimized with the Yoast SEO plugin v27.4 - https:\/\/yoast.com\/product\/yoast-seo-wordpress\/ -->\n<title>Autres r\u00e9alisations - La Biblioth\u00e8que Mary Baker Eddy<\/title>\n<meta name=\"robots\" content=\"index, follow, max-snippet:-1, max-image-preview:large, max-video-preview:-1\" \/>\n<link rel=\"canonical\" href=\"https:\/\/www.marybakereddylibrary.org\/fr\/mary-baker-eddy2\/autres-realisations\/\" \/>\n<meta property=\"og:locale\" content=\"fr_FR\" \/>\n<meta property=\"og:type\" content=\"article\" \/>\n<meta property=\"og:title\" content=\"Autres r\u00e9alisations - La Biblioth\u00e8que Mary Baker Eddy\" \/>\n<meta property=\"og:description\" content=\"&nbsp; Parall\u00e8lement \u00e0 son \u0153uvre en tant qu&#039;auteur, Mary Baker Eddy a obtenu des succ\u00e8s remarquables dans d&#039;autres domaines. Elle a fond\u00e9 une Eglise mondiale, cr\u00e9\u00e9 une maison d&#039;\u00e9dition pour ses publications religieuses et lanc\u00e9 un quotidien international, The Christian Science Monitor. Elle a consacr\u00e9 sa vie \u00e0 la gu\u00e9rison par la Science Chr\u00e9tienne et [&hellip;]\" \/>\n<meta property=\"og:url\" content=\"https:\/\/www.marybakereddylibrary.org\/fr\/mary-baker-eddy2\/autres-realisations\/\" \/>\n<meta property=\"og:site_name\" content=\"La Biblioth\u00e8que Mary Baker Eddy\" \/>\n<meta property=\"article:publisher\" content=\"https:\/\/www.facebook.com\/mbelibrary\" \/>\n<meta property=\"article:modified_time\" content=\"2018-05-18T16:50:07+00:00\" \/>\n<meta name=\"twitter:label1\" content=\"Dur\u00e9e de lecture estim\u00e9e\" \/>\n\t<meta name=\"twitter:data1\" content=\"9 minutes\" \/>\n<script type=\"application\/ld+json\" class=\"yoast-schema-graph\">{\"@context\":\"https:\\\/\\\/schema.org\",\"@graph\":[{\"@type\":\"WebPage\",\"@id\":\"https:\\\/\\\/www.marybakereddylibrary.org\\\/fr\\\/mary-baker-eddy2\\\/autres-realisations\\\/\",\"url\":\"https:\\\/\\\/www.marybakereddylibrary.org\\\/fr\\\/mary-baker-eddy2\\\/autres-realisations\\\/\",\"name\":\"Autres r\u00e9alisations - La Biblioth\u00e8que Mary Baker Eddy\",\"isPartOf\":{\"@id\":\"https:\\\/\\\/www.marybakereddylibrary.org\\\/fr\\\/#website\"},\"datePublished\":\"2016-08-29T20:20:56+00:00\",\"dateModified\":\"2018-05-18T16:50:07+00:00\",\"breadcrumb\":{\"@id\":\"https:\\\/\\\/www.marybakereddylibrary.org\\\/fr\\\/mary-baker-eddy2\\\/autres-realisations\\\/#breadcrumb\"},\"inLanguage\":\"fr-FR\",\"potentialAction\":[{\"@type\":\"ReadAction\",\"target\":[\"https:\\\/\\\/www.marybakereddylibrary.org\\\/fr\\\/mary-baker-eddy2\\\/autres-realisations\\\/\"]}]},{\"@type\":\"BreadcrumbList\",\"@id\":\"https:\\\/\\\/www.marybakereddylibrary.org\\\/fr\\\/mary-baker-eddy2\\\/autres-realisations\\\/#breadcrumb\",\"itemListElement\":[{\"@type\":\"ListItem\",\"position\":1,\"name\":\"Accueil\",\"item\":\"https:\\\/\\\/www.marybakereddylibrary.org\\\/fr\\\/\"},{\"@type\":\"ListItem\",\"position\":2,\"name\":\"Mary Baker Eddy\",\"item\":\"https:\\\/\\\/www.marybakereddylibrary.org\\\/fr\\\/mary-baker-eddy2\\\/\"},{\"@type\":\"ListItem\",\"position\":3,\"name\":\"Autres r\u00e9alisations\"}]},{\"@type\":\"WebSite\",\"@id\":\"https:\\\/\\\/www.marybakereddylibrary.org\\\/fr\\\/#website\",\"url\":\"https:\\\/\\\/www.marybakereddylibrary.org\\\/fr\\\/\",\"name\":\"La Biblioth\u00e8que Mary Baker Eddy\",\"description\":\"\",\"publisher\":{\"@id\":\"https:\\\/\\\/www.marybakereddylibrary.org\\\/fr\\\/#organization\"},\"potentialAction\":[{\"@type\":\"SearchAction\",\"target\":{\"@type\":\"EntryPoint\",\"urlTemplate\":\"https:\\\/\\\/www.marybakereddylibrary.org\\\/fr\\\/?s={search_term_string}\"},\"query-input\":{\"@type\":\"PropertyValueSpecification\",\"valueRequired\":true,\"valueName\":\"search_term_string\"}}],\"inLanguage\":\"fr-FR\"},{\"@type\":\"Organization\",\"@id\":\"https:\\\/\\\/www.marybakereddylibrary.org\\\/fr\\\/#organization\",\"name\":\"The Mary Baker Eddy Library\",\"url\":\"https:\\\/\\\/www.marybakereddylibrary.org\\\/fr\\\/\",\"logo\":{\"@type\":\"ImageObject\",\"inLanguage\":\"fr-FR\",\"@id\":\"https:\\\/\\\/www.marybakereddylibrary.org\\\/fr\\\/#\\\/schema\\\/logo\\\/image\\\/\",\"url\":\"https:\\\/\\\/www.marybakereddylibrary.org\\\/wp-content\\\/uploads\\\/2015\\\/03\\\/MBEL_logo_HR.jpg\",\"contentUrl\":\"https:\\\/\\\/www.marybakereddylibrary.org\\\/wp-content\\\/uploads\\\/2015\\\/03\\\/MBEL_logo_HR.jpg\",\"width\":2100,\"height\":2100,\"caption\":\"The Mary Baker Eddy Library\"},\"image\":{\"@id\":\"https:\\\/\\\/www.marybakereddylibrary.org\\\/fr\\\/#\\\/schema\\\/logo\\\/image\\\/\"},\"sameAs\":[\"https:\\\/\\\/www.facebook.com\\\/mbelibrary\",\"https:\\\/\\\/x.com\\\/mbelibrary\",\"https:\\\/\\\/www.instagram.com\\\/mbelibrary\"]}]}<\/script>\n<!-- \/ Yoast SEO plugin. -->","yoast_head_json":{"title":"Autres r\u00e9alisations - La Biblioth\u00e8que Mary Baker Eddy","robots":{"index":"index","follow":"follow","max-snippet":"max-snippet:-1","max-image-preview":"max-image-preview:large","max-video-preview":"max-video-preview:-1"},"canonical":"https:\/\/www.marybakereddylibrary.org\/fr\/mary-baker-eddy2\/autres-realisations\/","og_locale":"fr_FR","og_type":"article","og_title":"Autres r\u00e9alisations - La Biblioth\u00e8que Mary Baker Eddy","og_description":"&nbsp; Parall\u00e8lement \u00e0 son \u0153uvre en tant qu'auteur, Mary Baker Eddy a obtenu des succ\u00e8s remarquables dans d'autres domaines. Elle a fond\u00e9 une Eglise mondiale, cr\u00e9\u00e9 une maison d'\u00e9dition pour ses publications religieuses et lanc\u00e9 un quotidien international, The Christian Science Monitor. Elle a consacr\u00e9 sa vie \u00e0 la gu\u00e9rison par la Science Chr\u00e9tienne et [&hellip;]","og_url":"https:\/\/www.marybakereddylibrary.org\/fr\/mary-baker-eddy2\/autres-realisations\/","og_site_name":"La Biblioth\u00e8que Mary Baker Eddy","article_publisher":"https:\/\/www.facebook.com\/mbelibrary","article_modified_time":"2018-05-18T16:50:07+00:00","twitter_misc":{"Dur\u00e9e de lecture estim\u00e9e":"9 minutes"},"schema":{"@context":"https:\/\/schema.org","@graph":[{"@type":"WebPage","@id":"https:\/\/www.marybakereddylibrary.org\/fr\/mary-baker-eddy2\/autres-realisations\/","url":"https:\/\/www.marybakereddylibrary.org\/fr\/mary-baker-eddy2\/autres-realisations\/","name":"Autres r\u00e9alisations - La Biblioth\u00e8que Mary Baker Eddy","isPartOf":{"@id":"https:\/\/www.marybakereddylibrary.org\/fr\/#website"},"datePublished":"2016-08-29T20:20:56+00:00","dateModified":"2018-05-18T16:50:07+00:00","breadcrumb":{"@id":"https:\/\/www.marybakereddylibrary.org\/fr\/mary-baker-eddy2\/autres-realisations\/#breadcrumb"},"inLanguage":"fr-FR","potentialAction":[{"@type":"ReadAction","target":["https:\/\/www.marybakereddylibrary.org\/fr\/mary-baker-eddy2\/autres-realisations\/"]}]},{"@type":"BreadcrumbList","@id":"https:\/\/www.marybakereddylibrary.org\/fr\/mary-baker-eddy2\/autres-realisations\/#breadcrumb","itemListElement":[{"@type":"ListItem","position":1,"name":"Accueil","item":"https:\/\/www.marybakereddylibrary.org\/fr\/"},{"@type":"ListItem","position":2,"name":"Mary Baker Eddy","item":"https:\/\/www.marybakereddylibrary.org\/fr\/mary-baker-eddy2\/"},{"@type":"ListItem","position":3,"name":"Autres r\u00e9alisations"}]},{"@type":"WebSite","@id":"https:\/\/www.marybakereddylibrary.org\/fr\/#website","url":"https:\/\/www.marybakereddylibrary.org\/fr\/","name":"La Biblioth\u00e8que Mary Baker Eddy","description":"","publisher":{"@id":"https:\/\/www.marybakereddylibrary.org\/fr\/#organization"},"potentialAction":[{"@type":"SearchAction","target":{"@type":"EntryPoint","urlTemplate":"https:\/\/www.marybakereddylibrary.org\/fr\/?s={search_term_string}"},"query-input":{"@type":"PropertyValueSpecification","valueRequired":true,"valueName":"search_term_string"}}],"inLanguage":"fr-FR"},{"@type":"Organization","@id":"https:\/\/www.marybakereddylibrary.org\/fr\/#organization","name":"The Mary Baker Eddy Library","url":"https:\/\/www.marybakereddylibrary.org\/fr\/","logo":{"@type":"ImageObject","inLanguage":"fr-FR","@id":"https:\/\/www.marybakereddylibrary.org\/fr\/#\/schema\/logo\/image\/","url":"https:\/\/www.marybakereddylibrary.org\/wp-content\/uploads\/2015\/03\/MBEL_logo_HR.jpg","contentUrl":"https:\/\/www.marybakereddylibrary.org\/wp-content\/uploads\/2015\/03\/MBEL_logo_HR.jpg","width":2100,"height":2100,"caption":"The Mary Baker Eddy Library"},"image":{"@id":"https:\/\/www.marybakereddylibrary.org\/fr\/#\/schema\/logo\/image\/"},"sameAs":["https:\/\/www.facebook.com\/mbelibrary","https:\/\/x.com\/mbelibrary","https:\/\/www.instagram.com\/mbelibrary"]}]}},"_links":{"self":[{"href":"https:\/\/www.marybakereddylibrary.org\/fr\/wp-json\/wp\/v2\/pages\/10992","targetHints":{"allow":["GET"]}}],"collection":[{"href":"https:\/\/www.marybakereddylibrary.org\/fr\/wp-json\/wp\/v2\/pages"}],"about":[{"href":"https:\/\/www.marybakereddylibrary.org\/fr\/wp-json\/wp\/v2\/types\/page"}],"author":[{"embeddable":true,"href":"https:\/\/www.marybakereddylibrary.org\/fr\/wp-json\/wp\/v2\/users\/1"}],"replies":[{"embeddable":true,"href":"https:\/\/www.marybakereddylibrary.org\/fr\/wp-json\/wp\/v2\/comments?post=10992"}],"version-history":[{"count":0,"href":"https:\/\/www.marybakereddylibrary.org\/fr\/wp-json\/wp\/v2\/pages\/10992\/revisions"}],"up":[{"embeddable":true,"href":"https:\/\/www.marybakereddylibrary.org\/fr\/wp-json\/wp\/v2\/pages\/10990"}],"wp:attachment":[{"href":"https:\/\/www.marybakereddylibrary.org\/fr\/wp-json\/wp\/v2\/media?parent=10992"}],"curies":[{"name":"wp","href":"https:\/\/api.w.org\/{rel}","templated":true}]}}