{"id":11006,"date":"2016-08-31T14:29:04","date_gmt":"2016-08-31T18:29:04","guid":{"rendered":"https:\/\/www.marybakereddylibrary.org\/?page_id=11006&#038;lang=fr"},"modified":"2016-09-21T09:35:43","modified_gmt":"2016-09-21T13:35:43","slug":"science-et-sante-avec-la-clef-des-ecritures","status":"publish","type":"page","link":"https:\/\/www.marybakereddylibrary.org\/fr\/mary-baker-eddy2\/ses-oeuvres2\/science-et-sante-avec-la-clef-des-ecritures\/","title":{"rendered":"Science et Sant\u00e9 avec la Clef des Ecritures"},"content":{"rendered":"<div id=\"modal-ready\"><p>[et_pb_section admin_label=&#8221;Section&#8221; fullwidth=&#8221;on&#8221; specialty=&#8221;off&#8221;][et_pb_fullwidth_header admin_label=&#8221;Fullwidth Header&#8221; title=&#8221;<i>Science et Sant\u00e9 avec la Clef des Ecritures<\/i>&#8221; background_layout=&#8221;light&#8221; text_orientation=&#8221;left&#8221; header_fullscreen=&#8221;off&#8221; header_scroll_down=&#8221;off&#8221; parallax=&#8221;off&#8221; parallax_method=&#8221;off&#8221; content_orientation=&#8221;center&#8221; image_orientation=&#8221;center&#8221; custom_button_one=&#8221;off&#8221; button_one_letter_spacing=&#8221;0&#8243; button_one_use_icon=&#8221;default&#8221; button_one_icon_placement=&#8221;right&#8221; button_one_on_hover=&#8221;on&#8221; button_one_letter_spacing_hover=&#8221;0&#8243; custom_button_two=&#8221;off&#8221; button_two_letter_spacing=&#8221;0&#8243; button_two_use_icon=&#8221;default&#8221; button_two_icon_placement=&#8221;right&#8221; button_two_on_hover=&#8221;on&#8221; button_two_letter_spacing_hover=&#8221;0&#8243;] [\/et_pb_fullwidth_header][\/et_pb_section][et_pb_section admin_label=&#8221;section&#8221;][et_pb_row admin_label=&#8221;row&#8221;][et_pb_column type=&#8221;4_4&#8243;][et_pb_text admin_label=&#8221;Text&#8221; background_layout=&#8221;light&#8221; text_orientation=&#8221;left&#8221; use_border_color=&#8221;off&#8221; border_color=&#8221;#ffffff&#8221; border_style=&#8221;solid&#8221;]<\/p>\n<p><a href=\"https:\/\/www.marybakereddylibrary.org\/wp-content\/uploads\/2015\/03\/plates.jpg\"><img loading=\"lazy\" decoding=\"async\" class=\"aligncenter wp-image-849 size-full\" src=\"https:\/\/www.marybakereddylibrary.org\/wp-content\/uploads\/2015\/03\/plates.jpg\" alt=\"plates\" width=\"626\" height=\"252\" srcset=\"https:\/\/www.marybakereddylibrary.org\/wp-content\/uploads\/2015\/03\/plates.jpg 626w, https:\/\/www.marybakereddylibrary.org\/wp-content\/uploads\/2015\/03\/plates-300x121.jpg 300w\" sizes=\"(max-width: 626px) 100vw, 626px\" \/><\/a><\/p>\n<blockquote><p><strong>Un des 75 livres \u00e9crits par une femme dont les id\u00e9es ont chang\u00e9 le monde.\u00a0<\/strong><strong>\u2014Women\u2019s National Book Association<\/strong><\/p><\/blockquote>\n<p><span style=\"font-weight: 400;\">L&#8217;ouvrage fondamental de Mary Baker Eddy, <\/span><i><span style=\"font-weight: 400;\">Science et Sant\u00e9 avec la Clef des Ecritures<\/span><\/i><span style=\"font-weight: 400;\">, est un livre de 700 pages qui d\u00e9taille sa d\u00e9couverte de la Science Chr\u00e9tienne, son syst\u00e8me de gu\u00e9rison et ses commentaires sur les Ecritures. Ce livre recueille la plupart des id\u00e9es de Mary Baker Eddy. Elle a \u00e9crit \u00e0 un de ses \u00e9l\u00e8ves\u00a0: \u00ab\u00a0Ce travail est l&#8217;aboutissement de toute ma vie, comme le disait souvent mon cher mari.\u00a0\u00bb<\/span><\/p>\n<p><span style=\"font-weight: 400;\">Publi\u00e9 pour la premi\u00e8re fois en 1875, <\/span><i><span style=\"font-weight: 400;\">Science et Sant\u00e9<\/span><\/i><span style=\"font-weight: 400;\"> s&#8217;est vendu \u00e0 plus de 10 millions d&#8217;exemplaires et demeure un livre \u00e0 grand succ\u00e8s.<\/span><\/p>\n<p><span style=\"font-weight: 400;\">Suite \u00e0 un accident grave, Mary Baker Eddy avait connu une gu\u00e9rison profonde qui lui avait donn\u00e9 des id\u00e9es importantes sur la nature spirituelle de la vie et de la sant\u00e9 \u2013\u00a0id\u00e9es qu&#8217;elle recherchait depuis de nombreuses ann\u00e9es. Tr\u00e8s vite, elle a voulu comprendre et reproduire cette gu\u00e9rison. Elle a pris des notes et puis elle a enseign\u00e9 cette \u00ab\u00a0d\u00e9couverte\u00a0\u00bb (ainsi qu&#8217;elle l&#8217;a d\u00e9nomm\u00e9e plus tard) \u00e0 ses \u00e9l\u00e8ves et \u00e0 ses patients. A mesure que sa capacit\u00e9 \u00e0 prouver l&#8217;efficacit\u00e9 de sa d\u00e9couverte a augment\u00e9, elle a d\u00e9velopp\u00e9 elle-m\u00eame sa pratique de la gu\u00e9rison et a commenc\u00e9 \u00e0 enseigner aux autres \u00e0 gu\u00e9rir. En 1868, elle a \u00e9t\u00e9 appel\u00e9e aupr\u00e8s d&#8217;une femme qui \u00e9tait en train de mourir d&#8217;une pneumonie. Le docteur pr\u00e9sent sur place l&#8217;a inform\u00e9e qu&#8217;il n&#8217;y avait aucun espoir pour cette patiente, mais Mary Baker Eddy l&#8217;a gu\u00e9rie instantan\u00e9ment. Ce m\u00eame docteur a alors exhort\u00e9 Mary Baker Eddy \u00e0 \u00e9crire un livre sur son syst\u00e8me de gu\u00e9rison et \u00e0 l&#8217;offrir au monde entier. C&#8217;est ainsi qu&#8217;elle a \u00e9crit <\/span><i><span style=\"font-weight: 400;\">Science et Sant\u00e9<\/span><\/i><span style=\"font-weight: 400;\">.\u00a0<\/span><\/p>\n<p><i><span style=\"font-weight: 400;\">Science et Sant\u00e9 avec la Clef des Ecritures<\/span><\/i><span style=\"font-weight: 400;\"> est traduit en seize langues et en braille anglais.<\/span><\/p>\n<p>[\/et_pb_text][\/et_pb_column][\/et_pb_row][\/et_pb_section]<\/p>\n<\/div>","protected":false},"excerpt":{"rendered":"<p>Un des 75 livres \u00e9crits par une femme dont les id\u00e9es ont chang\u00e9 le monde.\u00a0\u2014Women\u2019s National Book Association L&#8217;ouvrage fondamental de Mary Baker Eddy, Science et Sant\u00e9 avec la Clef des Ecritures, est un livre de 700 pages qui d\u00e9taille sa d\u00e9couverte de la Science Chr\u00e9tienne, son syst\u00e8me de gu\u00e9rison et ses commentaires sur les [&hellip;]<\/p>","protected":false},"author":1,"featured_media":0,"parent":11000,"menu_order":0,"comment_status":"open","ping_status":"open","template":"","meta":{"_et_pb_use_builder":"on","_et_pb_old_content":"","_et_gb_content_width":"","_oasis_is_in_workflow":0,"_oasis_original":0,"_oasis_task_priority":"","_relevanssi_hide_post":"","_relevanssi_hide_content":"","_relevanssi_pin_for_all":"","_relevanssi_pin_keywords":"","_relevanssi_unpin_keywords":"","_relevanssi_related_keywords":"","_relevanssi_related_include_ids":"","_relevanssi_related_exclude_ids":"","_relevanssi_related_no_append":"","_relevanssi_related_not_related":"","_relevanssi_related_posts":"","_relevanssi_noindex_reason":"","inline_featured_image":false,"episode_type":"","audio_file":"","podmotor_file_id":"","podmotor_episode_id":"","cover_image":"","cover_image_id":"","duration":"","filesize":"","filesize_raw":"","date_recorded":"","explicit":"","block":"","itunes_episode_number":"","itunes_title":"","itunes_season_number":"","itunes_episode_type":"","footnotes":""},"class_list":["post-11006","page","type-page","status-publish","hentry"],"yoast_head":"<!-- This site is optimized with the Yoast SEO plugin v27.3 - https:\/\/yoast.com\/product\/yoast-seo-wordpress\/ -->\n<title>Science et Sant\u00e9 avec la Clef des Ecritures - La Biblioth\u00e8que Mary Baker Eddy<\/title>\n<meta name=\"robots\" content=\"index, follow, max-snippet:-1, max-image-preview:large, max-video-preview:-1\" \/>\n<link rel=\"canonical\" href=\"https:\/\/www.marybakereddylibrary.org\/fr\/mary-baker-eddy2\/ses-oeuvres2\/science-et-sante-avec-la-clef-des-ecritures\/\" \/>\n<meta property=\"og:locale\" content=\"fr_FR\" \/>\n<meta property=\"og:type\" content=\"article\" \/>\n<meta property=\"og:title\" content=\"Science et Sant\u00e9 avec la Clef des Ecritures - La Biblioth\u00e8que Mary Baker Eddy\" \/>\n<meta property=\"og:description\" content=\"Un des 75 livres \u00e9crits par une femme dont les id\u00e9es ont chang\u00e9 le monde.\u00a0\u2014Women\u2019s National Book Association L&#039;ouvrage fondamental de Mary Baker Eddy, Science et Sant\u00e9 avec la Clef des Ecritures, est un livre de 700 pages qui d\u00e9taille sa d\u00e9couverte de la Science Chr\u00e9tienne, son syst\u00e8me de gu\u00e9rison et ses commentaires sur les [&hellip;]\" \/>\n<meta property=\"og:url\" content=\"https:\/\/www.marybakereddylibrary.org\/fr\/mary-baker-eddy2\/ses-oeuvres2\/science-et-sante-avec-la-clef-des-ecritures\/\" \/>\n<meta property=\"og:site_name\" content=\"La Biblioth\u00e8que Mary Baker Eddy\" \/>\n<meta property=\"article:publisher\" content=\"https:\/\/www.facebook.com\/mbelibrary\" \/>\n<meta property=\"article:modified_time\" content=\"2016-09-21T13:35:43+00:00\" \/>\n<meta property=\"og:image\" content=\"https:\/\/www.marybakereddylibrary.org\/wp-content\/uploads\/2015\/03\/plates.jpg\" \/>\n<meta name=\"twitter:label1\" content=\"Dur\u00e9e de lecture estim\u00e9e\" \/>\n\t<meta name=\"twitter:data1\" content=\"2 minutes\" \/>\n<script type=\"application\/ld+json\" class=\"yoast-schema-graph\">{\"@context\":\"https:\\\/\\\/schema.org\",\"@graph\":[{\"@type\":\"WebPage\",\"@id\":\"https:\\\/\\\/www.marybakereddylibrary.org\\\/fr\\\/mary-baker-eddy2\\\/ses-oeuvres2\\\/science-et-sante-avec-la-clef-des-ecritures\\\/\",\"url\":\"https:\\\/\\\/www.marybakereddylibrary.org\\\/fr\\\/mary-baker-eddy2\\\/ses-oeuvres2\\\/science-et-sante-avec-la-clef-des-ecritures\\\/\",\"name\":\"Science et Sant\u00e9 avec la Clef des Ecritures - La Biblioth\u00e8que Mary Baker Eddy\",\"isPartOf\":{\"@id\":\"https:\\\/\\\/www.marybakereddylibrary.org\\\/fr\\\/#website\"},\"primaryImageOfPage\":{\"@id\":\"https:\\\/\\\/www.marybakereddylibrary.org\\\/fr\\\/mary-baker-eddy2\\\/ses-oeuvres2\\\/science-et-sante-avec-la-clef-des-ecritures\\\/#primaryimage\"},\"image\":{\"@id\":\"https:\\\/\\\/www.marybakereddylibrary.org\\\/fr\\\/mary-baker-eddy2\\\/ses-oeuvres2\\\/science-et-sante-avec-la-clef-des-ecritures\\\/#primaryimage\"},\"thumbnailUrl\":\"https:\\\/\\\/www.marybakereddylibrary.org\\\/wp-content\\\/uploads\\\/2015\\\/03\\\/plates.jpg\",\"datePublished\":\"2016-08-31T18:29:04+00:00\",\"dateModified\":\"2016-09-21T13:35:43+00:00\",\"breadcrumb\":{\"@id\":\"https:\\\/\\\/www.marybakereddylibrary.org\\\/fr\\\/mary-baker-eddy2\\\/ses-oeuvres2\\\/science-et-sante-avec-la-clef-des-ecritures\\\/#breadcrumb\"},\"inLanguage\":\"fr-FR\",\"potentialAction\":[{\"@type\":\"ReadAction\",\"target\":[\"https:\\\/\\\/www.marybakereddylibrary.org\\\/fr\\\/mary-baker-eddy2\\\/ses-oeuvres2\\\/science-et-sante-avec-la-clef-des-ecritures\\\/\"]}]},{\"@type\":\"ImageObject\",\"inLanguage\":\"fr-FR\",\"@id\":\"https:\\\/\\\/www.marybakereddylibrary.org\\\/fr\\\/mary-baker-eddy2\\\/ses-oeuvres2\\\/science-et-sante-avec-la-clef-des-ecritures\\\/#primaryimage\",\"url\":\"https:\\\/\\\/www.marybakereddylibrary.org\\\/wp-content\\\/uploads\\\/2015\\\/03\\\/plates.jpg\",\"contentUrl\":\"https:\\\/\\\/www.marybakereddylibrary.org\\\/wp-content\\\/uploads\\\/2015\\\/03\\\/plates.jpg\"},{\"@type\":\"BreadcrumbList\",\"@id\":\"https:\\\/\\\/www.marybakereddylibrary.org\\\/fr\\\/mary-baker-eddy2\\\/ses-oeuvres2\\\/science-et-sante-avec-la-clef-des-ecritures\\\/#breadcrumb\",\"itemListElement\":[{\"@type\":\"ListItem\",\"position\":1,\"name\":\"Accueil\",\"item\":\"https:\\\/\\\/www.marybakereddylibrary.org\\\/fr\\\/\"},{\"@type\":\"ListItem\",\"position\":2,\"name\":\"Mary Baker Eddy\",\"item\":\"https:\\\/\\\/www.marybakereddylibrary.org\\\/fr\\\/mary-baker-eddy2\\\/\"},{\"@type\":\"ListItem\",\"position\":3,\"name\":\"Ses \u0153uvres\",\"item\":\"https:\\\/\\\/www.marybakereddylibrary.org\\\/fr\\\/mary-baker-eddy2\\\/ses-oeuvres2\\\/\"},{\"@type\":\"ListItem\",\"position\":4,\"name\":\"Science et Sant\u00e9 avec la Clef des Ecritures\"}]},{\"@type\":\"WebSite\",\"@id\":\"https:\\\/\\\/www.marybakereddylibrary.org\\\/fr\\\/#website\",\"url\":\"https:\\\/\\\/www.marybakereddylibrary.org\\\/fr\\\/\",\"name\":\"La Biblioth\u00e8que Mary Baker Eddy\",\"description\":\"\",\"publisher\":{\"@id\":\"https:\\\/\\\/www.marybakereddylibrary.org\\\/fr\\\/#organization\"},\"potentialAction\":[{\"@type\":\"SearchAction\",\"target\":{\"@type\":\"EntryPoint\",\"urlTemplate\":\"https:\\\/\\\/www.marybakereddylibrary.org\\\/fr\\\/?s={search_term_string}\"},\"query-input\":{\"@type\":\"PropertyValueSpecification\",\"valueRequired\":true,\"valueName\":\"search_term_string\"}}],\"inLanguage\":\"fr-FR\"},{\"@type\":\"Organization\",\"@id\":\"https:\\\/\\\/www.marybakereddylibrary.org\\\/fr\\\/#organization\",\"name\":\"The Mary Baker Eddy Library\",\"url\":\"https:\\\/\\\/www.marybakereddylibrary.org\\\/fr\\\/\",\"logo\":{\"@type\":\"ImageObject\",\"inLanguage\":\"fr-FR\",\"@id\":\"https:\\\/\\\/www.marybakereddylibrary.org\\\/fr\\\/#\\\/schema\\\/logo\\\/image\\\/\",\"url\":\"https:\\\/\\\/www.marybakereddylibrary.org\\\/wp-content\\\/uploads\\\/2015\\\/03\\\/MBEL_logo_HR.jpg\",\"contentUrl\":\"https:\\\/\\\/www.marybakereddylibrary.org\\\/wp-content\\\/uploads\\\/2015\\\/03\\\/MBEL_logo_HR.jpg\",\"width\":2100,\"height\":2100,\"caption\":\"The Mary Baker Eddy Library\"},\"image\":{\"@id\":\"https:\\\/\\\/www.marybakereddylibrary.org\\\/fr\\\/#\\\/schema\\\/logo\\\/image\\\/\"},\"sameAs\":[\"https:\\\/\\\/www.facebook.com\\\/mbelibrary\",\"https:\\\/\\\/x.com\\\/mbelibrary\",\"https:\\\/\\\/www.instagram.com\\\/mbelibrary\"]}]}<\/script>\n<!-- \/ Yoast SEO plugin. -->","yoast_head_json":{"title":"Science et Sant\u00e9 avec la Clef des Ecritures - La Biblioth\u00e8que Mary Baker Eddy","robots":{"index":"index","follow":"follow","max-snippet":"max-snippet:-1","max-image-preview":"max-image-preview:large","max-video-preview":"max-video-preview:-1"},"canonical":"https:\/\/www.marybakereddylibrary.org\/fr\/mary-baker-eddy2\/ses-oeuvres2\/science-et-sante-avec-la-clef-des-ecritures\/","og_locale":"fr_FR","og_type":"article","og_title":"Science et Sant\u00e9 avec la Clef des Ecritures - La Biblioth\u00e8que Mary Baker Eddy","og_description":"Un des 75 livres \u00e9crits par une femme dont les id\u00e9es ont chang\u00e9 le monde.\u00a0\u2014Women\u2019s National Book Association L'ouvrage fondamental de Mary Baker Eddy, Science et Sant\u00e9 avec la Clef des Ecritures, est un livre de 700 pages qui d\u00e9taille sa d\u00e9couverte de la Science Chr\u00e9tienne, son syst\u00e8me de gu\u00e9rison et ses commentaires sur les [&hellip;]","og_url":"https:\/\/www.marybakereddylibrary.org\/fr\/mary-baker-eddy2\/ses-oeuvres2\/science-et-sante-avec-la-clef-des-ecritures\/","og_site_name":"La Biblioth\u00e8que Mary Baker Eddy","article_publisher":"https:\/\/www.facebook.com\/mbelibrary","article_modified_time":"2016-09-21T13:35:43+00:00","og_image":[{"url":"https:\/\/www.marybakereddylibrary.org\/wp-content\/uploads\/2015\/03\/plates.jpg","type":"","width":"","height":""}],"twitter_misc":{"Dur\u00e9e de lecture estim\u00e9e":"2 minutes"},"schema":{"@context":"https:\/\/schema.org","@graph":[{"@type":"WebPage","@id":"https:\/\/www.marybakereddylibrary.org\/fr\/mary-baker-eddy2\/ses-oeuvres2\/science-et-sante-avec-la-clef-des-ecritures\/","url":"https:\/\/www.marybakereddylibrary.org\/fr\/mary-baker-eddy2\/ses-oeuvres2\/science-et-sante-avec-la-clef-des-ecritures\/","name":"Science et Sant\u00e9 avec la Clef des Ecritures - La Biblioth\u00e8que Mary Baker Eddy","isPartOf":{"@id":"https:\/\/www.marybakereddylibrary.org\/fr\/#website"},"primaryImageOfPage":{"@id":"https:\/\/www.marybakereddylibrary.org\/fr\/mary-baker-eddy2\/ses-oeuvres2\/science-et-sante-avec-la-clef-des-ecritures\/#primaryimage"},"image":{"@id":"https:\/\/www.marybakereddylibrary.org\/fr\/mary-baker-eddy2\/ses-oeuvres2\/science-et-sante-avec-la-clef-des-ecritures\/#primaryimage"},"thumbnailUrl":"https:\/\/www.marybakereddylibrary.org\/wp-content\/uploads\/2015\/03\/plates.jpg","datePublished":"2016-08-31T18:29:04+00:00","dateModified":"2016-09-21T13:35:43+00:00","breadcrumb":{"@id":"https:\/\/www.marybakereddylibrary.org\/fr\/mary-baker-eddy2\/ses-oeuvres2\/science-et-sante-avec-la-clef-des-ecritures\/#breadcrumb"},"inLanguage":"fr-FR","potentialAction":[{"@type":"ReadAction","target":["https:\/\/www.marybakereddylibrary.org\/fr\/mary-baker-eddy2\/ses-oeuvres2\/science-et-sante-avec-la-clef-des-ecritures\/"]}]},{"@type":"ImageObject","inLanguage":"fr-FR","@id":"https:\/\/www.marybakereddylibrary.org\/fr\/mary-baker-eddy2\/ses-oeuvres2\/science-et-sante-avec-la-clef-des-ecritures\/#primaryimage","url":"https:\/\/www.marybakereddylibrary.org\/wp-content\/uploads\/2015\/03\/plates.jpg","contentUrl":"https:\/\/www.marybakereddylibrary.org\/wp-content\/uploads\/2015\/03\/plates.jpg"},{"@type":"BreadcrumbList","@id":"https:\/\/www.marybakereddylibrary.org\/fr\/mary-baker-eddy2\/ses-oeuvres2\/science-et-sante-avec-la-clef-des-ecritures\/#breadcrumb","itemListElement":[{"@type":"ListItem","position":1,"name":"Accueil","item":"https:\/\/www.marybakereddylibrary.org\/fr\/"},{"@type":"ListItem","position":2,"name":"Mary Baker Eddy","item":"https:\/\/www.marybakereddylibrary.org\/fr\/mary-baker-eddy2\/"},{"@type":"ListItem","position":3,"name":"Ses \u0153uvres","item":"https:\/\/www.marybakereddylibrary.org\/fr\/mary-baker-eddy2\/ses-oeuvres2\/"},{"@type":"ListItem","position":4,"name":"Science et Sant\u00e9 avec la Clef des Ecritures"}]},{"@type":"WebSite","@id":"https:\/\/www.marybakereddylibrary.org\/fr\/#website","url":"https:\/\/www.marybakereddylibrary.org\/fr\/","name":"La Biblioth\u00e8que Mary Baker Eddy","description":"","publisher":{"@id":"https:\/\/www.marybakereddylibrary.org\/fr\/#organization"},"potentialAction":[{"@type":"SearchAction","target":{"@type":"EntryPoint","urlTemplate":"https:\/\/www.marybakereddylibrary.org\/fr\/?s={search_term_string}"},"query-input":{"@type":"PropertyValueSpecification","valueRequired":true,"valueName":"search_term_string"}}],"inLanguage":"fr-FR"},{"@type":"Organization","@id":"https:\/\/www.marybakereddylibrary.org\/fr\/#organization","name":"The Mary Baker Eddy Library","url":"https:\/\/www.marybakereddylibrary.org\/fr\/","logo":{"@type":"ImageObject","inLanguage":"fr-FR","@id":"https:\/\/www.marybakereddylibrary.org\/fr\/#\/schema\/logo\/image\/","url":"https:\/\/www.marybakereddylibrary.org\/wp-content\/uploads\/2015\/03\/MBEL_logo_HR.jpg","contentUrl":"https:\/\/www.marybakereddylibrary.org\/wp-content\/uploads\/2015\/03\/MBEL_logo_HR.jpg","width":2100,"height":2100,"caption":"The Mary Baker Eddy Library"},"image":{"@id":"https:\/\/www.marybakereddylibrary.org\/fr\/#\/schema\/logo\/image\/"},"sameAs":["https:\/\/www.facebook.com\/mbelibrary","https:\/\/x.com\/mbelibrary","https:\/\/www.instagram.com\/mbelibrary"]}]}},"_links":{"self":[{"href":"https:\/\/www.marybakereddylibrary.org\/fr\/wp-json\/wp\/v2\/pages\/11006","targetHints":{"allow":["GET"]}}],"collection":[{"href":"https:\/\/www.marybakereddylibrary.org\/fr\/wp-json\/wp\/v2\/pages"}],"about":[{"href":"https:\/\/www.marybakereddylibrary.org\/fr\/wp-json\/wp\/v2\/types\/page"}],"author":[{"embeddable":true,"href":"https:\/\/www.marybakereddylibrary.org\/fr\/wp-json\/wp\/v2\/users\/1"}],"replies":[{"embeddable":true,"href":"https:\/\/www.marybakereddylibrary.org\/fr\/wp-json\/wp\/v2\/comments?post=11006"}],"version-history":[{"count":0,"href":"https:\/\/www.marybakereddylibrary.org\/fr\/wp-json\/wp\/v2\/pages\/11006\/revisions"}],"up":[{"embeddable":true,"href":"https:\/\/www.marybakereddylibrary.org\/fr\/wp-json\/wp\/v2\/pages\/11000"}],"wp:attachment":[{"href":"https:\/\/www.marybakereddylibrary.org\/fr\/wp-json\/wp\/v2\/media?parent=11006"}],"curies":[{"name":"wp","href":"https:\/\/api.w.org\/{rel}","templated":true}]}}