{"id":27392,"date":"2022-06-28T15:26:50","date_gmt":"2022-06-28T19:26:50","guid":{"rendered":"https:\/\/www.marybakereddylibrary.org\/?page_id=27392"},"modified":"2026-02-17T11:13:06","modified_gmt":"2026-02-17T16:13:06","slug":"sa-vie-et-son-heritage-video","status":"publish","type":"page","link":"https:\/\/www.marybakereddylibrary.org\/fr\/mary-baker-eddy\/sa-vie-et-son-heritage-video\/","title":{"rendered":"Sa vie et son h\u00e9ritage (vid\u00e9o)"},"content":{"rendered":"<div id=\"modal-ready\"><p>[et_pb_section fb_built=&#8221;1&#8243; admin_label=&#8221;section&#8221; _builder_version=&#8221;4.16&#8243; global_colors_info=&#8221;{}&#8221;][et_pb_row _builder_version=&#8221;4.16&#8243; _module_preset=&#8221;default&#8221; global_colors_info=&#8221;{}&#8221;][et_pb_column type=&#8221;4_4&#8243; _builder_version=&#8221;4.16&#8243; _module_preset=&#8221;default&#8221; global_colors_info=&#8221;{}&#8221;][et_pb_text admin_label=&#8221;Video embed Text&#8221; _builder_version=&#8221;4.27.5&#8243; background_size=&#8221;initial&#8221; background_position=&#8221;top_left&#8221; background_repeat=&#8221;repeat&#8221; hover_enabled=&#8221;0&#8243; use_border_color=&#8221;off&#8221; border_color=&#8221;#ffffff&#8221; border_style=&#8221;solid&#8221; global_colors_info=&#8221;{}&#8221; sticky_enabled=&#8221;0&#8243;]\n<script src=\"https:\/\/cdn.jwplayer.com\/players\/OivLoZJX-MnJ5jV6x.js\"><\/script>\n[\/et_pb_text][et_pb_text admin_label=&#8221;Intro&#8221; _builder_version=&#8221;4.16&#8243; background_size=&#8221;initial&#8221; background_position=&#8221;top_left&#8221; background_repeat=&#8221;repeat&#8221; use_border_color=&#8221;off&#8221; border_color=&#8221;#ffffff&#8221; border_style=&#8221;solid&#8221; global_colors_info=&#8221;{}&#8221;]<\/p>\n<p>Mary Baker Eddy (1821-1910) est une auteure am\u00e9ricaine influente, une professeure et un leader religieux. Elle est connue pour ses id\u00e9es r\u00e9volutionnaires sur la spiritualit\u00e9 et la sant\u00e9 qu\u2019elle a r\u00e9pandues au travers d\u2019un mouvement qu\u2019elle a nomm\u00e9 Science Chr\u00e9tienne (Christian Science). Elle a pr\u00e9sent\u00e9 ses id\u00e9es dans son \u0153uvre principale, <em><a href=\"https:\/\/www.marybakereddylibrary.org\/fr\/mary-baker-eddy\/ecrits\/\">Science et Sant\u00e9 avec la Clef des Ecritures<\/a>,<\/em> publi\u00e9 pour la premi\u00e8re fois en 1875. Quatre ans plus tard, elle a fond\u00e9 l\u2019Eglise du Christ, Scientiste, \u00e0 Boston, Massachusetts, U.S.A., qui compte aujourd\u2019hui des \u00e9glises filiales et des soci\u00e9t\u00e9s \u00e0 travers le monde. En 1908, elle a cr\u00e9\u00e9 un magazine d\u2019informations d\u2019envergure internationale, <em>The Christian Science Monitor,<\/em> ayant re\u00e7u, \u00e0 ce jour, sept prix Pulitzer.<\/p>\n<p>[\/et_pb_text][\/et_pb_column][\/et_pb_row][\/et_pb_section]<\/p>\n<\/div>","protected":false},"excerpt":{"rendered":"<p>Mary Baker Eddy (1821-1910) est une auteure am\u00e9ricaine influente, une professeure et un leader religieux. Elle est connue pour ses id\u00e9es r\u00e9volutionnaires sur la spiritualit\u00e9 et la sant\u00e9 qu\u2019elle a r\u00e9pandues au travers d\u2019un mouvement qu\u2019elle a nomm\u00e9 Science Chr\u00e9tienne (Christian Science). Elle a pr\u00e9sent\u00e9 ses id\u00e9es dans son \u0153uvre principale, Science et Sant\u00e9 avec [&hellip;]<\/p>","protected":false},"author":24,"featured_media":0,"parent":49769,"menu_order":0,"comment_status":"open","ping_status":"open","template":"","meta":{"_et_pb_use_builder":"on","_et_pb_old_content":"","_et_gb_content_width":"","_oasis_is_in_workflow":0,"_oasis_original":0,"_oasis_task_priority":"","_relevanssi_hide_post":"","_relevanssi_hide_content":"","_relevanssi_pin_for_all":"","_relevanssi_pin_keywords":"","_relevanssi_unpin_keywords":"","_relevanssi_related_keywords":"","_relevanssi_related_include_ids":"","_relevanssi_related_exclude_ids":"","_relevanssi_related_no_append":"","_relevanssi_related_not_related":"","_relevanssi_related_posts":"","_relevanssi_noindex_reason":"","inline_featured_image":false,"episode_type":"","audio_file":"","podmotor_file_id":"","podmotor_episode_id":"","cover_image":"","cover_image_id":"","duration":"","filesize":"","filesize_raw":"","date_recorded":"","explicit":"","block":"","itunes_episode_number":"","itunes_title":"","itunes_season_number":"","itunes_episode_type":"","footnotes":""},"class_list":["post-27392","page","type-page","status-publish","hentry"],"yoast_head":"<!-- This site is optimized with the Yoast SEO plugin v27.3 - https:\/\/yoast.com\/product\/yoast-seo-wordpress\/ -->\n<title>Sa vie et son h\u00e9ritage (vid\u00e9o) - La Biblioth\u00e8que Mary Baker Eddy<\/title>\n<meta name=\"robots\" content=\"index, follow, max-snippet:-1, max-image-preview:large, max-video-preview:-1\" \/>\n<link rel=\"canonical\" href=\"https:\/\/www.marybakereddylibrary.org\/fr\/mary-baker-eddy\/sa-vie-et-son-heritage-video\/\" \/>\n<meta property=\"og:locale\" content=\"fr_FR\" \/>\n<meta property=\"og:type\" content=\"article\" \/>\n<meta property=\"og:title\" content=\"Sa vie et son h\u00e9ritage (vid\u00e9o) - La Biblioth\u00e8que Mary Baker Eddy\" \/>\n<meta property=\"og:description\" content=\"Mary Baker Eddy (1821-1910) est une auteure am\u00e9ricaine influente, une professeure et un leader religieux. Elle est connue pour ses id\u00e9es r\u00e9volutionnaires sur la spiritualit\u00e9 et la sant\u00e9 qu\u2019elle a r\u00e9pandues au travers d\u2019un mouvement qu\u2019elle a nomm\u00e9 Science Chr\u00e9tienne (Christian Science). Elle a pr\u00e9sent\u00e9 ses id\u00e9es dans son \u0153uvre principale, Science et Sant\u00e9 avec [&hellip;]\" \/>\n<meta property=\"og:url\" content=\"https:\/\/www.marybakereddylibrary.org\/fr\/mary-baker-eddy\/sa-vie-et-son-heritage-video\/\" \/>\n<meta property=\"og:site_name\" content=\"La Biblioth\u00e8que Mary Baker Eddy\" \/>\n<meta property=\"article:publisher\" content=\"https:\/\/www.facebook.com\/mbelibrary\" \/>\n<meta property=\"article:modified_time\" content=\"2026-02-17T16:13:06+00:00\" \/>\n<meta name=\"twitter:label1\" content=\"Dur\u00e9e de lecture estim\u00e9e\" \/>\n\t<meta name=\"twitter:data1\" content=\"1 minute\" \/>\n<script type=\"application\/ld+json\" class=\"yoast-schema-graph\">{\"@context\":\"https:\\\/\\\/schema.org\",\"@graph\":[{\"@type\":\"WebPage\",\"@id\":\"https:\\\/\\\/www.marybakereddylibrary.org\\\/fr\\\/mary-baker-eddy\\\/sa-vie-et-son-heritage-video\\\/\",\"url\":\"https:\\\/\\\/www.marybakereddylibrary.org\\\/fr\\\/mary-baker-eddy\\\/sa-vie-et-son-heritage-video\\\/\",\"name\":\"Sa vie et son h\u00e9ritage (vid\u00e9o) - La Biblioth\u00e8que Mary Baker Eddy\",\"isPartOf\":{\"@id\":\"https:\\\/\\\/www.marybakereddylibrary.org\\\/fr\\\/#website\"},\"datePublished\":\"2022-06-28T19:26:50+00:00\",\"dateModified\":\"2026-02-17T16:13:06+00:00\",\"breadcrumb\":{\"@id\":\"https:\\\/\\\/www.marybakereddylibrary.org\\\/fr\\\/mary-baker-eddy\\\/sa-vie-et-son-heritage-video\\\/#breadcrumb\"},\"inLanguage\":\"fr-FR\",\"potentialAction\":[{\"@type\":\"ReadAction\",\"target\":[\"https:\\\/\\\/www.marybakereddylibrary.org\\\/fr\\\/mary-baker-eddy\\\/sa-vie-et-son-heritage-video\\\/\"]}]},{\"@type\":\"BreadcrumbList\",\"@id\":\"https:\\\/\\\/www.marybakereddylibrary.org\\\/fr\\\/mary-baker-eddy\\\/sa-vie-et-son-heritage-video\\\/#breadcrumb\",\"itemListElement\":[{\"@type\":\"ListItem\",\"position\":1,\"name\":\"Accueil\",\"item\":\"https:\\\/\\\/www.marybakereddylibrary.org\\\/fr\\\/\"},{\"@type\":\"ListItem\",\"position\":2,\"name\":\"Mary Baker Eddy\",\"item\":\"https:\\\/\\\/www.marybakereddylibrary.org\\\/fr\\\/mary-baker-eddy\\\/\"},{\"@type\":\"ListItem\",\"position\":3,\"name\":\"Sa vie et son h\u00e9ritage (vid\u00e9o)\"}]},{\"@type\":\"WebSite\",\"@id\":\"https:\\\/\\\/www.marybakereddylibrary.org\\\/fr\\\/#website\",\"url\":\"https:\\\/\\\/www.marybakereddylibrary.org\\\/fr\\\/\",\"name\":\"La Biblioth\u00e8que Mary Baker Eddy\",\"description\":\"\",\"publisher\":{\"@id\":\"https:\\\/\\\/www.marybakereddylibrary.org\\\/fr\\\/#organization\"},\"potentialAction\":[{\"@type\":\"SearchAction\",\"target\":{\"@type\":\"EntryPoint\",\"urlTemplate\":\"https:\\\/\\\/www.marybakereddylibrary.org\\\/fr\\\/?s={search_term_string}\"},\"query-input\":{\"@type\":\"PropertyValueSpecification\",\"valueRequired\":true,\"valueName\":\"search_term_string\"}}],\"inLanguage\":\"fr-FR\"},{\"@type\":\"Organization\",\"@id\":\"https:\\\/\\\/www.marybakereddylibrary.org\\\/fr\\\/#organization\",\"name\":\"The Mary Baker Eddy Library\",\"url\":\"https:\\\/\\\/www.marybakereddylibrary.org\\\/fr\\\/\",\"logo\":{\"@type\":\"ImageObject\",\"inLanguage\":\"fr-FR\",\"@id\":\"https:\\\/\\\/www.marybakereddylibrary.org\\\/fr\\\/#\\\/schema\\\/logo\\\/image\\\/\",\"url\":\"https:\\\/\\\/www.marybakereddylibrary.org\\\/wp-content\\\/uploads\\\/2015\\\/03\\\/MBEL_logo_HR.jpg\",\"contentUrl\":\"https:\\\/\\\/www.marybakereddylibrary.org\\\/wp-content\\\/uploads\\\/2015\\\/03\\\/MBEL_logo_HR.jpg\",\"width\":2100,\"height\":2100,\"caption\":\"The Mary Baker Eddy Library\"},\"image\":{\"@id\":\"https:\\\/\\\/www.marybakereddylibrary.org\\\/fr\\\/#\\\/schema\\\/logo\\\/image\\\/\"},\"sameAs\":[\"https:\\\/\\\/www.facebook.com\\\/mbelibrary\",\"https:\\\/\\\/x.com\\\/mbelibrary\",\"https:\\\/\\\/www.instagram.com\\\/mbelibrary\"]}]}<\/script>\n<!-- \/ Yoast SEO plugin. -->","yoast_head_json":{"title":"Sa vie et son h\u00e9ritage (vid\u00e9o) - La Biblioth\u00e8que Mary Baker Eddy","robots":{"index":"index","follow":"follow","max-snippet":"max-snippet:-1","max-image-preview":"max-image-preview:large","max-video-preview":"max-video-preview:-1"},"canonical":"https:\/\/www.marybakereddylibrary.org\/fr\/mary-baker-eddy\/sa-vie-et-son-heritage-video\/","og_locale":"fr_FR","og_type":"article","og_title":"Sa vie et son h\u00e9ritage (vid\u00e9o) - La Biblioth\u00e8que Mary Baker Eddy","og_description":"Mary Baker Eddy (1821-1910) est une auteure am\u00e9ricaine influente, une professeure et un leader religieux. Elle est connue pour ses id\u00e9es r\u00e9volutionnaires sur la spiritualit\u00e9 et la sant\u00e9 qu\u2019elle a r\u00e9pandues au travers d\u2019un mouvement qu\u2019elle a nomm\u00e9 Science Chr\u00e9tienne (Christian Science). Elle a pr\u00e9sent\u00e9 ses id\u00e9es dans son \u0153uvre principale, Science et Sant\u00e9 avec [&hellip;]","og_url":"https:\/\/www.marybakereddylibrary.org\/fr\/mary-baker-eddy\/sa-vie-et-son-heritage-video\/","og_site_name":"La Biblioth\u00e8que Mary Baker Eddy","article_publisher":"https:\/\/www.facebook.com\/mbelibrary","article_modified_time":"2026-02-17T16:13:06+00:00","twitter_misc":{"Dur\u00e9e de lecture estim\u00e9e":"1 minute"},"schema":{"@context":"https:\/\/schema.org","@graph":[{"@type":"WebPage","@id":"https:\/\/www.marybakereddylibrary.org\/fr\/mary-baker-eddy\/sa-vie-et-son-heritage-video\/","url":"https:\/\/www.marybakereddylibrary.org\/fr\/mary-baker-eddy\/sa-vie-et-son-heritage-video\/","name":"Sa vie et son h\u00e9ritage (vid\u00e9o) - La Biblioth\u00e8que Mary Baker Eddy","isPartOf":{"@id":"https:\/\/www.marybakereddylibrary.org\/fr\/#website"},"datePublished":"2022-06-28T19:26:50+00:00","dateModified":"2026-02-17T16:13:06+00:00","breadcrumb":{"@id":"https:\/\/www.marybakereddylibrary.org\/fr\/mary-baker-eddy\/sa-vie-et-son-heritage-video\/#breadcrumb"},"inLanguage":"fr-FR","potentialAction":[{"@type":"ReadAction","target":["https:\/\/www.marybakereddylibrary.org\/fr\/mary-baker-eddy\/sa-vie-et-son-heritage-video\/"]}]},{"@type":"BreadcrumbList","@id":"https:\/\/www.marybakereddylibrary.org\/fr\/mary-baker-eddy\/sa-vie-et-son-heritage-video\/#breadcrumb","itemListElement":[{"@type":"ListItem","position":1,"name":"Accueil","item":"https:\/\/www.marybakereddylibrary.org\/fr\/"},{"@type":"ListItem","position":2,"name":"Mary Baker Eddy","item":"https:\/\/www.marybakereddylibrary.org\/fr\/mary-baker-eddy\/"},{"@type":"ListItem","position":3,"name":"Sa vie et son h\u00e9ritage (vid\u00e9o)"}]},{"@type":"WebSite","@id":"https:\/\/www.marybakereddylibrary.org\/fr\/#website","url":"https:\/\/www.marybakereddylibrary.org\/fr\/","name":"La Biblioth\u00e8que Mary Baker Eddy","description":"","publisher":{"@id":"https:\/\/www.marybakereddylibrary.org\/fr\/#organization"},"potentialAction":[{"@type":"SearchAction","target":{"@type":"EntryPoint","urlTemplate":"https:\/\/www.marybakereddylibrary.org\/fr\/?s={search_term_string}"},"query-input":{"@type":"PropertyValueSpecification","valueRequired":true,"valueName":"search_term_string"}}],"inLanguage":"fr-FR"},{"@type":"Organization","@id":"https:\/\/www.marybakereddylibrary.org\/fr\/#organization","name":"The Mary Baker Eddy Library","url":"https:\/\/www.marybakereddylibrary.org\/fr\/","logo":{"@type":"ImageObject","inLanguage":"fr-FR","@id":"https:\/\/www.marybakereddylibrary.org\/fr\/#\/schema\/logo\/image\/","url":"https:\/\/www.marybakereddylibrary.org\/wp-content\/uploads\/2015\/03\/MBEL_logo_HR.jpg","contentUrl":"https:\/\/www.marybakereddylibrary.org\/wp-content\/uploads\/2015\/03\/MBEL_logo_HR.jpg","width":2100,"height":2100,"caption":"The Mary Baker Eddy Library"},"image":{"@id":"https:\/\/www.marybakereddylibrary.org\/fr\/#\/schema\/logo\/image\/"},"sameAs":["https:\/\/www.facebook.com\/mbelibrary","https:\/\/x.com\/mbelibrary","https:\/\/www.instagram.com\/mbelibrary"]}]}},"_links":{"self":[{"href":"https:\/\/www.marybakereddylibrary.org\/fr\/wp-json\/wp\/v2\/pages\/27392","targetHints":{"allow":["GET"]}}],"collection":[{"href":"https:\/\/www.marybakereddylibrary.org\/fr\/wp-json\/wp\/v2\/pages"}],"about":[{"href":"https:\/\/www.marybakereddylibrary.org\/fr\/wp-json\/wp\/v2\/types\/page"}],"author":[{"embeddable":true,"href":"https:\/\/www.marybakereddylibrary.org\/fr\/wp-json\/wp\/v2\/users\/24"}],"replies":[{"embeddable":true,"href":"https:\/\/www.marybakereddylibrary.org\/fr\/wp-json\/wp\/v2\/comments?post=27392"}],"version-history":[{"count":2,"href":"https:\/\/www.marybakereddylibrary.org\/fr\/wp-json\/wp\/v2\/pages\/27392\/revisions"}],"predecessor-version":[{"id":97261,"href":"https:\/\/www.marybakereddylibrary.org\/fr\/wp-json\/wp\/v2\/pages\/27392\/revisions\/97261"}],"up":[{"embeddable":true,"href":"https:\/\/www.marybakereddylibrary.org\/fr\/wp-json\/wp\/v2\/pages\/49769"}],"wp:attachment":[{"href":"https:\/\/www.marybakereddylibrary.org\/fr\/wp-json\/wp\/v2\/media?parent=27392"}],"curies":[{"name":"wp","href":"https:\/\/api.w.org\/{rel}","templated":true}]}}