{"id":49759,"date":"2022-07-26T16:40:57","date_gmt":"2022-07-26T20:40:57","guid":{"rendered":"https:\/\/www.marybakereddylibrary.org\/mary-baker-eddy-lecture-rapide\/"},"modified":"2022-08-30T08:02:47","modified_gmt":"2022-08-30T12:02:47","slug":"mary-baker-eddy-lecture-rapide","status":"publish","type":"page","link":"https:\/\/www.marybakereddylibrary.org\/fr\/mary-baker-eddy\/mary-baker-eddy-lecture-rapide\/","title":{"rendered":"Mary Baker Eddy \u2013 Lecture rapide"},"content":{"rendered":"<div id=\"modal-ready\"><p>[et_pb_section fb_built=&#8221;1&#8243; fullwidth=&#8221;on&#8221; _builder_version=&#8221;4.9.9&#8243; _module_preset=&#8221;default&#8221; global_colors_info=&#8221;{}&#8221;][et_pb_fullwidth_header title=&#8221;Mary Baker Eddy \u2013 Lecture rapide&#8221; _builder_version=&#8221;4.14.7&#8243; _module_preset=&#8221;default&#8221; global_colors_info=&#8221;{}&#8221;][\/et_pb_fullwidth_header][\/et_pb_section][et_pb_section fb_built=&#8221;1&#8243; _builder_version=&#8221;4.9.9&#8243; _module_preset=&#8221;default&#8221; global_colors_info=&#8221;{}&#8221;][et_pb_row column_structure=&#8221;3_5,2_5&#8243; _builder_version=&#8221;4.9.9&#8243; _module_preset=&#8221;default&#8221; global_colors_info=&#8221;{}&#8221;][et_pb_column type=&#8221;3_5&#8243; _builder_version=&#8221;4.9.9&#8243; _module_preset=&#8221;default&#8221; global_colors_info=&#8221;{}&#8221;][et_pb_text _builder_version=&#8221;4.14.7&#8243; _module_preset=&#8221;default&#8221; hover_enabled=&#8221;0&#8243; global_colors_info=&#8221;{}&#8221; sticky_enabled=&#8221;0&#8243;]<\/p>\n<p style=\"font-weight: 400; font-size: 18px; line-height: 1.7em;\">Mary Baker Eddy (1821-1910) \u00e9tait une r\u00e9formatrice religieuse am\u00e9ricaine, largement connue pour \u00eatre la d\u00e9couvreuse de la Science Chr\u00e9tienne. Mary Baker Eddy a \u00e9tudi\u00e9 la Bible tout au long de sa vie, et a pr\u00e9sent\u00e9 ses id\u00e9es dans son ouvrage principal, <em>Science et Sant\u00e9 avec la Clef des Ecritures,<\/em> publi\u00e9 pour la premi\u00e8re fois en 1875. Quatre ans plus tard, elle a fond\u00e9 l\u2019Eglise du Christ, Scientiste. Celle-ci compte aujourd\u2019hui des \u00e9glises filiales \u00e0 travers le monde entier. En 1908, Mary Baker Eddy a \u00e9galement cr\u00e9\u00e9 <em>The Christian Science Monitor,<\/em> un quotidien d\u2019information mondialement reconnu, qui a remport\u00e9 sept prix Pulitzer. En savoir plus dans la <a href=\"https:\/\/www.marybakereddylibrary.org\/fr\/mary-baker-eddy\/mary-baker-eddy-lecture-approfondie\/\">Lecture approfondie.<\/a><\/p>\n<h2><span style=\"font-weight: 400;\">Dates cl\u00e9s\u00a0:<\/span><\/h2>\n<p><b>1821\u00a0 <\/b><span style=\"font-weight: 400;\">\u2013\u00a0 Naissance \u00e0 Bow, dans le New Hampshire, Etats-Unis<\/span><\/p>\n<p><b>1866<\/b><span style=\"font-weight: 400;\">\u00a0 \u2013\u00a0 Gu\u00e9rison par la pri\u00e8re des effets d\u2019un accident, marquant ainsi sa d\u00e9couverte de la Science Chr\u00e9tienne<\/span><\/p>\n<p><b>1875\u00a0 <\/b><span style=\"font-weight: 400;\">\u2013\u00a0 Publication de son livre le plus important, <em>Science et Sant\u00e9<\/em><\/span><\/p>\n<p><b>1879<\/b><span style=\"font-weight: 400;\">\u00a0 \u2013\u00a0 Fondation de l\u2019Eglise de la Science Chr\u00e9tienne<\/span><\/p>\n<p><b>1908<\/b><span style=\"font-weight: 400;\">\u00a0 \u2013\u00a0 Lancement du <i>Christian Science Monitor<\/i><\/span><\/p>\n<p><b>1910<\/b><span style=\"font-weight: 400;\">\u00a0 \u2013\u00a0 D\u00e9c\u00e8s \u00e0 Chestnut Hill, Massachusetts<\/span><\/p>\n<p>[\/et_pb_text][\/et_pb_column][et_pb_column type=&#8221;2_5&#8243; _builder_version=&#8221;4.9.9&#8243; _module_preset=&#8221;default&#8221; global_colors_info=&#8221;{}&#8221;][et_pb_image src=&#8221;https:\/\/www.marybakereddylibrary.org\/wp-content\/uploads\/2021\/11\/1986_141_reducedsize.jpg&#8221; title_text=&#8221;1986_141_reducedsize&#8221; admin_label=&#8221;Painting\/Portrait of Eddy seated with book&#8221; _builder_version=&#8221;4.9.9&#8243; _module_preset=&#8221;default&#8221; global_colors_info=&#8221;{}&#8221;][\/et_pb_image][et_pb_text admin_label=&#8221;Caption: Portrait of Eddy seated with book&#8221; module_class=&#8221;custom-caption-centered&#8221; _builder_version=&#8221;4.9.9&#8243; _module_preset=&#8221;default&#8221; global_colors_info=&#8221;{}&#8221;]<\/p>\n<p>Portrait de Mary Baker Eddy, 1918, par l\u2019artiste Max Bohm. 1986.141 Collection d\u2019art et d\u2019artefacts.<\/p>\n<p>[\/et_pb_text][\/et_pb_column][\/et_pb_row][\/et_pb_section]<\/p>\n<\/div>","protected":false},"excerpt":{"rendered":"<p>Mary Baker Eddy (1821\u20131910) was an American religious leader widely\u00a0 known as the discoverer of Christian Science. A lifelong Bible student, Eddy wrote\u00a0 Science and Health with Key to the Scriptures, first published in 1875. Four years later she founded the Church of Christ, Scientist.<\/p>","protected":false},"author":35,"featured_media":0,"parent":49769,"menu_order":0,"comment_status":"closed","ping_status":"closed","template":"","meta":{"_et_pb_use_builder":"on","_et_pb_old_content":"","_et_gb_content_width":"","_oasis_is_in_workflow":0,"_oasis_original":0,"_oasis_task_priority":"","_relevanssi_hide_post":"","_relevanssi_hide_content":"","_relevanssi_pin_for_all":"","_relevanssi_pin_keywords":"","_relevanssi_unpin_keywords":"","_relevanssi_related_keywords":"","_relevanssi_related_include_ids":"","_relevanssi_related_exclude_ids":"","_relevanssi_related_no_append":"","_relevanssi_related_not_related":"","_relevanssi_related_posts":"","_relevanssi_noindex_reason":"","inline_featured_image":false,"episode_type":"","audio_file":"","podmotor_file_id":"","podmotor_episode_id":"","cover_image":"","cover_image_id":"","duration":"","filesize":"","filesize_raw":"","date_recorded":"","explicit":"","block":"","itunes_episode_number":"","itunes_title":"","itunes_season_number":"","itunes_episode_type":"","footnotes":""},"class_list":["post-49759","page","type-page","status-publish","hentry"],"yoast_head":"<!-- This site is optimized with the Yoast SEO plugin v27.4 - https:\/\/yoast.com\/product\/yoast-seo-wordpress\/ -->\n<title>Mary Baker Eddy \u2013 Lecture rapide - La Biblioth\u00e8que Mary Baker Eddy<\/title>\n<meta name=\"robots\" content=\"index, follow, max-snippet:-1, max-image-preview:large, max-video-preview:-1\" \/>\n<link rel=\"canonical\" href=\"https:\/\/www.marybakereddylibrary.org\/fr\/mary-baker-eddy\/mary-baker-eddy-lecture-rapide\/\" \/>\n<meta property=\"og:locale\" content=\"fr_FR\" \/>\n<meta property=\"og:type\" content=\"article\" \/>\n<meta property=\"og:title\" content=\"Mary Baker Eddy \u2013 Lecture rapide - La Biblioth\u00e8que Mary Baker Eddy\" \/>\n<meta property=\"og:description\" content=\"Mary Baker Eddy (1821\u20131910) was an American religious leader widely\u00a0 known as the discoverer of Christian Science. A lifelong Bible student, Eddy wrote\u00a0 Science and Health with Key to the Scriptures, first published in 1875. Four years later she founded the Church of Christ, Scientist.\" \/>\n<meta property=\"og:url\" content=\"https:\/\/www.marybakereddylibrary.org\/fr\/mary-baker-eddy\/mary-baker-eddy-lecture-rapide\/\" \/>\n<meta property=\"og:site_name\" content=\"La Biblioth\u00e8que Mary Baker Eddy\" \/>\n<meta property=\"article:publisher\" content=\"https:\/\/www.facebook.com\/mbelibrary\" \/>\n<meta property=\"article:modified_time\" content=\"2022-08-30T12:02:47+00:00\" \/>\n<meta name=\"twitter:label1\" content=\"Dur\u00e9e de lecture estim\u00e9e\" \/>\n\t<meta name=\"twitter:data1\" content=\"2 minutes\" \/>\n<script type=\"application\/ld+json\" class=\"yoast-schema-graph\">{\"@context\":\"https:\\\/\\\/schema.org\",\"@graph\":[{\"@type\":\"WebPage\",\"@id\":\"https:\\\/\\\/www.marybakereddylibrary.org\\\/fr\\\/mary-baker-eddy\\\/mary-baker-eddy-lecture-rapide\\\/\",\"url\":\"https:\\\/\\\/www.marybakereddylibrary.org\\\/fr\\\/mary-baker-eddy\\\/mary-baker-eddy-lecture-rapide\\\/\",\"name\":\"Mary Baker Eddy \u2013 Lecture rapide - La Biblioth\u00e8que Mary Baker Eddy\",\"isPartOf\":{\"@id\":\"https:\\\/\\\/www.marybakereddylibrary.org\\\/fr\\\/#website\"},\"datePublished\":\"2022-07-26T20:40:57+00:00\",\"dateModified\":\"2022-08-30T12:02:47+00:00\",\"breadcrumb\":{\"@id\":\"https:\\\/\\\/www.marybakereddylibrary.org\\\/fr\\\/mary-baker-eddy\\\/mary-baker-eddy-lecture-rapide\\\/#breadcrumb\"},\"inLanguage\":\"fr-FR\",\"potentialAction\":[{\"@type\":\"ReadAction\",\"target\":[\"https:\\\/\\\/www.marybakereddylibrary.org\\\/fr\\\/mary-baker-eddy\\\/mary-baker-eddy-lecture-rapide\\\/\"]}]},{\"@type\":\"BreadcrumbList\",\"@id\":\"https:\\\/\\\/www.marybakereddylibrary.org\\\/fr\\\/mary-baker-eddy\\\/mary-baker-eddy-lecture-rapide\\\/#breadcrumb\",\"itemListElement\":[{\"@type\":\"ListItem\",\"position\":1,\"name\":\"Accueil\",\"item\":\"https:\\\/\\\/www.marybakereddylibrary.org\\\/fr\\\/\"},{\"@type\":\"ListItem\",\"position\":2,\"name\":\"Mary Baker Eddy\",\"item\":\"https:\\\/\\\/www.marybakereddylibrary.org\\\/fr\\\/mary-baker-eddy\\\/\"},{\"@type\":\"ListItem\",\"position\":3,\"name\":\"Mary Baker Eddy \u2013 Lecture rapide\"}]},{\"@type\":\"WebSite\",\"@id\":\"https:\\\/\\\/www.marybakereddylibrary.org\\\/fr\\\/#website\",\"url\":\"https:\\\/\\\/www.marybakereddylibrary.org\\\/fr\\\/\",\"name\":\"La Biblioth\u00e8que Mary Baker Eddy\",\"description\":\"\",\"publisher\":{\"@id\":\"https:\\\/\\\/www.marybakereddylibrary.org\\\/fr\\\/#organization\"},\"potentialAction\":[{\"@type\":\"SearchAction\",\"target\":{\"@type\":\"EntryPoint\",\"urlTemplate\":\"https:\\\/\\\/www.marybakereddylibrary.org\\\/fr\\\/?s={search_term_string}\"},\"query-input\":{\"@type\":\"PropertyValueSpecification\",\"valueRequired\":true,\"valueName\":\"search_term_string\"}}],\"inLanguage\":\"fr-FR\"},{\"@type\":\"Organization\",\"@id\":\"https:\\\/\\\/www.marybakereddylibrary.org\\\/fr\\\/#organization\",\"name\":\"The Mary Baker Eddy Library\",\"url\":\"https:\\\/\\\/www.marybakereddylibrary.org\\\/fr\\\/\",\"logo\":{\"@type\":\"ImageObject\",\"inLanguage\":\"fr-FR\",\"@id\":\"https:\\\/\\\/www.marybakereddylibrary.org\\\/fr\\\/#\\\/schema\\\/logo\\\/image\\\/\",\"url\":\"https:\\\/\\\/www.marybakereddylibrary.org\\\/wp-content\\\/uploads\\\/2015\\\/03\\\/MBEL_logo_HR.jpg\",\"contentUrl\":\"https:\\\/\\\/www.marybakereddylibrary.org\\\/wp-content\\\/uploads\\\/2015\\\/03\\\/MBEL_logo_HR.jpg\",\"width\":2100,\"height\":2100,\"caption\":\"The Mary Baker Eddy Library\"},\"image\":{\"@id\":\"https:\\\/\\\/www.marybakereddylibrary.org\\\/fr\\\/#\\\/schema\\\/logo\\\/image\\\/\"},\"sameAs\":[\"https:\\\/\\\/www.facebook.com\\\/mbelibrary\",\"https:\\\/\\\/x.com\\\/mbelibrary\",\"https:\\\/\\\/www.instagram.com\\\/mbelibrary\"]}]}<\/script>\n<!-- \/ Yoast SEO plugin. -->","yoast_head_json":{"title":"Mary Baker Eddy \u2013 Lecture rapide - La Biblioth\u00e8que Mary Baker Eddy","robots":{"index":"index","follow":"follow","max-snippet":"max-snippet:-1","max-image-preview":"max-image-preview:large","max-video-preview":"max-video-preview:-1"},"canonical":"https:\/\/www.marybakereddylibrary.org\/fr\/mary-baker-eddy\/mary-baker-eddy-lecture-rapide\/","og_locale":"fr_FR","og_type":"article","og_title":"Mary Baker Eddy \u2013 Lecture rapide - La Biblioth\u00e8que Mary Baker Eddy","og_description":"Mary Baker Eddy (1821\u20131910) was an American religious leader widely\u00a0 known as the discoverer of Christian Science. A lifelong Bible student, Eddy wrote\u00a0 Science and Health with Key to the Scriptures, first published in 1875. Four years later she founded the Church of Christ, Scientist.","og_url":"https:\/\/www.marybakereddylibrary.org\/fr\/mary-baker-eddy\/mary-baker-eddy-lecture-rapide\/","og_site_name":"La Biblioth\u00e8que Mary Baker Eddy","article_publisher":"https:\/\/www.facebook.com\/mbelibrary","article_modified_time":"2022-08-30T12:02:47+00:00","twitter_misc":{"Dur\u00e9e de lecture estim\u00e9e":"2 minutes"},"schema":{"@context":"https:\/\/schema.org","@graph":[{"@type":"WebPage","@id":"https:\/\/www.marybakereddylibrary.org\/fr\/mary-baker-eddy\/mary-baker-eddy-lecture-rapide\/","url":"https:\/\/www.marybakereddylibrary.org\/fr\/mary-baker-eddy\/mary-baker-eddy-lecture-rapide\/","name":"Mary Baker Eddy \u2013 Lecture rapide - La Biblioth\u00e8que Mary Baker Eddy","isPartOf":{"@id":"https:\/\/www.marybakereddylibrary.org\/fr\/#website"},"datePublished":"2022-07-26T20:40:57+00:00","dateModified":"2022-08-30T12:02:47+00:00","breadcrumb":{"@id":"https:\/\/www.marybakereddylibrary.org\/fr\/mary-baker-eddy\/mary-baker-eddy-lecture-rapide\/#breadcrumb"},"inLanguage":"fr-FR","potentialAction":[{"@type":"ReadAction","target":["https:\/\/www.marybakereddylibrary.org\/fr\/mary-baker-eddy\/mary-baker-eddy-lecture-rapide\/"]}]},{"@type":"BreadcrumbList","@id":"https:\/\/www.marybakereddylibrary.org\/fr\/mary-baker-eddy\/mary-baker-eddy-lecture-rapide\/#breadcrumb","itemListElement":[{"@type":"ListItem","position":1,"name":"Accueil","item":"https:\/\/www.marybakereddylibrary.org\/fr\/"},{"@type":"ListItem","position":2,"name":"Mary Baker Eddy","item":"https:\/\/www.marybakereddylibrary.org\/fr\/mary-baker-eddy\/"},{"@type":"ListItem","position":3,"name":"Mary Baker Eddy \u2013 Lecture rapide"}]},{"@type":"WebSite","@id":"https:\/\/www.marybakereddylibrary.org\/fr\/#website","url":"https:\/\/www.marybakereddylibrary.org\/fr\/","name":"La Biblioth\u00e8que Mary Baker Eddy","description":"","publisher":{"@id":"https:\/\/www.marybakereddylibrary.org\/fr\/#organization"},"potentialAction":[{"@type":"SearchAction","target":{"@type":"EntryPoint","urlTemplate":"https:\/\/www.marybakereddylibrary.org\/fr\/?s={search_term_string}"},"query-input":{"@type":"PropertyValueSpecification","valueRequired":true,"valueName":"search_term_string"}}],"inLanguage":"fr-FR"},{"@type":"Organization","@id":"https:\/\/www.marybakereddylibrary.org\/fr\/#organization","name":"The Mary Baker Eddy Library","url":"https:\/\/www.marybakereddylibrary.org\/fr\/","logo":{"@type":"ImageObject","inLanguage":"fr-FR","@id":"https:\/\/www.marybakereddylibrary.org\/fr\/#\/schema\/logo\/image\/","url":"https:\/\/www.marybakereddylibrary.org\/wp-content\/uploads\/2015\/03\/MBEL_logo_HR.jpg","contentUrl":"https:\/\/www.marybakereddylibrary.org\/wp-content\/uploads\/2015\/03\/MBEL_logo_HR.jpg","width":2100,"height":2100,"caption":"The Mary Baker Eddy Library"},"image":{"@id":"https:\/\/www.marybakereddylibrary.org\/fr\/#\/schema\/logo\/image\/"},"sameAs":["https:\/\/www.facebook.com\/mbelibrary","https:\/\/x.com\/mbelibrary","https:\/\/www.instagram.com\/mbelibrary"]}]}},"_links":{"self":[{"href":"https:\/\/www.marybakereddylibrary.org\/fr\/wp-json\/wp\/v2\/pages\/49759","targetHints":{"allow":["GET"]}}],"collection":[{"href":"https:\/\/www.marybakereddylibrary.org\/fr\/wp-json\/wp\/v2\/pages"}],"about":[{"href":"https:\/\/www.marybakereddylibrary.org\/fr\/wp-json\/wp\/v2\/types\/page"}],"author":[{"embeddable":true,"href":"https:\/\/www.marybakereddylibrary.org\/fr\/wp-json\/wp\/v2\/users\/35"}],"replies":[{"embeddable":true,"href":"https:\/\/www.marybakereddylibrary.org\/fr\/wp-json\/wp\/v2\/comments?post=49759"}],"version-history":[{"count":0,"href":"https:\/\/www.marybakereddylibrary.org\/fr\/wp-json\/wp\/v2\/pages\/49759\/revisions"}],"up":[{"embeddable":true,"href":"https:\/\/www.marybakereddylibrary.org\/fr\/wp-json\/wp\/v2\/pages\/49769"}],"wp:attachment":[{"href":"https:\/\/www.marybakereddylibrary.org\/fr\/wp-json\/wp\/v2\/media?parent=49759"}],"curies":[{"name":"wp","href":"https:\/\/api.w.org\/{rel}","templated":true}]}}