{"id":49769,"date":"2022-07-26T16:51:50","date_gmt":"2022-07-26T20:51:50","guid":{"rendered":"https:\/\/www.marybakereddylibrary.org\/mary-baker-eddy\/"},"modified":"2026-02-17T14:16:39","modified_gmt":"2026-02-17T19:16:39","slug":"mary-baker-eddy","status":"publish","type":"page","link":"https:\/\/www.marybakereddylibrary.org\/fr\/mary-baker-eddy\/","title":{"rendered":"Mary Baker Eddy"},"content":{"rendered":"<div id=\"modal-ready\"><p>[et_pb_section fb_built=&#8221;1&#8243; fullwidth=&#8221;on&#8221; _builder_version=&#8221;4.16&#8243; _module_preset=&#8221;default&#8221; global_colors_info=&#8221;{}&#8221;][et_pb_fullwidth_header title=&#8221;Mary Baker Eddy&#8221; _builder_version=&#8221;4.16&#8243; _module_preset=&#8221;default&#8221; global_colors_info=&#8221;{}&#8221;][\/et_pb_fullwidth_header][\/et_pb_section][et_pb_section fb_built=&#8221;1&#8243; _builder_version=&#8221;4.16&#8243; _module_preset=&#8221;default&#8221; custom_margin=&#8221;||||false|false&#8221; global_colors_info=&#8221;{}&#8221;][et_pb_row column_structure=&#8221;1_4,3_4&#8243; _builder_version=&#8221;4.16&#8243; _module_preset=&#8221;default&#8221; global_colors_info=&#8221;{}&#8221;][et_pb_column type=&#8221;1_4&#8243; _builder_version=&#8221;4.16&#8243; _module_preset=&#8221;default&#8221; global_colors_info=&#8221;{}&#8221;][et_pb_image src=&#8221;https:\/\/www.marybakereddylibrary.org\/wp-content\/uploads\/2022\/01\/Screen-Shot-2022-01-19-at-11.25.34-AM.png&#8221; alt=&#8221;Mary Baker Eddy, 1900. P00217&#8243; title_text=&#8221;Screen Shot 2022-01-19 at 11.25.34 AM&#8221; admin_label=&#8221;Image&#8221; _builder_version=&#8221;4.16&#8243; _module_preset=&#8221;default&#8221; custom_padding=&#8221;7px||||false|false&#8221; global_colors_info=&#8221;{}&#8221;][\/et_pb_image][\/et_pb_column][et_pb_column type=&#8221;3_4&#8243; _builder_version=&#8221;4.16&#8243; _module_preset=&#8221;default&#8221; global_colors_info=&#8221;{}&#8221;][et_pb_text ul_item_indent=&#8221;5px&#8221; admin_label=&#8221;Header 2: Explore the life, ideas, and achievements of Mary Baker Eddy, who: + Bullets&#8221; _builder_version=&#8221;4.16&#8243; _module_preset=&#8221;default&#8221; ul_text_align=&#8221;left&#8221; global_colors_info=&#8221;{}&#8221;]<\/p>\n<h2>D\u00e9couvrez la vie, les id\u00e9es et les r\u00e9alisations de Mary Baker Eddy, qui&nbsp;:<\/h2>\n<ul>\n<li style=\"font-weight: 400;\" aria-level=\"1\"><span style=\"font-weight: 400;\">a v\u00e9cu en Am\u00e9rique de 1821 \u00e0 1910\u00a0;<\/span><\/li>\n<li style=\"font-weight: 400;\" aria-level=\"1\"><span style=\"font-weight: 400;\">aimait la Bible et a \u00e9t\u00e9 \u00e9lev\u00e9e dans une famille chr\u00e9tienne fervente\u00a0;<\/span><\/li>\n<li style=\"font-weight: 400;\" aria-level=\"1\"><span style=\"font-weight: 400;\">a remis en question les id\u00e9es traditionnelles relatives \u00e0 Dieu, \u00e0 la sant\u00e9 et \u00e0 la gu\u00e9rison\u00a0;<\/span><\/li>\n<li style=\"font-weight: 400;\" aria-level=\"1\"><span style=\"font-weight: 400;\">a d\u00e9couvert la Science Chr\u00e9tienne en 1866\u00a0;<\/span><\/li>\n<li style=\"font-weight: 400;\" aria-level=\"1\"><span style=\"font-weight: 400;\">a publi\u00e9 son livre, <\/span><i><span style=\"font-weight: 400;\">Science et Sant\u00e9,<\/span><\/i> <span style=\"font-weight: 400;\">en 1875\u00a0;<\/span><\/li>\n<li style=\"font-weight: 400;\" aria-level=\"1\"><span style=\"font-weight: 400;\">a \u00e9t\u00e9 l\u2019une des seules femmes \u00e0 avoir fond\u00e9 une \u00e9glise d\u2019envergure mondiale\u00a0;<\/span><\/li>\n<li style=\"font-weight: 400;\" aria-level=\"1\"><span style=\"font-weight: 400;\">a lanc\u00e9 <\/span><i><span style=\"font-weight: 400;\">The<\/span><\/i> <i><span style=\"font-weight: 400;\">Christian Science Monitor<\/span><\/i> <span style=\"font-weight: 400;\">en 1908.<\/span><\/li>\n<\/ul>\n<p>[\/et_pb_text][\/et_pb_column][\/et_pb_row][\/et_pb_section][et_pb_section fb_built=&#8221;1&#8243; disabled_on=&#8221;off|off|off&#8221; admin_label=&#8221;More on MBE Section \u2014 Layout option A&#8221; _builder_version=&#8221;4.16&#8243; _module_preset=&#8221;default&#8221; custom_margin=&#8221;||||false|false&#8221; custom_padding=&#8221;||||false|false&#8221; global_colors_info=&#8221;{}&#8221;][et_pb_row _builder_version=&#8221;4.21.0&#8243; _module_preset=&#8221;default&#8221; custom_margin=&#8221;||-30px||false|false&#8221; global_colors_info=&#8221;{}&#8221;][et_pb_column type=&#8221;4_4&#8243; _builder_version=&#8221;4.16&#8243; _module_preset=&#8221;default&#8221; global_colors_info=&#8221;{}&#8221;][et_pb_code admin_label=&#8221;CODE: Horizontal rule + header:  Find out more about the life of Mary Baker Eddy&#8221; _builder_version=&#8221;4.27.5&#8243; _module_preset=&#8221;default&#8221; custom_margin=&#8221;||-15px||false|false&#8221; custom_padding=&#8221;0px||||false|false&#8221; global_colors_info=&#8221;{}&#8221;]<\/p>\n<hr \/>\n<p>\n<!-- [et_pb_line_break_holder] -->\n<!-- [et_pb_line_break_holder] -->\n<\/p>\n<h2>Pour en savoir davantage&nbsp;:<!\u2013- [et_pb_br_holder] -\u2013>\n<!-- [et_pb_line_break_holder] -->\n<\/h2>\n<p>[\/et_pb_code][et_pb_code admin_label=&#8221;Video anchor&#8221; _builder_version=&#8221;4.27.5&#8243; _module_preset=&#8221;default&#8221; global_colors_info=&#8221;{}&#8221;]<\/p>\n<div id=\"video\"><\/div>\n<p>[\/et_pb_code][\/et_pb_column][\/et_pb_row][et_pb_row column_structure=&#8221;1_3,2_3&#8243; disabled_on=&#8221;off|off|off&#8221; _builder_version=&#8221;4.21.0&#8243; _module_preset=&#8221;default&#8221; background_color=&#8221;#FFFFFF&#8221; custom_margin=&#8221;30px||||false|false&#8221; global_colors_info=&#8221;{}&#8221;][et_pb_column type=&#8221;1_3&#8243; _builder_version=&#8221;4.16&#8243; _module_preset=&#8221;default&#8221; global_colors_info=&#8221;{}&#8221;][et_pb_text _builder_version=&#8221;4.27.5&#8243; _module_preset=&#8221;default&#8221; global_colors_info=&#8221;{}&#8221;]<\/p>\n<h3 class=\"style-scope ytd-watch-metadata\">Mary Baker Eddy\u00a0: Une&nbsp;vie&nbsp;de&nbsp;d\u00e9couverte<\/h3>\n<p>Mary Baker Eddy est sortie de l\u2019ombre pour devenir l\u2019une des femmes les plus \u00e9minentes de la fin du XIX<sup>e<\/sup> et du d\u00e9but du XX<sup>e<\/sup> si\u00e8cle. En tant que D\u00e9couvreuse et Fondatrice de la Science Chr\u00e9tienne, ses id\u00e9es et ses \u00e9crits ont exerc\u00e9 une influence profonde sur la religion, la sant\u00e9, l\u2019\u00e9dition et le journalisme.<\/p>\n<p>[\/et_pb_text][\/et_pb_column][et_pb_column type=&#8221;2_3&#8243; _builder_version=&#8221;4.16&#8243; _module_preset=&#8221;default&#8221; global_colors_info=&#8221;{}&#8221;][et_pb_text _builder_version=&#8221;4.27.5&#8243; _module_preset=&#8221;default&#8221; global_colors_info=&#8221;{}&#8221;]\n<script src=\"https:\/\/cdn.jwplayer.com\/players\/zHX1iKxh-MnJ5jV6x.js\"><\/script>\n[\/et_pb_text][\/et_pb_column][\/et_pb_row][et_pb_row column_structure=&#8221;1_3,1_3,1_3&#8243; disabled_on=&#8221;off|off|off&#8221; _builder_version=&#8221;4.16&#8243; _module_preset=&#8221;default&#8221; global_colors_info=&#8221;{}&#8221;][et_pb_column type=&#8221;1_3&#8243; _builder_version=&#8221;4.16&#8243; _module_preset=&#8221;default&#8221; global_colors_info=&#8221;{}&#8221;][et_pb_image src=&#8221;https:\/\/www.marybakereddylibrary.org\/wp-content\/uploads\/2021\/12\/MBE_Painting_Crop_1200x750px.jpg&#8221; title_text=&#8221;MBE_Painting_Crop_1200x750px&#8221; url=&#8221;https:\/\/www.marybakereddylibrary.org\/fr\/mary-baker-eddy\/mary-baker-eddy-lecture-rapide\/&#8221; admin_label=&#8221;Quick read image \u2014 cropped MBE painting (linked)&#8221; _builder_version=&#8221;4.16&#8243; _module_preset=&#8221;default&#8221; global_colors_info=&#8221;{}&#8221;][\/et_pb_image][et_pb_text admin_label=&#8221;Linked header: Mary Baker Eddy \u2014 Quick read&#8221; _builder_version=&#8221;4.16&#8243; _module_preset=&#8221;default&#8221; link_option_url=&#8221;https:\/\/www.marybakereddylibrary.org\/fr\/mary-baker-eddy\/mary-baker-eddy-lecture-rapide\/&#8221; global_colors_info=&#8221;{}&#8221;]<\/p>\n<h2>Lecture rapide<\/h2>\n<p>[\/et_pb_text][\/et_pb_column][et_pb_column type=&#8221;1_3&#8243; _builder_version=&#8221;4.16&#8243; _module_preset=&#8221;default&#8221; global_colors_info=&#8221;{}&#8221;][et_pb_image src=&#8221;https:\/\/www.marybakereddylibrary.org\/wp-content\/uploads\/2021\/12\/MBE-Bible_800x500xratio.jpg&#8221; title_text=&#8221;MBE-Bible_800x500xratio&#8221; url=&#8221;https:\/\/www.marybakereddylibrary.org\/fr\/mary-baker-eddy\/mary-baker-eddy-lecture-approfondie\/&#8221; admin_label=&#8221;Deep read image \u2014 Baker Family Bible image (linked)&#8221; _builder_version=&#8221;4.16&#8243; _module_preset=&#8221;default&#8221; global_colors_info=&#8221;{}&#8221;][\/et_pb_image][et_pb_text admin_label=&#8221;Linked header: Mary Baker Eddy \u2014 Deep read&#8221; _builder_version=&#8221;4.16&#8243; _module_preset=&#8221;default&#8221; link_option_url=&#8221;https:\/\/www.marybakereddylibrary.org\/fr\/mary-baker-eddy\/mary-baker-eddy-lecture-approfondie\/&#8221; global_colors_info=&#8221;{}&#8221;]<\/p>\n<h2>Lecture approfondie<\/h2>\n<p>[\/et_pb_text][\/et_pb_column][et_pb_column type=&#8221;1_3&#8243; _builder_version=&#8221;4.16&#8243; _module_preset=&#8221;default&#8221; global_colors_info=&#8221;{}&#8221;][et_pb_image src=&#8221;https:\/\/www.marybakereddylibrary.org\/wp-content\/uploads\/2018\/03\/Poems_Exhibit_Header_800x500px.jpg&#8221; alt=&#8221;Selections of poems by Mary Baker Eddy exhibit&#8221; title_text=&#8221;Poems_Exhibit_Header_800x500px&#8221; url=&#8221;https:\/\/www.marybakereddylibrary.org\/fr\/mary-baker-eddy\/ecrits\/&#8221; admin_label=&#8221;Writings (Poems book) image (linked)&#8221; _builder_version=&#8221;4.16&#8243; _module_preset=&#8221;default&#8221; global_colors_info=&#8221;{}&#8221;][\/et_pb_image][et_pb_text admin_label=&#8221;Linked header: Writings&#8221; _builder_version=&#8221;4.16&#8243; _module_preset=&#8221;default&#8221; link_option_url=&#8221;https:\/\/www.marybakereddylibrary.org\/fr\/mary-baker-eddy\/ecrits\/&#8221; global_colors_info=&#8221;{}&#8221;]<\/p>\n<h2>Ecrits<\/h2>\n<p>[\/et_pb_text][\/et_pb_column][\/et_pb_row][et_pb_row column_structure=&#8221;1_4,1_4,1_4,1_4&#8243; disabled_on=&#8221;on|on|on&#8221; _builder_version=&#8221;4.16&#8243; _module_preset=&#8221;default&#8221; disabled=&#8221;on&#8221; global_colors_info=&#8221;{}&#8221;][et_pb_column type=&#8221;1_4&#8243; _builder_version=&#8221;4.16&#8243; _module_preset=&#8221;default&#8221; global_colors_info=&#8221;{}&#8221;][et_pb_image src=&#8221;https:\/\/www.marybakereddylibrary.org\/wp-content\/uploads\/2021\/12\/MBE_Painting_Crop_1200x750px.jpg&#8221; title_text=&#8221;MBE_Painting_Crop_1200x750px&#8221; url=&#8221;https:\/\/www.marybakereddylibrary.org\/fr\/mary-baker-eddy\/mary-baker-eddy-lecture-rapide\/&#8221; admin_label=&#8221;Quick read image \u2014 cropped MBE painting (linked)&#8221; _builder_version=&#8221;4.16&#8243; _module_preset=&#8221;default&#8221; global_colors_info=&#8221;{}&#8221;][\/et_pb_image][et_pb_text admin_label=&#8221;Linked header: Mary Baker Eddy \u2014 Quick read&#8221; _builder_version=&#8221;4.16&#8243; _module_preset=&#8221;default&#8221; link_option_url=&#8221;https:\/\/www.marybakereddylibrary.org\/fr\/mary-baker-eddy\/mary-baker-eddy-lecture-rapide\/&#8221; global_colors_info=&#8221;{}&#8221;]<\/p>\n<h2>Lecture rapide<\/h2>\n<p>[\/et_pb_text][\/et_pb_column][et_pb_column type=&#8221;1_4&#8243; _builder_version=&#8221;4.16&#8243; _module_preset=&#8221;default&#8221; global_colors_info=&#8221;{}&#8221;][et_pb_image src=&#8221;https:\/\/www.marybakereddylibrary.org\/wp-content\/uploads\/2021\/12\/MBE-Bible_800x500xratio.jpg&#8221; title_text=&#8221;MBE-Bible_800x500xratio&#8221; url=&#8221;https:\/\/www.marybakereddylibrary.org\/fr\/mary-baker-eddy\/mary-baker-eddy-lecture-approfondie\/&#8221; admin_label=&#8221;Deep read image \u2014 Baker Family Bible image (linked)&#8221; _builder_version=&#8221;4.16&#8243; _module_preset=&#8221;default&#8221; global_colors_info=&#8221;{}&#8221;][\/et_pb_image][et_pb_text admin_label=&#8221;Linked header: Mary Baker Eddy \u2014 Deep read&#8221; _builder_version=&#8221;4.16&#8243; _module_preset=&#8221;default&#8221; link_option_url=&#8221;https:\/\/www.marybakereddylibrary.org\/fr\/mary-baker-eddy\/mary-baker-eddy-lecture-approfondie\/&#8221; global_colors_info=&#8221;{}&#8221;]<\/p>\n<h2>Lecture approfondie<\/h2>\n<p>[\/et_pb_text][\/et_pb_column][et_pb_column type=&#8221;1_4&#8243; _builder_version=&#8221;4.16&#8243; _module_preset=&#8221;default&#8221; global_colors_info=&#8221;{}&#8221;][et_pb_image src=&#8221;https:\/\/www.marybakereddylibrary.org\/wp-content\/uploads\/2018\/03\/Poems_Exhibit_Header_800x500px.jpg&#8221; alt=&#8221;Selections of poems by Mary Baker Eddy exhibit&#8221; title_text=&#8221;Poems_Exhibit_Header_800x500px&#8221; url=&#8221;https:\/\/www.marybakereddylibrary.org\/fr\/mary-baker-eddy\/ecrits\/&#8221; admin_label=&#8221;Writings (Poems book) image (linked)&#8221; _builder_version=&#8221;4.16&#8243; _module_preset=&#8221;default&#8221; global_colors_info=&#8221;{}&#8221;][\/et_pb_image][et_pb_text admin_label=&#8221;Linked header: Writings&#8221; _builder_version=&#8221;4.16&#8243; _module_preset=&#8221;default&#8221; link_option_url=&#8221;https:\/\/www.marybakereddylibrary.org\/fr\/mary-baker-eddy\/ecrits\/&#8221; global_colors_info=&#8221;{}&#8221;]<\/p>\n<h2>Ecrits<\/h2>\n<p>[\/et_pb_text][\/et_pb_column][et_pb_column type=&#8221;1_4&#8243; _builder_version=&#8221;4.16&#8243; _module_preset=&#8221;default&#8221; global_colors_info=&#8221;{}&#8221;][et_pb_image src=&#8221;https:\/\/www.marybakereddylibrary.org\/wp-content\/uploads\/2021\/12\/mbe_biography_Gillian-Gill_800x500px-1.jpg&#8221; title_text=&#8221;mbe_biography_Gillian-Gill_800x500px&#8221; url=&#8221;https:\/\/www.marybakereddylibrary.org\/fr\/mary-baker-eddy\/sa-vie-et-son-heritage-video\/&#8221; admin_label=&#8221;Bigographies image \u2014 Gillian Gill&nbsp;%22Mary Baker Eddy%22 book cover (linked)&#8221; _builder_version=&#8221;4.16&#8243; _module_preset=&#8221;default&#8221; border_width_all=&#8221;1px&#8221; border_color_all=&#8221;gcid-18d32b98-b60c-415c-ad06-75ea94f16e19&#8243; global_colors_info=&#8221;{%22gcid-18d32b98-b60c-415c-ad06-75ea94f16e19%22:%91%22border_color_all%22%93}&#8221;][\/et_pb_image][et_pb_text admin_label=&#8221;Linked header: Biographies&#8221; _builder_version=&#8221;4.16&#8243; _module_preset=&#8221;default&#8221; link_option_url=&#8221;https:\/\/www.marybakereddylibrary.org\/fr\/mary-baker-eddy\/sa-vie-et-son-heritage-video\/&#8221; global_colors_info=&#8221;{}&#8221;]<\/p>\n<h2>Sa vie et son h\u00e9ritage (vid\u00e9o)<\/h2>\n<p>[\/et_pb_text][\/et_pb_column][\/et_pb_row][\/et_pb_section]<\/p>\n<\/div>","protected":false},"excerpt":{"rendered":"<p>D\u00e9couvrez la vie, les id\u00e9es et les r\u00e9alisations de Mary Baker Eddy, qui&nbsp;: a v\u00e9cu en Am\u00e9rique de 1821 \u00e0 1910\u00a0; aimait la Bible et a \u00e9t\u00e9 \u00e9lev\u00e9e dans une famille chr\u00e9tienne fervente\u00a0; a remis en question les id\u00e9es traditionnelles relatives \u00e0 Dieu, \u00e0 la sant\u00e9 et \u00e0 la gu\u00e9rison\u00a0; a d\u00e9couvert la Science [&hellip;]<\/p>","protected":false},"author":6,"featured_media":0,"parent":0,"menu_order":0,"comment_status":"closed","ping_status":"closed","template":"","meta":{"_et_pb_use_builder":"on","_et_pb_old_content":"","_et_gb_content_width":"","_oasis_is_in_workflow":0,"_oasis_original":0,"_oasis_task_priority":"","_relevanssi_hide_post":"","_relevanssi_hide_content":"","_relevanssi_pin_for_all":"","_relevanssi_pin_keywords":"","_relevanssi_unpin_keywords":"","_relevanssi_related_keywords":"","_relevanssi_related_include_ids":"","_relevanssi_related_exclude_ids":"","_relevanssi_related_no_append":"","_relevanssi_related_not_related":"","_relevanssi_related_posts":"","_relevanssi_noindex_reason":"","inline_featured_image":false,"episode_type":"","audio_file":"","podmotor_file_id":"","podmotor_episode_id":"","cover_image":"","cover_image_id":"","duration":"","filesize":"","filesize_raw":"","date_recorded":"","explicit":"","block":"","itunes_episode_number":"","itunes_title":"","itunes_season_number":"","itunes_episode_type":"","footnotes":""},"class_list":["post-49769","page","type-page","status-publish","hentry"],"yoast_head":"<!-- This site is optimized with the Yoast SEO plugin v27.4 - https:\/\/yoast.com\/product\/yoast-seo-wordpress\/ -->\n<title>Mary Baker Eddy - La Biblioth\u00e8que Mary Baker Eddy<\/title>\n<meta name=\"robots\" content=\"index, follow, max-snippet:-1, max-image-preview:large, max-video-preview:-1\" \/>\n<link rel=\"canonical\" href=\"https:\/\/www.marybakereddylibrary.org\/fr\/mary-baker-eddy\/\" \/>\n<meta property=\"og:locale\" content=\"fr_FR\" \/>\n<meta property=\"og:type\" content=\"article\" \/>\n<meta property=\"og:title\" content=\"Mary Baker Eddy - La Biblioth\u00e8que Mary Baker Eddy\" \/>\n<meta property=\"og:description\" content=\"D\u00e9couvrez la vie, les id\u00e9es et les r\u00e9alisations de Mary Baker Eddy, qui : a v\u00e9cu en Am\u00e9rique de 1821 \u00e0 1910\u00a0; aimait la Bible et a \u00e9t\u00e9 \u00e9lev\u00e9e dans une famille chr\u00e9tienne fervente\u00a0; a remis en question les id\u00e9es traditionnelles relatives \u00e0 Dieu, \u00e0 la sant\u00e9 et \u00e0 la gu\u00e9rison\u00a0; a d\u00e9couvert la Science [&hellip;]\" \/>\n<meta property=\"og:url\" content=\"https:\/\/www.marybakereddylibrary.org\/fr\/mary-baker-eddy\/\" \/>\n<meta property=\"og:site_name\" content=\"La Biblioth\u00e8que Mary Baker Eddy\" \/>\n<meta property=\"article:publisher\" content=\"https:\/\/www.facebook.com\/mbelibrary\" \/>\n<meta property=\"article:modified_time\" content=\"2026-02-17T19:16:39+00:00\" \/>\n<meta name=\"twitter:label1\" content=\"Dur\u00e9e de lecture estim\u00e9e\" \/>\n\t<meta name=\"twitter:data1\" content=\"2 minutes\" \/>\n<script type=\"application\/ld+json\" class=\"yoast-schema-graph\">{\"@context\":\"https:\\\/\\\/schema.org\",\"@graph\":[{\"@type\":\"WebPage\",\"@id\":\"https:\\\/\\\/www.marybakereddylibrary.org\\\/fr\\\/mary-baker-eddy\\\/\",\"url\":\"https:\\\/\\\/www.marybakereddylibrary.org\\\/fr\\\/mary-baker-eddy\\\/\",\"name\":\"Mary Baker Eddy - La Biblioth\u00e8que Mary Baker Eddy\",\"isPartOf\":{\"@id\":\"https:\\\/\\\/www.marybakereddylibrary.org\\\/fr\\\/#website\"},\"datePublished\":\"2022-07-26T20:51:50+00:00\",\"dateModified\":\"2026-02-17T19:16:39+00:00\",\"breadcrumb\":{\"@id\":\"https:\\\/\\\/www.marybakereddylibrary.org\\\/fr\\\/mary-baker-eddy\\\/#breadcrumb\"},\"inLanguage\":\"fr-FR\",\"potentialAction\":[{\"@type\":\"ReadAction\",\"target\":[\"https:\\\/\\\/www.marybakereddylibrary.org\\\/fr\\\/mary-baker-eddy\\\/\"]}]},{\"@type\":\"BreadcrumbList\",\"@id\":\"https:\\\/\\\/www.marybakereddylibrary.org\\\/fr\\\/mary-baker-eddy\\\/#breadcrumb\",\"itemListElement\":[{\"@type\":\"ListItem\",\"position\":1,\"name\":\"Accueil\",\"item\":\"https:\\\/\\\/www.marybakereddylibrary.org\\\/fr\\\/\"},{\"@type\":\"ListItem\",\"position\":2,\"name\":\"Mary Baker Eddy\"}]},{\"@type\":\"WebSite\",\"@id\":\"https:\\\/\\\/www.marybakereddylibrary.org\\\/fr\\\/#website\",\"url\":\"https:\\\/\\\/www.marybakereddylibrary.org\\\/fr\\\/\",\"name\":\"La Biblioth\u00e8que Mary Baker Eddy\",\"description\":\"\",\"publisher\":{\"@id\":\"https:\\\/\\\/www.marybakereddylibrary.org\\\/fr\\\/#organization\"},\"potentialAction\":[{\"@type\":\"SearchAction\",\"target\":{\"@type\":\"EntryPoint\",\"urlTemplate\":\"https:\\\/\\\/www.marybakereddylibrary.org\\\/fr\\\/?s={search_term_string}\"},\"query-input\":{\"@type\":\"PropertyValueSpecification\",\"valueRequired\":true,\"valueName\":\"search_term_string\"}}],\"inLanguage\":\"fr-FR\"},{\"@type\":\"Organization\",\"@id\":\"https:\\\/\\\/www.marybakereddylibrary.org\\\/fr\\\/#organization\",\"name\":\"The Mary Baker Eddy Library\",\"url\":\"https:\\\/\\\/www.marybakereddylibrary.org\\\/fr\\\/\",\"logo\":{\"@type\":\"ImageObject\",\"inLanguage\":\"fr-FR\",\"@id\":\"https:\\\/\\\/www.marybakereddylibrary.org\\\/fr\\\/#\\\/schema\\\/logo\\\/image\\\/\",\"url\":\"https:\\\/\\\/www.marybakereddylibrary.org\\\/wp-content\\\/uploads\\\/2015\\\/03\\\/MBEL_logo_HR.jpg\",\"contentUrl\":\"https:\\\/\\\/www.marybakereddylibrary.org\\\/wp-content\\\/uploads\\\/2015\\\/03\\\/MBEL_logo_HR.jpg\",\"width\":2100,\"height\":2100,\"caption\":\"The Mary Baker Eddy Library\"},\"image\":{\"@id\":\"https:\\\/\\\/www.marybakereddylibrary.org\\\/fr\\\/#\\\/schema\\\/logo\\\/image\\\/\"},\"sameAs\":[\"https:\\\/\\\/www.facebook.com\\\/mbelibrary\",\"https:\\\/\\\/x.com\\\/mbelibrary\",\"https:\\\/\\\/www.instagram.com\\\/mbelibrary\"]}]}<\/script>\n<!-- \/ Yoast SEO plugin. -->","yoast_head_json":{"title":"Mary Baker Eddy - La Biblioth\u00e8que Mary Baker Eddy","robots":{"index":"index","follow":"follow","max-snippet":"max-snippet:-1","max-image-preview":"max-image-preview:large","max-video-preview":"max-video-preview:-1"},"canonical":"https:\/\/www.marybakereddylibrary.org\/fr\/mary-baker-eddy\/","og_locale":"fr_FR","og_type":"article","og_title":"Mary Baker Eddy - La Biblioth\u00e8que Mary Baker Eddy","og_description":"D\u00e9couvrez la vie, les id\u00e9es et les r\u00e9alisations de Mary Baker Eddy, qui : a v\u00e9cu en Am\u00e9rique de 1821 \u00e0 1910\u00a0; aimait la Bible et a \u00e9t\u00e9 \u00e9lev\u00e9e dans une famille chr\u00e9tienne fervente\u00a0; a remis en question les id\u00e9es traditionnelles relatives \u00e0 Dieu, \u00e0 la sant\u00e9 et \u00e0 la gu\u00e9rison\u00a0; a d\u00e9couvert la Science [&hellip;]","og_url":"https:\/\/www.marybakereddylibrary.org\/fr\/mary-baker-eddy\/","og_site_name":"La Biblioth\u00e8que Mary Baker Eddy","article_publisher":"https:\/\/www.facebook.com\/mbelibrary","article_modified_time":"2026-02-17T19:16:39+00:00","twitter_misc":{"Dur\u00e9e de lecture estim\u00e9e":"2 minutes"},"schema":{"@context":"https:\/\/schema.org","@graph":[{"@type":"WebPage","@id":"https:\/\/www.marybakereddylibrary.org\/fr\/mary-baker-eddy\/","url":"https:\/\/www.marybakereddylibrary.org\/fr\/mary-baker-eddy\/","name":"Mary Baker Eddy - La Biblioth\u00e8que Mary Baker Eddy","isPartOf":{"@id":"https:\/\/www.marybakereddylibrary.org\/fr\/#website"},"datePublished":"2022-07-26T20:51:50+00:00","dateModified":"2026-02-17T19:16:39+00:00","breadcrumb":{"@id":"https:\/\/www.marybakereddylibrary.org\/fr\/mary-baker-eddy\/#breadcrumb"},"inLanguage":"fr-FR","potentialAction":[{"@type":"ReadAction","target":["https:\/\/www.marybakereddylibrary.org\/fr\/mary-baker-eddy\/"]}]},{"@type":"BreadcrumbList","@id":"https:\/\/www.marybakereddylibrary.org\/fr\/mary-baker-eddy\/#breadcrumb","itemListElement":[{"@type":"ListItem","position":1,"name":"Accueil","item":"https:\/\/www.marybakereddylibrary.org\/fr\/"},{"@type":"ListItem","position":2,"name":"Mary Baker Eddy"}]},{"@type":"WebSite","@id":"https:\/\/www.marybakereddylibrary.org\/fr\/#website","url":"https:\/\/www.marybakereddylibrary.org\/fr\/","name":"La Biblioth\u00e8que Mary Baker Eddy","description":"","publisher":{"@id":"https:\/\/www.marybakereddylibrary.org\/fr\/#organization"},"potentialAction":[{"@type":"SearchAction","target":{"@type":"EntryPoint","urlTemplate":"https:\/\/www.marybakereddylibrary.org\/fr\/?s={search_term_string}"},"query-input":{"@type":"PropertyValueSpecification","valueRequired":true,"valueName":"search_term_string"}}],"inLanguage":"fr-FR"},{"@type":"Organization","@id":"https:\/\/www.marybakereddylibrary.org\/fr\/#organization","name":"The Mary Baker Eddy Library","url":"https:\/\/www.marybakereddylibrary.org\/fr\/","logo":{"@type":"ImageObject","inLanguage":"fr-FR","@id":"https:\/\/www.marybakereddylibrary.org\/fr\/#\/schema\/logo\/image\/","url":"https:\/\/www.marybakereddylibrary.org\/wp-content\/uploads\/2015\/03\/MBEL_logo_HR.jpg","contentUrl":"https:\/\/www.marybakereddylibrary.org\/wp-content\/uploads\/2015\/03\/MBEL_logo_HR.jpg","width":2100,"height":2100,"caption":"The Mary Baker Eddy Library"},"image":{"@id":"https:\/\/www.marybakereddylibrary.org\/fr\/#\/schema\/logo\/image\/"},"sameAs":["https:\/\/www.facebook.com\/mbelibrary","https:\/\/x.com\/mbelibrary","https:\/\/www.instagram.com\/mbelibrary"]}]}},"_links":{"self":[{"href":"https:\/\/www.marybakereddylibrary.org\/fr\/wp-json\/wp\/v2\/pages\/49769","targetHints":{"allow":["GET"]}}],"collection":[{"href":"https:\/\/www.marybakereddylibrary.org\/fr\/wp-json\/wp\/v2\/pages"}],"about":[{"href":"https:\/\/www.marybakereddylibrary.org\/fr\/wp-json\/wp\/v2\/types\/page"}],"author":[{"embeddable":true,"href":"https:\/\/www.marybakereddylibrary.org\/fr\/wp-json\/wp\/v2\/users\/6"}],"replies":[{"embeddable":true,"href":"https:\/\/www.marybakereddylibrary.org\/fr\/wp-json\/wp\/v2\/comments?post=49769"}],"version-history":[{"count":2,"href":"https:\/\/www.marybakereddylibrary.org\/fr\/wp-json\/wp\/v2\/pages\/49769\/revisions"}],"predecessor-version":[{"id":97287,"href":"https:\/\/www.marybakereddylibrary.org\/fr\/wp-json\/wp\/v2\/pages\/49769\/revisions\/97287"}],"wp:attachment":[{"href":"https:\/\/www.marybakereddylibrary.org\/fr\/wp-json\/wp\/v2\/media?parent=49769"}],"curies":[{"name":"wp","href":"https:\/\/api.w.org\/{rel}","templated":true}]}}