{"id":50433,"date":"2022-07-28T15:16:31","date_gmt":"2022-07-28T19:16:31","guid":{"rendered":"https:\/\/www.marybakereddylibrary.org\/archives-relatives-a-lorganisation-de-la-premiere-eglise-du-christ-scientiste\/"},"modified":"2022-08-15T13:13:59","modified_gmt":"2022-08-15T17:13:59","slug":"archives-relatives-a-lorganisation-de-la-premiere-eglise-du-christ-scientiste","status":"publish","type":"page","link":"https:\/\/www.marybakereddylibrary.org\/fr\/recherche\/aide-a-la-recherche\/archives-relatives-a-lorganisation-de-la-premiere-eglise-du-christ-scientiste\/","title":{"rendered":"Archives relatives \u00e0 l\u2019organisation de La Premi\u00e8re Eglise du Christ, Scientiste"},"content":{"rendered":"<div id=\"modal-ready\"><p>[et_pb_section fb_built=&#8221;1&#8243; fullwidth=&#8221;on&#8221; admin_label=&#8221;section&#8221; _builder_version=&#8221;3.22&#8243; global_colors_info=&#8221;{}&#8221;][et_pb_fullwidth_post_title meta=&#8221;off&#8221; featured_image=&#8221;off&#8221; _builder_version=&#8221;3.29.3&#8243; z_index_tablet=&#8221;500&#8243; title_text_shadow_horizontal_length_tablet=&#8221;0px&#8221; title_text_shadow_vertical_length_tablet=&#8221;0px&#8221; title_text_shadow_blur_strength_tablet=&#8221;1px&#8221; meta_text_shadow_horizontal_length_tablet=&#8221;0px&#8221; meta_text_shadow_vertical_length_tablet=&#8221;0px&#8221; meta_text_shadow_blur_strength_tablet=&#8221;1px&#8221; box_shadow_horizontal_tablet=&#8221;0px&#8221; box_shadow_vertical_tablet=&#8221;0px&#8221; box_shadow_blur_tablet=&#8221;40px&#8221; box_shadow_spread_tablet=&#8221;0px&#8221; text_shadow_horizontal_length_tablet=&#8221;0px&#8221; text_shadow_vertical_length_tablet=&#8221;0px&#8221; text_shadow_blur_strength_tablet=&#8221;1px&#8221; global_colors_info=&#8221;{}&#8221;][\/et_pb_fullwidth_post_title][\/et_pb_section][et_pb_section fb_built=&#8221;1&#8243; _builder_version=&#8221;3.22&#8243; global_colors_info=&#8221;{}&#8221;][et_pb_row _builder_version=&#8221;3.25&#8243; background_size=&#8221;initial&#8221; background_position=&#8221;top_left&#8221; background_repeat=&#8221;repeat&#8221; global_colors_info=&#8221;{}&#8221;][et_pb_column type=&#8221;4_4&#8243; _builder_version=&#8221;3.0.47&#8243; custom_padding=&#8221;|||&#8221; global_colors_info=&#8221;{}&#8221; custom_padding__hover=&#8221;|||&#8221;][et_pb_text admin_label=&#8221;Intro Text&#8221; _builder_version=&#8221;4.14.7&#8243; background_size=&#8221;initial&#8221; background_position=&#8221;top_left&#8221; background_repeat=&#8221;repeat&#8221; vertical_offset_tablet=&#8221;0&#8243; horizontal_offset_tablet=&#8221;0&#8243; z_index_tablet=&#8221;500&#8243; border_color_all=&#8221;#ffffff&#8221; box_shadow_horizontal_tablet=&#8221;0px&#8221; box_shadow_vertical_tablet=&#8221;0px&#8221; box_shadow_blur_tablet=&#8221;40px&#8221; box_shadow_spread_tablet=&#8221;0px&#8221; use_border_color=&#8221;off&#8221; global_colors_info=&#8221;{}&#8221;]<\/p>\n<p><span style=\"font-weight: 400;\">Ce fonds est un ensemble actif et toujours grandissant de documents d\u00e9crivant les nombreuses facettes et activit\u00e9s de La Premi\u00e8re Eglise du Christ, Scientiste, et de la Soci\u00e9t\u00e9 d\u2019\u00e9dition de la Science Chr\u00e9tienne.<\/span><\/p>\n<p><span style=\"font-weight: 400;\">Pour acc\u00e9der aux manuscrits de Mary Baker Eddy, veuillez vous rendre sur le site <\/span><a href=\"https:\/\/mbepapers.org\/\"><span style=\"font-weight: 400;\">mbepapers.org<\/span><\/a><span style=\"font-weight: 400;\">. De nouveaux contenus sont constamment ajout\u00e9s sur ce site Internet. Il inclut actuellement des transcriptions annot\u00e9es et des documents num\u00e9ris\u00e9s allant de 1872 \u00e0 1885.<\/span><\/p>\n<p>[\/et_pb_text][\/et_pb_column][\/et_pb_row][\/et_pb_section][et_pb_section fb_built=&#8221;1&#8243; _builder_version=&#8221;4.4.7&#8243; background_color=&#8221;#ffffff&#8221; vertical_offset_tablet=&#8221;0&#8243; horizontal_offset_tablet=&#8221;0&#8243; z_index_tablet=&#8221;0&#8243; box_shadow_horizontal_tablet=&#8221;0px&#8221; box_shadow_vertical_tablet=&#8221;0px&#8221; box_shadow_blur_tablet=&#8221;40px&#8221; box_shadow_spread_tablet=&#8221;0px&#8221; global_colors_info=&#8221;{}&#8221;][et_pb_row column_structure=&#8221;1_2,1_2&#8243; _builder_version=&#8221;3.25&#8243; background_size=&#8221;initial&#8221; background_position=&#8221;top_left&#8221; background_repeat=&#8221;repeat&#8221; global_colors_info=&#8221;{}&#8221;][et_pb_column type=&#8221;1_2&#8243; _builder_version=&#8221;3.0.47&#8243; custom_padding=&#8221;|||&#8221; global_colors_info=&#8221;{}&#8221; custom_padding__hover=&#8221;|||&#8221;][et_pb_toggle title=&#8221;Dossier de coupures de presse du Comit\u00e9 de Publication, vers 1899-1952&#8243; admin_label=&#8221;Committee on Publication Clipping file, c.1899 \u2013 1952 Toggle&#8221; _builder_version=&#8221;4.14.7&#8243; hover_enabled=&#8221;0&#8243; global_colors_info=&#8221;{}&#8221; sticky_enabled=&#8221;0&#8243;]<\/p>\n<p><span style=\"font-weight: 400;\">Ce dossier de coupures de presse se compose principalement d\u2019articles de journaux, de magazines et de revues sur des sujets concernant Mary Baker Eddy et\/ou la Science Chr\u00e9tienne. Le Comit\u00e9 de Publication de La Premi\u00e8re Eglise du Christ, Scientiste, \u00e0 Boston, a collect\u00e9 des coupures de presse afin de suivre la perception de la Science Chr\u00e9tienne par le public, d\u2019examiner et de r\u00e9pondre aux \u00e9nonc\u00e9s erron\u00e9s sur Mary Baker Eddy et la Science Chr\u00e9tienne. Ces articles ont \u00e9t\u00e9 obtenus par un service sp\u00e9cialis\u00e9 dans les coupures de presse, par des Comit\u00e9s de Publication et d\u2019autres scientistes chr\u00e9tiens. Ce dossier est index\u00e9 et a \u00e9t\u00e9 enti\u00e8rement revu.<\/span><\/p>\n<p>[\/et_pb_toggle][\/et_pb_column][et_pb_column type=&#8221;1_2&#8243; _builder_version=&#8221;3.0.47&#8243; custom_padding=&#8221;|||&#8221; global_colors_info=&#8221;{}&#8221; custom_padding__hover=&#8221;|||&#8221;][et_pb_toggle title=&#8221;Premiers documents li\u00e9s \u00e0 l\u2019organisation, vers 1875-1910&#8243; admin_label=&#8221;Early Organizational Records, c. 1875-1910 Toggle&#8221; _builder_version=&#8221;4.14.7&#8243; hover_enabled=&#8221;0&#8243; global_colors_info=&#8221;{}&#8221; sticky_enabled=&#8221;0&#8243;]<\/p>\n<p><span style=\"font-weight: 400;\">Ce fonds contient 36 livres documentant les premi\u00e8res formes d\u2019organisation de la Science Chr\u00e9tienne, telles que l\u2019Eglise du Christ (Scientiste), l\u2019Association Scientiste Chr\u00e9tienne et l\u2019Association g\u00e9n\u00e9rale des professeurs. Ces livres contiennent des listes de membres, des proc\u00e8s-verbaux de r\u00e9unions et des livres de comptes. Il existe \u00e9galement des certificats et des chartes du <\/span><i><span style=\"font-weight: 400;\">Massachusetts Metaphysical College<\/span><\/i><span style=\"font-weight: 400;\">. Ce fonds est enti\u00e8rement trait\u00e9.<\/span><\/p>\n<p><a class=\"button\" href=\"\/wp-content\/uploads\/2015\/03\/Early-Organizational-Records-INDEX.pdf\" target=\"_blank\" rel=\"noopener noreferrer\">INDEX<\/a><\/p>\n<p>[\/et_pb_toggle][\/et_pb_column][\/et_pb_row][et_pb_row column_structure=&#8221;1_2,1_2&#8243; _builder_version=&#8221;3.25&#8243; background_size=&#8221;initial&#8221; background_position=&#8221;top_left&#8221; background_repeat=&#8221;repeat&#8221; global_colors_info=&#8221;{}&#8221;][et_pb_column type=&#8221;1_2&#8243; _builder_version=&#8221;3.0.47&#8243; custom_padding=&#8221;|||&#8221; global_colors_info=&#8221;{}&#8221; custom_padding__hover=&#8221;|||&#8221;][et_pb_toggle title=&#8221;Fonds du Champ, vers 1890 \u00e0 aujourd\u2019hui&#8221; admin_label=&#8221;Field Collection, c. 1890-present Toggle&#8221; _builder_version=&#8221;4.14.7&#8243; hover_enabled=&#8221;0&#8243; global_colors_info=&#8221;{}&#8221; sticky_enabled=&#8221;0&#8243;]<\/p>\n<p><span style=\"font-weight: 400;\">Le Fonds du Champ, contrairement \u00e0 la plupart des documents li\u00e9s \u00e0 l\u2019organisation de La Premi\u00e8re Eglise du Christ, Scientiste, se compose en grande partie de documents qui ont \u00e9t\u00e9 re\u00e7us de la part d\u2019organisations ext\u00e9rieures. A partir des ann\u00e9es 1930, les \u00e9glises filiales du Christ, Scientiste, ont fait don d\u2019histoires, de photographies et d\u2019autres documents aux fonds de L\u2019Eglise M\u00e8re. Les types de documents g\u00e9n\u00e9ralement d\u00e9pos\u00e9s par les \u00e9glises comprennent des proc\u00e8s-verbaux de r\u00e9unions, des registres de membres et des dossiers li\u00e9s aux b\u00e2timents (plans et photographies). Veuillez noter\u00a0: les documents de ce fonds n\u2019ont pas tous \u00e9t\u00e9 trait\u00e9s.<\/span><\/p>\n<p>[\/et_pb_toggle][\/et_pb_column][et_pb_column type=&#8221;1_2&#8243; _builder_version=&#8221;3.0.47&#8243; custom_padding=&#8221;|||&#8221; global_colors_info=&#8221;{}&#8221; custom_padding__hover=&#8221;|||&#8221;][et_pb_toggle title=&#8221;Fonds de conf\u00e9rences publi\u00e9es, vers 1905 \u00e0 aujourd\u2019hui&#8221; admin_label=&#8221;Published Lecture Collection, c. 1905-present Toggle&#8221; _builder_version=&#8221;4.14.7&#8243; hover_enabled=&#8221;0&#8243; global_colors_info=&#8221;{}&#8221; sticky_enabled=&#8221;0&#8243;]<\/p>\n<p><span style=\"font-weight: 400;\">Ce fonds s\u2019\u00e9tend du d\u00e9but du <\/span><span style=\"font-weight: 400;\">XX<\/span><span style=\"font-weight: 400;\">e<\/span><span style=\"font-weight: 400;\"> si\u00e8cle \u00e0 nos jours et contient des conf\u00e9rences donn\u00e9es par des membres du Conseil des conf\u00e9rences de la Science Chr\u00e9tienne, un Conseil qui fait partie de La Premi\u00e8re Eglise du Christ, Scientiste. Ces conf\u00e9rences ont \u00e9t\u00e9 donn\u00e9es et publi\u00e9es dans des journaux et des p\u00e9riodiques du monde entier. Ce fonds est class\u00e9 par ordre alphab\u00e9tique, selon le nom des auteurs des conf\u00e9rences. Pour chaque auteur, les conf\u00e9rences sont organis\u00e9es par titre de conf\u00e9rence, nom de publication et date de publication.<\/span><\/p>\n<p>[\/et_pb_toggle][\/et_pb_column][\/et_pb_row][\/et_pb_section]<\/p>\n<\/div>","protected":false},"excerpt":{"rendered":"<p>Ce fonds est un ensemble actif et toujours grandissant de documents d\u00e9crivant les nombreuses facettes et activit\u00e9s de La Premi\u00e8re Eglise du Christ, Scientiste, et de la Soci\u00e9t\u00e9 d\u2019\u00e9dition de la Science Chr\u00e9tienne.<\/p>","protected":false},"author":6,"featured_media":0,"parent":50285,"menu_order":0,"comment_status":"closed","ping_status":"closed","template":"","meta":{"_et_pb_use_builder":"on","_et_pb_old_content":"","_et_gb_content_width":"","_oasis_is_in_workflow":0,"_oasis_original":0,"_oasis_task_priority":"","_relevanssi_hide_post":"","_relevanssi_hide_content":"","_relevanssi_pin_for_all":"","_relevanssi_pin_keywords":"","_relevanssi_unpin_keywords":"","_relevanssi_related_keywords":"","_relevanssi_related_include_ids":"","_relevanssi_related_exclude_ids":"","_relevanssi_related_no_append":"","_relevanssi_related_not_related":"","_relevanssi_related_posts":"","_relevanssi_noindex_reason":"","inline_featured_image":false,"episode_type":"","audio_file":"","podmotor_file_id":"","podmotor_episode_id":"","cover_image":"","cover_image_id":"","duration":"","filesize":"","filesize_raw":"","date_recorded":"","explicit":"","block":"","itunes_episode_number":"","itunes_title":"","itunes_season_number":"","itunes_episode_type":"","footnotes":""},"class_list":["post-50433","page","type-page","status-publish","hentry"],"yoast_head":"<!-- This site is optimized with the Yoast SEO plugin v27.4 - https:\/\/yoast.com\/product\/yoast-seo-wordpress\/ -->\n<title>Archives relatives \u00e0 l\u2019organisation de La Premi\u00e8re Eglise du Christ, Scientiste - La Biblioth\u00e8que Mary Baker Eddy<\/title>\n<meta name=\"robots\" content=\"index, follow, max-snippet:-1, max-image-preview:large, max-video-preview:-1\" \/>\n<link rel=\"canonical\" href=\"https:\/\/www.marybakereddylibrary.org\/fr\/recherche\/aide-a-la-recherche\/archives-relatives-a-lorganisation-de-la-premiere-eglise-du-christ-scientiste\/\" \/>\n<meta property=\"og:locale\" content=\"fr_FR\" \/>\n<meta property=\"og:type\" content=\"article\" \/>\n<meta property=\"og:title\" content=\"Archives relatives \u00e0 l\u2019organisation de La Premi\u00e8re Eglise du Christ, Scientiste - La Biblioth\u00e8que Mary Baker Eddy\" \/>\n<meta property=\"og:description\" content=\"Ce fonds est un ensemble actif et toujours grandissant de documents d\u00e9crivant les nombreuses facettes et activit\u00e9s de La Premi\u00e8re Eglise du Christ, Scientiste, et de la Soci\u00e9t\u00e9 d\u2019\u00e9dition de la Science Chr\u00e9tienne.\" \/>\n<meta property=\"og:url\" content=\"https:\/\/www.marybakereddylibrary.org\/fr\/recherche\/aide-a-la-recherche\/archives-relatives-a-lorganisation-de-la-premiere-eglise-du-christ-scientiste\/\" \/>\n<meta property=\"og:site_name\" content=\"La Biblioth\u00e8que Mary Baker Eddy\" \/>\n<meta property=\"article:publisher\" content=\"https:\/\/www.facebook.com\/mbelibrary\" \/>\n<meta property=\"article:modified_time\" content=\"2022-08-15T17:13:59+00:00\" \/>\n<meta name=\"twitter:label1\" content=\"Dur\u00e9e de lecture estim\u00e9e\" \/>\n\t<meta name=\"twitter:data1\" content=\"3 minutes\" \/>\n<script type=\"application\/ld+json\" class=\"yoast-schema-graph\">{\"@context\":\"https:\\\/\\\/schema.org\",\"@graph\":[{\"@type\":\"WebPage\",\"@id\":\"https:\\\/\\\/www.marybakereddylibrary.org\\\/fr\\\/recherche\\\/aide-a-la-recherche\\\/archives-relatives-a-lorganisation-de-la-premiere-eglise-du-christ-scientiste\\\/\",\"url\":\"https:\\\/\\\/www.marybakereddylibrary.org\\\/fr\\\/recherche\\\/aide-a-la-recherche\\\/archives-relatives-a-lorganisation-de-la-premiere-eglise-du-christ-scientiste\\\/\",\"name\":\"Archives relatives \u00e0 l\u2019organisation de La Premi\u00e8re Eglise du Christ, Scientiste - La Biblioth\u00e8que Mary Baker Eddy\",\"isPartOf\":{\"@id\":\"https:\\\/\\\/www.marybakereddylibrary.org\\\/fr\\\/#website\"},\"datePublished\":\"2022-07-28T19:16:31+00:00\",\"dateModified\":\"2022-08-15T17:13:59+00:00\",\"breadcrumb\":{\"@id\":\"https:\\\/\\\/www.marybakereddylibrary.org\\\/fr\\\/recherche\\\/aide-a-la-recherche\\\/archives-relatives-a-lorganisation-de-la-premiere-eglise-du-christ-scientiste\\\/#breadcrumb\"},\"inLanguage\":\"fr-FR\",\"potentialAction\":[{\"@type\":\"ReadAction\",\"target\":[\"https:\\\/\\\/www.marybakereddylibrary.org\\\/fr\\\/recherche\\\/aide-a-la-recherche\\\/archives-relatives-a-lorganisation-de-la-premiere-eglise-du-christ-scientiste\\\/\"]}]},{\"@type\":\"BreadcrumbList\",\"@id\":\"https:\\\/\\\/www.marybakereddylibrary.org\\\/fr\\\/recherche\\\/aide-a-la-recherche\\\/archives-relatives-a-lorganisation-de-la-premiere-eglise-du-christ-scientiste\\\/#breadcrumb\",\"itemListElement\":[{\"@type\":\"ListItem\",\"position\":1,\"name\":\"Accueil\",\"item\":\"https:\\\/\\\/www.marybakereddylibrary.org\\\/fr\\\/\"},{\"@type\":\"ListItem\",\"position\":2,\"name\":\"Recherche\",\"item\":\"https:\\\/\\\/www.marybakereddylibrary.org\\\/fr\\\/recherche\\\/\"},{\"@type\":\"ListItem\",\"position\":3,\"name\":\"Aide \u00e0 la recherche\",\"item\":\"https:\\\/\\\/www.marybakereddylibrary.org\\\/fr\\\/recherche\\\/aide-a-la-recherche\\\/\"},{\"@type\":\"ListItem\",\"position\":4,\"name\":\"Archives relatives \u00e0 l\u2019organisation de La Premi\u00e8re Eglise du Christ, Scientiste\"}]},{\"@type\":\"WebSite\",\"@id\":\"https:\\\/\\\/www.marybakereddylibrary.org\\\/fr\\\/#website\",\"url\":\"https:\\\/\\\/www.marybakereddylibrary.org\\\/fr\\\/\",\"name\":\"La Biblioth\u00e8que Mary Baker Eddy\",\"description\":\"\",\"publisher\":{\"@id\":\"https:\\\/\\\/www.marybakereddylibrary.org\\\/fr\\\/#organization\"},\"potentialAction\":[{\"@type\":\"SearchAction\",\"target\":{\"@type\":\"EntryPoint\",\"urlTemplate\":\"https:\\\/\\\/www.marybakereddylibrary.org\\\/fr\\\/?s={search_term_string}\"},\"query-input\":{\"@type\":\"PropertyValueSpecification\",\"valueRequired\":true,\"valueName\":\"search_term_string\"}}],\"inLanguage\":\"fr-FR\"},{\"@type\":\"Organization\",\"@id\":\"https:\\\/\\\/www.marybakereddylibrary.org\\\/fr\\\/#organization\",\"name\":\"The Mary Baker Eddy Library\",\"url\":\"https:\\\/\\\/www.marybakereddylibrary.org\\\/fr\\\/\",\"logo\":{\"@type\":\"ImageObject\",\"inLanguage\":\"fr-FR\",\"@id\":\"https:\\\/\\\/www.marybakereddylibrary.org\\\/fr\\\/#\\\/schema\\\/logo\\\/image\\\/\",\"url\":\"https:\\\/\\\/www.marybakereddylibrary.org\\\/wp-content\\\/uploads\\\/2015\\\/03\\\/MBEL_logo_HR.jpg\",\"contentUrl\":\"https:\\\/\\\/www.marybakereddylibrary.org\\\/wp-content\\\/uploads\\\/2015\\\/03\\\/MBEL_logo_HR.jpg\",\"width\":2100,\"height\":2100,\"caption\":\"The Mary Baker Eddy Library\"},\"image\":{\"@id\":\"https:\\\/\\\/www.marybakereddylibrary.org\\\/fr\\\/#\\\/schema\\\/logo\\\/image\\\/\"},\"sameAs\":[\"https:\\\/\\\/www.facebook.com\\\/mbelibrary\",\"https:\\\/\\\/x.com\\\/mbelibrary\",\"https:\\\/\\\/www.instagram.com\\\/mbelibrary\"]}]}<\/script>\n<!-- \/ Yoast SEO plugin. -->","yoast_head_json":{"title":"Archives relatives \u00e0 l\u2019organisation de La Premi\u00e8re Eglise du Christ, Scientiste - La Biblioth\u00e8que Mary Baker Eddy","robots":{"index":"index","follow":"follow","max-snippet":"max-snippet:-1","max-image-preview":"max-image-preview:large","max-video-preview":"max-video-preview:-1"},"canonical":"https:\/\/www.marybakereddylibrary.org\/fr\/recherche\/aide-a-la-recherche\/archives-relatives-a-lorganisation-de-la-premiere-eglise-du-christ-scientiste\/","og_locale":"fr_FR","og_type":"article","og_title":"Archives relatives \u00e0 l\u2019organisation de La Premi\u00e8re Eglise du Christ, Scientiste - La Biblioth\u00e8que Mary Baker Eddy","og_description":"Ce fonds est un ensemble actif et toujours grandissant de documents d\u00e9crivant les nombreuses facettes et activit\u00e9s de La Premi\u00e8re Eglise du Christ, Scientiste, et de la Soci\u00e9t\u00e9 d\u2019\u00e9dition de la Science Chr\u00e9tienne.","og_url":"https:\/\/www.marybakereddylibrary.org\/fr\/recherche\/aide-a-la-recherche\/archives-relatives-a-lorganisation-de-la-premiere-eglise-du-christ-scientiste\/","og_site_name":"La Biblioth\u00e8que Mary Baker Eddy","article_publisher":"https:\/\/www.facebook.com\/mbelibrary","article_modified_time":"2022-08-15T17:13:59+00:00","twitter_misc":{"Dur\u00e9e de lecture estim\u00e9e":"3 minutes"},"schema":{"@context":"https:\/\/schema.org","@graph":[{"@type":"WebPage","@id":"https:\/\/www.marybakereddylibrary.org\/fr\/recherche\/aide-a-la-recherche\/archives-relatives-a-lorganisation-de-la-premiere-eglise-du-christ-scientiste\/","url":"https:\/\/www.marybakereddylibrary.org\/fr\/recherche\/aide-a-la-recherche\/archives-relatives-a-lorganisation-de-la-premiere-eglise-du-christ-scientiste\/","name":"Archives relatives \u00e0 l\u2019organisation de La Premi\u00e8re Eglise du Christ, Scientiste - La Biblioth\u00e8que Mary Baker Eddy","isPartOf":{"@id":"https:\/\/www.marybakereddylibrary.org\/fr\/#website"},"datePublished":"2022-07-28T19:16:31+00:00","dateModified":"2022-08-15T17:13:59+00:00","breadcrumb":{"@id":"https:\/\/www.marybakereddylibrary.org\/fr\/recherche\/aide-a-la-recherche\/archives-relatives-a-lorganisation-de-la-premiere-eglise-du-christ-scientiste\/#breadcrumb"},"inLanguage":"fr-FR","potentialAction":[{"@type":"ReadAction","target":["https:\/\/www.marybakereddylibrary.org\/fr\/recherche\/aide-a-la-recherche\/archives-relatives-a-lorganisation-de-la-premiere-eglise-du-christ-scientiste\/"]}]},{"@type":"BreadcrumbList","@id":"https:\/\/www.marybakereddylibrary.org\/fr\/recherche\/aide-a-la-recherche\/archives-relatives-a-lorganisation-de-la-premiere-eglise-du-christ-scientiste\/#breadcrumb","itemListElement":[{"@type":"ListItem","position":1,"name":"Accueil","item":"https:\/\/www.marybakereddylibrary.org\/fr\/"},{"@type":"ListItem","position":2,"name":"Recherche","item":"https:\/\/www.marybakereddylibrary.org\/fr\/recherche\/"},{"@type":"ListItem","position":3,"name":"Aide \u00e0 la recherche","item":"https:\/\/www.marybakereddylibrary.org\/fr\/recherche\/aide-a-la-recherche\/"},{"@type":"ListItem","position":4,"name":"Archives relatives \u00e0 l\u2019organisation de La Premi\u00e8re Eglise du Christ, Scientiste"}]},{"@type":"WebSite","@id":"https:\/\/www.marybakereddylibrary.org\/fr\/#website","url":"https:\/\/www.marybakereddylibrary.org\/fr\/","name":"La Biblioth\u00e8que Mary Baker Eddy","description":"","publisher":{"@id":"https:\/\/www.marybakereddylibrary.org\/fr\/#organization"},"potentialAction":[{"@type":"SearchAction","target":{"@type":"EntryPoint","urlTemplate":"https:\/\/www.marybakereddylibrary.org\/fr\/?s={search_term_string}"},"query-input":{"@type":"PropertyValueSpecification","valueRequired":true,"valueName":"search_term_string"}}],"inLanguage":"fr-FR"},{"@type":"Organization","@id":"https:\/\/www.marybakereddylibrary.org\/fr\/#organization","name":"The Mary Baker Eddy Library","url":"https:\/\/www.marybakereddylibrary.org\/fr\/","logo":{"@type":"ImageObject","inLanguage":"fr-FR","@id":"https:\/\/www.marybakereddylibrary.org\/fr\/#\/schema\/logo\/image\/","url":"https:\/\/www.marybakereddylibrary.org\/wp-content\/uploads\/2015\/03\/MBEL_logo_HR.jpg","contentUrl":"https:\/\/www.marybakereddylibrary.org\/wp-content\/uploads\/2015\/03\/MBEL_logo_HR.jpg","width":2100,"height":2100,"caption":"The Mary Baker Eddy Library"},"image":{"@id":"https:\/\/www.marybakereddylibrary.org\/fr\/#\/schema\/logo\/image\/"},"sameAs":["https:\/\/www.facebook.com\/mbelibrary","https:\/\/x.com\/mbelibrary","https:\/\/www.instagram.com\/mbelibrary"]}]}},"_links":{"self":[{"href":"https:\/\/www.marybakereddylibrary.org\/fr\/wp-json\/wp\/v2\/pages\/50433","targetHints":{"allow":["GET"]}}],"collection":[{"href":"https:\/\/www.marybakereddylibrary.org\/fr\/wp-json\/wp\/v2\/pages"}],"about":[{"href":"https:\/\/www.marybakereddylibrary.org\/fr\/wp-json\/wp\/v2\/types\/page"}],"author":[{"embeddable":true,"href":"https:\/\/www.marybakereddylibrary.org\/fr\/wp-json\/wp\/v2\/users\/6"}],"replies":[{"embeddable":true,"href":"https:\/\/www.marybakereddylibrary.org\/fr\/wp-json\/wp\/v2\/comments?post=50433"}],"version-history":[{"count":0,"href":"https:\/\/www.marybakereddylibrary.org\/fr\/wp-json\/wp\/v2\/pages\/50433\/revisions"}],"up":[{"embeddable":true,"href":"https:\/\/www.marybakereddylibrary.org\/fr\/wp-json\/wp\/v2\/pages\/50285"}],"wp:attachment":[{"href":"https:\/\/www.marybakereddylibrary.org\/fr\/wp-json\/wp\/v2\/media?parent=50433"}],"curies":[{"name":"wp","href":"https:\/\/api.w.org\/{rel}","templated":true}]}}