{"id":21696,"date":"2018-07-11T15:44:30","date_gmt":"2018-07-11T19:44:30","guid":{"rendered":"https:\/\/www.marybakereddylibrary.org\/exposiciones-y-actividades\/"},"modified":"2018-09-14T09:10:55","modified_gmt":"2018-09-14T13:10:55","slug":"exposicoes-e-actividades","status":"publish","type":"page","link":"https:\/\/www.marybakereddylibrary.org\/pt-br\/exposicoes-e-actividades\/","title":{"rendered":"Exposi\u00e7\u00f5es e atividades"},"content":{"rendered":"<div id=\"modal-ready\"><p>[et_pb_section bb_built=&#8221;1&#8243; admin_label=&#8221;section&#8221; fullwidth=&#8221;on&#8221; specialty=&#8221;off&#8221; next_background_color=&#8221;#000000&#8243;][et_pb_fullwidth_header admin_label=&#8221;Exposi\u00e7\u00f5es e atividades \/ Exhibits and events&#8221; title=&#8221;Exposi\u00e7\u00f5es e atividades&#8221; background_layout=&#8221;light&#8221; _builder_version=&#8221;3.7.1&#8243; background_color=&#8221;rgba(255, 255, 255, 0)&#8221; \/][\/et_pb_section][et_pb_section bb_built=&#8221;1&#8243; admin_label=&#8221;section&#8221; fullwidth=&#8221;off&#8221; specialty=&#8221;off&#8221; prev_background_color=&#8221;#000000&#8243;][et_pb_row background_position=&#8221;top_left&#8221; background_repeat=&#8221;repeat&#8221; background_size=&#8221;initial&#8221;][et_pb_column type=&#8221;1_3&#8243;][et_pb_text admin_label=&#8221;El Mapparium&#8221; use_border_color=&#8221;off&#8221; background_position=&#8221;top_left&#8221; background_repeat=&#8221;repeat&#8221; background_size=&#8221;initial&#8221; _builder_version=&#8221;3.7.1&#8243;]<\/p>\n<h3><strong>O Mapparium<\/strong><\/h3>\n<p><img loading=\"lazy\" decoding=\"async\" class=\"alignleft size-thumbnail wp-image-1002\" src=\"https:\/\/www.marybakereddylibrary.org\/wp-content\/uploads\/2015\/03\/Mapparium4_HR-150x150.jpg\" alt=\"\" width=\"150\" height=\"150\" srcset=\"https:\/\/www.marybakereddylibrary.org\/wp-content\/uploads\/2015\/03\/Mapparium4_HR-150x150.jpg 150w, https:\/\/www.marybakereddylibrary.org\/wp-content\/uploads\/2015\/03\/Mapparium4_HR-300x300.jpg 300w, https:\/\/www.marybakereddylibrary.org\/wp-content\/uploads\/2015\/03\/Mapparium4_HR-1024x1024.jpg 1024w, https:\/\/www.marybakereddylibrary.org\/wp-content\/uploads\/2015\/03\/Mapparium4_HR-1080x1080.jpg 1080w\" sizes=\"(max-width: 150px) 100vw, 150px\" \/>O Mapparium simboliza a miss\u00e3o global do <em>The Christian Science Monitor<\/em> e das outras revistas produzidas pelA Sociedade Editora da Ci\u00eancia Crist\u00e3, entre elas <em>O Arauto da Ci\u00eancia Crist\u00e3<\/em> [edi\u00e7\u00e3o em portugu\u00eas]. Os visitantes caminham sobre uma ponte que atravessa um globo de vidro da altura de tr\u00eas andares, at\u00e9 chegarem ao centro, onde s\u00e3o circundados por continentes e oceanos reproduzidos em vitrais iluminados.<\/p>\n<h4><strong>Tour em \u00e1udio<\/strong><\/h4>\n<audio class=\"wp-audio-shortcode\" id=\"audio-21696-1\" preload=\"auto\" style=\"width: 100%;\" controls=\"controls\"><source type=\"audio\/mpeg\" src=\"https:\/\/media.csps.com\/mbel\/2018\/180801-mbel-port-lib-tour-led.mp3?_=1\" \/><a href=\"https:\/\/media.csps.com\/mbel\/2018\/180801-mbel-port-lib-tour-led.mp3\">https:\/\/media.csps.com\/mbel\/2018\/180801-mbel-port-lib-tour-led.mp3<\/a><\/audio>\n<p>[\/et_pb_text][\/et_pb_column][et_pb_column type=&#8221;1_3&#8243;][et_pb_text admin_label=&#8221;Exposi\u00e7\u00f5es &#8221; use_border_color=&#8221;off&#8221; border_color=&#8221;#ffffff&#8221; border_style=&#8221;solid&#8221; background_position=&#8221;top_left&#8221; background_repeat=&#8221;repeat&#8221; background_size=&#8221;initial&#8221; _builder_version=&#8221;3.7.1&#8243; border_color_all=&#8221;#ffffff&#8221;]<\/p>\n<h3><strong>Exposi\u00e7\u00f5es<\/strong><\/h3>\n<p><img loading=\"lazy\" decoding=\"async\" class=\"alignleft size-thumbnail wp-image-5194\" src=\"https:\/\/www.marybakereddylibrary.org\/wp-content\/uploads\/2015\/10\/Eli2-150x150.jpg\" alt=\"\" width=\"150\" height=\"150\" \/>As exposi\u00e7\u00f5es tempor\u00e1rias focalizam o impacto das ideias pioneiras de Mary Baker Eddy. Uma nova exposi\u00e7\u00e3o,\u00a0&#8220;Fervent Hearts, Willing Hands: Christian Science from Discovery to Global Movement&#8221; [Cora\u00e7\u00f5es ardentes, m\u00e3os dispostas: a Ci\u00eancia Crist\u00e3 desde sua descoberta at\u00e9 se tornar um movimento global], apresenta aos visitantes as maneiras como pessoas do mundo todo t\u00eam se inspirado com os ensinamentos da Ci\u00eancia Crist\u00e3.<\/p>\n<p>[\/et_pb_text][\/et_pb_column][et_pb_column type=&#8221;1_3&#8243;][et_pb_text admin_label=&#8221;Atividades \/ Events&#8221; use_border_color=&#8221;off&#8221; background_position=&#8221;top_left&#8221; background_repeat=&#8221;repeat&#8221; background_size=&#8221;initial&#8221; _builder_version=&#8221;3.7.1&#8243;]<\/p>\n<h3><strong>Eventos<\/strong><\/h3>\n<p><img loading=\"lazy\" decoding=\"async\" class=\"alignleft size-thumbnail wp-image-5790\" src=\"https:\/\/www.marybakereddylibrary.org\/wp-content\/uploads\/2016\/01\/GarrettsGift2-5-e1483732119301-150x150.jpg\" alt=\"\" width=\"150\" height=\"150\" \/>Todos os anos, a Biblioteca patrocina alguns eventos em sua sede, os quais s\u00e3o abertos ao p\u00fablico. Al\u00e9m disso, os <em>webcasts<\/em>, ou transmiss\u00f5es pela Internet (em ingl\u00eas somente), d\u00e3o a pessoas do mundo inteiro a oportunidade de desfrutar de programas sobre v\u00e1rios temas. Os ouvintes podem enviar perguntas antes e durante os <em>webcasts<\/em>. Para informa\u00e7\u00f5es sobre os pr\u00f3ximos <em>webcasts<\/em>, consulte o calend\u00e1rio de eventos em nossa p\u00e1gina inicial.<\/p>\n<p>[\/et_pb_text][\/et_pb_column][\/et_pb_row][\/et_pb_section]<\/p>\n<\/div>","protected":false},"excerpt":{"rendered":"<p>O Mapparium O Mapparium simboliza a miss\u00e3o global do The Christian Science Monitor e das outras revistas produzidas pelA Sociedade Editora da Ci\u00eancia Crist\u00e3, entre elas O Arauto da Ci\u00eancia Crist\u00e3 [edi\u00e7\u00e3o em portugu\u00eas]. Os visitantes caminham sobre uma ponte que atravessa um globo de vidro da altura de tr\u00eas andares, at\u00e9 chegarem ao centro, [&hellip;]<\/p>","protected":false},"author":6,"featured_media":0,"parent":0,"menu_order":0,"comment_status":"open","ping_status":"open","template":"","meta":{"_et_pb_use_builder":"on","_et_pb_old_content":"","_et_gb_content_width":"","_oasis_is_in_workflow":0,"_oasis_original":0,"_oasis_task_priority":"","_relevanssi_hide_post":"","_relevanssi_hide_content":"","_relevanssi_pin_for_all":"","_relevanssi_pin_keywords":"","_relevanssi_unpin_keywords":"","_relevanssi_related_keywords":"","_relevanssi_related_include_ids":"","_relevanssi_related_exclude_ids":"","_relevanssi_related_no_append":"","_relevanssi_related_not_related":"","_relevanssi_related_posts":"","_relevanssi_noindex_reason":"","inline_featured_image":false,"episode_type":"","audio_file":"","podmotor_file_id":"","podmotor_episode_id":"","cover_image":"","cover_image_id":"","duration":"","filesize":"","filesize_raw":"","date_recorded":"","explicit":"","block":"","itunes_episode_number":"","itunes_title":"","itunes_season_number":"","itunes_episode_type":"","footnotes":""},"class_list":["post-21696","page","type-page","status-publish","hentry"],"yoast_head":"<!-- This site is optimized with the Yoast SEO plugin v27.3 - https:\/\/yoast.com\/product\/yoast-seo-wordpress\/ -->\n<title>Exposi\u00e7\u00f5es e atividades - A Biblioteca Mary Baker Eddy<\/title>\n<meta name=\"robots\" content=\"index, follow, max-snippet:-1, max-image-preview:large, max-video-preview:-1\" \/>\n<link rel=\"canonical\" href=\"https:\/\/www.marybakereddylibrary.org\/pt-br\/exposicoes-e-actividades\/\" \/>\n<meta property=\"og:locale\" content=\"pt_BR\" \/>\n<meta property=\"og:type\" content=\"article\" \/>\n<meta property=\"og:title\" content=\"Exposi\u00e7\u00f5es e atividades - A Biblioteca Mary Baker Eddy\" \/>\n<meta property=\"og:description\" content=\"O Mapparium O Mapparium simboliza a miss\u00e3o global do The Christian Science Monitor e das outras revistas produzidas pelA Sociedade Editora da Ci\u00eancia Crist\u00e3, entre elas O Arauto da Ci\u00eancia Crist\u00e3 [edi\u00e7\u00e3o em portugu\u00eas]. Os visitantes caminham sobre uma ponte que atravessa um globo de vidro da altura de tr\u00eas andares, at\u00e9 chegarem ao centro, [&hellip;]\" \/>\n<meta property=\"og:url\" content=\"https:\/\/www.marybakereddylibrary.org\/pt-br\/exposicoes-e-actividades\/\" \/>\n<meta property=\"og:site_name\" content=\"A Biblioteca Mary Baker Eddy\" \/>\n<meta property=\"article:publisher\" content=\"https:\/\/www.facebook.com\/mbelibrary\" \/>\n<meta property=\"article:modified_time\" content=\"2018-09-14T13:10:55+00:00\" \/>\n<meta property=\"og:image\" content=\"https:\/\/www.marybakereddylibrary.org\/wp-content\/uploads\/2015\/03\/Mapparium4_HR-150x150.jpg\" \/>\n<meta name=\"twitter:label1\" content=\"Est. tempo de leitura\" \/>\n\t<meta name=\"twitter:data1\" content=\"2 minutos\" \/>\n<script type=\"application\/ld+json\" class=\"yoast-schema-graph\">{\"@context\":\"https:\\\/\\\/schema.org\",\"@graph\":[{\"@type\":\"WebPage\",\"@id\":\"https:\\\/\\\/www.marybakereddylibrary.org\\\/pt-br\\\/exposicoes-e-actividades\\\/\",\"url\":\"https:\\\/\\\/www.marybakereddylibrary.org\\\/pt-br\\\/exposicoes-e-actividades\\\/\",\"name\":\"Exposi\u00e7\u00f5es e atividades - A Biblioteca Mary Baker Eddy\",\"isPartOf\":{\"@id\":\"https:\\\/\\\/www.marybakereddylibrary.org\\\/pt-br\\\/#website\"},\"primaryImageOfPage\":{\"@id\":\"https:\\\/\\\/www.marybakereddylibrary.org\\\/pt-br\\\/exposicoes-e-actividades\\\/#primaryimage\"},\"image\":{\"@id\":\"https:\\\/\\\/www.marybakereddylibrary.org\\\/pt-br\\\/exposicoes-e-actividades\\\/#primaryimage\"},\"thumbnailUrl\":\"https:\\\/\\\/www.marybakereddylibrary.org\\\/wp-content\\\/uploads\\\/2015\\\/03\\\/Mapparium4_HR-150x150.jpg\",\"datePublished\":\"2018-07-11T19:44:30+00:00\",\"dateModified\":\"2018-09-14T13:10:55+00:00\",\"breadcrumb\":{\"@id\":\"https:\\\/\\\/www.marybakereddylibrary.org\\\/pt-br\\\/exposicoes-e-actividades\\\/#breadcrumb\"},\"inLanguage\":\"pt-BR\",\"potentialAction\":[{\"@type\":\"ReadAction\",\"target\":[\"https:\\\/\\\/www.marybakereddylibrary.org\\\/pt-br\\\/exposicoes-e-actividades\\\/\"]}]},{\"@type\":\"ImageObject\",\"inLanguage\":\"pt-BR\",\"@id\":\"https:\\\/\\\/www.marybakereddylibrary.org\\\/pt-br\\\/exposicoes-e-actividades\\\/#primaryimage\",\"url\":\"https:\\\/\\\/www.marybakereddylibrary.org\\\/wp-content\\\/uploads\\\/2015\\\/03\\\/Mapparium4_HR-150x150.jpg\",\"contentUrl\":\"https:\\\/\\\/www.marybakereddylibrary.org\\\/wp-content\\\/uploads\\\/2015\\\/03\\\/Mapparium4_HR-150x150.jpg\"},{\"@type\":\"BreadcrumbList\",\"@id\":\"https:\\\/\\\/www.marybakereddylibrary.org\\\/pt-br\\\/exposicoes-e-actividades\\\/#breadcrumb\",\"itemListElement\":[{\"@type\":\"ListItem\",\"position\":1,\"name\":\"Home\",\"item\":\"https:\\\/\\\/www.marybakereddylibrary.org\\\/pt-br\\\/\"},{\"@type\":\"ListItem\",\"position\":2,\"name\":\"Exposi\u00e7\u00f5es e atividades\"}]},{\"@type\":\"WebSite\",\"@id\":\"https:\\\/\\\/www.marybakereddylibrary.org\\\/pt-br\\\/#website\",\"url\":\"https:\\\/\\\/www.marybakereddylibrary.org\\\/pt-br\\\/\",\"name\":\"A Biblioteca Mary Baker Eddy\",\"description\":\"\",\"publisher\":{\"@id\":\"https:\\\/\\\/www.marybakereddylibrary.org\\\/pt-br\\\/#organization\"},\"potentialAction\":[{\"@type\":\"SearchAction\",\"target\":{\"@type\":\"EntryPoint\",\"urlTemplate\":\"https:\\\/\\\/www.marybakereddylibrary.org\\\/pt-br\\\/?s={search_term_string}\"},\"query-input\":{\"@type\":\"PropertyValueSpecification\",\"valueRequired\":true,\"valueName\":\"search_term_string\"}}],\"inLanguage\":\"pt-BR\"},{\"@type\":\"Organization\",\"@id\":\"https:\\\/\\\/www.marybakereddylibrary.org\\\/pt-br\\\/#organization\",\"name\":\"The Mary Baker Eddy Library\",\"url\":\"https:\\\/\\\/www.marybakereddylibrary.org\\\/pt-br\\\/\",\"logo\":{\"@type\":\"ImageObject\",\"inLanguage\":\"pt-BR\",\"@id\":\"https:\\\/\\\/www.marybakereddylibrary.org\\\/pt-br\\\/#\\\/schema\\\/logo\\\/image\\\/\",\"url\":\"https:\\\/\\\/www.marybakereddylibrary.org\\\/wp-content\\\/uploads\\\/2015\\\/03\\\/MBEL_logo_HR.jpg\",\"contentUrl\":\"https:\\\/\\\/www.marybakereddylibrary.org\\\/wp-content\\\/uploads\\\/2015\\\/03\\\/MBEL_logo_HR.jpg\",\"width\":2100,\"height\":2100,\"caption\":\"The Mary Baker Eddy Library\"},\"image\":{\"@id\":\"https:\\\/\\\/www.marybakereddylibrary.org\\\/pt-br\\\/#\\\/schema\\\/logo\\\/image\\\/\"},\"sameAs\":[\"https:\\\/\\\/www.facebook.com\\\/mbelibrary\",\"https:\\\/\\\/x.com\\\/mbelibrary\",\"https:\\\/\\\/www.instagram.com\\\/mbelibrary\"]}]}<\/script>\n<!-- \/ Yoast SEO plugin. -->","yoast_head_json":{"title":"Exposi\u00e7\u00f5es e atividades - A Biblioteca Mary Baker Eddy","robots":{"index":"index","follow":"follow","max-snippet":"max-snippet:-1","max-image-preview":"max-image-preview:large","max-video-preview":"max-video-preview:-1"},"canonical":"https:\/\/www.marybakereddylibrary.org\/pt-br\/exposicoes-e-actividades\/","og_locale":"pt_BR","og_type":"article","og_title":"Exposi\u00e7\u00f5es e atividades - A Biblioteca Mary Baker Eddy","og_description":"O Mapparium O Mapparium simboliza a miss\u00e3o global do The Christian Science Monitor e das outras revistas produzidas pelA Sociedade Editora da Ci\u00eancia Crist\u00e3, entre elas O Arauto da Ci\u00eancia Crist\u00e3 [edi\u00e7\u00e3o em portugu\u00eas]. Os visitantes caminham sobre uma ponte que atravessa um globo de vidro da altura de tr\u00eas andares, at\u00e9 chegarem ao centro, [&hellip;]","og_url":"https:\/\/www.marybakereddylibrary.org\/pt-br\/exposicoes-e-actividades\/","og_site_name":"A Biblioteca Mary Baker Eddy","article_publisher":"https:\/\/www.facebook.com\/mbelibrary","article_modified_time":"2018-09-14T13:10:55+00:00","og_image":[{"url":"https:\/\/www.marybakereddylibrary.org\/wp-content\/uploads\/2015\/03\/Mapparium4_HR-150x150.jpg","type":"","width":"","height":""}],"twitter_misc":{"Est. tempo de leitura":"2 minutos"},"schema":{"@context":"https:\/\/schema.org","@graph":[{"@type":"WebPage","@id":"https:\/\/www.marybakereddylibrary.org\/pt-br\/exposicoes-e-actividades\/","url":"https:\/\/www.marybakereddylibrary.org\/pt-br\/exposicoes-e-actividades\/","name":"Exposi\u00e7\u00f5es e atividades - A Biblioteca Mary Baker Eddy","isPartOf":{"@id":"https:\/\/www.marybakereddylibrary.org\/pt-br\/#website"},"primaryImageOfPage":{"@id":"https:\/\/www.marybakereddylibrary.org\/pt-br\/exposicoes-e-actividades\/#primaryimage"},"image":{"@id":"https:\/\/www.marybakereddylibrary.org\/pt-br\/exposicoes-e-actividades\/#primaryimage"},"thumbnailUrl":"https:\/\/www.marybakereddylibrary.org\/wp-content\/uploads\/2015\/03\/Mapparium4_HR-150x150.jpg","datePublished":"2018-07-11T19:44:30+00:00","dateModified":"2018-09-14T13:10:55+00:00","breadcrumb":{"@id":"https:\/\/www.marybakereddylibrary.org\/pt-br\/exposicoes-e-actividades\/#breadcrumb"},"inLanguage":"pt-BR","potentialAction":[{"@type":"ReadAction","target":["https:\/\/www.marybakereddylibrary.org\/pt-br\/exposicoes-e-actividades\/"]}]},{"@type":"ImageObject","inLanguage":"pt-BR","@id":"https:\/\/www.marybakereddylibrary.org\/pt-br\/exposicoes-e-actividades\/#primaryimage","url":"https:\/\/www.marybakereddylibrary.org\/wp-content\/uploads\/2015\/03\/Mapparium4_HR-150x150.jpg","contentUrl":"https:\/\/www.marybakereddylibrary.org\/wp-content\/uploads\/2015\/03\/Mapparium4_HR-150x150.jpg"},{"@type":"BreadcrumbList","@id":"https:\/\/www.marybakereddylibrary.org\/pt-br\/exposicoes-e-actividades\/#breadcrumb","itemListElement":[{"@type":"ListItem","position":1,"name":"Home","item":"https:\/\/www.marybakereddylibrary.org\/pt-br\/"},{"@type":"ListItem","position":2,"name":"Exposi\u00e7\u00f5es e atividades"}]},{"@type":"WebSite","@id":"https:\/\/www.marybakereddylibrary.org\/pt-br\/#website","url":"https:\/\/www.marybakereddylibrary.org\/pt-br\/","name":"A Biblioteca Mary Baker Eddy","description":"","publisher":{"@id":"https:\/\/www.marybakereddylibrary.org\/pt-br\/#organization"},"potentialAction":[{"@type":"SearchAction","target":{"@type":"EntryPoint","urlTemplate":"https:\/\/www.marybakereddylibrary.org\/pt-br\/?s={search_term_string}"},"query-input":{"@type":"PropertyValueSpecification","valueRequired":true,"valueName":"search_term_string"}}],"inLanguage":"pt-BR"},{"@type":"Organization","@id":"https:\/\/www.marybakereddylibrary.org\/pt-br\/#organization","name":"The Mary Baker Eddy Library","url":"https:\/\/www.marybakereddylibrary.org\/pt-br\/","logo":{"@type":"ImageObject","inLanguage":"pt-BR","@id":"https:\/\/www.marybakereddylibrary.org\/pt-br\/#\/schema\/logo\/image\/","url":"https:\/\/www.marybakereddylibrary.org\/wp-content\/uploads\/2015\/03\/MBEL_logo_HR.jpg","contentUrl":"https:\/\/www.marybakereddylibrary.org\/wp-content\/uploads\/2015\/03\/MBEL_logo_HR.jpg","width":2100,"height":2100,"caption":"The Mary Baker Eddy Library"},"image":{"@id":"https:\/\/www.marybakereddylibrary.org\/pt-br\/#\/schema\/logo\/image\/"},"sameAs":["https:\/\/www.facebook.com\/mbelibrary","https:\/\/x.com\/mbelibrary","https:\/\/www.instagram.com\/mbelibrary"]}]}},"_links":{"self":[{"href":"https:\/\/www.marybakereddylibrary.org\/pt-br\/wp-json\/wp\/v2\/pages\/21696","targetHints":{"allow":["GET"]}}],"collection":[{"href":"https:\/\/www.marybakereddylibrary.org\/pt-br\/wp-json\/wp\/v2\/pages"}],"about":[{"href":"https:\/\/www.marybakereddylibrary.org\/pt-br\/wp-json\/wp\/v2\/types\/page"}],"author":[{"embeddable":true,"href":"https:\/\/www.marybakereddylibrary.org\/pt-br\/wp-json\/wp\/v2\/users\/6"}],"replies":[{"embeddable":true,"href":"https:\/\/www.marybakereddylibrary.org\/pt-br\/wp-json\/wp\/v2\/comments?post=21696"}],"version-history":[{"count":0,"href":"https:\/\/www.marybakereddylibrary.org\/pt-br\/wp-json\/wp\/v2\/pages\/21696\/revisions"}],"wp:attachment":[{"href":"https:\/\/www.marybakereddylibrary.org\/pt-br\/wp-json\/wp\/v2\/media?parent=21696"}],"curies":[{"name":"wp","href":"https:\/\/api.w.org\/{rel}","templated":true}]}}