{"id":21701,"date":"2018-07-11T15:46:59","date_gmt":"2018-07-11T19:46:59","guid":{"rendered":"https:\/\/www.marybakereddylibrary.org\/mary-baker-eddy\/"},"modified":"2022-07-25T16:31:24","modified_gmt":"2022-07-25T20:31:24","slug":"mary-baker-eddy2","status":"publish","type":"page","link":"https:\/\/www.marybakereddylibrary.org\/pt-br\/mary-baker-eddy2\/","title":{"rendered":"Mary Baker Eddy"},"content":{"rendered":"<div id=\"modal-ready\"><p>[et_pb_section fb_built=&#8221;1&#8243; admin_label=&#8221;section&#8221; _builder_version=&#8221;3.22&#8243; global_colors_info=&#8221;{}&#8221;][et_pb_row admin_label=&#8221;row&#8221; _builder_version=&#8221;3.25&#8243; background_size=&#8221;initial&#8221; background_position=&#8221;top_left&#8221; background_repeat=&#8221;repeat&#8221; global_colors_info=&#8221;{}&#8221; column_structure=&#8221;1_2,1_2&#8243;][et_pb_column type=&#8221;1_2&#8243; _builder_version=&#8221;3.0.47&#8243; custom_padding=&#8221;|||&#8221; global_colors_info=&#8221;{}&#8221; custom_padding__hover=&#8221;|||&#8221;][et_pb_image src=&#8221;\/wp-content\/uploads\/2015\/02\/background-mary-baker-eddy.jpg&#8221; alt=&#8221;Mary Baker Eddy&#8221; url=&#8221;\/pt-br\/mary-baker-eddy\/a-vida-de-mary-baker-eddy\/&#8221; align_tablet=&#8221;center&#8221; align_phone=&#8221;&#8221; align_last_edited=&#8221;on|desktop&#8221; _builder_version=&#8221;3.23&#8243; animation_style=&#8221;slide&#8221; animation_direction=&#8221;left&#8221; animation_duration=&#8221;500ms&#8221; animation_intensity_slide=&#8221;10%&#8221; animation=&#8221;left&#8221; sticky=&#8221;off&#8221; use_border_color=&#8221;off&#8221; border_color=&#8221;#ffffff&#8221; border_style=&#8221;solid&#8221; global_colors_info=&#8221;{}&#8221;]<\/p>\n<p>\n&nbsp;<\/p>\n<p>[\/et_pb_image][\/et_pb_column][et_pb_column type=&#8221;1_2&#8243; _builder_version=&#8221;3.0.47&#8243; custom_padding=&#8221;|||&#8221; global_colors_info=&#8221;{}&#8221; custom_padding__hover=&#8221;|||&#8221;][et_pb_text admin_label=&#8221;Mary Baker Eddy 1821-1910 Text&#8221; _builder_version=&#8221;3.27.4&#8243; background_size=&#8221;initial&#8221; background_position=&#8221;top_left&#8221; background_repeat=&#8221;repeat&#8221; use_border_color=&#8221;off&#8221; global_colors_info=&#8221;{}&#8221;]<\/p>\n<h1>Mary Baker Eddy<\/h1>\n<h3>1821-1910<\/h3>\n<p>[\/et_pb_text][et_pb_text admin_label=&#8221;Her life \/ A VIDA DE MARY BAKER EDDY Text&#8221; module_class=&#8221;mbe-history&#8221; _builder_version=&#8221;3.29.3&#8243; background_size=&#8221;initial&#8221; background_position=&#8221;top_left&#8221; background_repeat=&#8221;repeat&#8221; use_border_color=&#8221;off&#8221; global_colors_info=&#8221;{}&#8221;]<\/p>\n<p>\n<a href=\"https:\/\/www.marybakereddylibrary.org\/pt-br\/mary-baker-eddy\/a-vida-de-mary-baker-eddy\/\">A VIDA DE MARY BAKER EDDY<\/a><a href=\"https:\/\/www.marybakereddylibrary.org\/pt-br\/mary-baker-eddy\/a-vida-de-mary-baker-eddy\/\"><img loading=\"lazy\" decoding=\"async\" class=\"alignleft wp-image-19195 size-full\" src=\"https:\/\/www.marybakereddylibrary.org\/wp-content\/uploads\/2016\/08\/MBEL_Life_SPANISH.jpeg\" alt=\"\" width=\"91\" height=\"75\" \/><\/a><\/p>\n<p>[\/et_pb_text][et_pb_text admin_label=&#8221;Her works \/ SEUS ESCRITOS Text&#8221; module_class=&#8221;mbe-history&#8221; _builder_version=&#8221;3.29.3&#8243; background_size=&#8221;initial&#8221; background_position=&#8221;top_left&#8221; background_repeat=&#8221;repeat&#8221; use_border_color=&#8221;off&#8221; global_colors_info=&#8221;{}&#8221;]<\/p>\n<p>\n<a href=\"https:\/\/www.marybakereddylibrary.org\/pt-br\/mary-baker-eddy\/seus-escritos\/\"><img loading=\"lazy\" decoding=\"async\" class=\"alignleft wp-image-19193 size-full\" src=\"https:\/\/www.marybakereddylibrary.org\/wp-content\/uploads\/2016\/08\/MBEL_Works_SPANISH.jpeg\" alt=\"Sus escritos\" width=\"91\" height=\"75\" \/><\/a><a href=\"https:\/\/www.marybakereddylibrary.org\/pt-br\/mary-baker-eddy\/seus-escritos\/\">SEUS ESCRITOS<\/a><\/p>\n<p>[\/et_pb_text][et_pb_text admin_label=&#8221;Accomplishments \/ REALIZA\u00c7\u00d5ES&#8221; module_class=&#8221;mbe-history&#8221; _builder_version=&#8221;3.29.3&#8243; background_size=&#8221;initial&#8221; background_position=&#8221;top_left&#8221; background_repeat=&#8221;repeat&#8221; use_border_color=&#8221;off&#8221; global_colors_info=&#8221;{}&#8221;]<\/p>\n<p><a href=\"https:\/\/www.marybakereddylibrary.org\/pt-br\/mary-baker-eddy\/realizacoes\/\"><img loading=\"lazy\" decoding=\"async\" class=\"alignleft wp-image-19202 size-full\" src=\"https:\/\/www.marybakereddylibrary.org\/wp-content\/uploads\/2017\/12\/MBE_accomplishments_SPANISH.jpg\" alt=\"Otros logros\" width=\"91\" height=\"75\" \/><\/a><a href=\"https:\/\/www.marybakereddylibrary.org\/pt-br\/mary-baker-eddy\/realizacoes\/\">REALIZA\u00c7\u00d5ES<\/a><\/p>\n<p>[\/et_pb_text][et_pb_text admin_label=&#8221;Photo gallery \/ GALERIA DE FOTOS DE MARY BAKER EDDY&#8221; module_class=&#8221;mbe-history&#8221; _builder_version=&#8221;3.29.3&#8243; background_size=&#8221;initial&#8221; background_position=&#8221;top_left&#8221; background_repeat=&#8221;repeat&#8221; use_border_color=&#8221;off&#8221; global_colors_info=&#8221;{}&#8221;]<\/p>\n<p><a href=\"https:\/\/www.marybakereddylibrary.org\/pt-br\/mary-baker-eddy\/galeria-de-fotos-de-mary-baker-eddy\/\"><img loading=\"lazy\" decoding=\"async\" class=\"alignleft wp-image-19203 size-full\" src=\"https:\/\/www.marybakereddylibrary.org\/wp-content\/uploads\/2017\/12\/MBE_photogallery_SPANISH.jpg\" alt=\"Galer\u00eda de fotos de Mary Baker Eddy\" width=\"91\" height=\"75\" \/><\/a><a href=\"https:\/\/www.marybakereddylibrary.org\/pt-br\/mary-baker-eddy\/galeria-de-fotos-de-mary-baker-eddy\/\">GALERIA DE FOTOS DE MARY BAKER EDDY<\/a><\/p>\n<p>[\/et_pb_text][et_pb_text admin_label=&#8221;Timeline \/ HITOS HIST\u00d3RICOS Text&#8221; module_class=&#8221;mbe-history&#8221; _builder_version=&#8221;3.29.3&#8243; background_size=&#8221;initial&#8221; background_position=&#8221;top_left&#8221; background_repeat=&#8221;repeat&#8221; use_border_color=&#8221;off&#8221; global_colors_info=&#8221;{}&#8221;]<\/p>\n<p>\n<a href=\"https:\/\/www.marybakereddylibrary.org\/pt-br\/mary-baker-eddy\/cronologia\/\"><img loading=\"lazy\" decoding=\"async\" class=\"alignleft wp-image-19200 size-full\" src=\"https:\/\/www.marybakereddylibrary.org\/wp-content\/uploads\/2016\/08\/MBE_Chronology_SPANISH.jpg\" alt=\"HITOS HIST\u00d3RICOS\" width=\"91\" height=\"75\" \/><\/a><a href=\"https:\/\/www.marybakereddylibrary.org\/pt-br\/mary-baker-eddy\/cronologia\/\">CRONOLOGIA<\/a><\/p>\n<p>[\/et_pb_text][et_pb_text admin_label=&#8221;Planifique su visita \/ Plan your visit Text&#8221; _builder_version=&#8221;3.27.4&#8243; background_size=&#8221;initial&#8221; background_position=&#8221;top_left&#8221; background_repeat=&#8221;repeat&#8221; use_border_color=&#8221;off&#8221; global_colors_info=&#8221;{}&#8221;]<\/p>\n<p>\n<a href=\"https:\/\/www.marybakereddylibrary.org\/pt-br\/informacoes-gerais\/\"><b>Planeje sua visita<\/b><\/a><span style=\"font-weight: 400;\"> \u00e0 Biblioteca Mary Baker Eddy.<\/span><\/p>\n<p>[\/et_pb_text][\/et_pb_column][\/et_pb_row][\/et_pb_section]<\/p>\n<\/div>","protected":false},"excerpt":{"rendered":"<p>&nbsp; Mary Baker Eddy 1821-1910 A VIDA DE MARY BAKER EDDY SEUS ESCRITOS REALIZA\u00c7\u00d5ES GALERIA DE FOTOS DE MARY BAKER EDDY CRONOLOGIA Planeje sua visita \u00e0 Biblioteca Mary Baker Eddy.<\/p>","protected":false},"author":6,"featured_media":0,"parent":0,"menu_order":0,"comment_status":"open","ping_status":"open","template":"","meta":{"_et_pb_use_builder":"on","_et_pb_old_content":"<p>[et_pb_section admin_label=\"section\"][et_pb_row admin_label=\"row\"][et_pb_column type=\"1_2\"][et_pb_image admin_label=\"Image\" src=\"\/wp-content\/uploads\/2015\/02\/background-mary-baker-eddy.jpg\" show_in_lightbox=\"off\" url_new_window=\"off\" animation=\"left\" sticky=\"off\"]<br \/> [\/et_pb_image][\/et_pb_column][et_pb_column type=\"1_2\"][et_pb_text admin_label=\"Mary Baker Eddy 1821-1910 Text\" background_layout=\"light\" text_orientation=\"left\" use_border_color=\"off\" border_color=\"#ffffff\" border_style=\"solid\"]<\/p><h1>Mary Baker Eddy<\/h1><h3>1821-1910<\/h3><p>[\/et_pb_text][et_pb_text admin_label=\"Her life \/ La Vie de Mary Baker Eddy Text\" background_layout=\"light\" text_orientation=\"left\" module_class=\"mbe-history\" use_border_color=\"off\" border_color=\"#ffffff\" border_style=\"solid\"]<\/p><p><a title=\"Life\" href=\"\/mary-baker-eddy\/life\/\"><img class=\" size-full wp-image-2755 alignleft\" src=\"https:\/\/www.marybakereddylibrary.org\/wp-content\/uploads\/2015\/03\/Life-v2.jpg\" alt=\"Life-v2\" width=\"91\" height=\"75\" \/><\/a><a href=\"https:\/\/www.marybakereddylibrary.org\/fr\/mary-baker-eddy\/la-vie-de-mary-baker-eddy\/\">La Vie de\u00a0Mary Baker Eddy<\/a><\/p><p>[\/et_pb_text][et_pb_text admin_label=\"Her works \/ Ses Oeuvres Text\" background_layout=\"light\" text_orientation=\"left\" module_class=\"mbe-history\" use_border_color=\"off\" border_color=\"#ffffff\" border_style=\"solid\"]<\/p><p><a href=\"\/mary-baker-eddy\/writings\"><img class=\"alignleft wp-image-2732 size-full\" src=\"https:\/\/www.marybakereddylibrary.org\/wp-content\/uploads\/2015\/04\/writings.jpg\" alt=\"\" width=\"91\" height=\"75\" \/><\/a><a href=\"https:\/\/www.marybakereddylibrary.org\/fr\/mary-baker-eddy\/ses-oeuvres\/\">Ses \u0153uvres<\/a><\/p><p>[\/et_pb_text][et_pb_text admin_label=\"Accomplishments \/ Autres r\u00e9alisations\" background_layout=\"light\" text_orientation=\"left\" module_class=\"mbe-history\" use_border_color=\"off\" border_color=\"#ffffff\" border_style=\"solid\"]<\/p><p><a href=\"\/mary-baker-eddy\/accomplishments\"><img class=\"alignleft wp-image-2735 size-full\" src=\"https:\/\/www.marybakereddylibrary.org\/wp-content\/uploads\/2015\/04\/accomplishments.jpg\" alt=\"\" width=\"91\" height=\"75\" \/><\/a><a href=\"https:\/\/www.marybakereddylibrary.org\/fr\/mary-baker-eddy\/autres-realisations\/\">Autres r\u00e9alisations<\/a><\/p><p>[\/et_pb_text][et_pb_text admin_label=\"Photo gallery \/ Galerie de photos Text\" background_layout=\"light\" text_orientation=\"left\" module_class=\"mbe-history\" use_border_color=\"off\" border_color=\"#ffffff\" border_style=\"solid\"]<\/p><p><a href=\"\/mary-baker-eddy\/mary-baker-eddy-photo-gallery\"><img class=\"alignleft wp-image-2737 size-full\" src=\"https:\/\/www.marybakereddylibrary.org\/wp-content\/uploads\/2015\/04\/photogallery.jpg\" alt=\"\" width=\"91\" height=\"75\" \/><\/a><span style=\"font-weight: 400;\"><a href=\"\/fr\/mary-baker-eddy\/galerie-photos-de-mary-baker-eddy\/\">Galerie photos de\u00a0Mary Baker Eddy<\/a><\/span><\/p><p>[\/et_pb_text][et_pb_text admin_label=\"Timeline \/ Chronologie Text\" background_layout=\"light\" text_orientation=\"left\" module_class=\"mbe-history\" use_border_color=\"off\" border_color=\"#ffffff\" border_style=\"solid\"]<\/p><p><a href=\"\/mary-baker-eddy\/timeline\"><img class=\"alignleft size-full wp-image-2655\" src=\"https:\/\/www.marybakereddylibrary.org\/wp-content\/uploads\/2015\/04\/life.jpg\" alt=\"life\" width=\"91\" height=\"75\" \/><\/a><a href=\"https:\/\/www.marybakereddylibrary.org\/fr\/mary-baker-eddy\/chronologie\/\">Chronologie<\/a><\/p><p>[\/et_pb_text][et_pb_text admin_label=\"Plan your visit Text\" background_layout=\"light\" text_orientation=\"left\" use_border_color=\"off\" border_color=\"#ffffff\" border_style=\"solid\"]<\/p><p><strong><a href=\"https:\/\/www.marybakereddylibrary.org\/fr\/informations-generales\/\">Pr\u00e9parer votre visite<\/a><\/strong> pour mieux conna\u00eetre Mary Baker Eddy<\/p><p>[\/et_pb_text][\/et_pb_column][\/et_pb_row][\/et_pb_section]<\/p>","_et_gb_content_width":"","_oasis_is_in_workflow":0,"_oasis_original":0,"_oasis_task_priority":"","_relevanssi_hide_post":"","_relevanssi_hide_content":"","_relevanssi_pin_for_all":"","_relevanssi_pin_keywords":"","_relevanssi_unpin_keywords":"","_relevanssi_related_keywords":"","_relevanssi_related_include_ids":"","_relevanssi_related_exclude_ids":"","_relevanssi_related_no_append":"","_relevanssi_related_not_related":"","_relevanssi_related_posts":"","_relevanssi_noindex_reason":"","inline_featured_image":false,"episode_type":"","audio_file":"","podmotor_file_id":"","podmotor_episode_id":"","cover_image":"","cover_image_id":"","duration":"","filesize":"","filesize_raw":"","date_recorded":"","explicit":"","block":"","itunes_episode_number":"","itunes_title":"","itunes_season_number":"","itunes_episode_type":"","footnotes":""},"class_list":["post-21701","page","type-page","status-publish","hentry"],"yoast_head":"<!-- This site is optimized with the Yoast SEO plugin v27.3 - https:\/\/yoast.com\/product\/yoast-seo-wordpress\/ -->\n<title>Mary Baker Eddy - A Biblioteca Mary Baker Eddy<\/title>\n<meta name=\"robots\" content=\"index, follow, max-snippet:-1, max-image-preview:large, max-video-preview:-1\" \/>\n<link rel=\"canonical\" href=\"https:\/\/www.marybakereddylibrary.org\/pt-br\/mary-baker-eddy2\/\" \/>\n<meta property=\"og:locale\" content=\"pt_BR\" \/>\n<meta property=\"og:type\" content=\"article\" \/>\n<meta property=\"og:title\" content=\"Mary Baker Eddy - A Biblioteca Mary Baker Eddy\" \/>\n<meta property=\"og:description\" content=\"&nbsp; Mary Baker Eddy 1821-1910 A VIDA DE MARY BAKER EDDY SEUS ESCRITOS REALIZA\u00c7\u00d5ES GALERIA DE FOTOS DE MARY BAKER EDDY CRONOLOGIA Planeje sua visita \u00e0 Biblioteca Mary Baker Eddy.\" \/>\n<meta property=\"og:url\" content=\"https:\/\/www.marybakereddylibrary.org\/pt-br\/mary-baker-eddy2\/\" \/>\n<meta property=\"og:site_name\" content=\"A Biblioteca Mary Baker Eddy\" \/>\n<meta property=\"article:publisher\" content=\"https:\/\/www.facebook.com\/mbelibrary\" \/>\n<meta property=\"article:modified_time\" content=\"2022-07-25T20:31:24+00:00\" \/>\n<meta property=\"og:image\" content=\"https:\/\/www.marybakereddylibrary.org\/wp-content\/uploads\/2016\/08\/MBEL_Life_SPANISH.jpeg\" \/>\n<meta name=\"twitter:label1\" content=\"Est. tempo de leitura\" \/>\n\t<meta name=\"twitter:data1\" content=\"2 minutos\" \/>\n<script type=\"application\/ld+json\" class=\"yoast-schema-graph\">{\"@context\":\"https:\\\/\\\/schema.org\",\"@graph\":[{\"@type\":\"WebPage\",\"@id\":\"https:\\\/\\\/www.marybakereddylibrary.org\\\/pt-br\\\/mary-baker-eddy2\\\/\",\"url\":\"https:\\\/\\\/www.marybakereddylibrary.org\\\/pt-br\\\/mary-baker-eddy2\\\/\",\"name\":\"Mary Baker Eddy - A Biblioteca Mary Baker Eddy\",\"isPartOf\":{\"@id\":\"https:\\\/\\\/www.marybakereddylibrary.org\\\/pt-br\\\/#website\"},\"primaryImageOfPage\":{\"@id\":\"https:\\\/\\\/www.marybakereddylibrary.org\\\/pt-br\\\/mary-baker-eddy2\\\/#primaryimage\"},\"image\":{\"@id\":\"https:\\\/\\\/www.marybakereddylibrary.org\\\/pt-br\\\/mary-baker-eddy2\\\/#primaryimage\"},\"thumbnailUrl\":\"https:\\\/\\\/www.marybakereddylibrary.org\\\/wp-content\\\/uploads\\\/2016\\\/08\\\/MBEL_Life_SPANISH.jpeg\",\"datePublished\":\"2018-07-11T19:46:59+00:00\",\"dateModified\":\"2022-07-25T20:31:24+00:00\",\"breadcrumb\":{\"@id\":\"https:\\\/\\\/www.marybakereddylibrary.org\\\/pt-br\\\/mary-baker-eddy2\\\/#breadcrumb\"},\"inLanguage\":\"pt-BR\",\"potentialAction\":[{\"@type\":\"ReadAction\",\"target\":[\"https:\\\/\\\/www.marybakereddylibrary.org\\\/pt-br\\\/mary-baker-eddy2\\\/\"]}]},{\"@type\":\"ImageObject\",\"inLanguage\":\"pt-BR\",\"@id\":\"https:\\\/\\\/www.marybakereddylibrary.org\\\/pt-br\\\/mary-baker-eddy2\\\/#primaryimage\",\"url\":\"https:\\\/\\\/www.marybakereddylibrary.org\\\/wp-content\\\/uploads\\\/2016\\\/08\\\/MBEL_Life_SPANISH.jpeg\",\"contentUrl\":\"https:\\\/\\\/www.marybakereddylibrary.org\\\/wp-content\\\/uploads\\\/2016\\\/08\\\/MBEL_Life_SPANISH.jpeg\"},{\"@type\":\"BreadcrumbList\",\"@id\":\"https:\\\/\\\/www.marybakereddylibrary.org\\\/pt-br\\\/mary-baker-eddy2\\\/#breadcrumb\",\"itemListElement\":[{\"@type\":\"ListItem\",\"position\":1,\"name\":\"Home\",\"item\":\"https:\\\/\\\/www.marybakereddylibrary.org\\\/pt-br\\\/\"},{\"@type\":\"ListItem\",\"position\":2,\"name\":\"Mary Baker Eddy\"}]},{\"@type\":\"WebSite\",\"@id\":\"https:\\\/\\\/www.marybakereddylibrary.org\\\/pt-br\\\/#website\",\"url\":\"https:\\\/\\\/www.marybakereddylibrary.org\\\/pt-br\\\/\",\"name\":\"A Biblioteca Mary Baker Eddy\",\"description\":\"\",\"publisher\":{\"@id\":\"https:\\\/\\\/www.marybakereddylibrary.org\\\/pt-br\\\/#organization\"},\"potentialAction\":[{\"@type\":\"SearchAction\",\"target\":{\"@type\":\"EntryPoint\",\"urlTemplate\":\"https:\\\/\\\/www.marybakereddylibrary.org\\\/pt-br\\\/?s={search_term_string}\"},\"query-input\":{\"@type\":\"PropertyValueSpecification\",\"valueRequired\":true,\"valueName\":\"search_term_string\"}}],\"inLanguage\":\"pt-BR\"},{\"@type\":\"Organization\",\"@id\":\"https:\\\/\\\/www.marybakereddylibrary.org\\\/pt-br\\\/#organization\",\"name\":\"The Mary Baker Eddy Library\",\"url\":\"https:\\\/\\\/www.marybakereddylibrary.org\\\/pt-br\\\/\",\"logo\":{\"@type\":\"ImageObject\",\"inLanguage\":\"pt-BR\",\"@id\":\"https:\\\/\\\/www.marybakereddylibrary.org\\\/pt-br\\\/#\\\/schema\\\/logo\\\/image\\\/\",\"url\":\"https:\\\/\\\/www.marybakereddylibrary.org\\\/wp-content\\\/uploads\\\/2015\\\/03\\\/MBEL_logo_HR.jpg\",\"contentUrl\":\"https:\\\/\\\/www.marybakereddylibrary.org\\\/wp-content\\\/uploads\\\/2015\\\/03\\\/MBEL_logo_HR.jpg\",\"width\":2100,\"height\":2100,\"caption\":\"The Mary Baker Eddy Library\"},\"image\":{\"@id\":\"https:\\\/\\\/www.marybakereddylibrary.org\\\/pt-br\\\/#\\\/schema\\\/logo\\\/image\\\/\"},\"sameAs\":[\"https:\\\/\\\/www.facebook.com\\\/mbelibrary\",\"https:\\\/\\\/x.com\\\/mbelibrary\",\"https:\\\/\\\/www.instagram.com\\\/mbelibrary\"]}]}<\/script>\n<!-- \/ Yoast SEO plugin. -->","yoast_head_json":{"title":"Mary Baker Eddy - A Biblioteca Mary Baker Eddy","robots":{"index":"index","follow":"follow","max-snippet":"max-snippet:-1","max-image-preview":"max-image-preview:large","max-video-preview":"max-video-preview:-1"},"canonical":"https:\/\/www.marybakereddylibrary.org\/pt-br\/mary-baker-eddy2\/","og_locale":"pt_BR","og_type":"article","og_title":"Mary Baker Eddy - A Biblioteca Mary Baker Eddy","og_description":"&nbsp; Mary Baker Eddy 1821-1910 A VIDA DE MARY BAKER EDDY SEUS ESCRITOS REALIZA\u00c7\u00d5ES GALERIA DE FOTOS DE MARY BAKER EDDY CRONOLOGIA Planeje sua visita \u00e0 Biblioteca Mary Baker Eddy.","og_url":"https:\/\/www.marybakereddylibrary.org\/pt-br\/mary-baker-eddy2\/","og_site_name":"A Biblioteca Mary Baker Eddy","article_publisher":"https:\/\/www.facebook.com\/mbelibrary","article_modified_time":"2022-07-25T20:31:24+00:00","og_image":[{"url":"https:\/\/www.marybakereddylibrary.org\/wp-content\/uploads\/2016\/08\/MBEL_Life_SPANISH.jpeg","type":"","width":"","height":""}],"twitter_misc":{"Est. tempo de leitura":"2 minutos"},"schema":{"@context":"https:\/\/schema.org","@graph":[{"@type":"WebPage","@id":"https:\/\/www.marybakereddylibrary.org\/pt-br\/mary-baker-eddy2\/","url":"https:\/\/www.marybakereddylibrary.org\/pt-br\/mary-baker-eddy2\/","name":"Mary Baker Eddy - A Biblioteca Mary Baker Eddy","isPartOf":{"@id":"https:\/\/www.marybakereddylibrary.org\/pt-br\/#website"},"primaryImageOfPage":{"@id":"https:\/\/www.marybakereddylibrary.org\/pt-br\/mary-baker-eddy2\/#primaryimage"},"image":{"@id":"https:\/\/www.marybakereddylibrary.org\/pt-br\/mary-baker-eddy2\/#primaryimage"},"thumbnailUrl":"https:\/\/www.marybakereddylibrary.org\/wp-content\/uploads\/2016\/08\/MBEL_Life_SPANISH.jpeg","datePublished":"2018-07-11T19:46:59+00:00","dateModified":"2022-07-25T20:31:24+00:00","breadcrumb":{"@id":"https:\/\/www.marybakereddylibrary.org\/pt-br\/mary-baker-eddy2\/#breadcrumb"},"inLanguage":"pt-BR","potentialAction":[{"@type":"ReadAction","target":["https:\/\/www.marybakereddylibrary.org\/pt-br\/mary-baker-eddy2\/"]}]},{"@type":"ImageObject","inLanguage":"pt-BR","@id":"https:\/\/www.marybakereddylibrary.org\/pt-br\/mary-baker-eddy2\/#primaryimage","url":"https:\/\/www.marybakereddylibrary.org\/wp-content\/uploads\/2016\/08\/MBEL_Life_SPANISH.jpeg","contentUrl":"https:\/\/www.marybakereddylibrary.org\/wp-content\/uploads\/2016\/08\/MBEL_Life_SPANISH.jpeg"},{"@type":"BreadcrumbList","@id":"https:\/\/www.marybakereddylibrary.org\/pt-br\/mary-baker-eddy2\/#breadcrumb","itemListElement":[{"@type":"ListItem","position":1,"name":"Home","item":"https:\/\/www.marybakereddylibrary.org\/pt-br\/"},{"@type":"ListItem","position":2,"name":"Mary Baker Eddy"}]},{"@type":"WebSite","@id":"https:\/\/www.marybakereddylibrary.org\/pt-br\/#website","url":"https:\/\/www.marybakereddylibrary.org\/pt-br\/","name":"A Biblioteca Mary Baker Eddy","description":"","publisher":{"@id":"https:\/\/www.marybakereddylibrary.org\/pt-br\/#organization"},"potentialAction":[{"@type":"SearchAction","target":{"@type":"EntryPoint","urlTemplate":"https:\/\/www.marybakereddylibrary.org\/pt-br\/?s={search_term_string}"},"query-input":{"@type":"PropertyValueSpecification","valueRequired":true,"valueName":"search_term_string"}}],"inLanguage":"pt-BR"},{"@type":"Organization","@id":"https:\/\/www.marybakereddylibrary.org\/pt-br\/#organization","name":"The Mary Baker Eddy Library","url":"https:\/\/www.marybakereddylibrary.org\/pt-br\/","logo":{"@type":"ImageObject","inLanguage":"pt-BR","@id":"https:\/\/www.marybakereddylibrary.org\/pt-br\/#\/schema\/logo\/image\/","url":"https:\/\/www.marybakereddylibrary.org\/wp-content\/uploads\/2015\/03\/MBEL_logo_HR.jpg","contentUrl":"https:\/\/www.marybakereddylibrary.org\/wp-content\/uploads\/2015\/03\/MBEL_logo_HR.jpg","width":2100,"height":2100,"caption":"The Mary Baker Eddy Library"},"image":{"@id":"https:\/\/www.marybakereddylibrary.org\/pt-br\/#\/schema\/logo\/image\/"},"sameAs":["https:\/\/www.facebook.com\/mbelibrary","https:\/\/x.com\/mbelibrary","https:\/\/www.instagram.com\/mbelibrary"]}]}},"_links":{"self":[{"href":"https:\/\/www.marybakereddylibrary.org\/pt-br\/wp-json\/wp\/v2\/pages\/21701","targetHints":{"allow":["GET"]}}],"collection":[{"href":"https:\/\/www.marybakereddylibrary.org\/pt-br\/wp-json\/wp\/v2\/pages"}],"about":[{"href":"https:\/\/www.marybakereddylibrary.org\/pt-br\/wp-json\/wp\/v2\/types\/page"}],"author":[{"embeddable":true,"href":"https:\/\/www.marybakereddylibrary.org\/pt-br\/wp-json\/wp\/v2\/users\/6"}],"replies":[{"embeddable":true,"href":"https:\/\/www.marybakereddylibrary.org\/pt-br\/wp-json\/wp\/v2\/comments?post=21701"}],"version-history":[{"count":0,"href":"https:\/\/www.marybakereddylibrary.org\/pt-br\/wp-json\/wp\/v2\/pages\/21701\/revisions"}],"wp:attachment":[{"href":"https:\/\/www.marybakereddylibrary.org\/pt-br\/wp-json\/wp\/v2\/media?parent=21701"}],"curies":[{"name":"wp","href":"https:\/\/api.w.org\/{rel}","templated":true}]}}