{"id":21705,"date":"2018-07-11T15:49:40","date_gmt":"2018-07-11T19:49:40","guid":{"rendered":"https:\/\/www.marybakereddylibrary.org\/mary-baker-eddy\/la-vida-de-mary-baker-eddy\/"},"modified":"2026-02-03T09:11:47","modified_gmt":"2026-02-03T14:11:47","slug":"sua-vida-e-seu-legado-video","status":"publish","type":"page","link":"https:\/\/www.marybakereddylibrary.org\/pt-br\/mary-baker-eddy\/sua-vida-e-seu-legado-video\/","title":{"rendered":"Sua vida e seu legado (v\u00eddeo)"},"content":{"rendered":"<div id=\"modal-ready\"><p>[et_pb_section fb_built=&#8221;1&#8243; admin_label=&#8221;section&#8221; _builder_version=&#8221;4.16&#8243; global_colors_info=&#8221;{}&#8221;][et_pb_row _builder_version=&#8221;4.16&#8243; _module_preset=&#8221;default&#8221; global_colors_info=&#8221;{}&#8221;][et_pb_column type=&#8221;4_4&#8243; _builder_version=&#8221;4.16&#8243; _module_preset=&#8221;default&#8221; global_colors_info=&#8221;{}&#8221;][et_pb_text _builder_version=&#8221;4.27.5&#8243; _module_preset=&#8221;default&#8221; hover_enabled=&#8221;0&#8243; sticky_enabled=&#8221;0&#8243; admin_label=&#8221;Mary Baker Eddy: Her Life and Legacy Video&#8221;]\n<script src=\"https:\/\/cdn.jwplayer.com\/players\/FtyU7pBi-MnJ5jV6x.js\"><\/script>\n[\/et_pb_text][et_pb_text admin_label=&#8221;Overview&#8221; _builder_version=&#8221;4.16&#8243; background_size=&#8221;initial&#8221; background_position=&#8221;top_left&#8221; background_repeat=&#8221;repeat&#8221; use_border_color=&#8221;off&#8221; global_colors_info=&#8221;{}&#8221;]<\/p>\n<p>Mary Baker Eddy (1821\u20131910) foi uma influente escritora, professora e l\u00edder religiosa americana, conhecida por suas ideias revolucion\u00e1rias sobre espiritualidade e sa\u00fade, as quais denominou Ci\u00eancia Crist\u00e3. Ela explicou essas ideias em sua obra principal, <em><a href=\"https:\/\/www.marybakereddylibrary.org\/pt-br\/mary-baker-eddy\/escritos\/\">Ci\u00eancia e Sa\u00fade com a Chave das Escrituras<\/a>,<\/em> publicada pela primeira vez em 1875. Quatro anos depois, ela fundou a Igreja de Cristo, Cientista, em Boston, Massachusetts, a qual hoje possui igrejas filiais e sociedades no mundo todo. Em 1908 ela fundou <em>The Christian Science Monitor,<\/em> um jornal internacional de destaque que, at\u00e9 hoje, j\u00e1 ganhou sete Pr\u00eamios Pulitzer.<\/p>\n<p>[\/et_pb_text][\/et_pb_column][\/et_pb_row][\/et_pb_section]<\/p>\n<\/div>","protected":false},"excerpt":{"rendered":"<p>Mary Baker Eddy (1821\u20131910) foi uma influente escritora, professora e l\u00edder religiosa americana, conhecida por suas ideias revolucion\u00e1rias sobre espiritualidade e sa\u00fade, as quais denominou Ci\u00eancia Crist\u00e3. Ela explicou essas ideias em sua obra principal, Ci\u00eancia e Sa\u00fade com a Chave das Escrituras, publicada pela primeira vez em 1875. Quatro anos depois, ela fundou a [&hellip;]<\/p>","protected":false},"author":6,"featured_media":0,"parent":49376,"menu_order":0,"comment_status":"open","ping_status":"closed","template":"","meta":{"_et_pb_use_builder":"on","_et_pb_old_content":"","_et_gb_content_width":"","_oasis_is_in_workflow":0,"_oasis_original":0,"_oasis_task_priority":"","_relevanssi_hide_post":"","_relevanssi_hide_content":"","_relevanssi_pin_for_all":"","_relevanssi_pin_keywords":"","_relevanssi_unpin_keywords":"","_relevanssi_related_keywords":"","_relevanssi_related_include_ids":"","_relevanssi_related_exclude_ids":"","_relevanssi_related_no_append":"","_relevanssi_related_not_related":"","_relevanssi_related_posts":"","_relevanssi_noindex_reason":"","inline_featured_image":false,"episode_type":"","audio_file":"","podmotor_file_id":"","podmotor_episode_id":"","cover_image":"","cover_image_id":"","duration":"","filesize":"","filesize_raw":"","date_recorded":"","explicit":"","block":"","itunes_episode_number":"","itunes_title":"","itunes_season_number":"","itunes_episode_type":"","footnotes":""},"class_list":["post-21705","page","type-page","status-publish","hentry"],"yoast_head":"<!-- This site is optimized with the Yoast SEO plugin v27.4 - https:\/\/yoast.com\/product\/yoast-seo-wordpress\/ -->\n<title>Sua vida e seu legado (v\u00eddeo) - A Biblioteca Mary Baker Eddy<\/title>\n<meta name=\"robots\" content=\"index, follow, max-snippet:-1, max-image-preview:large, max-video-preview:-1\" \/>\n<link rel=\"canonical\" href=\"https:\/\/www.marybakereddylibrary.org\/pt-br\/mary-baker-eddy\/sua-vida-e-seu-legado-video\/\" \/>\n<meta property=\"og:locale\" content=\"pt_BR\" \/>\n<meta property=\"og:type\" content=\"article\" \/>\n<meta property=\"og:title\" content=\"Sua vida e seu legado (v\u00eddeo) - A Biblioteca Mary Baker Eddy\" \/>\n<meta property=\"og:description\" content=\"Mary Baker Eddy (1821\u20131910) foi uma influente escritora, professora e l\u00edder religiosa americana, conhecida por suas ideias revolucion\u00e1rias sobre espiritualidade e sa\u00fade, as quais denominou Ci\u00eancia Crist\u00e3. Ela explicou essas ideias em sua obra principal, Ci\u00eancia e Sa\u00fade com a Chave das Escrituras, publicada pela primeira vez em 1875. Quatro anos depois, ela fundou a [&hellip;]\" \/>\n<meta property=\"og:url\" content=\"https:\/\/www.marybakereddylibrary.org\/pt-br\/mary-baker-eddy\/sua-vida-e-seu-legado-video\/\" \/>\n<meta property=\"og:site_name\" content=\"A Biblioteca Mary Baker Eddy\" \/>\n<meta property=\"article:publisher\" content=\"https:\/\/www.facebook.com\/mbelibrary\" \/>\n<meta property=\"article:modified_time\" content=\"2026-02-03T14:11:47+00:00\" \/>\n<meta name=\"twitter:label1\" content=\"Est. tempo de leitura\" \/>\n\t<meta name=\"twitter:data1\" content=\"1 minuto\" \/>\n<script type=\"application\/ld+json\" class=\"yoast-schema-graph\">{\"@context\":\"https:\\\/\\\/schema.org\",\"@graph\":[{\"@type\":\"WebPage\",\"@id\":\"https:\\\/\\\/www.marybakereddylibrary.org\\\/pt-br\\\/mary-baker-eddy\\\/sua-vida-e-seu-legado-video\\\/\",\"url\":\"https:\\\/\\\/www.marybakereddylibrary.org\\\/pt-br\\\/mary-baker-eddy\\\/sua-vida-e-seu-legado-video\\\/\",\"name\":\"Sua vida e seu legado (v\u00eddeo) - A Biblioteca Mary Baker Eddy\",\"isPartOf\":{\"@id\":\"https:\\\/\\\/www.marybakereddylibrary.org\\\/pt-br\\\/#website\"},\"datePublished\":\"2018-07-11T19:49:40+00:00\",\"dateModified\":\"2026-02-03T14:11:47+00:00\",\"breadcrumb\":{\"@id\":\"https:\\\/\\\/www.marybakereddylibrary.org\\\/pt-br\\\/mary-baker-eddy\\\/sua-vida-e-seu-legado-video\\\/#breadcrumb\"},\"inLanguage\":\"pt-BR\",\"potentialAction\":[{\"@type\":\"ReadAction\",\"target\":[\"https:\\\/\\\/www.marybakereddylibrary.org\\\/pt-br\\\/mary-baker-eddy\\\/sua-vida-e-seu-legado-video\\\/\"]}]},{\"@type\":\"BreadcrumbList\",\"@id\":\"https:\\\/\\\/www.marybakereddylibrary.org\\\/pt-br\\\/mary-baker-eddy\\\/sua-vida-e-seu-legado-video\\\/#breadcrumb\",\"itemListElement\":[{\"@type\":\"ListItem\",\"position\":1,\"name\":\"Home\",\"item\":\"https:\\\/\\\/www.marybakereddylibrary.org\\\/pt-br\\\/\"},{\"@type\":\"ListItem\",\"position\":2,\"name\":\"Mary Baker Eddy\",\"item\":\"https:\\\/\\\/www.marybakereddylibrary.org\\\/pt-br\\\/mary-baker-eddy\\\/\"},{\"@type\":\"ListItem\",\"position\":3,\"name\":\"Sua vida e seu legado (v\u00eddeo)\"}]},{\"@type\":\"WebSite\",\"@id\":\"https:\\\/\\\/www.marybakereddylibrary.org\\\/pt-br\\\/#website\",\"url\":\"https:\\\/\\\/www.marybakereddylibrary.org\\\/pt-br\\\/\",\"name\":\"A Biblioteca Mary Baker Eddy\",\"description\":\"\",\"publisher\":{\"@id\":\"https:\\\/\\\/www.marybakereddylibrary.org\\\/pt-br\\\/#organization\"},\"potentialAction\":[{\"@type\":\"SearchAction\",\"target\":{\"@type\":\"EntryPoint\",\"urlTemplate\":\"https:\\\/\\\/www.marybakereddylibrary.org\\\/pt-br\\\/?s={search_term_string}\"},\"query-input\":{\"@type\":\"PropertyValueSpecification\",\"valueRequired\":true,\"valueName\":\"search_term_string\"}}],\"inLanguage\":\"pt-BR\"},{\"@type\":\"Organization\",\"@id\":\"https:\\\/\\\/www.marybakereddylibrary.org\\\/pt-br\\\/#organization\",\"name\":\"The Mary Baker Eddy Library\",\"url\":\"https:\\\/\\\/www.marybakereddylibrary.org\\\/pt-br\\\/\",\"logo\":{\"@type\":\"ImageObject\",\"inLanguage\":\"pt-BR\",\"@id\":\"https:\\\/\\\/www.marybakereddylibrary.org\\\/pt-br\\\/#\\\/schema\\\/logo\\\/image\\\/\",\"url\":\"https:\\\/\\\/www.marybakereddylibrary.org\\\/wp-content\\\/uploads\\\/2015\\\/03\\\/MBEL_logo_HR.jpg\",\"contentUrl\":\"https:\\\/\\\/www.marybakereddylibrary.org\\\/wp-content\\\/uploads\\\/2015\\\/03\\\/MBEL_logo_HR.jpg\",\"width\":2100,\"height\":2100,\"caption\":\"The Mary Baker Eddy Library\"},\"image\":{\"@id\":\"https:\\\/\\\/www.marybakereddylibrary.org\\\/pt-br\\\/#\\\/schema\\\/logo\\\/image\\\/\"},\"sameAs\":[\"https:\\\/\\\/www.facebook.com\\\/mbelibrary\",\"https:\\\/\\\/x.com\\\/mbelibrary\",\"https:\\\/\\\/www.instagram.com\\\/mbelibrary\"]}]}<\/script>\n<!-- \/ Yoast SEO plugin. -->","yoast_head_json":{"title":"Sua vida e seu legado (v\u00eddeo) - A Biblioteca Mary Baker Eddy","robots":{"index":"index","follow":"follow","max-snippet":"max-snippet:-1","max-image-preview":"max-image-preview:large","max-video-preview":"max-video-preview:-1"},"canonical":"https:\/\/www.marybakereddylibrary.org\/pt-br\/mary-baker-eddy\/sua-vida-e-seu-legado-video\/","og_locale":"pt_BR","og_type":"article","og_title":"Sua vida e seu legado (v\u00eddeo) - A Biblioteca Mary Baker Eddy","og_description":"Mary Baker Eddy (1821\u20131910) foi uma influente escritora, professora e l\u00edder religiosa americana, conhecida por suas ideias revolucion\u00e1rias sobre espiritualidade e sa\u00fade, as quais denominou Ci\u00eancia Crist\u00e3. Ela explicou essas ideias em sua obra principal, Ci\u00eancia e Sa\u00fade com a Chave das Escrituras, publicada pela primeira vez em 1875. Quatro anos depois, ela fundou a [&hellip;]","og_url":"https:\/\/www.marybakereddylibrary.org\/pt-br\/mary-baker-eddy\/sua-vida-e-seu-legado-video\/","og_site_name":"A Biblioteca Mary Baker Eddy","article_publisher":"https:\/\/www.facebook.com\/mbelibrary","article_modified_time":"2026-02-03T14:11:47+00:00","twitter_misc":{"Est. tempo de leitura":"1 minuto"},"schema":{"@context":"https:\/\/schema.org","@graph":[{"@type":"WebPage","@id":"https:\/\/www.marybakereddylibrary.org\/pt-br\/mary-baker-eddy\/sua-vida-e-seu-legado-video\/","url":"https:\/\/www.marybakereddylibrary.org\/pt-br\/mary-baker-eddy\/sua-vida-e-seu-legado-video\/","name":"Sua vida e seu legado (v\u00eddeo) - A Biblioteca Mary Baker Eddy","isPartOf":{"@id":"https:\/\/www.marybakereddylibrary.org\/pt-br\/#website"},"datePublished":"2018-07-11T19:49:40+00:00","dateModified":"2026-02-03T14:11:47+00:00","breadcrumb":{"@id":"https:\/\/www.marybakereddylibrary.org\/pt-br\/mary-baker-eddy\/sua-vida-e-seu-legado-video\/#breadcrumb"},"inLanguage":"pt-BR","potentialAction":[{"@type":"ReadAction","target":["https:\/\/www.marybakereddylibrary.org\/pt-br\/mary-baker-eddy\/sua-vida-e-seu-legado-video\/"]}]},{"@type":"BreadcrumbList","@id":"https:\/\/www.marybakereddylibrary.org\/pt-br\/mary-baker-eddy\/sua-vida-e-seu-legado-video\/#breadcrumb","itemListElement":[{"@type":"ListItem","position":1,"name":"Home","item":"https:\/\/www.marybakereddylibrary.org\/pt-br\/"},{"@type":"ListItem","position":2,"name":"Mary Baker Eddy","item":"https:\/\/www.marybakereddylibrary.org\/pt-br\/mary-baker-eddy\/"},{"@type":"ListItem","position":3,"name":"Sua vida e seu legado (v\u00eddeo)"}]},{"@type":"WebSite","@id":"https:\/\/www.marybakereddylibrary.org\/pt-br\/#website","url":"https:\/\/www.marybakereddylibrary.org\/pt-br\/","name":"A Biblioteca Mary Baker Eddy","description":"","publisher":{"@id":"https:\/\/www.marybakereddylibrary.org\/pt-br\/#organization"},"potentialAction":[{"@type":"SearchAction","target":{"@type":"EntryPoint","urlTemplate":"https:\/\/www.marybakereddylibrary.org\/pt-br\/?s={search_term_string}"},"query-input":{"@type":"PropertyValueSpecification","valueRequired":true,"valueName":"search_term_string"}}],"inLanguage":"pt-BR"},{"@type":"Organization","@id":"https:\/\/www.marybakereddylibrary.org\/pt-br\/#organization","name":"The Mary Baker Eddy Library","url":"https:\/\/www.marybakereddylibrary.org\/pt-br\/","logo":{"@type":"ImageObject","inLanguage":"pt-BR","@id":"https:\/\/www.marybakereddylibrary.org\/pt-br\/#\/schema\/logo\/image\/","url":"https:\/\/www.marybakereddylibrary.org\/wp-content\/uploads\/2015\/03\/MBEL_logo_HR.jpg","contentUrl":"https:\/\/www.marybakereddylibrary.org\/wp-content\/uploads\/2015\/03\/MBEL_logo_HR.jpg","width":2100,"height":2100,"caption":"The Mary Baker Eddy Library"},"image":{"@id":"https:\/\/www.marybakereddylibrary.org\/pt-br\/#\/schema\/logo\/image\/"},"sameAs":["https:\/\/www.facebook.com\/mbelibrary","https:\/\/x.com\/mbelibrary","https:\/\/www.instagram.com\/mbelibrary"]}]}},"_links":{"self":[{"href":"https:\/\/www.marybakereddylibrary.org\/pt-br\/wp-json\/wp\/v2\/pages\/21705","targetHints":{"allow":["GET"]}}],"collection":[{"href":"https:\/\/www.marybakereddylibrary.org\/pt-br\/wp-json\/wp\/v2\/pages"}],"about":[{"href":"https:\/\/www.marybakereddylibrary.org\/pt-br\/wp-json\/wp\/v2\/types\/page"}],"author":[{"embeddable":true,"href":"https:\/\/www.marybakereddylibrary.org\/pt-br\/wp-json\/wp\/v2\/users\/6"}],"replies":[{"embeddable":true,"href":"https:\/\/www.marybakereddylibrary.org\/pt-br\/wp-json\/wp\/v2\/comments?post=21705"}],"version-history":[{"count":0,"href":"https:\/\/www.marybakereddylibrary.org\/pt-br\/wp-json\/wp\/v2\/pages\/21705\/revisions"}],"up":[{"embeddable":true,"href":"https:\/\/www.marybakereddylibrary.org\/pt-br\/wp-json\/wp\/v2\/pages\/49376"}],"wp:attachment":[{"href":"https:\/\/www.marybakereddylibrary.org\/pt-br\/wp-json\/wp\/v2\/media?parent=21705"}],"curies":[{"name":"wp","href":"https:\/\/api.w.org\/{rel}","templated":true}]}}