{"id":49332,"date":"2022-07-25T15:59:08","date_gmt":"2022-07-25T19:59:08","guid":{"rendered":"https:\/\/www.marybakereddylibrary.org\/mary-baker-eddy-leitura-rapida\/"},"modified":"2022-08-10T14:36:54","modified_gmt":"2022-08-10T18:36:54","slug":"mary-baker-eddy-leitura-rapida","status":"publish","type":"page","link":"https:\/\/www.marybakereddylibrary.org\/pt-br\/mary-baker-eddy\/mary-baker-eddy-leitura-rapida\/","title":{"rendered":"Mary Baker Eddy \u2014 Leitura r\u00e1pida"},"content":{"rendered":"<div id=\"modal-ready\"><p>[et_pb_section fb_built=&#8221;1&#8243; fullwidth=&#8221;on&#8221; _builder_version=&#8221;4.9.9&#8243; _module_preset=&#8221;default&#8221; global_colors_info=&#8221;{}&#8221;][et_pb_fullwidth_header title=&#8221;Mary Baker Eddy \u2014 Leitura r\u00e1pida&#8221; _builder_version=&#8221;4.9.9&#8243; _module_preset=&#8221;default&#8221; global_colors_info=&#8221;{}&#8221;][\/et_pb_fullwidth_header][\/et_pb_section][et_pb_section fb_built=&#8221;1&#8243; _builder_version=&#8221;4.9.9&#8243; _module_preset=&#8221;default&#8221; global_colors_info=&#8221;{}&#8221;][et_pb_row column_structure=&#8221;3_5,2_5&#8243; _builder_version=&#8221;4.9.9&#8243; _module_preset=&#8221;default&#8221; global_colors_info=&#8221;{}&#8221;][et_pb_column type=&#8221;3_5&#8243; _builder_version=&#8221;4.9.9&#8243; _module_preset=&#8221;default&#8221; global_colors_info=&#8221;{}&#8221;][et_pb_text _builder_version=&#8221;4.14.7&#8243; _module_preset=&#8221;default&#8221; hover_enabled=&#8221;0&#8243; global_colors_info=&#8221;{}&#8221; sticky_enabled=&#8221;0&#8243;]<\/p>\n<p style=\"font-weight: 400; font-size: 18px; line-height: 1.7em;\">Mary Baker Eddy (1821\u20131910) foi uma l\u00edder religiosa nos Estados Unidos, amplamente conhecida como a Descobridora da Ci\u00eancia Crist\u00e3. Tendo estudado a B\u00edblia por toda a sua vida, a Sra. Eddy escreveu <em>Ci\u00eancia e Sa\u00fade<\/em> <em>com a Chave das Escrituras,<\/em> publicado pela primeira vez em 1875. Quatro anos depois, ela fundou a Igreja de Cristo, Cientista. Atualmente, a igreja tem filiais ao redor do mundo. Em 1908 fundou <em>The Christian Science Monitor,<\/em> uma respeitada fonte global de not\u00edcias que ganhou sete pr\u00eamios Pulitzer. Saiba mais na <a href=\"https:\/\/www.marybakereddylibrary.org\/pt-br\/mary-baker-eddy\/mary-baker-eddy-leitura-com-mais-detalhes\/\">leitura com mais detalhes<\/a>.<\/p>\n<h2><i><span style=\"font-weight: 400;\">Datas principais:<\/span><\/i><\/h2>\n<p><b>1821<\/b><span style=\"font-weight: 400;\"> \u2014 Nasce em Bow, New Hampshire, Estados Unidos<\/span><\/p>\n<p><b>1866<\/b><span style=\"font-weight: 400;\"> \u2014 Recupera-se, por meio da ora\u00e7\u00e3o, dos efeitos de um acidente, fato que marcou a descoberta da Ci\u00eancia Crist\u00e3<\/span><\/p>\n<p><b>1875<\/b><span style=\"font-weight: 400;\"> \u2014 Publica seu livro mais importante, <em>Ci\u00eancia e Sa\u00fade<\/em><\/span><\/p>\n<p><b>1879<\/b><span style=\"font-weight: 400;\"> \u2014 Funda a Igreja da Ci\u00eancia Crist\u00e3<\/span><\/p>\n<p><b>1908<\/b><span style=\"font-weight: 400;\"> \u2014 Funda <\/span><i><span style=\"font-weight: 400;\">The Christian Science Monitor<\/span><\/i><\/p>\n<p><b>1910<\/b><span style=\"font-weight: 400;\"> \u2014 Falece em Chestnut Hill, Massachusetts, Estados Unidos<\/span><\/p>\n<p>[\/et_pb_text][\/et_pb_column][et_pb_column type=&#8221;2_5&#8243; _builder_version=&#8221;4.9.9&#8243; _module_preset=&#8221;default&#8221; global_colors_info=&#8221;{}&#8221;][et_pb_image src=&#8221;https:\/\/www.marybakereddylibrary.org\/wp-content\/uploads\/2021\/11\/1986_141_reducedsize.jpg&#8221; title_text=&#8221;1986_141_reducedsize&#8221; admin_label=&#8221;Painting\/Portrait of Eddy seated with book&#8221; _builder_version=&#8221;4.9.9&#8243; _module_preset=&#8221;default&#8221; global_colors_info=&#8221;{}&#8221;][\/et_pb_image][et_pb_text admin_label=&#8221;Caption: Portrait of Eddy seated with book&#8221; module_class=&#8221;custom-caption-centered&#8221; _builder_version=&#8221;4.9.9&#8243; _module_preset=&#8221;default&#8221; global_colors_info=&#8221;{}&#8221;]<\/p>\n<p>Retrato de Mary Baker Eddy, 1918. Arte de Max Bohm. 1986.141 Cole\u00e7\u00e3o arte e outros objetos.<\/p>\n<p>[\/et_pb_text][\/et_pb_column][\/et_pb_row][\/et_pb_section]<\/p>\n<\/div>","protected":false},"excerpt":{"rendered":"<p>Mary Baker Eddy (1821\u20131910) foi uma l\u00edder religiosa nos Estados Unidos, amplamente conhecida como a Descobridora da Ci\u00eancia Crist\u00e3. Tendo estudado a B\u00edblia por toda a sua vida, a Sra. Eddy escreveu Ci\u00eancia e Sa\u00fade com a Chave das Escrituras, publicado pela primeira vez em 1875. Quatro anos depois, ela fundou a Igreja de Cristo, Cientista.<\/p>","protected":false},"author":35,"featured_media":0,"parent":49376,"menu_order":0,"comment_status":"closed","ping_status":"closed","template":"","meta":{"_et_pb_use_builder":"on","_et_pb_old_content":"","_et_gb_content_width":"","_oasis_is_in_workflow":0,"_oasis_original":0,"_oasis_task_priority":"","_relevanssi_hide_post":"","_relevanssi_hide_content":"","_relevanssi_pin_for_all":"","_relevanssi_pin_keywords":"","_relevanssi_unpin_keywords":"","_relevanssi_related_keywords":"","_relevanssi_related_include_ids":"","_relevanssi_related_exclude_ids":"","_relevanssi_related_no_append":"","_relevanssi_related_not_related":"","_relevanssi_related_posts":"","_relevanssi_noindex_reason":"","inline_featured_image":false,"episode_type":"","audio_file":"","podmotor_file_id":"","podmotor_episode_id":"","cover_image":"","cover_image_id":"","duration":"","filesize":"","filesize_raw":"","date_recorded":"","explicit":"","block":"","itunes_episode_number":"","itunes_title":"","itunes_season_number":"","itunes_episode_type":"","footnotes":""},"class_list":["post-49332","page","type-page","status-publish","hentry"],"yoast_head":"<!-- This site is optimized with the Yoast SEO plugin v27.3 - https:\/\/yoast.com\/product\/yoast-seo-wordpress\/ -->\n<title>Mary Baker Eddy \u2014 Leitura r\u00e1pida - A Biblioteca Mary Baker Eddy<\/title>\n<meta name=\"robots\" content=\"index, follow, max-snippet:-1, max-image-preview:large, max-video-preview:-1\" \/>\n<link rel=\"canonical\" href=\"https:\/\/www.marybakereddylibrary.org\/pt-br\/mary-baker-eddy\/mary-baker-eddy-leitura-rapida\/\" \/>\n<meta property=\"og:locale\" content=\"pt_BR\" \/>\n<meta property=\"og:type\" content=\"article\" \/>\n<meta property=\"og:title\" content=\"Mary Baker Eddy \u2014 Leitura r\u00e1pida - A Biblioteca Mary Baker Eddy\" \/>\n<meta property=\"og:description\" content=\"Mary Baker Eddy (1821\u20131910) foi uma l\u00edder religiosa nos Estados Unidos, amplamente conhecida como a Descobridora da Ci\u00eancia Crist\u00e3. Tendo estudado a B\u00edblia por toda a sua vida, a Sra. Eddy escreveu Ci\u00eancia e Sa\u00fade com a Chave das Escrituras, publicado pela primeira vez em 1875. Quatro anos depois, ela fundou a Igreja de Cristo, Cientista.\" \/>\n<meta property=\"og:url\" content=\"https:\/\/www.marybakereddylibrary.org\/pt-br\/mary-baker-eddy\/mary-baker-eddy-leitura-rapida\/\" \/>\n<meta property=\"og:site_name\" content=\"A Biblioteca Mary Baker Eddy\" \/>\n<meta property=\"article:publisher\" content=\"https:\/\/www.facebook.com\/mbelibrary\" \/>\n<meta property=\"article:modified_time\" content=\"2022-08-10T18:36:54+00:00\" \/>\n<meta name=\"twitter:label1\" content=\"Est. tempo de leitura\" \/>\n\t<meta name=\"twitter:data1\" content=\"1 minuto\" \/>\n<script type=\"application\/ld+json\" class=\"yoast-schema-graph\">{\"@context\":\"https:\\\/\\\/schema.org\",\"@graph\":[{\"@type\":\"WebPage\",\"@id\":\"https:\\\/\\\/www.marybakereddylibrary.org\\\/pt-br\\\/mary-baker-eddy\\\/mary-baker-eddy-leitura-rapida\\\/\",\"url\":\"https:\\\/\\\/www.marybakereddylibrary.org\\\/pt-br\\\/mary-baker-eddy\\\/mary-baker-eddy-leitura-rapida\\\/\",\"name\":\"Mary Baker Eddy \u2014 Leitura r\u00e1pida - A Biblioteca Mary Baker Eddy\",\"isPartOf\":{\"@id\":\"https:\\\/\\\/www.marybakereddylibrary.org\\\/pt-br\\\/#website\"},\"datePublished\":\"2022-07-25T19:59:08+00:00\",\"dateModified\":\"2022-08-10T18:36:54+00:00\",\"breadcrumb\":{\"@id\":\"https:\\\/\\\/www.marybakereddylibrary.org\\\/pt-br\\\/mary-baker-eddy\\\/mary-baker-eddy-leitura-rapida\\\/#breadcrumb\"},\"inLanguage\":\"pt-BR\",\"potentialAction\":[{\"@type\":\"ReadAction\",\"target\":[\"https:\\\/\\\/www.marybakereddylibrary.org\\\/pt-br\\\/mary-baker-eddy\\\/mary-baker-eddy-leitura-rapida\\\/\"]}]},{\"@type\":\"BreadcrumbList\",\"@id\":\"https:\\\/\\\/www.marybakereddylibrary.org\\\/pt-br\\\/mary-baker-eddy\\\/mary-baker-eddy-leitura-rapida\\\/#breadcrumb\",\"itemListElement\":[{\"@type\":\"ListItem\",\"position\":1,\"name\":\"Home\",\"item\":\"https:\\\/\\\/www.marybakereddylibrary.org\\\/pt-br\\\/\"},{\"@type\":\"ListItem\",\"position\":2,\"name\":\"Mary Baker Eddy\",\"item\":\"https:\\\/\\\/www.marybakereddylibrary.org\\\/pt-br\\\/mary-baker-eddy\\\/\"},{\"@type\":\"ListItem\",\"position\":3,\"name\":\"Mary Baker Eddy \u2014 Leitura r\u00e1pida\"}]},{\"@type\":\"WebSite\",\"@id\":\"https:\\\/\\\/www.marybakereddylibrary.org\\\/pt-br\\\/#website\",\"url\":\"https:\\\/\\\/www.marybakereddylibrary.org\\\/pt-br\\\/\",\"name\":\"A Biblioteca Mary Baker Eddy\",\"description\":\"\",\"publisher\":{\"@id\":\"https:\\\/\\\/www.marybakereddylibrary.org\\\/pt-br\\\/#organization\"},\"potentialAction\":[{\"@type\":\"SearchAction\",\"target\":{\"@type\":\"EntryPoint\",\"urlTemplate\":\"https:\\\/\\\/www.marybakereddylibrary.org\\\/pt-br\\\/?s={search_term_string}\"},\"query-input\":{\"@type\":\"PropertyValueSpecification\",\"valueRequired\":true,\"valueName\":\"search_term_string\"}}],\"inLanguage\":\"pt-BR\"},{\"@type\":\"Organization\",\"@id\":\"https:\\\/\\\/www.marybakereddylibrary.org\\\/pt-br\\\/#organization\",\"name\":\"The Mary Baker Eddy Library\",\"url\":\"https:\\\/\\\/www.marybakereddylibrary.org\\\/pt-br\\\/\",\"logo\":{\"@type\":\"ImageObject\",\"inLanguage\":\"pt-BR\",\"@id\":\"https:\\\/\\\/www.marybakereddylibrary.org\\\/pt-br\\\/#\\\/schema\\\/logo\\\/image\\\/\",\"url\":\"https:\\\/\\\/www.marybakereddylibrary.org\\\/wp-content\\\/uploads\\\/2015\\\/03\\\/MBEL_logo_HR.jpg\",\"contentUrl\":\"https:\\\/\\\/www.marybakereddylibrary.org\\\/wp-content\\\/uploads\\\/2015\\\/03\\\/MBEL_logo_HR.jpg\",\"width\":2100,\"height\":2100,\"caption\":\"The Mary Baker Eddy Library\"},\"image\":{\"@id\":\"https:\\\/\\\/www.marybakereddylibrary.org\\\/pt-br\\\/#\\\/schema\\\/logo\\\/image\\\/\"},\"sameAs\":[\"https:\\\/\\\/www.facebook.com\\\/mbelibrary\",\"https:\\\/\\\/x.com\\\/mbelibrary\",\"https:\\\/\\\/www.instagram.com\\\/mbelibrary\"]}]}<\/script>\n<!-- \/ Yoast SEO plugin. -->","yoast_head_json":{"title":"Mary Baker Eddy \u2014 Leitura r\u00e1pida - A Biblioteca Mary Baker Eddy","robots":{"index":"index","follow":"follow","max-snippet":"max-snippet:-1","max-image-preview":"max-image-preview:large","max-video-preview":"max-video-preview:-1"},"canonical":"https:\/\/www.marybakereddylibrary.org\/pt-br\/mary-baker-eddy\/mary-baker-eddy-leitura-rapida\/","og_locale":"pt_BR","og_type":"article","og_title":"Mary Baker Eddy \u2014 Leitura r\u00e1pida - A Biblioteca Mary Baker Eddy","og_description":"Mary Baker Eddy (1821\u20131910) foi uma l\u00edder religiosa nos Estados Unidos, amplamente conhecida como a Descobridora da Ci\u00eancia Crist\u00e3. Tendo estudado a B\u00edblia por toda a sua vida, a Sra. Eddy escreveu Ci\u00eancia e Sa\u00fade com a Chave das Escrituras, publicado pela primeira vez em 1875. Quatro anos depois, ela fundou a Igreja de Cristo, Cientista.","og_url":"https:\/\/www.marybakereddylibrary.org\/pt-br\/mary-baker-eddy\/mary-baker-eddy-leitura-rapida\/","og_site_name":"A Biblioteca Mary Baker Eddy","article_publisher":"https:\/\/www.facebook.com\/mbelibrary","article_modified_time":"2022-08-10T18:36:54+00:00","twitter_misc":{"Est. tempo de leitura":"1 minuto"},"schema":{"@context":"https:\/\/schema.org","@graph":[{"@type":"WebPage","@id":"https:\/\/www.marybakereddylibrary.org\/pt-br\/mary-baker-eddy\/mary-baker-eddy-leitura-rapida\/","url":"https:\/\/www.marybakereddylibrary.org\/pt-br\/mary-baker-eddy\/mary-baker-eddy-leitura-rapida\/","name":"Mary Baker Eddy \u2014 Leitura r\u00e1pida - A Biblioteca Mary Baker Eddy","isPartOf":{"@id":"https:\/\/www.marybakereddylibrary.org\/pt-br\/#website"},"datePublished":"2022-07-25T19:59:08+00:00","dateModified":"2022-08-10T18:36:54+00:00","breadcrumb":{"@id":"https:\/\/www.marybakereddylibrary.org\/pt-br\/mary-baker-eddy\/mary-baker-eddy-leitura-rapida\/#breadcrumb"},"inLanguage":"pt-BR","potentialAction":[{"@type":"ReadAction","target":["https:\/\/www.marybakereddylibrary.org\/pt-br\/mary-baker-eddy\/mary-baker-eddy-leitura-rapida\/"]}]},{"@type":"BreadcrumbList","@id":"https:\/\/www.marybakereddylibrary.org\/pt-br\/mary-baker-eddy\/mary-baker-eddy-leitura-rapida\/#breadcrumb","itemListElement":[{"@type":"ListItem","position":1,"name":"Home","item":"https:\/\/www.marybakereddylibrary.org\/pt-br\/"},{"@type":"ListItem","position":2,"name":"Mary Baker Eddy","item":"https:\/\/www.marybakereddylibrary.org\/pt-br\/mary-baker-eddy\/"},{"@type":"ListItem","position":3,"name":"Mary Baker Eddy \u2014 Leitura r\u00e1pida"}]},{"@type":"WebSite","@id":"https:\/\/www.marybakereddylibrary.org\/pt-br\/#website","url":"https:\/\/www.marybakereddylibrary.org\/pt-br\/","name":"A Biblioteca Mary Baker Eddy","description":"","publisher":{"@id":"https:\/\/www.marybakereddylibrary.org\/pt-br\/#organization"},"potentialAction":[{"@type":"SearchAction","target":{"@type":"EntryPoint","urlTemplate":"https:\/\/www.marybakereddylibrary.org\/pt-br\/?s={search_term_string}"},"query-input":{"@type":"PropertyValueSpecification","valueRequired":true,"valueName":"search_term_string"}}],"inLanguage":"pt-BR"},{"@type":"Organization","@id":"https:\/\/www.marybakereddylibrary.org\/pt-br\/#organization","name":"The Mary Baker Eddy Library","url":"https:\/\/www.marybakereddylibrary.org\/pt-br\/","logo":{"@type":"ImageObject","inLanguage":"pt-BR","@id":"https:\/\/www.marybakereddylibrary.org\/pt-br\/#\/schema\/logo\/image\/","url":"https:\/\/www.marybakereddylibrary.org\/wp-content\/uploads\/2015\/03\/MBEL_logo_HR.jpg","contentUrl":"https:\/\/www.marybakereddylibrary.org\/wp-content\/uploads\/2015\/03\/MBEL_logo_HR.jpg","width":2100,"height":2100,"caption":"The Mary Baker Eddy Library"},"image":{"@id":"https:\/\/www.marybakereddylibrary.org\/pt-br\/#\/schema\/logo\/image\/"},"sameAs":["https:\/\/www.facebook.com\/mbelibrary","https:\/\/x.com\/mbelibrary","https:\/\/www.instagram.com\/mbelibrary"]}]}},"_links":{"self":[{"href":"https:\/\/www.marybakereddylibrary.org\/pt-br\/wp-json\/wp\/v2\/pages\/49332","targetHints":{"allow":["GET"]}}],"collection":[{"href":"https:\/\/www.marybakereddylibrary.org\/pt-br\/wp-json\/wp\/v2\/pages"}],"about":[{"href":"https:\/\/www.marybakereddylibrary.org\/pt-br\/wp-json\/wp\/v2\/types\/page"}],"author":[{"embeddable":true,"href":"https:\/\/www.marybakereddylibrary.org\/pt-br\/wp-json\/wp\/v2\/users\/35"}],"replies":[{"embeddable":true,"href":"https:\/\/www.marybakereddylibrary.org\/pt-br\/wp-json\/wp\/v2\/comments?post=49332"}],"version-history":[{"count":0,"href":"https:\/\/www.marybakereddylibrary.org\/pt-br\/wp-json\/wp\/v2\/pages\/49332\/revisions"}],"up":[{"embeddable":true,"href":"https:\/\/www.marybakereddylibrary.org\/pt-br\/wp-json\/wp\/v2\/pages\/49376"}],"wp:attachment":[{"href":"https:\/\/www.marybakereddylibrary.org\/pt-br\/wp-json\/wp\/v2\/media?parent=49332"}],"curies":[{"name":"wp","href":"https:\/\/api.w.org\/{rel}","templated":true}]}}