{"id":49577,"date":"2022-07-26T12:00:00","date_gmt":"2022-07-26T16:00:00","guid":{"rendered":"https:\/\/www.marybakereddylibrary.org\/registros-institucionais-da-primeira-igreja-de-cristo-cientista\/"},"modified":"2022-09-01T09:21:26","modified_gmt":"2022-09-01T13:21:26","slug":"registros-institucionais-da-primeira-igreja-de-cristo-cientista","status":"publish","type":"page","link":"https:\/\/www.marybakereddylibrary.org\/pt-br\/pesquisa\/ajuda-na-pesquisa\/registros-institucionais-da-primeira-igreja-de-cristo-cientista\/","title":{"rendered":"Registros institucionais dA Primeira Igreja de Cristo, Cientista"},"content":{"rendered":"<div id=\"modal-ready\"><p>[et_pb_section fb_built=&#8221;1&#8243; fullwidth=&#8221;on&#8221; admin_label=&#8221;section&#8221; _builder_version=&#8221;3.22&#8243; global_colors_info=&#8221;{}&#8221;][et_pb_fullwidth_post_title meta=&#8221;off&#8221; featured_image=&#8221;off&#8221; _builder_version=&#8221;3.29.3&#8243; z_index_tablet=&#8221;500&#8243; title_text_shadow_horizontal_length_tablet=&#8221;0px&#8221; title_text_shadow_vertical_length_tablet=&#8221;0px&#8221; title_text_shadow_blur_strength_tablet=&#8221;1px&#8221; meta_text_shadow_horizontal_length_tablet=&#8221;0px&#8221; meta_text_shadow_vertical_length_tablet=&#8221;0px&#8221; meta_text_shadow_blur_strength_tablet=&#8221;1px&#8221; box_shadow_horizontal_tablet=&#8221;0px&#8221; box_shadow_vertical_tablet=&#8221;0px&#8221; box_shadow_blur_tablet=&#8221;40px&#8221; box_shadow_spread_tablet=&#8221;0px&#8221; text_shadow_horizontal_length_tablet=&#8221;0px&#8221; text_shadow_vertical_length_tablet=&#8221;0px&#8221; text_shadow_blur_strength_tablet=&#8221;1px&#8221; global_colors_info=&#8221;{}&#8221;][\/et_pb_fullwidth_post_title][\/et_pb_section][et_pb_section fb_built=&#8221;1&#8243; _builder_version=&#8221;3.22&#8243; global_colors_info=&#8221;{}&#8221;][et_pb_row _builder_version=&#8221;3.25&#8243; background_size=&#8221;initial&#8221; background_position=&#8221;top_left&#8221; background_repeat=&#8221;repeat&#8221; global_colors_info=&#8221;{}&#8221;][et_pb_column type=&#8221;4_4&#8243; _builder_version=&#8221;3.0.47&#8243; custom_padding=&#8221;|||&#8221; global_colors_info=&#8221;{}&#8221; custom_padding__hover=&#8221;|||&#8221;][et_pb_text admin_label=&#8221;Intro Text&#8221; _builder_version=&#8221;4.14.7&#8243; background_size=&#8221;initial&#8221; background_position=&#8221;top_left&#8221; background_repeat=&#8221;repeat&#8221; vertical_offset_tablet=&#8221;0&#8243; horizontal_offset_tablet=&#8221;0&#8243; z_index_tablet=&#8221;500&#8243; border_color_all=&#8221;#ffffff&#8221; box_shadow_horizontal_tablet=&#8221;0px&#8221; box_shadow_vertical_tablet=&#8221;0px&#8221; box_shadow_blur_tablet=&#8221;40px&#8221; box_shadow_spread_tablet=&#8221;0px&#8221; use_border_color=&#8221;off&#8221; global_colors_info=&#8221;{}&#8221;]<\/p>\n<p>Esta cole\u00e7\u00e3o \u00e9 um acervo ativo e crescente de material documentando muitos aspectos e atividades dA Primeira Igreja de Cristo, Cientista, e dA Sociedade Editora da Ci\u00eancia Crist\u00e3.<\/p>\n<p>Para acessar os manuscritos de Mary Baker Eddy, visite <a href=\"https:\/\/mbepapers.org\/\">mbepapers.org<\/a>\u00a0(em ingl\u00eas). Estamos constantemente adicionando novo conte\u00fado ao site. Atualmente, est\u00e3o inclu\u00eddas transcri\u00e7\u00f5es com notas e documentos digitalizados de 1872 a 1885.<\/p>\n<p>[\/et_pb_text][\/et_pb_column][\/et_pb_row][\/et_pb_section][et_pb_section fb_built=&#8221;1&#8243; _builder_version=&#8221;4.4.7&#8243; background_color=&#8221;#ffffff&#8221; vertical_offset_tablet=&#8221;0&#8243; horizontal_offset_tablet=&#8221;0&#8243; z_index_tablet=&#8221;0&#8243; box_shadow_horizontal_tablet=&#8221;0px&#8221; box_shadow_vertical_tablet=&#8221;0px&#8221; box_shadow_blur_tablet=&#8221;40px&#8221; box_shadow_spread_tablet=&#8221;0px&#8221; global_colors_info=&#8221;{}&#8221;][et_pb_row column_structure=&#8221;1_2,1_2&#8243; _builder_version=&#8221;3.25&#8243; background_size=&#8221;initial&#8221; background_position=&#8221;top_left&#8221; background_repeat=&#8221;repeat&#8221; global_colors_info=&#8221;{}&#8221;][et_pb_column type=&#8221;1_2&#8243; _builder_version=&#8221;3.0.47&#8243; custom_padding=&#8221;|||&#8221; global_colors_info=&#8221;{}&#8221; custom_padding__hover=&#8221;|||&#8221;][et_pb_toggle title=&#8221;Arquivo de recortes do Comit\u00ea de Publica\u00e7\u00e3o, aprox. 1899\u20131952&#8243; admin_label=&#8221;Committee on Publication Clipping file, c.1899 \u2013 1952 Toggle&#8221; _builder_version=&#8221;4.14.7&#8243; global_colors_info=&#8221;{}&#8221;]<\/p>\n<p>Esta cole\u00e7\u00e3o de recortes consiste principalmente em artigos de jornais, revistas e peri\u00f3dicos com temas relacionados a Mary Baker Eddy e\/ou \u00e0 Ci\u00eancia Crist\u00e3. O Comit\u00ea de Publica\u00e7\u00e3o dA Primeira Igreja de Cristo, Cientista, Boston, coletou recortes para acompanhar a percep\u00e7\u00e3o p\u00fablica acerca da Ci\u00eancia Crist\u00e3 e examinar e responder \u00e0s falsas declara\u00e7\u00f5es a respeito de Mary Baker Eddy e da Ci\u00eancia Crist\u00e3. Os recortes foram obtidos por um servi\u00e7o de <em>clipping,<\/em> feito por membros de Comit\u00eas de Publica\u00e7\u00e3o locais e por outros Cientistas Crist\u00e3os. A cole\u00e7\u00e3o est\u00e1 catalogada e totalmente processada.<\/p>\n<p>[\/et_pb_toggle][\/et_pb_column][et_pb_column type=&#8221;1_2&#8243; _builder_version=&#8221;3.0.47&#8243; custom_padding=&#8221;|||&#8221; global_colors_info=&#8221;{}&#8221; custom_padding__hover=&#8221;|||&#8221;][et_pb_toggle title=&#8221;Primeiros registros institucionais, aprox. 1875\u20131910&#8243; admin_label=&#8221;Early Organizational Records, c. 1875-1910 Toggle&#8221; _builder_version=&#8221;4.14.7&#8243; hover_enabled=&#8221;0&#8243; global_colors_info=&#8221;{}&#8221; sticky_enabled=&#8221;0&#8243;]<\/p>\n<p>Esta cole\u00e7\u00e3o cont\u00e9m 36 livros que documentam as primeiras institui\u00e7\u00f5es da Ci\u00eancia Crist\u00e3, como a Igreja de Cristo (Cientista), a Associa\u00e7\u00e3o de Cientistas Crist\u00e3os e a Associa\u00e7\u00e3o Geral de Professores. Inclui listas de membros, atas de reuni\u00f5es e registros cont\u00e1beis. H\u00e1 tamb\u00e9m certificados e alvar\u00e1s da Faculdade de Metaf\u00edsica de Massachusetts. A cole\u00e7\u00e3o est\u00e1 totalmente processada.<\/p>\n<p><a class=\"button\" href=\"\/wp-content\/uploads\/2015\/03\/Early-Organizational-Records-INDEX.pdf\" target=\"_blank\" rel=\"noopener noreferrer\">Cat\u00e1logo<\/a><\/p>\n<p>[\/et_pb_toggle][\/et_pb_column][\/et_pb_row][et_pb_row column_structure=&#8221;1_2,1_2&#8243; _builder_version=&#8221;3.25&#8243; background_size=&#8221;initial&#8221; background_position=&#8221;top_left&#8221; background_repeat=&#8221;repeat&#8221; global_colors_info=&#8221;{}&#8221;][et_pb_column type=&#8221;1_2&#8243; _builder_version=&#8221;3.0.47&#8243; custom_padding=&#8221;|||&#8221; global_colors_info=&#8221;{}&#8221; custom_padding__hover=&#8221;|||&#8221;][et_pb_toggle title=&#8221;Cole\u00e7\u00e3o do campo, aprox. 1890\u2013presente&#8221; admin_label=&#8221;Field Collection, c. 1890-present Toggle&#8221; _builder_version=&#8221;3.7.1&#8243; global_colors_info=&#8221;{}&#8221;]<\/p>\n<p>A Cole\u00e7\u00e3o do campo, diferentemente dos Registros Institucionais dA Primeira Igreja de Cristo, Cientista, consiste em registros recebidos de outras institui\u00e7\u00f5es. A partir da d\u00e9cada de 1930, as igrejas filiais de Cristo, Cientista, doaram hist\u00f3rias, fotografias e outros registros para as cole\u00e7\u00f5es dA Igreja M\u00e3e em Boston. Os tipos de arquivos normalmente enviados pelas igrejas incluem atas de assembleias, registros de membros; e registros relacionados ao pr\u00e9dio (plantas e fotografias). Observa\u00e7\u00e3o: Nem todo o material foi processado.<\/p>\n<p>[\/et_pb_toggle][\/et_pb_column][et_pb_column type=&#8221;1_2&#8243; _builder_version=&#8221;3.0.47&#8243; custom_padding=&#8221;|||&#8221; global_colors_info=&#8221;{}&#8221; custom_padding__hover=&#8221;|||&#8221;][et_pb_toggle title=&#8221;Cole\u00e7\u00e3o de confer\u00eancias publicadas, aprox. 1905\u2013presente&#8221; admin_label=&#8221;Published Lecture Collection, c. 1905-present Toggle&#8221; _builder_version=&#8221;3.7.1&#8243; global_colors_info=&#8221;{}&#8221;]<\/p>\n<p>Esta cole\u00e7\u00e3o abrange o in\u00edcio do s\u00e9culo XX at\u00e9 o presente e cont\u00e9m confer\u00eancias ministradas por membros do Quadro de Conferencistas da Ci\u00eancia Crist\u00e3, mantido pelA Primeira Igreja de Cristo, Cientista. Essas confer\u00eancias foram ministradas e publicadas em jornais e peri\u00f3dicos do mundo todo. A cole\u00e7\u00e3o \u00e9 organizada em ordem alfab\u00e9tica pelo nome do conferencista; dentro de cada registro, as confer\u00eancias s\u00e3o organizadas por t\u00edtulo da confer\u00eancia, nome da publica\u00e7\u00e3o e data de publica\u00e7\u00e3o.<\/p>\n<p>[\/et_pb_toggle][\/et_pb_column][\/et_pb_row][\/et_pb_section]<\/p>\n<\/div>","protected":false},"excerpt":{"rendered":"<p>Esta cole\u00e7\u00e3o \u2014 Registros institucionais dA Primeira Igreja de Cristo, Cientista \u2014 \u00e9 um acervo ativo e crescente de material documentando muitos aspectos e atividades dA Primeira Igreja de Cristo, Cientista, e dA Sociedade Editora da Ci\u00eancia Crist\u00e3.<\/p>","protected":false},"author":6,"featured_media":0,"parent":49706,"menu_order":0,"comment_status":"closed","ping_status":"closed","template":"","meta":{"_et_pb_use_builder":"on","_et_pb_old_content":"","_et_gb_content_width":"","_oasis_is_in_workflow":0,"_oasis_original":0,"_oasis_task_priority":"","_relevanssi_hide_post":"","_relevanssi_hide_content":"","_relevanssi_pin_for_all":"","_relevanssi_pin_keywords":"","_relevanssi_unpin_keywords":"","_relevanssi_related_keywords":"","_relevanssi_related_include_ids":"","_relevanssi_related_exclude_ids":"","_relevanssi_related_no_append":"","_relevanssi_related_not_related":"","_relevanssi_related_posts":"","_relevanssi_noindex_reason":"","inline_featured_image":false,"episode_type":"","audio_file":"","podmotor_file_id":"","podmotor_episode_id":"","cover_image":"","cover_image_id":"","duration":"","filesize":"","filesize_raw":"","date_recorded":"","explicit":"","block":"","itunes_episode_number":"","itunes_title":"","itunes_season_number":"","itunes_episode_type":"","footnotes":""},"class_list":["post-49577","page","type-page","status-publish","hentry"],"yoast_head":"<!-- This site is optimized with the Yoast SEO plugin v27.3 - https:\/\/yoast.com\/product\/yoast-seo-wordpress\/ -->\n<title>Registros institucionais dA Primeira Igreja de Cristo, Cientista - A Biblioteca Mary Baker Eddy<\/title>\n<meta name=\"robots\" content=\"index, follow, max-snippet:-1, max-image-preview:large, max-video-preview:-1\" \/>\n<link rel=\"canonical\" href=\"https:\/\/www.marybakereddylibrary.org\/pt-br\/pesquisa\/ajuda-na-pesquisa\/registros-institucionais-da-primeira-igreja-de-cristo-cientista\/\" \/>\n<meta property=\"og:locale\" content=\"pt_BR\" \/>\n<meta property=\"og:type\" content=\"article\" \/>\n<meta property=\"og:title\" content=\"Registros institucionais dA Primeira Igreja de Cristo, Cientista - A Biblioteca Mary Baker Eddy\" \/>\n<meta property=\"og:description\" content=\"Esta cole\u00e7\u00e3o \u2014 Registros institucionais dA Primeira Igreja de Cristo, Cientista \u2014 \u00e9 um acervo ativo e crescente de material documentando muitos aspectos e atividades dA Primeira Igreja de Cristo, Cientista, e dA Sociedade Editora da Ci\u00eancia Crist\u00e3.\" \/>\n<meta property=\"og:url\" content=\"https:\/\/www.marybakereddylibrary.org\/pt-br\/pesquisa\/ajuda-na-pesquisa\/registros-institucionais-da-primeira-igreja-de-cristo-cientista\/\" \/>\n<meta property=\"og:site_name\" content=\"A Biblioteca Mary Baker Eddy\" \/>\n<meta property=\"article:publisher\" content=\"https:\/\/www.facebook.com\/mbelibrary\" \/>\n<meta property=\"article:modified_time\" content=\"2022-09-01T13:21:26+00:00\" \/>\n<meta name=\"twitter:label1\" content=\"Est. tempo de leitura\" \/>\n\t<meta name=\"twitter:data1\" content=\"3 minutos\" \/>\n<script type=\"application\/ld+json\" class=\"yoast-schema-graph\">{\"@context\":\"https:\\\/\\\/schema.org\",\"@graph\":[{\"@type\":\"WebPage\",\"@id\":\"https:\\\/\\\/www.marybakereddylibrary.org\\\/pt-br\\\/pesquisa\\\/ajuda-na-pesquisa\\\/registros-institucionais-da-primeira-igreja-de-cristo-cientista\\\/\",\"url\":\"https:\\\/\\\/www.marybakereddylibrary.org\\\/pt-br\\\/pesquisa\\\/ajuda-na-pesquisa\\\/registros-institucionais-da-primeira-igreja-de-cristo-cientista\\\/\",\"name\":\"Registros institucionais dA Primeira Igreja de Cristo, Cientista - A Biblioteca Mary Baker Eddy\",\"isPartOf\":{\"@id\":\"https:\\\/\\\/www.marybakereddylibrary.org\\\/pt-br\\\/#website\"},\"datePublished\":\"2022-07-26T16:00:00+00:00\",\"dateModified\":\"2022-09-01T13:21:26+00:00\",\"breadcrumb\":{\"@id\":\"https:\\\/\\\/www.marybakereddylibrary.org\\\/pt-br\\\/pesquisa\\\/ajuda-na-pesquisa\\\/registros-institucionais-da-primeira-igreja-de-cristo-cientista\\\/#breadcrumb\"},\"inLanguage\":\"pt-BR\",\"potentialAction\":[{\"@type\":\"ReadAction\",\"target\":[\"https:\\\/\\\/www.marybakereddylibrary.org\\\/pt-br\\\/pesquisa\\\/ajuda-na-pesquisa\\\/registros-institucionais-da-primeira-igreja-de-cristo-cientista\\\/\"]}]},{\"@type\":\"BreadcrumbList\",\"@id\":\"https:\\\/\\\/www.marybakereddylibrary.org\\\/pt-br\\\/pesquisa\\\/ajuda-na-pesquisa\\\/registros-institucionais-da-primeira-igreja-de-cristo-cientista\\\/#breadcrumb\",\"itemListElement\":[{\"@type\":\"ListItem\",\"position\":1,\"name\":\"Home\",\"item\":\"https:\\\/\\\/www.marybakereddylibrary.org\\\/pt-br\\\/\"},{\"@type\":\"ListItem\",\"position\":2,\"name\":\"Pesquisa\",\"item\":\"https:\\\/\\\/www.marybakereddylibrary.org\\\/pt-br\\\/pesquisa\\\/\"},{\"@type\":\"ListItem\",\"position\":3,\"name\":\"Ajuda na pesquisa\",\"item\":\"https:\\\/\\\/www.marybakereddylibrary.org\\\/pt-br\\\/pesquisa\\\/ajuda-na-pesquisa\\\/\"},{\"@type\":\"ListItem\",\"position\":4,\"name\":\"Registros institucionais dA Primeira Igreja de Cristo, Cientista\"}]},{\"@type\":\"WebSite\",\"@id\":\"https:\\\/\\\/www.marybakereddylibrary.org\\\/pt-br\\\/#website\",\"url\":\"https:\\\/\\\/www.marybakereddylibrary.org\\\/pt-br\\\/\",\"name\":\"A Biblioteca Mary Baker Eddy\",\"description\":\"\",\"publisher\":{\"@id\":\"https:\\\/\\\/www.marybakereddylibrary.org\\\/pt-br\\\/#organization\"},\"potentialAction\":[{\"@type\":\"SearchAction\",\"target\":{\"@type\":\"EntryPoint\",\"urlTemplate\":\"https:\\\/\\\/www.marybakereddylibrary.org\\\/pt-br\\\/?s={search_term_string}\"},\"query-input\":{\"@type\":\"PropertyValueSpecification\",\"valueRequired\":true,\"valueName\":\"search_term_string\"}}],\"inLanguage\":\"pt-BR\"},{\"@type\":\"Organization\",\"@id\":\"https:\\\/\\\/www.marybakereddylibrary.org\\\/pt-br\\\/#organization\",\"name\":\"The Mary Baker Eddy Library\",\"url\":\"https:\\\/\\\/www.marybakereddylibrary.org\\\/pt-br\\\/\",\"logo\":{\"@type\":\"ImageObject\",\"inLanguage\":\"pt-BR\",\"@id\":\"https:\\\/\\\/www.marybakereddylibrary.org\\\/pt-br\\\/#\\\/schema\\\/logo\\\/image\\\/\",\"url\":\"https:\\\/\\\/www.marybakereddylibrary.org\\\/wp-content\\\/uploads\\\/2015\\\/03\\\/MBEL_logo_HR.jpg\",\"contentUrl\":\"https:\\\/\\\/www.marybakereddylibrary.org\\\/wp-content\\\/uploads\\\/2015\\\/03\\\/MBEL_logo_HR.jpg\",\"width\":2100,\"height\":2100,\"caption\":\"The Mary Baker Eddy Library\"},\"image\":{\"@id\":\"https:\\\/\\\/www.marybakereddylibrary.org\\\/pt-br\\\/#\\\/schema\\\/logo\\\/image\\\/\"},\"sameAs\":[\"https:\\\/\\\/www.facebook.com\\\/mbelibrary\",\"https:\\\/\\\/x.com\\\/mbelibrary\",\"https:\\\/\\\/www.instagram.com\\\/mbelibrary\"]}]}<\/script>\n<!-- \/ Yoast SEO plugin. -->","yoast_head_json":{"title":"Registros institucionais dA Primeira Igreja de Cristo, Cientista - A Biblioteca Mary Baker Eddy","robots":{"index":"index","follow":"follow","max-snippet":"max-snippet:-1","max-image-preview":"max-image-preview:large","max-video-preview":"max-video-preview:-1"},"canonical":"https:\/\/www.marybakereddylibrary.org\/pt-br\/pesquisa\/ajuda-na-pesquisa\/registros-institucionais-da-primeira-igreja-de-cristo-cientista\/","og_locale":"pt_BR","og_type":"article","og_title":"Registros institucionais dA Primeira Igreja de Cristo, Cientista - A Biblioteca Mary Baker Eddy","og_description":"Esta cole\u00e7\u00e3o \u2014 Registros institucionais dA Primeira Igreja de Cristo, Cientista \u2014 \u00e9 um acervo ativo e crescente de material documentando muitos aspectos e atividades dA Primeira Igreja de Cristo, Cientista, e dA Sociedade Editora da Ci\u00eancia Crist\u00e3.","og_url":"https:\/\/www.marybakereddylibrary.org\/pt-br\/pesquisa\/ajuda-na-pesquisa\/registros-institucionais-da-primeira-igreja-de-cristo-cientista\/","og_site_name":"A Biblioteca Mary Baker Eddy","article_publisher":"https:\/\/www.facebook.com\/mbelibrary","article_modified_time":"2022-09-01T13:21:26+00:00","twitter_misc":{"Est. tempo de leitura":"3 minutos"},"schema":{"@context":"https:\/\/schema.org","@graph":[{"@type":"WebPage","@id":"https:\/\/www.marybakereddylibrary.org\/pt-br\/pesquisa\/ajuda-na-pesquisa\/registros-institucionais-da-primeira-igreja-de-cristo-cientista\/","url":"https:\/\/www.marybakereddylibrary.org\/pt-br\/pesquisa\/ajuda-na-pesquisa\/registros-institucionais-da-primeira-igreja-de-cristo-cientista\/","name":"Registros institucionais dA Primeira Igreja de Cristo, Cientista - A Biblioteca Mary Baker Eddy","isPartOf":{"@id":"https:\/\/www.marybakereddylibrary.org\/pt-br\/#website"},"datePublished":"2022-07-26T16:00:00+00:00","dateModified":"2022-09-01T13:21:26+00:00","breadcrumb":{"@id":"https:\/\/www.marybakereddylibrary.org\/pt-br\/pesquisa\/ajuda-na-pesquisa\/registros-institucionais-da-primeira-igreja-de-cristo-cientista\/#breadcrumb"},"inLanguage":"pt-BR","potentialAction":[{"@type":"ReadAction","target":["https:\/\/www.marybakereddylibrary.org\/pt-br\/pesquisa\/ajuda-na-pesquisa\/registros-institucionais-da-primeira-igreja-de-cristo-cientista\/"]}]},{"@type":"BreadcrumbList","@id":"https:\/\/www.marybakereddylibrary.org\/pt-br\/pesquisa\/ajuda-na-pesquisa\/registros-institucionais-da-primeira-igreja-de-cristo-cientista\/#breadcrumb","itemListElement":[{"@type":"ListItem","position":1,"name":"Home","item":"https:\/\/www.marybakereddylibrary.org\/pt-br\/"},{"@type":"ListItem","position":2,"name":"Pesquisa","item":"https:\/\/www.marybakereddylibrary.org\/pt-br\/pesquisa\/"},{"@type":"ListItem","position":3,"name":"Ajuda na pesquisa","item":"https:\/\/www.marybakereddylibrary.org\/pt-br\/pesquisa\/ajuda-na-pesquisa\/"},{"@type":"ListItem","position":4,"name":"Registros institucionais dA Primeira Igreja de Cristo, Cientista"}]},{"@type":"WebSite","@id":"https:\/\/www.marybakereddylibrary.org\/pt-br\/#website","url":"https:\/\/www.marybakereddylibrary.org\/pt-br\/","name":"A Biblioteca Mary Baker Eddy","description":"","publisher":{"@id":"https:\/\/www.marybakereddylibrary.org\/pt-br\/#organization"},"potentialAction":[{"@type":"SearchAction","target":{"@type":"EntryPoint","urlTemplate":"https:\/\/www.marybakereddylibrary.org\/pt-br\/?s={search_term_string}"},"query-input":{"@type":"PropertyValueSpecification","valueRequired":true,"valueName":"search_term_string"}}],"inLanguage":"pt-BR"},{"@type":"Organization","@id":"https:\/\/www.marybakereddylibrary.org\/pt-br\/#organization","name":"The Mary Baker Eddy Library","url":"https:\/\/www.marybakereddylibrary.org\/pt-br\/","logo":{"@type":"ImageObject","inLanguage":"pt-BR","@id":"https:\/\/www.marybakereddylibrary.org\/pt-br\/#\/schema\/logo\/image\/","url":"https:\/\/www.marybakereddylibrary.org\/wp-content\/uploads\/2015\/03\/MBEL_logo_HR.jpg","contentUrl":"https:\/\/www.marybakereddylibrary.org\/wp-content\/uploads\/2015\/03\/MBEL_logo_HR.jpg","width":2100,"height":2100,"caption":"The Mary Baker Eddy Library"},"image":{"@id":"https:\/\/www.marybakereddylibrary.org\/pt-br\/#\/schema\/logo\/image\/"},"sameAs":["https:\/\/www.facebook.com\/mbelibrary","https:\/\/x.com\/mbelibrary","https:\/\/www.instagram.com\/mbelibrary"]}]}},"_links":{"self":[{"href":"https:\/\/www.marybakereddylibrary.org\/pt-br\/wp-json\/wp\/v2\/pages\/49577","targetHints":{"allow":["GET"]}}],"collection":[{"href":"https:\/\/www.marybakereddylibrary.org\/pt-br\/wp-json\/wp\/v2\/pages"}],"about":[{"href":"https:\/\/www.marybakereddylibrary.org\/pt-br\/wp-json\/wp\/v2\/types\/page"}],"author":[{"embeddable":true,"href":"https:\/\/www.marybakereddylibrary.org\/pt-br\/wp-json\/wp\/v2\/users\/6"}],"replies":[{"embeddable":true,"href":"https:\/\/www.marybakereddylibrary.org\/pt-br\/wp-json\/wp\/v2\/comments?post=49577"}],"version-history":[{"count":0,"href":"https:\/\/www.marybakereddylibrary.org\/pt-br\/wp-json\/wp\/v2\/pages\/49577\/revisions"}],"up":[{"embeddable":true,"href":"https:\/\/www.marybakereddylibrary.org\/pt-br\/wp-json\/wp\/v2\/pages\/49706"}],"wp:attachment":[{"href":"https:\/\/www.marybakereddylibrary.org\/pt-br\/wp-json\/wp\/v2\/media?parent=49577"}],"curies":[{"name":"wp","href":"https:\/\/api.w.org\/{rel}","templated":true}]}}