{"id":50329,"date":"2022-07-28T12:09:02","date_gmt":"2022-07-28T16:09:02","guid":{"rendered":"https:\/\/www.marybakereddylibrary.org\/como-chegar-e-onde-estacionar\/"},"modified":"2022-08-31T16:05:57","modified_gmt":"2022-08-31T20:05:57","slug":"como-chegar-e-onde-estacionar","status":"publish","type":"page","link":"https:\/\/www.marybakereddylibrary.org\/pt-br\/visitas\/como-chegar-e-onde-estacionar\/","title":{"rendered":"Como chegar e onde estacionar"},"content":{"rendered":"<div id=\"modal-ready\"><p>[et_pb_section fb_built=&#8221;1&#8243; fullwidth=&#8221;on&#8221; admin_label=&#8221;section&#8221; _builder_version=&#8221;3.22&#8243; global_colors_info=&#8221;{}&#8221;][et_pb_fullwidth_header title=&#8221;Como chegar e onde estacionar&#8221; admin_label=&#8221;Directions &#038; parking Fullwidth Header&#8221; _builder_version=&#8221;4.14.7&#8243; background_image=&#8221;https:\/\/www.marybakereddylibrary.org\/wp-content\/uploads\/2021\/11\/mbe-writing.jpg&#8221; button_one_letter_spacing_hover=&#8221;0&#8243; button_two_letter_spacing_hover=&#8221;0&#8243; global_colors_info=&#8221;{}&#8221; button_one_text_size__hover_enabled=&#8221;off&#8221; button_one_text_size__hover=&#8221;null&#8221; button_two_text_size__hover_enabled=&#8221;off&#8221; button_two_text_size__hover=&#8221;null&#8221; button_one_text_color__hover_enabled=&#8221;off&#8221; button_one_text_color__hover=&#8221;null&#8221; button_two_text_color__hover_enabled=&#8221;off&#8221; button_two_text_color__hover=&#8221;null&#8221; button_one_border_width__hover_enabled=&#8221;off&#8221; button_one_border_width__hover=&#8221;null&#8221; button_two_border_width__hover_enabled=&#8221;off&#8221; button_two_border_width__hover=&#8221;null&#8221; button_one_border_color__hover_enabled=&#8221;off&#8221; button_one_border_color__hover=&#8221;null&#8221; button_two_border_color__hover_enabled=&#8221;off&#8221; button_two_border_color__hover=&#8221;null&#8221; button_one_border_radius__hover_enabled=&#8221;off&#8221; button_one_border_radius__hover=&#8221;null&#8221; button_two_border_radius__hover_enabled=&#8221;off&#8221; button_two_border_radius__hover=&#8221;null&#8221; button_one_letter_spacing__hover_enabled=&#8221;on&#8221; button_one_letter_spacing__hover=&#8221;0&#8243; button_two_letter_spacing__hover_enabled=&#8221;on&#8221; button_two_letter_spacing__hover=&#8221;0&#8243; button_one_bg_color__hover_enabled=&#8221;off&#8221; button_one_bg_color__hover=&#8221;null&#8221; button_two_bg_color__hover_enabled=&#8221;off&#8221; button_two_bg_color__hover=&#8221;null&#8221;][\/et_pb_fullwidth_header][\/et_pb_section][et_pb_section fb_built=&#8221;1&#8243; fullwidth=&#8221;on&#8221; admin_label=&#8221;section&#8221; _builder_version=&#8221;3.22&#8243; global_colors_info=&#8221;{}&#8221;][et_pb_fullwidth_map address=&#8221;200 Massachusetts Avenue, Boston, MA 02115, USA&#8221; address_lat=&#8221;42.34480639299286&#8243; address_lng=&#8221;-71.08529219615627&#8243; mouse_wheel=&#8221;off&#8221; _builder_version=&#8221;3.22.7&#8243; global_colors_info=&#8221;{}&#8221;][et_pb_map_pin pin_address=&#8221;200 Massachusetts Avenue, Boston, MA 02115, USA&#8221; pin_address_lat=&#8221;42.3451229&#8243; pin_address_lng=&#8221;-71.08631679999996&#8243; _builder_version=&#8221;3.0.47&#8243; global_colors_info=&#8221;{}&#8221;][\/et_pb_map_pin][\/et_pb_fullwidth_map][\/et_pb_section][et_pb_section fb_built=&#8221;1&#8243; admin_label=&#8221;section&#8221; _builder_version=&#8221;3.22&#8243; global_colors_info=&#8221;{}&#8221;][et_pb_row column_structure=&#8221;2_3,1_3&#8243; admin_label=&#8221;row&#8221; _builder_version=&#8221;3.25&#8243; background_size=&#8221;initial&#8221; background_position=&#8221;top_left&#8221; background_repeat=&#8221;repeat&#8221; global_colors_info=&#8221;{}&#8221;][et_pb_column type=&#8221;2_3&#8243; _builder_version=&#8221;3.0.47&#8243; custom_padding=&#8221;|||&#8221; global_colors_info=&#8221;{}&#8221; custom_padding__hover=&#8221;|||&#8221;][et_pb_text admin_label=&#8221;Intro + parking info&#8221; _builder_version=&#8221;4.14.7&#8243; background_size=&#8221;initial&#8221; background_position=&#8221;top_left&#8221; background_repeat=&#8221;repeat&#8221; hover_enabled=&#8221;0&#8243; z_index_tablet=&#8221;500&#8243; box_shadow_horizontal_tablet=&#8221;0px&#8221; box_shadow_vertical_tablet=&#8221;0px&#8221; box_shadow_blur_tablet=&#8221;40px&#8221; box_shadow_spread_tablet=&#8221;0px&#8221; use_border_color=&#8221;off&#8221; global_colors_info=&#8221;{}&#8221; sticky_enabled=&#8221;0&#8243;]<\/p>\n<p>A Biblioteca Mary Baker Eddy est\u00e1 localizada na Massachusetts Avenue, 210, entre a Huntington Avenue e a Boylston Street.<\/p>\n<p>Localizada na Pra\u00e7a da Ci\u00eancia Crist\u00e3, no bairro hist\u00f3rico de Boston chamado Back Bay, a Biblioteca se encontra a aproximadamente um quarteir\u00e3o ao norte do <a href=\"https:\/\/www.bso.org\/\">Symphony Hall<\/a><u>,<\/u> um quarteir\u00e3o ao sul da faculdade <a href=\"https:\/\/www.berklee.edu\/\">Berklee College of Music<\/a> e dois quarteir\u00f5es a oeste do <a href=\"https:\/\/www.prudentialcenter.com\/\">Prudential Center<\/a>.<\/p>\n<h2>Estacionamento<\/h2>\n<p>Estacionamento com vagas limitadas, ao pre\u00e7o de US$ 17, est\u00e1 dispon\u00edvel para visitantes da Biblioteca, sendo que os <em>tickets<\/em> de estacionamento s\u00e3o validados por at\u00e9 19 horas, ap\u00f3s o que s\u00e3o aplicadas as <a href=\"https:\/\/www.christianscience.com\/find-us\/visit-the-mother-church\/directions#parking\">tarifas padr\u00e3o<\/a>. Valide seu <em>ticket<\/em> de estacionamento na recep\u00e7\u00e3o, antes de sair da Biblioteca. A entrada para o estacionamento subterr\u00e2neo est\u00e1 localizada pr\u00f3ximo ao cruzamento das Avenidas Huntington e Massachusetts, ao lado do Horticultural Hall.<\/p>\n<p>[\/et_pb_text][et_pb_text admin_label=&#8221;Directions info&#8221; _builder_version=&#8221;4.14.7&#8243; background_size=&#8221;initial&#8221; background_position=&#8221;top_left&#8221; background_repeat=&#8221;repeat&#8221; hover_enabled=&#8221;0&#8243; z_index_tablet=&#8221;500&#8243; box_shadow_horizontal_tablet=&#8221;0px&#8221; box_shadow_vertical_tablet=&#8221;0px&#8221; box_shadow_blur_tablet=&#8221;40px&#8221; box_shadow_spread_tablet=&#8221;0px&#8221; use_border_color=&#8221;off&#8221; global_colors_info=&#8221;{}&#8221; sticky_enabled=&#8221;0&#8243;]<\/p>\n<h2>Como chegar<\/h2>\n<p><strong>De metr\u00f4:<\/strong><br \/>Pegue a <a href=\"https:\/\/www.mbta.com\/schedules\/Green\">Green Line<\/a> [Linha Verde] e des\u00e7a em uma destas esta\u00e7\u00f5es: Prudential, Symphony ou Hynes Convention Center.<\/p>\n<p><strong>De \u00f4nibus:<\/strong><br \/>O \u00f4nibus <a href=\"https:\/\/www.mbta.com\/schedules\/1\/line\">Harvard-Nubian<\/a>, n\u00ba 1, tem parada pr\u00f3xima \u00e0 esquina da Massachusetts Avenue com Clearway Street, em frente \u00e0 Biblioteca.<\/p>\n<p>[\/et_pb_text][\/et_pb_column][et_pb_column type=&#8221;1_3&#8243; _builder_version=&#8221;3.0.47&#8243; custom_padding=&#8221;|||&#8221; global_colors_info=&#8221;{}&#8221; custom_padding__hover=&#8221;|||&#8221;][et_pb_sidebar area=&#8221;sidebar-1&#8243; _builder_version=&#8221;3.22.7&#8243; remove_border=&#8221;off&#8221; global_colors_info=&#8221;{}&#8221;]<\/p>\n<p>&nbsp;<\/p>\n<p>[\/et_pb_sidebar][\/et_pb_column][\/et_pb_row][\/et_pb_section]<\/p>\n<\/div>","protected":false},"excerpt":{"rendered":"<p>A Biblioteca Mary Baker Eddy est\u00e1 localizada na Massachusetts Avenue, 210, entre a Huntington Avenue e a Boylston Street.<\/p>","protected":false},"author":14,"featured_media":0,"parent":50349,"menu_order":0,"comment_status":"closed","ping_status":"closed","template":"","meta":{"_et_pb_use_builder":"on","_et_pb_old_content":"","_et_gb_content_width":"","_oasis_is_in_workflow":0,"_oasis_original":0,"_oasis_task_priority":"","_relevanssi_hide_post":"","_relevanssi_hide_content":"","_relevanssi_pin_for_all":"","_relevanssi_pin_keywords":"","_relevanssi_unpin_keywords":"","_relevanssi_related_keywords":"","_relevanssi_related_include_ids":"","_relevanssi_related_exclude_ids":"","_relevanssi_related_no_append":"","_relevanssi_related_not_related":"","_relevanssi_related_posts":"","_relevanssi_noindex_reason":"","inline_featured_image":false,"episode_type":"","audio_file":"","podmotor_file_id":"","podmotor_episode_id":"","cover_image":"","cover_image_id":"","duration":"","filesize":"","filesize_raw":"","date_recorded":"","explicit":"","block":"","itunes_episode_number":"","itunes_title":"","itunes_season_number":"","itunes_episode_type":"","footnotes":""},"class_list":["post-50329","page","type-page","status-publish","hentry"],"yoast_head":"<!-- This site is optimized with the Yoast SEO plugin v27.4 - https:\/\/yoast.com\/product\/yoast-seo-wordpress\/ -->\n<title>Como chegar e onde estacionar - A Biblioteca Mary Baker Eddy<\/title>\n<meta name=\"robots\" content=\"index, follow, max-snippet:-1, max-image-preview:large, max-video-preview:-1\" \/>\n<link rel=\"canonical\" href=\"https:\/\/www.marybakereddylibrary.org\/pt-br\/visitas\/como-chegar-e-onde-estacionar\/\" \/>\n<meta property=\"og:locale\" content=\"pt_BR\" \/>\n<meta property=\"og:type\" content=\"article\" \/>\n<meta property=\"og:title\" content=\"Como chegar e onde estacionar - A Biblioteca Mary Baker Eddy\" \/>\n<meta property=\"og:description\" content=\"A Biblioteca Mary Baker Eddy est\u00e1 localizada na Massachusetts Avenue, 210, entre a Huntington Avenue e a Boylston Street.\" \/>\n<meta property=\"og:url\" content=\"https:\/\/www.marybakereddylibrary.org\/pt-br\/visitas\/como-chegar-e-onde-estacionar\/\" \/>\n<meta property=\"og:site_name\" content=\"A Biblioteca Mary Baker Eddy\" \/>\n<meta property=\"article:publisher\" content=\"https:\/\/www.facebook.com\/mbelibrary\" \/>\n<meta property=\"article:modified_time\" content=\"2022-08-31T20:05:57+00:00\" \/>\n<meta name=\"twitter:label1\" content=\"Est. tempo de leitura\" \/>\n\t<meta name=\"twitter:data1\" content=\"2 minutos\" \/>\n<script type=\"application\/ld+json\" class=\"yoast-schema-graph\">{\"@context\":\"https:\\\/\\\/schema.org\",\"@graph\":[{\"@type\":\"WebPage\",\"@id\":\"https:\\\/\\\/www.marybakereddylibrary.org\\\/pt-br\\\/visitas\\\/como-chegar-e-onde-estacionar\\\/\",\"url\":\"https:\\\/\\\/www.marybakereddylibrary.org\\\/pt-br\\\/visitas\\\/como-chegar-e-onde-estacionar\\\/\",\"name\":\"Como chegar e onde estacionar - A Biblioteca Mary Baker Eddy\",\"isPartOf\":{\"@id\":\"https:\\\/\\\/www.marybakereddylibrary.org\\\/pt-br\\\/#website\"},\"datePublished\":\"2022-07-28T16:09:02+00:00\",\"dateModified\":\"2022-08-31T20:05:57+00:00\",\"breadcrumb\":{\"@id\":\"https:\\\/\\\/www.marybakereddylibrary.org\\\/pt-br\\\/visitas\\\/como-chegar-e-onde-estacionar\\\/#breadcrumb\"},\"inLanguage\":\"pt-BR\",\"potentialAction\":[{\"@type\":\"ReadAction\",\"target\":[\"https:\\\/\\\/www.marybakereddylibrary.org\\\/pt-br\\\/visitas\\\/como-chegar-e-onde-estacionar\\\/\"]}]},{\"@type\":\"BreadcrumbList\",\"@id\":\"https:\\\/\\\/www.marybakereddylibrary.org\\\/pt-br\\\/visitas\\\/como-chegar-e-onde-estacionar\\\/#breadcrumb\",\"itemListElement\":[{\"@type\":\"ListItem\",\"position\":1,\"name\":\"Home\",\"item\":\"https:\\\/\\\/www.marybakereddylibrary.org\\\/pt-br\\\/\"},{\"@type\":\"ListItem\",\"position\":2,\"name\":\"Visitas\",\"item\":\"https:\\\/\\\/www.marybakereddylibrary.org\\\/pt-br\\\/visitas\\\/\"},{\"@type\":\"ListItem\",\"position\":3,\"name\":\"Como chegar e onde estacionar\"}]},{\"@type\":\"WebSite\",\"@id\":\"https:\\\/\\\/www.marybakereddylibrary.org\\\/pt-br\\\/#website\",\"url\":\"https:\\\/\\\/www.marybakereddylibrary.org\\\/pt-br\\\/\",\"name\":\"A Biblioteca Mary Baker Eddy\",\"description\":\"\",\"publisher\":{\"@id\":\"https:\\\/\\\/www.marybakereddylibrary.org\\\/pt-br\\\/#organization\"},\"potentialAction\":[{\"@type\":\"SearchAction\",\"target\":{\"@type\":\"EntryPoint\",\"urlTemplate\":\"https:\\\/\\\/www.marybakereddylibrary.org\\\/pt-br\\\/?s={search_term_string}\"},\"query-input\":{\"@type\":\"PropertyValueSpecification\",\"valueRequired\":true,\"valueName\":\"search_term_string\"}}],\"inLanguage\":\"pt-BR\"},{\"@type\":\"Organization\",\"@id\":\"https:\\\/\\\/www.marybakereddylibrary.org\\\/pt-br\\\/#organization\",\"name\":\"The Mary Baker Eddy Library\",\"url\":\"https:\\\/\\\/www.marybakereddylibrary.org\\\/pt-br\\\/\",\"logo\":{\"@type\":\"ImageObject\",\"inLanguage\":\"pt-BR\",\"@id\":\"https:\\\/\\\/www.marybakereddylibrary.org\\\/pt-br\\\/#\\\/schema\\\/logo\\\/image\\\/\",\"url\":\"https:\\\/\\\/www.marybakereddylibrary.org\\\/wp-content\\\/uploads\\\/2015\\\/03\\\/MBEL_logo_HR.jpg\",\"contentUrl\":\"https:\\\/\\\/www.marybakereddylibrary.org\\\/wp-content\\\/uploads\\\/2015\\\/03\\\/MBEL_logo_HR.jpg\",\"width\":2100,\"height\":2100,\"caption\":\"The Mary Baker Eddy Library\"},\"image\":{\"@id\":\"https:\\\/\\\/www.marybakereddylibrary.org\\\/pt-br\\\/#\\\/schema\\\/logo\\\/image\\\/\"},\"sameAs\":[\"https:\\\/\\\/www.facebook.com\\\/mbelibrary\",\"https:\\\/\\\/x.com\\\/mbelibrary\",\"https:\\\/\\\/www.instagram.com\\\/mbelibrary\"]}]}<\/script>\n<!-- \/ Yoast SEO plugin. -->","yoast_head_json":{"title":"Como chegar e onde estacionar - A Biblioteca Mary Baker Eddy","robots":{"index":"index","follow":"follow","max-snippet":"max-snippet:-1","max-image-preview":"max-image-preview:large","max-video-preview":"max-video-preview:-1"},"canonical":"https:\/\/www.marybakereddylibrary.org\/pt-br\/visitas\/como-chegar-e-onde-estacionar\/","og_locale":"pt_BR","og_type":"article","og_title":"Como chegar e onde estacionar - A Biblioteca Mary Baker Eddy","og_description":"A Biblioteca Mary Baker Eddy est\u00e1 localizada na Massachusetts Avenue, 210, entre a Huntington Avenue e a Boylston Street.","og_url":"https:\/\/www.marybakereddylibrary.org\/pt-br\/visitas\/como-chegar-e-onde-estacionar\/","og_site_name":"A Biblioteca Mary Baker Eddy","article_publisher":"https:\/\/www.facebook.com\/mbelibrary","article_modified_time":"2022-08-31T20:05:57+00:00","twitter_misc":{"Est. tempo de leitura":"2 minutos"},"schema":{"@context":"https:\/\/schema.org","@graph":[{"@type":"WebPage","@id":"https:\/\/www.marybakereddylibrary.org\/pt-br\/visitas\/como-chegar-e-onde-estacionar\/","url":"https:\/\/www.marybakereddylibrary.org\/pt-br\/visitas\/como-chegar-e-onde-estacionar\/","name":"Como chegar e onde estacionar - A Biblioteca Mary Baker Eddy","isPartOf":{"@id":"https:\/\/www.marybakereddylibrary.org\/pt-br\/#website"},"datePublished":"2022-07-28T16:09:02+00:00","dateModified":"2022-08-31T20:05:57+00:00","breadcrumb":{"@id":"https:\/\/www.marybakereddylibrary.org\/pt-br\/visitas\/como-chegar-e-onde-estacionar\/#breadcrumb"},"inLanguage":"pt-BR","potentialAction":[{"@type":"ReadAction","target":["https:\/\/www.marybakereddylibrary.org\/pt-br\/visitas\/como-chegar-e-onde-estacionar\/"]}]},{"@type":"BreadcrumbList","@id":"https:\/\/www.marybakereddylibrary.org\/pt-br\/visitas\/como-chegar-e-onde-estacionar\/#breadcrumb","itemListElement":[{"@type":"ListItem","position":1,"name":"Home","item":"https:\/\/www.marybakereddylibrary.org\/pt-br\/"},{"@type":"ListItem","position":2,"name":"Visitas","item":"https:\/\/www.marybakereddylibrary.org\/pt-br\/visitas\/"},{"@type":"ListItem","position":3,"name":"Como chegar e onde estacionar"}]},{"@type":"WebSite","@id":"https:\/\/www.marybakereddylibrary.org\/pt-br\/#website","url":"https:\/\/www.marybakereddylibrary.org\/pt-br\/","name":"A Biblioteca Mary Baker Eddy","description":"","publisher":{"@id":"https:\/\/www.marybakereddylibrary.org\/pt-br\/#organization"},"potentialAction":[{"@type":"SearchAction","target":{"@type":"EntryPoint","urlTemplate":"https:\/\/www.marybakereddylibrary.org\/pt-br\/?s={search_term_string}"},"query-input":{"@type":"PropertyValueSpecification","valueRequired":true,"valueName":"search_term_string"}}],"inLanguage":"pt-BR"},{"@type":"Organization","@id":"https:\/\/www.marybakereddylibrary.org\/pt-br\/#organization","name":"The Mary Baker Eddy Library","url":"https:\/\/www.marybakereddylibrary.org\/pt-br\/","logo":{"@type":"ImageObject","inLanguage":"pt-BR","@id":"https:\/\/www.marybakereddylibrary.org\/pt-br\/#\/schema\/logo\/image\/","url":"https:\/\/www.marybakereddylibrary.org\/wp-content\/uploads\/2015\/03\/MBEL_logo_HR.jpg","contentUrl":"https:\/\/www.marybakereddylibrary.org\/wp-content\/uploads\/2015\/03\/MBEL_logo_HR.jpg","width":2100,"height":2100,"caption":"The Mary Baker Eddy Library"},"image":{"@id":"https:\/\/www.marybakereddylibrary.org\/pt-br\/#\/schema\/logo\/image\/"},"sameAs":["https:\/\/www.facebook.com\/mbelibrary","https:\/\/x.com\/mbelibrary","https:\/\/www.instagram.com\/mbelibrary"]}]}},"_links":{"self":[{"href":"https:\/\/www.marybakereddylibrary.org\/pt-br\/wp-json\/wp\/v2\/pages\/50329","targetHints":{"allow":["GET"]}}],"collection":[{"href":"https:\/\/www.marybakereddylibrary.org\/pt-br\/wp-json\/wp\/v2\/pages"}],"about":[{"href":"https:\/\/www.marybakereddylibrary.org\/pt-br\/wp-json\/wp\/v2\/types\/page"}],"author":[{"embeddable":true,"href":"https:\/\/www.marybakereddylibrary.org\/pt-br\/wp-json\/wp\/v2\/users\/14"}],"replies":[{"embeddable":true,"href":"https:\/\/www.marybakereddylibrary.org\/pt-br\/wp-json\/wp\/v2\/comments?post=50329"}],"version-history":[{"count":0,"href":"https:\/\/www.marybakereddylibrary.org\/pt-br\/wp-json\/wp\/v2\/pages\/50329\/revisions"}],"up":[{"embeddable":true,"href":"https:\/\/www.marybakereddylibrary.org\/pt-br\/wp-json\/wp\/v2\/pages\/50349"}],"wp:attachment":[{"href":"https:\/\/www.marybakereddylibrary.org\/pt-br\/wp-json\/wp\/v2\/media?parent=50329"}],"curies":[{"name":"wp","href":"https:\/\/api.w.org\/{rel}","templated":true}]}}